{"id":745,"date":"2013-06-07T11:34:14","date_gmt":"2013-06-07T11:34:14","guid":{"rendered":"http:\/\/demo2.woothemes.com\/woocommerce\/?post_type=product&#038;p=87"},"modified":"2026-04-10T23:08:37","modified_gmt":"2026-04-10T20:08:37","slug":"kids-multi","status":"publish","type":"product","link":"https:\/\/www.vitamineonline.md\/ro\/product\/kids-multi\/","title":{"rendered":"Kids Multi &#8211; 120 Capsule pentru copii"},"content":{"rendered":"<p><\/p>\n<h3><strong>Compus<\/strong><strong>:<\/strong><\/h3>\n<table>\n<tbody>\n<tr>\n<td><b>O capsul\u0103 ofer\u0103:<\/b><\/td>\n<td><\/td>\n<td><b>RI%<\/b><\/td>\n<\/tr>\n<tr>\n<td>Carcasa capsulei: celuloz\u0103 vegetal\u0103<\/td>\n<td>40mg<\/td>\n<td>&#8211;<\/td>\n<\/tr>\n<tr>\n<td>Vitamina C (ascorbat de calciu)<\/td>\n<td>25,5mg<\/td>\n<td>32<\/td>\n<\/tr>\n<tr>\n<td>Magneziu (carbonat)<\/td>\n<td>5,1mg<\/td>\n<td>&#8211;<\/td>\n<\/tr>\n<tr>\n<td>Dioxid de silice<\/td>\n<td>13,3mg<\/td>\n<td>&#8211;<\/td>\n<\/tr>\n<tr>\n<td>Calciu (carbonat)<\/td>\n<td>5,1mg<\/td>\n<td>&#8211;<\/td>\n<\/tr>\n<tr>\n<td>Potasiu (gluconat)<\/td>\n<td>2,1mg<\/td>\n<td>&#8211;<\/td>\n<\/tr>\n<tr>\n<td>Vitamina B5 (pantotenat de calciu)<\/td>\n<td>11,5mg<\/td>\n<td>192<\/td>\n<\/tr>\n<tr>\n<td>Vitamina E (D-alfa tocoferol)<\/td>\n<td>5,7mg<\/td>\n<td>48<\/td>\n<\/tr>\n<tr>\n<td>Lucern\u0103 (<i>Medicago Sativa<\/i>)<\/td>\n<td>5mg<\/td>\n<td>&#8211;<\/td>\n<\/tr>\n<tr>\n<td>Zinc (gluconat)<\/td>\n<td>632\u03bcg<\/td>\n<td>&#8211;<\/td>\n<\/tr>\n<tr>\n<td>Vitamina B3 (nicotinamid\u0103)<\/td>\n<td>4 mg<\/td>\n<td>25<\/td>\n<\/tr>\n<tr>\n<td>Mangan (gluconat)<\/td>\n<td>427\u03bcg<\/td>\n<td>&#8211;<\/td>\n<\/tr>\n<tr>\n<td>Colin\u0103 (bitartrate)<\/td>\n<td>1,4mg<\/td>\n<td>&#8211;<\/td>\n<\/tr>\n<tr>\n<td>Vitamina B6 (piridozin\u0103 HCl)<\/td>\n<td>2,1mg<\/td>\n<td>150<\/td>\n<\/tr>\n<tr>\n<td>Vitamina B1 (tiamin\u0103 HCl)<\/td>\n<td>2,1mg<\/td>\n<td>191<\/td>\n<\/tr>\n<tr>\n<td>Fier (bisglicinat)<\/td>\n<td>427,50\u03bcg<\/td>\n<td>&#8211;<\/td>\n<\/tr>\n<tr>\n<td>Bioflavonoide de citrice<\/td>\n<td>2,1mg<\/td>\n<td>&#8211;<\/td>\n<\/tr>\n<tr>\n<td>Inozitol<\/td>\n<td>2,1mg<\/td>\n<td>&#8211;<\/td>\n<\/tr>\n<tr>\n<td>Acid para-aminobenzoic (PABA)<\/td>\n<td>2,1mg<\/td>\n<td>&#8211;<\/td>\n<\/tr>\n<tr>\n<td>Vitamina A (acetat)<\/td>\n<td>96,3\u03bcg<\/td>\n<td>&#8211;<\/td>\n<\/tr>\n<tr>\n<td>Vitamina B2 (riboflavin\u0103)<\/td>\n<td>1mg<\/td>\n<td>71<\/td>\n<\/tr>\n<tr>\n<td>Seleniu (metionin\u0103)<\/td>\n<td>4,2\u03bcg<\/td>\n<td>&#8211;<\/td>\n<\/tr>\n<tr>\n<td>Vitamina D3 (12,8 IU)<\/td>\n<td>0,321\u03bcg<\/td>\n<td>&#8211;<\/td>\n<\/tr>\n<tr>\n<td>Crom (picolinat)<\/td>\n<td>4,2\u03bcg<\/td>\n<td>&#8211;<\/td>\n<\/tr>\n<tr>\n<td>Acid folic (L-5-MTHF)<\/td>\n<td>17\u03bcg<\/td>\n<td>&#8211;<\/td>\n<\/tr>\n<tr>\n<td>Biotina<\/td>\n<td>6,4\u03bcg<\/td>\n<td>&#8211;<\/td>\n<\/tr>\n<tr>\n<td>Molibden (molibat de amoniu)<\/td>\n<td>2,1\u03bcg<\/td>\n<td>&#8211;<\/td>\n<\/tr>\n<tr>\n<td>Iod (iodur\u0103 de potasiu)<\/td>\n<td>2,5\u03bcg<\/td>\n<td>&#8211;<\/td>\n<\/tr>\n<tr>\n<td>Vitamina B12 (metilcobalamin\u0103)<\/td>\n<td>2,1\u03bcg<\/td>\n<td>84<\/td>\n<\/tr>\n<\/tbody>\n<\/table>\n<p><strong style=\"font-family: Dosis, Arial, Helvetica, sans-serif;font-size: 1.125rem\">Instruc\u021biuni: <\/strong>Lua\u021bi cu o mas\u0103:<br \/>\n<b>V\u00e2rsta 4-6 ani:<\/b>\u00a01 capsul\u0103 pe zi (deschide capsula \u0219i adaug\u0103 pudr\u0103 \u00een lichidul preferat)<br \/>\n<b>V\u00e2rsta 7-13 ani:<\/b>\u00a02 capsule pe zi<br \/>\n<b>V\u00e2rsta 14+:<\/b>\u00a03 capsule pe zi<\/p>\n<p>Kids multi este un supliment multivitaminic adaptat copiilor. Fiecare capsul\u0103 con\u021bine o serie de vitamine \u0219i minerale esen\u021biale care sunt concepute pentru a sus\u021bine orice diet\u0103.<\/p>\n<h3>SUPLIMENT IDEAL PENTRU COPII<\/h3>\n<p>Dac\u0103 micu\u021bilor t\u0103i nu le place s\u0103 \u00eenghit\u0103 capsule, acestea se deschid u\u0219or \u0219i con\u021binutul poate fi ad\u0103ugat la o mas\u0103 sau b\u0103utur\u0103.<\/p>\n<h3>CE FACE KID&#8217;S MULTI?<\/h3>\n<p><b>General Health<\/b><br \/>\nKids Multi furnizeaz\u0103 vitamina A, B6, B12 \u0219i C, care contribuie la func\u021bionarea normal\u0103 a sistemului imunitar. Aceasta este al\u0103turi de vitamina C, care contribuie la men\u021binerea func\u021biei normale a sistemului imunitar \u00een timpul \u0219i dup\u0103 exerci\u021bii fizice intense. Vitaminele B2, C \u0219i E, manganul \u0219i zincul contribuie la protec\u021bia celulelor \u00eempotriva stresului oxidativ. Vitaminele B1, B2, B3, B6, B12 \u0219i C \u0219i iodul contribuie la func\u021bionarea normal\u0103 a sistemului nervos. Vitaminele A \u0219i B2 contribuie la men\u021binerea vederii normale. Vitamina B1 contribuie la func\u021bionarea normal\u0103 a inimii.<\/p>\n<p>Energy\u00a0<b>Levels<\/b><br \/>\nKids Multi ofer\u0103 vitamina B2, B3, B5, B6, B12 \u0219i C. Toate acestea contribuie la reducerea oboselii \u0219i a oboselii \u0219i la un metabolism energetic normal.<\/p>\n<p><b>Manganul<\/b><br \/>\ncontribuie la men\u021binerea oaselor normale.<\/p>\n<h3>POTRIVIT PENTRU VEGANI<\/h3>\n<p>Acest supliment pentru copii este potrivit pentru vegani. De asemenea, este aprobat kosher \u0219i nu con\u021bine alergeni majori.<\/p>\n<h2>Sfaturi despre produs<\/h2>\n<p>Nu dep\u0103\u0219i\u021bi doza recomandat\u0103 declarat\u0103. Un supliment alimentar nu trebuie utilizat ca substitut pentru o diet\u0103 variat\u0103 sau un stil de via\u021b\u0103 s\u0103n\u0103tos. A se p\u0103stra \u00eentr-un loc r\u0103coros \u0219i uscat, la \u00eendem\u00e2na \u0219i vederea copiilor mici.<\/p>","protected":false},"excerpt":{"rendered":"<ul class=\"item_ul\">\n<li>Capsule convenabile, concepute special pentru copii<\/li>\n<li>O gam\u0103 complet\u0103 de vitamine \u0219i minerale pentru copii \u00eentr-un singur supliment<\/li>\n<li>Nu con\u021bine conservan\u021bi, coloran\u021bi sau alte substan\u021be nocive<\/li>\n<li>Pentru cre\u0219terea \u0219i dezvoltarea normal\u0103 a copiilor<\/li>\n<\/ul>\n","protected":false},"featured_media":4124,"comment_status":"open","ping_status":"closed","template":"","meta":[],"product_brand":[],"product_cat":[108,81,84,68,61,64,54,42,41,60],"product_tag":[],"class_list":{"0":"post-745","1":"product","2":"type-product","3":"status-publish","4":"has-post-thumbnail","6":"product_cat-complex","7":"product_cat-for-kids","8":"product_cat-imunitate","9":"product_cat-best-sellers","10":"product_cat-vegan-supplements","11":"product_cat-vitamins","12":"product_cat-kids-rainbow-food","13":"product_cat-daily-packs","14":"product_cat-botanicals","15":"product_cat-superfoods","17":"first","18":"instock","19":"sale","20":"taxable","21":"shipping-taxable","22":"purchasable","23":"product-type-simple"},"aioseo_notices":[],"_links":{"self":[{"href":"https:\/\/www.vitamineonline.md\/ro\/wp-json\/wp\/v2\/product\/745","targetHints":{"allow":["GET"]}}],"collection":[{"href":"https:\/\/www.vitamineonline.md\/ro\/wp-json\/wp\/v2\/product"}],"about":[{"href":"https:\/\/www.vitamineonline.md\/ro\/wp-json\/wp\/v2\/types\/product"}],"replies":[{"embeddable":true,"href":"https:\/\/www.vitamineonline.md\/ro\/wp-json\/wp\/v2\/comments?post=745"}],"wp:featuredmedia":[{"embeddable":true,"href":"https:\/\/www.vitamineonline.md\/ro\/wp-json\/wp\/v2\/media\/4124"}],"wp:attachment":[{"href":"https:\/\/www.vitamineonline.md\/ro\/wp-json\/wp\/v2\/media?parent=745"}],"wp:term":[{"taxonomy":"product_brand","embeddable":true,"href":"https:\/\/www.vitamineonline.md\/ro\/wp-json\/wp\/v2\/product_brand?post=745"},{"taxonomy":"product_cat","embeddable":true,"href":"https:\/\/www.vitamineonline.md\/ro\/wp-json\/wp\/v2\/product_cat?post=745"},{"taxonomy":"product_tag","embeddable":true,"href":"https:\/\/www.vitamineonline.md\/ro\/wp-json\/wp\/v2\/product_tag?post=745"}],"curies":[{"name":"wp","href":"https:\/\/api.w.org\/{rel}","templated":true}]}}