{"id":3992,"date":"2025-11-04T17:23:20","date_gmt":"2025-11-04T14:23:20","guid":{"rendered":"https:\/\/www.vitamineonline.md\/?post_type=product&#038;p=3992"},"modified":"2026-04-11T00:25:26","modified_gmt":"2026-04-10T21:25:26","slug":"meno-time-60-veganskih-kapsul-novaja-formula","status":"publish","type":"product","link":"https:\/\/www.vitamineonline.md\/ro\/product\/meno-time-60-veganskih-kapsul-novaja-formula\/","title":{"rendered":"Meno-Time &#8211; 60 Capsule Vegane &#8211; FORMUL\u0102 NOU\u0102!"},"content":{"rendered":"<p><\/p>\n<h3><strong>Compus<\/strong><\/h3>\n<table>\n<tbody>\n<tr>\n<td><b>1 capsul\u0103 ofer\u0103:<\/b><\/td>\n<td><\/td>\n<td><b>RI%<\/b><\/td>\n<\/tr>\n<tr>\n<td>Carcasa capsulei: celuloz\u0103 vegetal\u0103<\/td>\n<td>120 mg<\/td>\n<td>&#8211;<\/td>\n<\/tr>\n<tr>\n<td>Magneziu (bisglicinat)<\/td>\n<td>20 mg<\/td>\n<td>&#8211;<\/td>\n<\/tr>\n<tr>\n<td>Zinc (picolinat)<\/td>\n<td>25 mg<\/td>\n<td>250<\/td>\n<\/tr>\n<tr>\n<td>Aquamin\u2122 F<br \/>\n&#8211; ofer\u0103: calciu<br \/>\n&#8211; ofer\u0103: magneziu<\/td>\n<td>105 mg<br \/>\n33,6 mg<br \/>\n2,3 mg<\/td>\n<td>&#8211;<\/td>\n<\/tr>\n<tr>\n<td>Extract de trifoi ro\u0219u (10:1)<br \/>\n(<i>trifolium pratense<\/i>)<\/td>\n<td>80mg<\/td>\n<td>&#8211;<\/td>\n<\/tr>\n<tr>\n<td>Vitamina E (D-alfa) (50uu)<\/td>\n<td>33,6 mg<\/td>\n<td>280<\/td>\n<\/tr>\n<tr>\n<td>Extract<br \/>\nde \u0219ofran (<i>crocus sativus<\/i>)<\/td>\n<td>40mg<\/td>\n<td>&#8211;<\/td>\n<\/tr>\n<tr>\n<td>Extract de frunze de salvie (20:1)<br \/>\n(<i>salvia officinalis<\/i>)<\/td>\n<td>24mg<\/td>\n<td>&#8211;<\/td>\n<\/tr>\n<tr>\n<td>Pudr\u0103 de ulei de primula de sear\u0103<\/td>\n<td>20 mg<\/td>\n<td>&#8211;<\/td>\n<\/tr>\n<tr>\n<td>Extract<br \/>\nde r\u0103d\u0103cin\u0103 de ashwagandha (<i>withania somnifera<\/i>)<\/td>\n<td>20 mg<\/td>\n<td>&#8211;<\/td>\n<\/tr>\n<tr>\n<td>Extract de r\u0103d\u0103cin\u0103 de maca (10:1)<br \/>\n(<i>lepidium meyenii<\/i>)<\/td>\n<td>20 mg<\/td>\n<td>&#8211;<\/td>\n<\/tr>\n<tr>\n<td>Extract de r\u0103d\u0103cin\u0103 de Dong Quai (4:1)<br \/>\n(<i>angelica senensis<\/i>)<\/td>\n<td>10mg<\/td>\n<td>&#8211;<\/td>\n<\/tr>\n<tr>\n<td>Vitamina B6 (ca P5P)<\/td>\n<td>10mg<\/td>\n<td>714<\/td>\n<\/tr>\n<tr>\n<td>Vitamina K (ca K2 MK-7)<\/td>\n<td>46ug<\/td>\n<td>61<\/td>\n<\/tr>\n<tr>\n<td>Vitamina D (ca D3 din lichen)<\/td>\n<td>10ug<\/td>\n<td>200<\/td>\n<\/tr>\n<tr>\n<td>Folat (L-5 MTHF)<\/td>\n<td>400ug<\/td>\n<td>200<\/td>\n<\/tr>\n<tr>\n<td>Vitamina B12 (metilcobalamin\u0103)<\/td>\n<td>200ug<\/td>\n<td>8,000<\/td>\n<\/tr>\n<\/tbody>\n<\/table>\n<h3><strong>Instruc\u021biuni:<\/strong><\/h3>\n<p>Lua\u021bi 1 capsul\u0103 pe zi la mas\u0103 sau conform indica\u021biilor unui profesionist din domeniul s\u0103n\u0103t\u0103\u021bii.<\/p>\n<h3>AMESTEC DE SUPLIMENTE MENO-TIME (FORMUL\u0102 NOU\u0102)<\/h3>\n<p>Meno-Time este un amestec unic de extracte naturale, vitamine cheie \u0219i minerale puternice pentru a te ajuta \u00een aceast\u0103 perioad\u0103 a vie\u021bii tale. Pe l\u00e2ng\u0103 B6 metilat, care ajut\u0103 la reglarea hormonal\u0103, Meno con\u021bine extract de trifoi ro\u0219u, extract de \u0219ofran, extract de frunze de salvie, extract de r\u0103d\u0103cin\u0103 de dong quai, extract de r\u0103d\u0103cin\u0103 de maca, extract de r\u0103d\u0103cin\u0103 de ashwagandha \u0219i ulei de primul\u0103. Acest lucru ofer\u0103 o cornucopie de ingrediente botanice incredibile.<\/p>\n<h3>CE FACE MENO-TIME?<\/h3>\n<p>Meno-Time con\u021bine vitamina B6 care contribuie la reglarea activit\u0103\u021bii hormonale.<\/p>\n<h3>POTRIVIT PENTRU VEGANI<\/h3>\n<p>Meno-Time este potrivit pentru vegetarieni \u0219i vegani. De asemenea, este aprobat kosher \u0219i nu con\u021bine alergeni majori.<\/p>\n<h3><strong>Avertizare:<\/strong><\/h3>\n<p>Nu dep\u0103\u0219i\u021bi doza recomandat\u0103 declarat\u0103.<\/p>\n<p>Un supliment alimentar nu trebuie utilizat ca \u00eenlocuitor pentru o diet\u0103 variat\u0103 \u0219i echilibrat\u0103 \u0219i un stil de via\u021b\u0103 s\u0103n\u0103tos.<\/p>\n<p>A se p\u0103stra \u00eentr-un loc r\u0103coros \u0219i uscat, la \u00eendem\u00e2na \u0219i vederea copiilor mici.<\/p>","protected":false},"excerpt":{"rendered":"<ul>\n<li>Ajut\u0103 la eliminarea simptomelor nepl\u0103cute asociate cu menopauza.<\/li>\n<li>Are propriet\u0103\u021bi antioxidante.<\/li>\n<li>\u00cent\u0103re\u0219te sistemul imunitar.<\/li>\n<li>Normalizeaz\u0103 func\u021bionarea sistemului nervos.<\/li>\n<\/ul>\n","protected":false},"featured_media":3993,"comment_status":"open","ping_status":"closed","template":"","meta":[],"product_brand":[],"product_cat":[108,82,93,80],"product_tag":[],"class_list":{"0":"post-3992","1":"product","2":"type-product","3":"status-publish","4":"has-post-thumbnail","6":"product_cat-complex","7":"product_cat-for-women","8":"product_cat-multivitamin-for-women","9":"product_cat-menopause","11":"first","12":"instock","13":"sale","14":"taxable","15":"shipping-taxable","16":"purchasable","17":"product-type-simple"},"aioseo_notices":[],"_links":{"self":[{"href":"https:\/\/www.vitamineonline.md\/ro\/wp-json\/wp\/v2\/product\/3992","targetHints":{"allow":["GET"]}}],"collection":[{"href":"https:\/\/www.vitamineonline.md\/ro\/wp-json\/wp\/v2\/product"}],"about":[{"href":"https:\/\/www.vitamineonline.md\/ro\/wp-json\/wp\/v2\/types\/product"}],"replies":[{"embeddable":true,"href":"https:\/\/www.vitamineonline.md\/ro\/wp-json\/wp\/v2\/comments?post=3992"}],"wp:featuredmedia":[{"embeddable":true,"href":"https:\/\/www.vitamineonline.md\/ro\/wp-json\/wp\/v2\/media\/3993"}],"wp:attachment":[{"href":"https:\/\/www.vitamineonline.md\/ro\/wp-json\/wp\/v2\/media?parent=3992"}],"wp:term":[{"taxonomy":"product_brand","embeddable":true,"href":"https:\/\/www.vitamineonline.md\/ro\/wp-json\/wp\/v2\/product_brand?post=3992"},{"taxonomy":"product_cat","embeddable":true,"href":"https:\/\/www.vitamineonline.md\/ro\/wp-json\/wp\/v2\/product_cat?post=3992"},{"taxonomy":"product_tag","embeddable":true,"href":"https:\/\/www.vitamineonline.md\/ro\/wp-json\/wp\/v2\/product_tag?post=3992"}],"curies":[{"name":"wp","href":"https:\/\/api.w.org\/{rel}","templated":true}]}}