{"id":3985,"date":"2025-11-04T14:20:37","date_gmt":"2025-11-04T11:20:37","guid":{"rendered":"https:\/\/www.vitamineonline.md\/?post_type=product&#038;p=3985"},"modified":"2026-04-11T00:29:41","modified_gmt":"2026-04-10T21:29:41","slug":"krasnye-vodorosli-naturalnyj-kalcij-60-veganskih-kapsul","status":"publish","type":"product","link":"https:\/\/www.vitamineonline.md\/ro\/product\/krasnye-vodorosli-naturalnyj-kalcij-60-veganskih-kapsul\/","title":{"rendered":"Alge ro\u0219ii &#8211; Calciu natural &#8211; 60 capsule vegane"},"content":{"rendered":"<p><\/p>\n<h3><strong>Compus<\/strong><\/h3>\n<table>\n<tbody>\n<tr>\n<td><b>1 capsul\u0103 ofer\u0103:<\/b><\/td>\n<td><\/td>\n<td><b>RI%<\/b><\/td>\n<\/tr>\n<tr>\n<td>Aquamin<sup>TM<\/sup>\u00a0(<i>lithothanion sp.<\/i>)<\/td>\n<td>420 mg<\/td>\n<td>&#8211;<\/td>\n<\/tr>\n<tr>\n<td>&#8211; furniz\u00e2nd: Calciu<\/td>\n<td>125 mg<\/td>\n<td>15<\/td>\n<\/tr>\n<tr>\n<td>Carcasa capsulei: celuloz\u0103 vegetal\u0103<\/td>\n<td>100mg<\/td>\n<td>&#8211;<\/td>\n<\/tr>\n<tr>\n<td>Lucerna (<i>medicago sativa<\/i>)<\/td>\n<td>80mg<\/td>\n<td><\/td>\n<\/tr>\n<\/tbody>\n<\/table>\n<h3><strong>Instruc\u021biuni:\u00a0<\/strong><\/h3>\n<p>Lua\u021bi 1 capsul\u0103 pe zi sau conform indica\u021biilor unui profesionist.<\/p>\n<h3>SUPLIMENT DE CALCIU PENTRU ALGE RO\u0218II<\/h3>\n<p>Supliment de alge ro\u0219ii care ofer\u0103 o surs\u0103 natural\u0103 \u0219i biodivers\u0103 de calciu derivat din algele ro\u0219ii. Algele noastre ro\u0219ii provin \u00een mod durabil din fiordurile de vest islandeze, asigur\u00e2ndu-v\u0103 c\u0103 primi\u021bi un calciu de \u00eenalt\u0103 calitate, pe baz\u0103 de plante, f\u0103r\u0103 aditivi inutili.<\/p>\n<hr \/>\n<h3>CE ESTE CALCIUL?<\/h3>\n<p>Calciul este cel mai proeminent mineral esen\u021bial din corpul uman, juc\u00e2nd un rol crucial \u00een diverse procese fiziologice.<\/p>\n<hr \/>\n<h3>CE FACE CALCIUL?<\/h3>\n<p>Calciul contribuie la o diet\u0103 s\u0103n\u0103toas\u0103 \u00een multe feluri. Calciul contribuie la func\u021bionarea normal\u0103 a mu\u0219chilor \u0219i la metabolismul energetic. Calciul contribuie, de asemenea, la men\u021binerea oaselor \u0219i din\u021bilor normali.<\/p>\n<hr \/>\n<h3>POTRIVIT PENTRU VEGANI<\/h3>\n<p>Acest supliment este potrivit pentru vegani \u0219i vegetarieni. De asemenea, este aprobat kosher \u0219i nu con\u021bine alergeni majori.<\/p>\n<h3><strong>Avertizare:<\/strong><\/h3>\n<p>Nu dep\u0103\u0219i\u021bi doza recomandat\u0103 declarat\u0103.<\/p>\n<p>Un supliment alimentar nu trebuie utilizat ca \u00eenlocuitor pentru o diet\u0103 variat\u0103 sau un stil de via\u021b\u0103 s\u0103n\u0103tos.<\/p>\n<p>A se p\u0103stra \u00eentr-un loc r\u0103coros \u0219i uscat, la \u00eendem\u00e2na \u0219i vederea copiilor mici.<\/p>","protected":false},"excerpt":{"rendered":"<ul>\n<li>Surs\u0103 natural\u0103 de calciu<\/li>\n<li>Materie prim\u0103 ecologic\u0103 din Islanda<\/li>\n<li>Aprovizionare pentru 2 luni (1 pe zi)<\/li>\n<li>Potrivit pentru vegani<\/li>\n<\/ul>\n","protected":false},"featured_media":3986,"comment_status":"open","ping_status":"closed","template":"","meta":[],"product_brand":[],"product_cat":[65,106],"product_tag":[],"class_list":{"0":"post-3985","1":"product","2":"type-product","3":"status-publish","4":"has-post-thumbnail","6":"product_cat-minerals","7":"product_cat-minerals-2","9":"first","10":"instock","11":"sale","12":"taxable","13":"shipping-taxable","14":"purchasable","15":"product-type-simple"},"aioseo_notices":[],"_links":{"self":[{"href":"https:\/\/www.vitamineonline.md\/ro\/wp-json\/wp\/v2\/product\/3985","targetHints":{"allow":["GET"]}}],"collection":[{"href":"https:\/\/www.vitamineonline.md\/ro\/wp-json\/wp\/v2\/product"}],"about":[{"href":"https:\/\/www.vitamineonline.md\/ro\/wp-json\/wp\/v2\/types\/product"}],"replies":[{"embeddable":true,"href":"https:\/\/www.vitamineonline.md\/ro\/wp-json\/wp\/v2\/comments?post=3985"}],"wp:featuredmedia":[{"embeddable":true,"href":"https:\/\/www.vitamineonline.md\/ro\/wp-json\/wp\/v2\/media\/3986"}],"wp:attachment":[{"href":"https:\/\/www.vitamineonline.md\/ro\/wp-json\/wp\/v2\/media?parent=3985"}],"wp:term":[{"taxonomy":"product_brand","embeddable":true,"href":"https:\/\/www.vitamineonline.md\/ro\/wp-json\/wp\/v2\/product_brand?post=3985"},{"taxonomy":"product_cat","embeddable":true,"href":"https:\/\/www.vitamineonline.md\/ro\/wp-json\/wp\/v2\/product_cat?post=3985"},{"taxonomy":"product_tag","embeddable":true,"href":"https:\/\/www.vitamineonline.md\/ro\/wp-json\/wp\/v2\/product_tag?post=3985"}],"curies":[{"name":"wp","href":"https:\/\/api.w.org\/{rel}","templated":true}]}}