{"id":3980,"date":"2025-11-03T22:42:23","date_gmt":"2025-11-03T19:42:23","guid":{"rendered":"https:\/\/www.vitamineonline.md\/?post_type=product&#038;p=3980"},"modified":"2026-04-11T00:31:17","modified_gmt":"2026-04-10T21:31:17","slug":"serenoja-i-cink-120-veganskih-kapsul","status":"publish","type":"product","link":"https:\/\/www.vitamineonline.md\/ro\/product\/serenoja-i-cink-120-veganskih-kapsul\/","title":{"rendered":"Saw Palmetto &amp; Zinc &#8211; 120 Capsule Vegane"},"content":{"rendered":"<p><\/p>\n<h3><strong>Compus<\/strong><\/h3>\n<table>\n<tbody>\n<tr>\n<td><b>1 capsul\u0103 ofer\u0103:<\/b><\/td>\n<td><\/td>\n<td><b>RI%<\/b><\/td>\n<\/tr>\n<tr>\n<td>Boabe de palmier fer\u0103str\u0103u (<i>serenoa repens<\/i>)<\/td>\n<td>200 mg<\/td>\n<td>&#8211;<\/td>\n<\/tr>\n<tr>\n<td>Extract de fructe de p\u0103dure de Saw palmetto (4:1)<\/td>\n<td>150mg<\/td>\n<td>&#8211;<\/td>\n<\/tr>\n<tr>\n<td>Carcasa capsulei: celuloz\u0103 vegetal\u0103<\/td>\n<td>120 mg<\/td>\n<td>&#8211;<\/td>\n<\/tr>\n<tr>\n<td>Ro\u0219ii (<i>solanum lycopersicum<\/i>)<\/td>\n<td>79,9 mg<\/td>\n<td>&#8211;<\/td>\n<\/tr>\n<tr>\n<td>Zinc (picolinat)<\/td>\n<td>15 mg<\/td>\n<td>150<\/td>\n<\/tr>\n<tr>\n<td>Beta-sitosterol (<b>SOYA<\/b>)<\/td>\n<td>60mg<\/td>\n<td>&#8211;<\/td>\n<\/tr>\n<tr>\n<td>Seleniu (metionin\u0103)<\/td>\n<td>100\u03bcg<\/td>\n<td>182<\/td>\n<\/tr>\n<tr>\n<td>Ingrediente suplimentare:<br \/>\nMaltodextrin\u0103 (din porumb)<br \/>\n(agent antiaglomerant), fosfat<br \/>\nde dicalciu (tampon)<\/td>\n<td><\/td>\n<td><\/td>\n<\/tr>\n<tr>\n<td>Sfaturi pentru alergii:<br \/>\nvezi ingredientele din\u00a0<b>(BOLD<\/b>)<\/td>\n<td><\/td>\n<td><\/td>\n<\/tr>\n<\/tbody>\n<\/table>\n<h3><strong>Instruc\u021biuni:\u00a0<\/strong><\/h3>\n<p>Lua\u021bi 1 capsul\u0103 pe zi cu o mas\u0103 principal\u0103 sau conform indica\u021biilor unui profesionist din domeniul s\u0103n\u0103t\u0103\u021bii.<\/p>\n<h3>SAW PALMETTO \u0218I SUPLIMENT DE ZINC<\/h3>\n<p>Supliment Saw Palmetto care ofer\u0103 pudr\u0103 pur\u0103 de saw palmetto, combinat\u0103 cu zinc, care poate contribui la nivelurile normale de testosteron din s\u00e2nge, fertilitate, reproducere \u0219i \u00eentre\u021binerea p\u0103rului.<\/p>\n<hr \/>\n<h3>CE ESTE SAW PALMETTO?<\/h3>\n<p>Saw palmetto este un extract dintr-un palmier mic care cre\u0219te s\u0103lbatic. A fost folosit de mul\u021bi ani. Ingredientele active din fructele saw palmetto includ steroli vegetali \u0219i acizi gra\u0219i.<\/p>\n<hr \/>\n<h3>CE FACE SAW PALMETTO \u0218I ZINC?<\/h3>\n<p>Saw palmetto \u0219i zincul contribuie la o diet\u0103 s\u0103n\u0103toas\u0103 \u00een multe feluri. Sterolii vegetali ai Saw palmetto contribuie la men\u021binerea nivelului normal de colesterol din s\u00e2nge. Pe de alt\u0103 parte, zincul contribuie la protejarea celulelor \u00eempotriva stresului oxidativ, precum \u0219i la men\u021binerea nivelului normal de testosteron \u00een s\u00e2nge, fertilitate \u0219i reproducere.<\/p>\n<hr \/>\n<h3>POTRIVIT PENTRU VEGANI<\/h3>\n<p>Acest produs este potrivit pentru vegani. De asemenea, este aprobat kosher.<\/p>\n<h3><strong>Avertizare:<\/strong><\/h3>\n<p>Nu dep\u0103\u0219i\u021bi doza recomandat\u0103 declarat\u0103.<\/p>\n<p>Un supliment alimentar nu trebuie utilizat ca \u00eenlocuitor pentru o diet\u0103 variat\u0103.<\/p>\n<p>A se p\u0103stra \u00eentr-un loc r\u0103coros \u0219i uscat, la \u00eendem\u00e2na \u0219i vederea copiilor mici.<\/p>","protected":false},"excerpt":{"rendered":"<ul>\n<li>Normalizeaz\u0103 func\u021bia prostatei<\/li>\n<li>Sus\u021bine func\u021bionarea normal\u0103 a sistemului urinar<\/li>\n<li>Men\u021bine func\u021bia reproductiv\u0103 complet\u0103 a b\u0103rba\u021bilor<\/li>\n<\/ul>\n","protected":false},"featured_media":3981,"comment_status":"open","ping_status":"closed","template":"","meta":[],"product_brand":[],"product_cat":[108,92],"product_tag":[],"class_list":{"0":"post-3980","1":"product","2":"type-product","3":"status-publish","4":"has-post-thumbnail","6":"product_cat-complex","7":"product_cat-pentru-barbati","9":"first","10":"instock","11":"sale","12":"taxable","13":"shipping-taxable","14":"purchasable","15":"product-type-simple"},"aioseo_notices":[],"_links":{"self":[{"href":"https:\/\/www.vitamineonline.md\/ro\/wp-json\/wp\/v2\/product\/3980","targetHints":{"allow":["GET"]}}],"collection":[{"href":"https:\/\/www.vitamineonline.md\/ro\/wp-json\/wp\/v2\/product"}],"about":[{"href":"https:\/\/www.vitamineonline.md\/ro\/wp-json\/wp\/v2\/types\/product"}],"replies":[{"embeddable":true,"href":"https:\/\/www.vitamineonline.md\/ro\/wp-json\/wp\/v2\/comments?post=3980"}],"wp:featuredmedia":[{"embeddable":true,"href":"https:\/\/www.vitamineonline.md\/ro\/wp-json\/wp\/v2\/media\/3981"}],"wp:attachment":[{"href":"https:\/\/www.vitamineonline.md\/ro\/wp-json\/wp\/v2\/media?parent=3980"}],"wp:term":[{"taxonomy":"product_brand","embeddable":true,"href":"https:\/\/www.vitamineonline.md\/ro\/wp-json\/wp\/v2\/product_brand?post=3980"},{"taxonomy":"product_cat","embeddable":true,"href":"https:\/\/www.vitamineonline.md\/ro\/wp-json\/wp\/v2\/product_cat?post=3980"},{"taxonomy":"product_tag","embeddable":true,"href":"https:\/\/www.vitamineonline.md\/ro\/wp-json\/wp\/v2\/product_tag?post=3980"}],"curies":[{"name":"wp","href":"https:\/\/api.w.org\/{rel}","templated":true}]}}