{"id":3975,"date":"2025-11-03T21:51:37","date_gmt":"2025-11-03T18:51:37","guid":{"rendered":"https:\/\/www.vitamineonline.md\/?post_type=product&#038;p=3975"},"modified":"2026-04-11T00:24:37","modified_gmt":"2026-04-10T21:24:37","slug":"lactobacillus-acidophilus-60-veganskih-kapsul","status":"publish","type":"product","link":"https:\/\/www.vitamineonline.md\/ro\/product\/lactobacillus-acidophilus-60-veganskih-kapsul\/","title":{"rendered":"Lactobacillus Acidophilus &#8211; 60 Capsule Vegane"},"content":{"rendered":"<p><\/p>\n<h3><strong>Compus<\/strong><\/h3>\n<table>\n<tbody>\n<tr>\n<td><b>2 capsule ofer\u0103:<\/b><\/td>\n<td><\/td>\n<td><b>RI%<\/b><\/td>\n<\/tr>\n<tr>\n<td>Fructooligozaharide<\/td>\n<td>960mg<\/td>\n<td>&#8211;<\/td>\n<\/tr>\n<tr>\n<td>\u00cenveli\u0219 al capsulei: celuloz\u0103 vegetal\u0103<\/td>\n<td>200 mg<\/td>\n<td>&#8211;<\/td>\n<\/tr>\n<tr>\n<td>Lactobacillus acidophilus<br \/>\n(200 miliarde ufc\/g)<\/td>\n<td>40mg<\/td>\n<td>&#8211;<\/td>\n<\/tr>\n<tr>\n<td>Vitamina C (acid ascorbic)<\/td>\n<td>6mg<\/td>\n<td>&#8211;<\/td>\n<\/tr>\n<tr>\n<td>Ingrediente suplimentare:<br \/>\nmaltodextrin\u0103 (agent antiaglomerant)<\/td>\n<td><\/td>\n<td><\/td>\n<\/tr>\n<tr>\n<td>*La momentul fabrica\u021biei, fiecare capsul\u0103 furnizeaz\u0103<br \/>\n4 miliarde de organisme viabile<\/td>\n<td><\/td>\n<\/tr>\n<\/tbody>\n<\/table>\n<p><strong>Instruc\u021biuni:<\/strong> Lua\u021bi 2 capsule \u00eenainte de mas\u0103 sau instruc\u021biuni de c\u0103tre un medic.<\/p>\n<p><b>A SE P\u0102STRA LA FRIGIDER<\/b><\/p>\n<p><i>Supliment de Lactobacillus acidophilus<\/i>\u00a0care ofer\u0103 bacterii intestinale benefice vii de \u00eenalt\u0103 calitate folosind o tulpin\u0103 puternic\u0103 de probiotic. La fabrica\u021bie, fiecare capsul\u0103 furnizeaz\u0103 4 miliarde de organisme viabile.<\/p>\n<h3>POTRIVIT PENTRU VEGANI<\/h3>\n<p>Acest supliment este potrivit pentru vegani. De asemenea, este aprobat kosher \u0219i nu con\u021bine alergeni majori.<\/p>\n<h3><strong>Avertizare:<\/strong><\/h3>\n<p>Nu dep\u0103\u0219i\u021bi doza recomandat\u0103 declarat\u0103.<\/p>\n<p>Un supliment alimentar nu trebuie utilizat ca substitut pentru o diet\u0103 variat\u0103 \u0219i echilibrat\u0103 \u0219i un stil de via\u021b\u0103 s\u0103n\u0103tos.<\/p>\n<p>A se p\u0103stra \u00eentr-un frigider, la \u00eendem\u00e2na \u0219i vederea copiilor mici.<\/p>","protected":false},"excerpt":{"rendered":"<ul>\n<li>\u00cembun\u0103t\u0103\u021birea digestiei<\/li>\n<li>Prevenirea riscului de apari\u021bie a bolilor digestive<\/li>\n<li>Reducerea riscului de apari\u021bie a bolilor oncologice<\/li>\n<li>\u00cembun\u0103t\u0103\u021birea metabolismului<\/li>\n<li>Cre\u0219terea imunit\u0103\u021bii<\/li>\n<\/ul>\n","protected":false},"featured_media":3976,"comment_status":"open","ping_status":"closed","template":"","meta":[],"product_brand":[],"product_cat":[122,86,61,55],"product_tag":[],"class_list":{"0":"post-3975","1":"product","2":"type-product","3":"status-publish","4":"has-post-thumbnail","6":"product_cat-probiotiki","7":"product_cat-digestie","8":"product_cat-vegan-supplements","9":"product_cat-live-bacteria","11":"first","12":"instock","13":"sale","14":"taxable","15":"shipping-taxable","16":"purchasable","17":"product-type-simple"},"aioseo_notices":[],"_links":{"self":[{"href":"https:\/\/www.vitamineonline.md\/ro\/wp-json\/wp\/v2\/product\/3975","targetHints":{"allow":["GET"]}}],"collection":[{"href":"https:\/\/www.vitamineonline.md\/ro\/wp-json\/wp\/v2\/product"}],"about":[{"href":"https:\/\/www.vitamineonline.md\/ro\/wp-json\/wp\/v2\/types\/product"}],"replies":[{"embeddable":true,"href":"https:\/\/www.vitamineonline.md\/ro\/wp-json\/wp\/v2\/comments?post=3975"}],"wp:featuredmedia":[{"embeddable":true,"href":"https:\/\/www.vitamineonline.md\/ro\/wp-json\/wp\/v2\/media\/3976"}],"wp:attachment":[{"href":"https:\/\/www.vitamineonline.md\/ro\/wp-json\/wp\/v2\/media?parent=3975"}],"wp:term":[{"taxonomy":"product_brand","embeddable":true,"href":"https:\/\/www.vitamineonline.md\/ro\/wp-json\/wp\/v2\/product_brand?post=3975"},{"taxonomy":"product_cat","embeddable":true,"href":"https:\/\/www.vitamineonline.md\/ro\/wp-json\/wp\/v2\/product_cat?post=3975"},{"taxonomy":"product_tag","embeddable":true,"href":"https:\/\/www.vitamineonline.md\/ro\/wp-json\/wp\/v2\/product_tag?post=3975"}],"curies":[{"name":"wp","href":"https:\/\/api.w.org\/{rel}","templated":true}]}}