{"id":3968,"date":"2025-11-01T14:12:14","date_gmt":"2025-11-01T11:12:14","guid":{"rendered":"https:\/\/www.vitamineonline.md\/?post_type=product&#038;p=3968"},"modified":"2026-04-21T13:44:23","modified_gmt":"2026-04-21T10:44:23","slug":"bifidobakterii-8-milliardov-60-veganskih-kapsul","status":"publish","type":"product","link":"https:\/\/www.vitamineonline.md\/ro\/product\/bifidobakterii-8-milliardov-60-veganskih-kapsul\/","title":{"rendered":"Bifidobacterium 8 miliarde &#8211; 60 capsule vegane"},"content":{"rendered":"<p><\/p>\n<h3><strong>Compus<\/strong><\/h3>\n<table>\n<tbody>\n<tr>\n<td><b>2 capsule ofer\u0103:<\/b><\/td>\n<td><\/td>\n<td><b>RI%<\/b><\/td>\n<\/tr>\n<tr>\n<td>Carcasa capsulei: celuloz\u0103 vegetal\u0103<\/td>\n<td>200 mg<\/td>\n<td>&#8211;<\/td>\n<\/tr>\n<tr>\n<td>Bifidobacterium Bifidum<br \/>\n(50 miliarde pe gram, 3 tulpini)<\/td>\n<td>160 mg<\/td>\n<td>&#8211;<\/td>\n<\/tr>\n<tr>\n<td>Vitamina C (acid ascorbic)<\/td>\n<td>4 mg<\/td>\n<td>&#8211;<\/td>\n<\/tr>\n<tr>\n<td>Ingrediente suplimentare:<br \/>\nmaltodextrin\u0103\/amidon de porumb (agent antiaglomerant)<\/td>\n<td><\/td>\n<td><\/td>\n<\/tr>\n<tr>\n<td>\u00centr-o baz\u0103 de 836 mg de fructooligozacaride<\/td>\n<td><\/td>\n<td><\/td>\n<\/tr>\n<tr>\n<td>*La momentul fabrica\u021biei, fiecare capsul\u0103 furnizeaz\u0103<br \/>\n4 miliarde de organisme viabile<\/td>\n<\/tr>\n<\/tbody>\n<\/table>\n<h3><strong>Instruc\u021biuni:<\/strong><\/h3>\n<p>Lua\u021bi 1 capsul\u0103 de dou\u0103 ori pe zi cu ap\u0103, \u00eenainte de mas\u0103 sau conform indica\u021biilor unui profesionist din domeniul s\u0103n\u0103t\u0103\u021bii.<\/p>\n<p>Supliment de bifidobacterium care combin\u0103 trei tulpini puternice de bifidobacterium \u00eentr-o singur\u0103 capsul\u0103 vegan\u0103 convenabil\u0103. Aceast\u0103 formul\u0103 vine \u00eentr-o baz\u0103 de fructooligozaharide \u0219i ofer\u0103, de asemenea, o doz\u0103 mic\u0103 de vitamina C.<\/p>\n<h3>CE ESTE BIFIDOBACTERIUM?<\/h3>\n<p><i>Bifidobacterium\u00a0<\/i>este termenul general (\u0219i genul) pentru o serie de subtulpini de bacterii. Aceste bacterii benefice sunt locuitori normali ai intestinelor, unde pot fi g\u0103site \u00een num\u0103r mare, \u00een special la copii \u0219i adolescen\u021bi.\u00a0<i>Bifidobacteriile<\/i>\u00a0sunt adesea folosite pentru a sus\u021bine s\u0103n\u0103tatea digestiv\u0103 \u0219i bun\u0103starea general\u0103.<\/p>\n<h3>AMESTEC IDEAL<\/h3>\n<p>Am dezvoltat cel mai sinergic amestec posibil, pentru a v\u0103 oferi cea mai \u00eenalt\u0103 calitate a probioticelor disponibile. De aceea,\u00a0<i>Bifiobacterium\u00a0<\/i>con\u021bine trei tulpini amestecate plus un prebiotic (fructooligozaharide) pentru o sinergie optim\u0103 cu organismul.<\/p>\n<h3>POTRIVIT PENTRU VEGANI<\/h3>\n<p>Acest supliment este potrivit pentru vegani. De asemenea, este aprobat kosher \u0219i nu con\u021bine alergeni majori.<\/p>\n<h3><strong>Avertizare:<\/strong><\/h3>\n<p>Nu dep\u0103\u0219i\u021bi doza recomandat\u0103 declarat\u0103.<\/p>\n<p>Un supliment alimentar nu trebuie utilizat ca substitut pentru o diet\u0103 variat\u0103 \u0219i echilibrat\u0103 \u0219i un stil de via\u021b\u0103 s\u0103n\u0103tos.<\/p>\n<p>A nu se l\u0103sa la \u00eendem\u00e2na \u0219i vederea copiilor mici.<\/p>\n<p>GA214<\/p>","protected":false},"excerpt":{"rendered":"<ul>\n<li>4 miliarde de microorganisme viabile pe capsul\u0103<\/li>\n<li>3 tulpini diferite de bifidobacterium<\/li>\n<li>1 lun\u0103 de aprovizionare (2 pe zi)<\/li>\n<li>Potrivit pentru vegani<\/li>\n<\/ul>\n","protected":false},"featured_media":3969,"comment_status":"open","ping_status":"closed","template":"","meta":[],"product_brand":[],"product_cat":[122,86,61,55],"product_tag":[],"class_list":{"0":"post-3968","1":"product","2":"type-product","3":"status-publish","4":"has-post-thumbnail","6":"product_cat-probiotiki","7":"product_cat-digestie","8":"product_cat-vegan-supplements","9":"product_cat-live-bacteria","11":"first","12":"instock","13":"taxable","14":"shipping-taxable","15":"purchasable","16":"product-type-simple"},"aioseo_notices":[],"_links":{"self":[{"href":"https:\/\/www.vitamineonline.md\/ro\/wp-json\/wp\/v2\/product\/3968","targetHints":{"allow":["GET"]}}],"collection":[{"href":"https:\/\/www.vitamineonline.md\/ro\/wp-json\/wp\/v2\/product"}],"about":[{"href":"https:\/\/www.vitamineonline.md\/ro\/wp-json\/wp\/v2\/types\/product"}],"replies":[{"embeddable":true,"href":"https:\/\/www.vitamineonline.md\/ro\/wp-json\/wp\/v2\/comments?post=3968"}],"wp:featuredmedia":[{"embeddable":true,"href":"https:\/\/www.vitamineonline.md\/ro\/wp-json\/wp\/v2\/media\/3969"}],"wp:attachment":[{"href":"https:\/\/www.vitamineonline.md\/ro\/wp-json\/wp\/v2\/media?parent=3968"}],"wp:term":[{"taxonomy":"product_brand","embeddable":true,"href":"https:\/\/www.vitamineonline.md\/ro\/wp-json\/wp\/v2\/product_brand?post=3968"},{"taxonomy":"product_cat","embeddable":true,"href":"https:\/\/www.vitamineonline.md\/ro\/wp-json\/wp\/v2\/product_cat?post=3968"},{"taxonomy":"product_tag","embeddable":true,"href":"https:\/\/www.vitamineonline.md\/ro\/wp-json\/wp\/v2\/product_tag?post=3968"}],"curies":[{"name":"wp","href":"https:\/\/api.w.org\/{rel}","templated":true}]}}