{"id":3964,"date":"2025-11-01T13:59:23","date_gmt":"2025-11-01T10:59:23","guid":{"rendered":"https:\/\/www.vitamineonline.md\/?post_type=product&#038;p=3964"},"modified":"2026-04-21T13:44:40","modified_gmt":"2026-04-21T10:44:40","slug":"organicheskaja-ashvaganda-60-veganskih-kapsul","status":"publish","type":"product","link":"https:\/\/www.vitamineonline.md\/ro\/product\/organicheskaja-ashvaganda-60-veganskih-kapsul\/","title":{"rendered":"Ashwagandha organic\u0103 &#8211; 60 capsule vegane"},"content":{"rendered":"<p><\/p>\n<h3><strong>Compus<\/strong><\/h3>\n<table>\n<tbody>\n<tr>\n<td><b>1 capsul\u0103 ofer\u0103:<\/b><\/td>\n<td><\/td>\n<td><b>RI%<\/b><\/td>\n<\/tr>\n<tr>\n<td>R\u0103d\u0103cin\u0103<br \/>\nde ashwagandha organic\u0103 (KSM-66\u00ae) (<i>withania somnifera<\/i>)<\/td>\n<td>500mg<\/td>\n<td>&#8211;<\/td>\n<\/tr>\n<tr>\n<td>\u00cenveli\u0219 al capsulei: hidroxi-propil-metil<br \/>\nceluloz\u0103 (HPMC)<\/td>\n<td>100mg<\/td>\n<td>&#8211;<\/td>\n<\/tr>\n<\/tbody>\n<\/table>\n<h3><strong>Instruc\u021biuni:<\/strong><\/h3>\n<p>Lua\u021bi 1 capsul\u0103 pe zi sau conform indica\u021biilor unui profesionist din domeniul s\u0103n\u0103t\u0103\u021bii.<\/p>\n<h3>SUPLIMENT ORGANIC ASHWAGANDHA<\/h3>\n<p>Supliment organic de ashwagandha care furnizeaz\u0103 500 mg de ashwagandha organic\u0103 \u00eentr-o capsul\u0103 de celuloz\u0103 vegetal\u0103.<\/p>\n<hr \/>\n<h3>ORGANIC \u0218I POTRIVIT PENTRU VEGANI<\/h3>\n<p>Ashwagandha organic\u0103 este certificat\u0103 ecologic\u0103 de c\u0103tre asocia\u021bia solului. De asemenea, este potrivit pentru vegani, aprobat kosher \u0219i nu con\u021bine alergeni majori.<\/p>\n<h3><strong>Avertizare:<\/strong><\/h3>\n<p>Nu dep\u0103\u0219i\u021bi doza recomandat\u0103 declarat\u0103.<\/p>\n<p>Un supliment alimentar nu trebuie utilizat ca substitut pentru o diet\u0103 variat\u0103 sau un stil de via\u021b\u0103 s\u0103n\u0103tos.<\/p>\n<p>A se p\u0103stra \u00eentr-un loc r\u0103coros \u0219i uscat, la \u00eendem\u00e2na \u0219i vederea copiilor mici.<\/p>\n<p>GA198<\/p>","protected":false},"excerpt":{"rendered":"<ul>\n<li>500mg ashwagandha<\/li>\n<li>Certificat organic<\/li>\n<li>Aprovizionare pentru 2 luni (1 pe zi)<\/li>\n<li>Potrivit pentru vegani<\/li>\n<\/ul>\n","protected":false},"featured_media":3965,"comment_status":"open","ping_status":"closed","template":"","meta":[],"product_brand":[],"product_cat":[77,61,57,41],"product_tag":[],"class_list":{"0":"post-3964","1":"product","2":"type-product","3":"status-publish","4":"has-post-thumbnail","6":"product_cat-vegan-category","7":"product_cat-vegan-supplements","8":"product_cat-organic-supplements","9":"product_cat-botanicals","11":"first","12":"instock","13":"taxable","14":"shipping-taxable","15":"purchasable","16":"product-type-simple"},"aioseo_notices":[],"_links":{"self":[{"href":"https:\/\/www.vitamineonline.md\/ro\/wp-json\/wp\/v2\/product\/3964","targetHints":{"allow":["GET"]}}],"collection":[{"href":"https:\/\/www.vitamineonline.md\/ro\/wp-json\/wp\/v2\/product"}],"about":[{"href":"https:\/\/www.vitamineonline.md\/ro\/wp-json\/wp\/v2\/types\/product"}],"replies":[{"embeddable":true,"href":"https:\/\/www.vitamineonline.md\/ro\/wp-json\/wp\/v2\/comments?post=3964"}],"wp:featuredmedia":[{"embeddable":true,"href":"https:\/\/www.vitamineonline.md\/ro\/wp-json\/wp\/v2\/media\/3965"}],"wp:attachment":[{"href":"https:\/\/www.vitamineonline.md\/ro\/wp-json\/wp\/v2\/media?parent=3964"}],"wp:term":[{"taxonomy":"product_brand","embeddable":true,"href":"https:\/\/www.vitamineonline.md\/ro\/wp-json\/wp\/v2\/product_brand?post=3964"},{"taxonomy":"product_cat","embeddable":true,"href":"https:\/\/www.vitamineonline.md\/ro\/wp-json\/wp\/v2\/product_cat?post=3964"},{"taxonomy":"product_tag","embeddable":true,"href":"https:\/\/www.vitamineonline.md\/ro\/wp-json\/wp\/v2\/product_tag?post=3964"}],"curies":[{"name":"wp","href":"https:\/\/api.w.org\/{rel}","templated":true}]}}