{"id":3961,"date":"2025-11-01T13:48:09","date_gmt":"2025-11-01T10:48:09","guid":{"rendered":"https:\/\/www.vitamineonline.md\/?post_type=product&#038;p=3961"},"modified":"2026-04-21T13:45:00","modified_gmt":"2026-04-21T10:45:00","slug":"total-kreatin-500-g-poroshka","status":"publish","type":"product","link":"https:\/\/www.vitamineonline.md\/ro\/product\/total-kreatin-500-g-poroshka\/","title":{"rendered":"TOTAL Creatin\u0103  &#8211; 500g pulbere"},"content":{"rendered":"<p><\/p>\n<h3><strong>Compus<\/strong><\/h3>\n<table>\n<tbody>\n<tr>\n<td><b>La 500g<\/b><\/td>\n<td><\/td>\n<\/tr>\n<tr>\n<td>Creatin\u0103 monohidrat (200 mesh)<\/td>\n<td>500g<\/td>\n<\/tr>\n<\/tbody>\n<\/table>\n<h3><strong>Instruc\u021biuni:<\/strong><\/h3>\n<p>Amesteca\u021bi o por\u021bie (5g) cu 200 ml de ap\u0103 \u0219i fie agita\u021bi energic timp de 30 de secunde \u00eentr-un shaker de m\u00e2n\u0103, fie agita\u021bi c\u00e2teva secunde \u00eentr-un blender.<\/p>\n<h3>CREATIN\u0102 TOTAL<\/h3>\n<p>Total Creatine este o pudr\u0103 de creatin\u0103 monohidrat pur\u0103 \u0219i nealterat\u0103 (200 mesh), conceput\u0103 pentru a v\u0103 sus\u021bine performan\u021ba la antrenament. Ideal at\u00e2t pentru pre c\u00e2t \u0219i pentru post antrenament, acest supliment ofer\u0103 creatina de \u00eenalt\u0103 calitate de care ave\u021bi nevoie.<\/p>\n<hr \/>\n<h3>PARTE A GAMEI TOTAL FITNESS<\/h3>\n<p>Total Creatine face parte din gama\u00a0<a href=\"https:\/\/www.gandgvitamins.com\/total-fitness.html\"><b>Total Fitness<\/b><\/a>, o colec\u021bie de produse de fitness de \u00eenalt\u0103 calitate care acord\u0103 prioritate purit\u0103\u021bii fa\u021b\u0103 de lian\u021bii tipici \u0219i substan\u021bele chimice inutile \u00eent\u00e2lnite \u00een mod obi\u0219nuit \u00een industrie.<\/p>\n<hr \/>\n<h3>POTRIVIT PENTRU VEGANI<\/h3>\n<p>Acest supliment este potrivit pentru vegani.<\/p>\n<h3><strong>Avertizare:<\/strong><\/h3>\n<p>Nu dep\u0103\u0219i\u021bi doza recomandat\u0103 declarat\u0103.<\/p>\n<p>Un supliment alimentar nu trebuie utilizat ca substitut pentru o diet\u0103 variat\u0103 \u0219i echilibrat\u0103 \u0219i un stil de via\u021b\u0103 s\u0103n\u0103tos.<\/p>\n<p>A se p\u0103stra \u00eentr-un loc r\u0103coros \u0219i uscat, la \u00eendem\u00e2na \u0219i vederea copiilor mici.<\/p>","protected":false},"excerpt":{"rendered":"<ul>\n<li>Creatin\u0103 pur\u0103 monohidrat<\/li>\n<li>Ofer\u0103 100 de por\u021bii<\/li>\n<li>Potrivit pentru vegani<\/li>\n<\/ul>\n","protected":false},"featured_media":3962,"comment_status":"open","ping_status":"closed","template":"","meta":[],"product_brand":[],"product_cat":[77,94,95,61],"product_tag":[],"class_list":{"0":"post-3961","1":"product","2":"type-product","3":"status-publish","4":"has-post-thumbnail","6":"product_cat-vegan-category","7":"product_cat-sport-and-fitnes","8":"product_cat-sport-meal","9":"product_cat-vegan-supplements","11":"first","12":"instock","13":"taxable","14":"shipping-taxable","15":"purchasable","16":"product-type-simple"},"aioseo_notices":[],"_links":{"self":[{"href":"https:\/\/www.vitamineonline.md\/ro\/wp-json\/wp\/v2\/product\/3961","targetHints":{"allow":["GET"]}}],"collection":[{"href":"https:\/\/www.vitamineonline.md\/ro\/wp-json\/wp\/v2\/product"}],"about":[{"href":"https:\/\/www.vitamineonline.md\/ro\/wp-json\/wp\/v2\/types\/product"}],"replies":[{"embeddable":true,"href":"https:\/\/www.vitamineonline.md\/ro\/wp-json\/wp\/v2\/comments?post=3961"}],"wp:featuredmedia":[{"embeddable":true,"href":"https:\/\/www.vitamineonline.md\/ro\/wp-json\/wp\/v2\/media\/3962"}],"wp:attachment":[{"href":"https:\/\/www.vitamineonline.md\/ro\/wp-json\/wp\/v2\/media?parent=3961"}],"wp:term":[{"taxonomy":"product_brand","embeddable":true,"href":"https:\/\/www.vitamineonline.md\/ro\/wp-json\/wp\/v2\/product_brand?post=3961"},{"taxonomy":"product_cat","embeddable":true,"href":"https:\/\/www.vitamineonline.md\/ro\/wp-json\/wp\/v2\/product_cat?post=3961"},{"taxonomy":"product_tag","embeddable":true,"href":"https:\/\/www.vitamineonline.md\/ro\/wp-json\/wp\/v2\/product_tag?post=3961"}],"curies":[{"name":"wp","href":"https:\/\/api.w.org\/{rel}","templated":true}]}}