{"id":3955,"date":"2025-11-01T13:22:58","date_gmt":"2025-11-01T10:22:58","guid":{"rendered":"https:\/\/www.vitamineonline.md\/?post_type=product&#038;p=3955"},"modified":"2026-04-21T13:45:20","modified_gmt":"2026-04-21T10:45:20","slug":"astaksantin-30-veganskih-mjagkih-kapsul","status":"publish","type":"product","link":"https:\/\/www.vitamineonline.md\/ro\/product\/astaksantin-30-veganskih-mjagkih-kapsul\/","title":{"rendered":"Astaxantina &#8211; 30 capsule moi vegane"},"content":{"rendered":"<p><\/p>\n<h3><strong>Compus<\/strong><\/h3>\n<table>\n<tbody>\n<tr>\n<td><b>1 capsul\u0103 moale ofer\u0103:<\/b><\/td>\n<td><\/td>\n<td><b>RI%<\/b><\/td>\n<\/tr>\n<tr>\n<td>Ulei de m\u0103sline extravirgin<\/td>\n<td>236mg<\/td>\n<td>&#8211;<\/td>\n<\/tr>\n<tr>\n<td>\u00cenveli\u0219<br \/>\nSoftegl (glicerol, amidon modificat, caragenan,<br \/>\ncarbonat de sodiu anhidru)<\/td>\n<td>145mg<\/td>\n<td>&#8211;<\/td>\n<\/tr>\n<tr>\n<td>Vitamina E natural\u0103 (22iu)<\/td>\n<td>15 mg<\/td>\n<td>125<\/td>\n<\/tr>\n<tr>\n<td>Astaxantin\u0103<br \/>\n(extract de oleor\u0103\u0219in\u0103 AstraPure\u00ae din<br \/>\nmicroalge\u00a0<i>Haematococcus pluvialis)<\/i><\/td>\n<td><\/td>\n<\/tr>\n<\/tbody>\n<\/table>\n<h3><strong>Instruc\u021biuni:<\/strong><\/h3>\n<p>Lua\u021bi 1 capsul\u0103 moale pe zi sau conform indica\u021biilor unui profesionist din domeniul s\u0103n\u0103t\u0103\u021bii.<\/p>\n<h3>SUPLIMENTUL NOSTRU DE ASTAXANTIN\u0102<\/h3>\n<p>Supliment de astaxantin\u0103 pe baz\u0103 de plante, ob\u021binut din microalge cultivate \u00een Israel, pentru a forma un supliment vegan unic. Am \u00eembun\u0103t\u0103\u021bit profilul antioxidant al suplimentului amestec\u00e2ndu-l cu vitamina E.<\/p>\n<hr \/>\n<h3>CE ESTE ASTAXANTINA?<\/h3>\n<p>Astaxantina este un pigment natural \u0219i este ceea ce confer\u0103 anumitor creaturi marine culoarea lor ro\u0219ie, inclusiv p\u0103str\u0103vul, somonul, crabul, microalgele \u0219i creve\u021bii. Apar\u021bine familiei carotenoizilor \u0219i este eliberat de creaturile marine ca mecanism de ap\u0103rare crucial pentru supravie\u021buirea \u00eempotriva atacurilor.<\/p>\n<hr \/>\n<h3>CE FACE ASTAXANTINA?<\/h3>\n<p>Astaxantina este un antioxidant puternic. Suplimentul nostru de astaxantin\u0103 con\u021bine vitamina E, care contribuie la protejarea celulelor \u00eempotriva stresului oxidativ.<\/p>\n<hr \/>\n<h3>POTRIVIT PENTRU VEGANI<\/h3>\n<p>Acest supliment este potrivit pentru vegetarieni \u0219i vegani. De asemenea, este aprobat kosher \u0219i nu con\u021bine alergeni majori.<\/p>\n<h3><strong>Avertizare:<\/strong><\/h3>\n<p>Nu dep\u0103\u0219i\u021bi doza recomandat\u0103 declarat\u0103.<\/p>\n<p>Un supliment alimentar nu trebuie utilizat ca substitut pentru o diet\u0103 variat\u0103 \u0219i echilibrat\u0103 \u0219i un stil de via\u021b\u0103 s\u0103n\u0103tos.<\/p>\n<p>A se p\u0103stra \u00eentr-un loc r\u0103coros \u0219i uscat, la \u00eendem\u00e2na \u0219i vederea copiilor mici.<\/p>\n<p>Acest produs este sensibil la aer, c\u0103ldur\u0103 \u0219i lumin\u0103.<\/p>","protected":false},"excerpt":{"rendered":"<ul>\n<li>Cel mai puternic antioxidant cunoscut pe P\u0103m\u00e2nt<\/li>\n<li>Favorizeaz\u0103 regenerarea pielii, reduc\u00e2nd ridurile \u0219i cresc\u00e2nd elasticitatea acesteia<\/li>\n<li>Remediu antiinflamator foarte eficient<\/li>\n<li>Cre\u0219te energia \u0219i rezisten\u021ba<\/li>\n<li>Microalge din Israel<\/li>\n<\/ul>\n","protected":false},"featured_media":3960,"comment_status":"open","ping_status":"closed","template":"","meta":[],"product_brand":[],"product_cat":[103,39],"product_tag":[],"class_list":{"0":"post-3955","1":"product","2":"type-product","3":"status-publish","4":"has-post-thumbnail","6":"product_cat-vitamin-e","7":"product_cat-antioxidants","9":"first","10":"instock","11":"taxable","12":"shipping-taxable","13":"purchasable","14":"product-type-simple"},"aioseo_notices":[],"_links":{"self":[{"href":"https:\/\/www.vitamineonline.md\/ro\/wp-json\/wp\/v2\/product\/3955","targetHints":{"allow":["GET"]}}],"collection":[{"href":"https:\/\/www.vitamineonline.md\/ro\/wp-json\/wp\/v2\/product"}],"about":[{"href":"https:\/\/www.vitamineonline.md\/ro\/wp-json\/wp\/v2\/types\/product"}],"replies":[{"embeddable":true,"href":"https:\/\/www.vitamineonline.md\/ro\/wp-json\/wp\/v2\/comments?post=3955"}],"wp:featuredmedia":[{"embeddable":true,"href":"https:\/\/www.vitamineonline.md\/ro\/wp-json\/wp\/v2\/media\/3960"}],"wp:attachment":[{"href":"https:\/\/www.vitamineonline.md\/ro\/wp-json\/wp\/v2\/media?parent=3955"}],"wp:term":[{"taxonomy":"product_brand","embeddable":true,"href":"https:\/\/www.vitamineonline.md\/ro\/wp-json\/wp\/v2\/product_brand?post=3955"},{"taxonomy":"product_cat","embeddable":true,"href":"https:\/\/www.vitamineonline.md\/ro\/wp-json\/wp\/v2\/product_cat?post=3955"},{"taxonomy":"product_tag","embeddable":true,"href":"https:\/\/www.vitamineonline.md\/ro\/wp-json\/wp\/v2\/product_tag?post=3955"}],"curies":[{"name":"wp","href":"https:\/\/api.w.org\/{rel}","templated":true}]}}