{"id":3949,"date":"2025-11-01T13:01:49","date_gmt":"2025-11-01T10:01:49","guid":{"rendered":"https:\/\/www.vitamineonline.md\/?post_type=product&#038;p=3949"},"modified":"2026-04-11T00:32:07","modified_gmt":"2026-04-10T21:32:07","slug":"smes-organicheskih-gribov-90-veganskih-kapsul","status":"publish","type":"product","link":"https:\/\/www.vitamineonline.md\/ro\/product\/smes-organicheskih-gribov-90-veganskih-kapsul\/","title":{"rendered":"Amestec de ciuperci organice &#8211; 90 capsule vegane"},"content":{"rendered":"<p><\/p>\n<h3><strong>Compus<\/strong><\/h3>\n<table>\n<tbody>\n<tr>\n<td><b>1 capsul\u0103 ofer\u0103:<\/b><\/td>\n<td><\/td>\n<td><b>RI%<\/b><\/td>\n<\/tr>\n<tr>\n<td>\u00cenveli\u0219 al capsulei: capsul\u0103 vegetal\u0103 (HPMC*)<br \/>\n(hidroxipropilmetil celuloz\u0103)<\/td>\n<td>120 mg<\/td>\n<td>&#8211;<\/td>\n<\/tr>\n<tr>\n<td>Organic Maitake<\/td>\n<td>115mg<\/td>\n<td>&#8211;<\/td>\n<\/tr>\n<tr>\n<td>Organic Reishi<\/td>\n<td>115mg<\/td>\n<td>&#8211;<\/td>\n<\/tr>\n<tr>\n<td>Organic Shiitake<\/td>\n<td>115mg<\/td>\n<td>&#8211;<\/td>\n<\/tr>\n<tr>\n<td>Coam\u0103 de leu organic\u0103<\/td>\n<td>115mg<\/td>\n<td>&#8211;<\/td>\n<\/tr>\n<tr>\n<td>Chaga organic\u0103<\/td>\n<td>115mg<\/td>\n<td>&#8211;<\/td>\n<\/tr>\n<tr>\n<td>Organic Cordyceps<\/td>\n<td>115mg<\/td>\n<td>&#8211;<\/td>\n<\/tr>\n<\/tbody>\n<\/table>\n<h3><strong>Instruc\u021biuni:<\/strong><\/h3>\n<p>Lua\u021bi 1 capsul\u0103 de dou\u0103 ori pe zi \u00eenainte de mas\u0103 sau conform indica\u021biilor unui profesionist din domeniul s\u0103n\u0103t\u0103\u021bii.<\/p>\n<h3>SUPLIMENT ORGANIC DE AMESTEC DE CIUPERCI<\/h3>\n<p>Amestec organic de \u0219ase ciuperci pudr\u0103 \u00eentr-o capsul\u0103 vegetal\u0103 convenabil\u0103. Certificat organic de Soil Association, acest amestec include maitake, reishi, shiitake, coam\u0103 de leu, chaga \u0219i cordyceps.<\/p>\n<hr \/>\n<h3>ORGANIC \u0218I POTRIVIT PENTRU VEGANI<\/h3>\n<p>Acest supliment este certificat organic de c\u0103tre Soil Association. De asemenea, este potrivit pentru vegani, f\u0103r\u0103 OMG \u0219i f\u0103r\u0103 coloran\u021bi \u0219i conservan\u021bi artificiali.<\/p>\n<h3><strong>Avertizare:<\/strong><\/h3>\n<p>Nu dep\u0103\u0219i\u021bi doza recomandat\u0103 declarat\u0103.<\/p>\n<p>Un supliment alimentar nu trebuie utilizat ca \u00eenlocuitor pentru o diet\u0103 variat\u0103 sau un stil de via\u021b\u0103 s\u0103n\u0103tos.<\/p>\n<p>A se p\u0103stra \u00eentr-un loc r\u0103coros \u0219i uscat, la \u00eendem\u00e2na \u0219i vederea copiilor mici.<\/p>","protected":false},"excerpt":{"rendered":"<ul>\n<li>Certificat organic<\/li>\n<li>Con\u021bine: Maitake, Reishi, Shiitake, Lion&#8217;s Mane, Chaga, Cordyceps<\/li>\n<li>2 luni de aprovizionare (2 pe zi)<\/li>\n<li>Potrivit pentru vegani<\/li>\n<\/ul>\n<p>&nbsp;<\/p>\n","protected":false},"featured_media":3950,"comment_status":"open","ping_status":"closed","template":"","meta":[],"product_brand":[],"product_cat":[61,57,41],"product_tag":[],"class_list":{"0":"post-3949","1":"product","2":"type-product","3":"status-publish","4":"has-post-thumbnail","6":"product_cat-vegan-supplements","7":"product_cat-organic-supplements","8":"product_cat-botanicals","10":"first","11":"instock","12":"sale","13":"taxable","14":"shipping-taxable","15":"purchasable","16":"product-type-simple"},"aioseo_notices":[],"_links":{"self":[{"href":"https:\/\/www.vitamineonline.md\/ro\/wp-json\/wp\/v2\/product\/3949","targetHints":{"allow":["GET"]}}],"collection":[{"href":"https:\/\/www.vitamineonline.md\/ro\/wp-json\/wp\/v2\/product"}],"about":[{"href":"https:\/\/www.vitamineonline.md\/ro\/wp-json\/wp\/v2\/types\/product"}],"replies":[{"embeddable":true,"href":"https:\/\/www.vitamineonline.md\/ro\/wp-json\/wp\/v2\/comments?post=3949"}],"wp:featuredmedia":[{"embeddable":true,"href":"https:\/\/www.vitamineonline.md\/ro\/wp-json\/wp\/v2\/media\/3950"}],"wp:attachment":[{"href":"https:\/\/www.vitamineonline.md\/ro\/wp-json\/wp\/v2\/media?parent=3949"}],"wp:term":[{"taxonomy":"product_brand","embeddable":true,"href":"https:\/\/www.vitamineonline.md\/ro\/wp-json\/wp\/v2\/product_brand?post=3949"},{"taxonomy":"product_cat","embeddable":true,"href":"https:\/\/www.vitamineonline.md\/ro\/wp-json\/wp\/v2\/product_cat?post=3949"},{"taxonomy":"product_tag","embeddable":true,"href":"https:\/\/www.vitamineonline.md\/ro\/wp-json\/wp\/v2\/product_tag?post=3949"}],"curies":[{"name":"wp","href":"https:\/\/api.w.org\/{rel}","templated":true}]}}