{"id":3943,"date":"2025-11-01T12:21:25","date_gmt":"2025-11-01T09:21:25","guid":{"rendered":"https:\/\/www.vitamineonline.md\/?post_type=product&#038;p=3943"},"modified":"2026-04-29T00:00:32","modified_gmt":"2026-04-28T21:00:32","slug":"advanced-pro-veflora-50-milliardov-60-veganskih-kapsul","status":"publish","type":"product","link":"https:\/\/www.vitamineonline.md\/ro\/product\/advanced-pro-veflora-50-milliardov-60-veganskih-kapsul\/","title":{"rendered":"Advanced Pro-VeFlora 50 Billion &#8211; 60 Capsule Vegane"},"content":{"rendered":"<p><\/p>\n<h3><strong>Compus<\/strong><strong>:<\/strong><\/h3>\n<table>\n<tbody>\n<tr>\n<td><b>2 capsule ofer\u0103:<\/b><\/td>\n<td><\/td>\n<td><b>RI%<\/b><\/td>\n<\/tr>\n<tr>\n<td>SynBalance(R) Premix 14<br \/>\n(50 de miliarde de organisme viabile la 1000 mg<br \/>\nla momentul fabrica\u021biei)<\/td>\n<td>1000mg<\/td>\n<td>&#8211;<\/td>\n<\/tr>\n<tr>\n<td><i>Compus din:<br \/>\nB.bifidum, B.breve, B.infantis,B.longum<br \/>\n, B.lactis, L.casei,L.acidophilus<br \/>\n, L.bulgaricus, L.plantarum<br \/>\n, L.rhamnosus, L.reuteri, L.salivarius<br \/>\n, L.paracasei, S.thermophilus<\/i><\/td>\n<td><\/td>\n<td><\/td>\n<\/tr>\n<tr>\n<td>Carcasa capsulei: celuloz\u0103 vegetal\u0103<\/td>\n<td>200 mg<\/td>\n<td>&#8211;<\/td>\n<\/tr>\n<tr>\n<td>Ingrediente suplimentare:<br \/>\nmaltodextrin\u0103 (agent antiaglomerant)<\/td>\n<td><\/td>\n<td><\/td>\n<\/tr>\n<\/tbody>\n<\/table>\n<h3><strong>Instruc\u021biuni:<\/strong><\/h3>\n<p>Lua\u021bi 1 capsul\u0103 de dou\u0103 ori pe zi \u00eenainte de mese sau conform indica\u021biilor unui profesionist din domeniul s\u0103n\u0103t\u0103\u021bii.<\/p>\n<p><b>P\u0103stra\u021bi acest produs la frigider.<\/b><\/p>\n<h2>SUPLIMENT AVANSAT PRO-VeFLORA?<\/h2>\n<p>Advanced Pro-VeFlora este un supliment vegan \u0219i divers de bacterii vii care ofer\u0103 un amestec de \u00eenalt\u0103 calitate de 50 de miliarde de microorganisme* \u00eentr-o singur\u0103 capsul\u0103 de supliment. Aceasta include bifidobacterii, streptococcus thermophilus \u0219i lactobacillus.<\/p>\n<p>*la momentul fabrica\u021biei.<\/p>\n<hr \/>\n<h2>AMESTEC DE \u00ceNALT\u0102 CALITATE DE BACTERII BUNE<\/h2>\n<p>Diferite tulpini de bacterii se dovedesc adesea a fi benefice individual, dar pot fi chiar mai bune atunci c\u00e2nd sunt combinate. Acesta este motivul pentru care Advanced Pro-VeFlora con\u021bine un amestec de tulpini de bifidobacterii, streptococ \u0219i lactobacilus.<\/p>\n<p>Exist\u0103 la fel de multe celule bacteriene \u00een corpul uman c\u00e2te celule umane obi\u0219nuite. Unii sus\u021bin c\u0103 suntem mai mult bacterii dec\u00e2t oameni. Bacteriile benefice sunt un instrument util pentru a se asigura c\u0103 ecosistemul din intestin este divers.<\/p>\n<p>Acest amestec vegan ofer\u0103 o doz\u0103 de mare putere (50 de miliarde pe gram), care este ideal\u0103 pentru a regnacula intestinul cu bacterii bune sau pentru a prelua controlul florei intestinale.<\/p>\n<hr \/>\n<h2>POTRIVIT PENTRU VEGANI<span style=\"font-family: 'Open Sans', Arial, Helvetica, sans-serif;font-size: 1rem\">.<\/span><\/h2>\n<p>Advanced Pro-VeFlora este potrivit pentru vegani. De asemenea, este aprobat kosher \u0219i nu con\u021bine alergeni majori.<\/p>\n<h3><strong>Avertizare:<\/strong><\/h3>\n<p>Nu dep\u0103\u0219i\u021bi doza recomandat\u0103 declarat\u0103. Un supliment alimentar nu trebuie utilizat ca substitut pentru o diet\u0103 variat\u0103 \u0219i echilibrat\u0103 \u0219i un stil de via\u021b\u0103 s\u0103n\u0103tos. A nu se l\u0103sa la \u00eendem\u00e2na \u0219i vederea copiilor mici.<\/p>\n<p>&nbsp;<\/p>","protected":false},"excerpt":{"rendered":"<ul>\n<li>Ajut\u0103 la restaurarea func\u021bion\u0103rii normale a tractului gastrointestinal<\/li>\n<li>Elimin\u0103 tulbur\u0103rile intestinale acute \u0219i cronice<\/li>\n<li>Contribuie la normalizarea metabolismului<\/li>\n<li>Ajut\u0103 la absorb\u021bia calciului \u0219i a altor vitamine \u0219i minerale<\/li>\n<li>Organismul devine mai rezistent la influen\u021ba infec\u021biilor \u0219i a altor factori patogeni<\/li>\n<\/ul>\n","protected":false},"featured_media":3944,"comment_status":"open","ping_status":"closed","template":"","meta":[],"product_brand":[],"product_cat":[122,86,55],"product_tag":[],"class_list":{"0":"post-3943","1":"product","2":"type-product","3":"status-publish","4":"has-post-thumbnail","6":"product_cat-probiotiki","7":"product_cat-digestie","8":"product_cat-live-bacteria","10":"first","11":"instock","12":"taxable","13":"shipping-taxable","14":"purchasable","15":"product-type-simple"},"aioseo_notices":[],"_links":{"self":[{"href":"https:\/\/www.vitamineonline.md\/ro\/wp-json\/wp\/v2\/product\/3943","targetHints":{"allow":["GET"]}}],"collection":[{"href":"https:\/\/www.vitamineonline.md\/ro\/wp-json\/wp\/v2\/product"}],"about":[{"href":"https:\/\/www.vitamineonline.md\/ro\/wp-json\/wp\/v2\/types\/product"}],"replies":[{"embeddable":true,"href":"https:\/\/www.vitamineonline.md\/ro\/wp-json\/wp\/v2\/comments?post=3943"}],"wp:featuredmedia":[{"embeddable":true,"href":"https:\/\/www.vitamineonline.md\/ro\/wp-json\/wp\/v2\/media\/3944"}],"wp:attachment":[{"href":"https:\/\/www.vitamineonline.md\/ro\/wp-json\/wp\/v2\/media?parent=3943"}],"wp:term":[{"taxonomy":"product_brand","embeddable":true,"href":"https:\/\/www.vitamineonline.md\/ro\/wp-json\/wp\/v2\/product_brand?post=3943"},{"taxonomy":"product_cat","embeddable":true,"href":"https:\/\/www.vitamineonline.md\/ro\/wp-json\/wp\/v2\/product_cat?post=3943"},{"taxonomy":"product_tag","embeddable":true,"href":"https:\/\/www.vitamineonline.md\/ro\/wp-json\/wp\/v2\/product_tag?post=3943"}],"curies":[{"name":"wp","href":"https:\/\/api.w.org\/{rel}","templated":true}]}}