{"id":3508,"date":"2024-07-14T13:34:12","date_gmt":"2024-07-14T10:34:12","guid":{"rendered":"https:\/\/www.vitamineonline.md\/?post_type=product&#038;p=3508"},"modified":"2026-01-28T19:21:30","modified_gmt":"2026-01-28T16:21:30","slug":"soov-vibes-7-dnevnyj-paketik","status":"publish","type":"product","link":"https:\/\/www.vitamineonline.md\/ro\/product\/soov-vibes-7-dnevnyj-paketik\/","title":{"rendered":"SOOV &#8211; VIBES &#8211; Senza\u021bia Menstrual\u0103 &#8211; Supliment pentru Menstrua\u021bie de 7 Zile"},"content":{"rendered":"<p><\/p>\n<h3><strong>Compus<\/strong><strong>:<\/strong><\/h3>\n<table>\n<tbody>\n<tr>\n<td><b>UN S\u0102CULE\u021a OFER\u0102:<\/b><\/td>\n<td><\/td>\n<td><b>NRV<\/b><\/td>\n<\/tr>\n<tr>\n<td><\/td>\n<td><\/td>\n<td><\/td>\n<\/tr>\n<tr>\n<td><b>1x Capsul\u0103 Complex de Vitamina B6:<\/b><\/td>\n<td><\/td>\n<td><\/td>\n<\/tr>\n<tr>\n<td>Mangeziu (citrat)<\/td>\n<td>95mg<\/td>\n<td>&#8211;<\/td>\n<\/tr>\n<tr>\n<td>Carcasa capsulei: celuloz\u0103 vegetal\u0103<\/td>\n<td>120mg<\/td>\n<td>&#8211;<\/td>\n<\/tr>\n<tr>\n<td>Zinc (citrat)<\/td>\n<td>25mg<\/td>\n<td>&#8211;<\/td>\n<\/tr>\n<tr>\n<td>vitamina B6 (piridoxal 5&#8217;fosfat)<\/td>\n<td>50mg<\/td>\n<td>&#8211;<\/td>\n<\/tr>\n<tr>\n<td>Vitamina B1 (tiamin\u0103 HCl)<\/td>\n<td>25mg<\/td>\n<td>&#8211;<\/td>\n<\/tr>\n<tr>\n<td>Vitamina B2 (riboflavin\u0103)<\/td>\n<td>25mg<\/td>\n<td>&#8211;<\/td>\n<\/tr>\n<tr>\n<td><\/td>\n<td><\/td>\n<td><\/td>\n<\/tr>\n<tr>\n<td><b>1x capsul\u0103 de vitamina D3:<\/b><\/td>\n<td><\/td>\n<td><\/td>\n<\/tr>\n<tr>\n<td>Alfalfa<\/td>\n<td>90mg<\/td>\n<td>&#8211;<\/td>\n<\/tr>\n<tr>\n<td>Carcasa capsulei: celuloz\u0103 vegetal\u0103<\/td>\n<td>40mg<\/td>\n<td>&#8211;<\/td>\n<\/tr>\n<tr>\n<td>Vitamina D (D3)(1000iu)<\/td>\n<td>25ug<\/td>\n<td>500<\/td>\n<\/tr>\n<tr>\n<td><\/td>\n<td><\/td>\n<td><\/td>\n<\/tr>\n<tr>\n<td><b>1x Capsul\u0103 Ginkgo Biloba:<\/b><\/td>\n<td><\/td>\n<td><\/td>\n<\/tr>\n<tr>\n<td>Pudr\u0103 de frunze de Ginkgo Biloba<\/td>\n<td>350mg<\/td>\n<td>&#8211;<\/td>\n<\/tr>\n<tr>\n<td>Carcasa capsulei: celuloz\u0103 vegetal\u0103<\/td>\n<td>100mg<\/td>\n<td>&#8211;<\/td>\n<\/tr>\n<tr>\n<td>Extract de Ginkgo Biloba (50:1)<\/td>\n<td>60mg<\/td>\n<td>&#8211;<\/td>\n<\/tr>\n<tr>\n<td><\/td>\n<td><\/td>\n<td><\/td>\n<\/tr>\n<tr>\n<td><b>1x Softgel cu ulei de pe\u0219te:<\/b><\/td>\n<td><\/td>\n<td><\/td>\n<\/tr>\n<tr>\n<td><span>Ulei de pe\u0219te (<b>FISH<\/b><\/span>)<\/td>\n<td>1000mg<\/td>\n<td>&#8211;<\/td>\n<\/tr>\n<tr>\n<td>Carcas\u0103 cu gel moale<\/td>\n<td>340mg<\/td>\n<td>&#8211;<\/td>\n<\/tr>\n<tr>\n<td><\/td>\n<td><\/td>\n<td><\/td>\n<\/tr>\n<tr>\n<td><b>1x Capsul\u0103 de Colin\u0103 &amp; Inozitol:<\/b><\/td>\n<td><\/td>\n<td><\/td>\n<\/tr>\n<tr>\n<td>Colin\u0103 (bitartrate)<\/td>\n<td>250mg<\/td>\n<td>&#8211;<\/td>\n<\/tr>\n<tr>\n<td>Inositol<\/td>\n<td>250mg<\/td>\n<td>&#8211;<\/td>\n<\/tr>\n<tr>\n<td>Carcasa capsulei: celuloz\u0103 vegetal\u0103<\/td>\n<td>120mg<\/td>\n<td>&#8211;<\/td>\n<\/tr>\n<\/tbody>\n<\/table>\n<p><strong style=\"font-family: Dosis, Arial, Helvetica, sans-serif;font-size: 1.125rem\">Instruc\u021biuni:<\/strong><\/p>\n<p>1 s\u0103cule\u021b de luat cu m\u00e2ncare din prima zi a menstrua\u021biei sau c\u00e2nd sim\u021bi nevoie.<\/p>\n<p>VIBES &#8211; C\u00c2ND NU SIM\u021aI SENTIMENTELE PE CARE LE SIM\u021aI<br \/>\nVibes este un pachet de suplimente pentru 7 zile, destinat perioadelor \u00een care nu te sim\u021bi tu \u00eens\u0103\u021bi \u00een timpul menstrua\u021biei. Energia \u0219i starea de spirit pot fi afectate de dezechilibrele hormonale. Vibes ofer\u0103 o gam\u0103 complet\u0103 de nutrien\u021bi esen\u021biali pentru a te ajuta s\u0103 \u00ee\u021bi men\u021bii starea de bine pe parcursul ciclului menstrual. Aceasta include vitamina B6, care contribuie la func\u021bionarea normal\u0103 a psihicului \u0219i la echilibrul hormonal. Vibes ofer\u0103 de asemenea vitamina D3, omega-3, ginkgo biloba \u0219i colin\u0103 &amp; inozitol.<\/p>\n<p>CE PRIMI\u021aI?<br \/>\nFiecare plic zilnic con\u021bine urm\u0103toarele:<br \/>\n1x Capsul\u0103 Complex Vitamina B6<br \/>\n1x Capsul\u0103 Vitamina D3<br \/>\n1x Capsul\u0103 Ginkgo Biloba<br \/>\n1x Capsul\u0103 moale cu ulei de pe\u0219te<br \/>\n1x Capsul\u0103 Colin\u0103 &amp; Inozitol<\/p>\n<p>PARTE DIN GAMA NOASTR\u0102 SOOV<br \/>\nSoov este o gam\u0103 unic\u0103 de suplimente conceput\u0103 de femei pentru a atenua simptomele asociate perioadei menstruale. Scopul nostru este s\u0103 avem grij\u0103 de starea ta de bine \u0219i s\u0103 u\u0219ur\u0103m unele dintre elementele mai pu\u021bin pl\u0103cute ale ciclului t\u0103u.<\/p>\n<h3>Sfaturi despre produse<\/h3>\n<p>Nu dep\u0103\u0219i doza recomandat\u0103 indicat\u0103.<\/p>\n<p>Un supliment alimentar nu ar trebui folosit ca substitut pentru o diet\u0103 variat\u0103 \u0219i echilibrat\u0103 \u0219i un stil de via\u021b\u0103 s\u0103n\u0103tos.<\/p>\n<p>P\u0103streaz\u0103-le \u00eentr-un loc r\u0103coros \u0219i uscat, departe de raza \u0219i raza vizual\u0103 a copiilor mici.<\/p>","protected":false},"excerpt":{"rendered":"<ul>\n<li>Cu B6 pentru echilibrul hormonal<\/li>\n<\/ul>\n","protected":false},"featured_media":3509,"comment_status":"open","ping_status":"closed","template":"","meta":[],"product_brand":[],"product_cat":[129,120,82,93],"product_tag":[],"class_list":{"0":"post-3508","1":"product","2":"type-product","3":"status-publish","4":"has-post-thumbnail","6":"product_cat-reduceri","7":"product_cat-soov","8":"product_cat-for-women","9":"product_cat-multivitamin-for-women","11":"first","12":"instock","13":"sale","14":"taxable","15":"shipping-taxable","16":"purchasable","17":"product-type-simple"},"aioseo_notices":[],"_links":{"self":[{"href":"https:\/\/www.vitamineonline.md\/ro\/wp-json\/wp\/v2\/product\/3508","targetHints":{"allow":["GET"]}}],"collection":[{"href":"https:\/\/www.vitamineonline.md\/ro\/wp-json\/wp\/v2\/product"}],"about":[{"href":"https:\/\/www.vitamineonline.md\/ro\/wp-json\/wp\/v2\/types\/product"}],"replies":[{"embeddable":true,"href":"https:\/\/www.vitamineonline.md\/ro\/wp-json\/wp\/v2\/comments?post=3508"}],"wp:featuredmedia":[{"embeddable":true,"href":"https:\/\/www.vitamineonline.md\/ro\/wp-json\/wp\/v2\/media\/3509"}],"wp:attachment":[{"href":"https:\/\/www.vitamineonline.md\/ro\/wp-json\/wp\/v2\/media?parent=3508"}],"wp:term":[{"taxonomy":"product_brand","embeddable":true,"href":"https:\/\/www.vitamineonline.md\/ro\/wp-json\/wp\/v2\/product_brand?post=3508"},{"taxonomy":"product_cat","embeddable":true,"href":"https:\/\/www.vitamineonline.md\/ro\/wp-json\/wp\/v2\/product_cat?post=3508"},{"taxonomy":"product_tag","embeddable":true,"href":"https:\/\/www.vitamineonline.md\/ro\/wp-json\/wp\/v2\/product_tag?post=3508"}],"curies":[{"name":"wp","href":"https:\/\/api.w.org\/{rel}","templated":true}]}}