{"id":3504,"date":"2024-07-14T13:14:24","date_gmt":"2024-07-14T10:14:24","guid":{"rendered":"https:\/\/www.vitamineonline.md\/?post_type=product&#038;p=3504"},"modified":"2026-01-28T19:18:39","modified_gmt":"2026-01-28T16:18:39","slug":"soov-buzz-7-dnevnyj-paketik","status":"publish","type":"product","link":"https:\/\/www.vitamineonline.md\/ro\/product\/soov-buzz-7-dnevnyj-paketik\/","title":{"rendered":"Buzz &#8211; Un impuls natural &#8211; Supliment pentru menstrua\u021bie de 7 zile"},"content":{"rendered":"<p><\/p>\n<h3><strong>Compus<\/strong><strong>:<\/strong><\/h3>\n<table>\n<tbody>\n<tr>\n<td><b>UN S\u0102CULE\u021a OFER\u0102:<\/b><\/td>\n<td><\/td>\n<td><b>NRV<\/b><\/td>\n<\/tr>\n<tr>\n<td><\/td>\n<td><\/td>\n<td><\/td>\n<\/tr>\n<tr>\n<td><b>1x capsul\u0103 de vitamina D3:<\/b><\/td>\n<td><\/td>\n<td><\/td>\n<\/tr>\n<tr>\n<td>Alfalfa<\/td>\n<td>90mg<\/td>\n<td>&#8211;<\/td>\n<\/tr>\n<tr>\n<td>Carcasa capsulei: celuloz\u0103 vegetal\u0103<\/td>\n<td>40mg<\/td>\n<td>&#8211;<\/td>\n<\/tr>\n<tr>\n<td>Vitamina D (ca D3) (1000 iu)<\/td>\n<td>25ug<\/td>\n<td>500<\/td>\n<\/tr>\n<tr>\n<td><\/td>\n<td><\/td>\n<td><\/td>\n<\/tr>\n<tr>\n<td><b>1x Capsul\u0103 CoQ10:<\/b><\/td>\n<td><\/td>\n<td><\/td>\n<\/tr>\n<tr>\n<td>F\u0103in\u0103 de orez<\/td>\n<td>400mg<\/td>\n<td>&#8211;<\/td>\n<\/tr>\n<tr>\n<td>CoQ10 (ubiquinon\u0103)<\/td>\n<td>100mg<\/td>\n<td>&#8211;<\/td>\n<\/tr>\n<tr>\n<td>Carcasa capsulei: celuloz\u0103 vegetal\u0103<\/td>\n<td>100mg<\/td>\n<td>&#8211;<\/td>\n<\/tr>\n<tr>\n<td><\/td>\n<td><\/td>\n<td><\/td>\n<\/tr>\n<tr>\n<td><b>1x capsul\u0103 de bisglicinat de fier:<\/b><\/td>\n<td><\/td>\n<td><\/td>\n<\/tr>\n<tr>\n<td>Fier (bisglicinat)<\/td>\n<td>20mg<\/td>\n<td>143<\/td>\n<\/tr>\n<tr>\n<td>Vitamina C (ascorbat de calciu)<\/td>\n<td>65mg<\/td>\n<td>81<\/td>\n<\/tr>\n<tr>\n<td>Carcasa capsulei: celuloz\u0103 vegetal\u0103<\/td>\n<td>40mg<\/td>\n<td>&#8211;<\/td>\n<\/tr>\n<tr>\n<td>Alfalfa<\/td>\n<td>30mg<\/td>\n<td>&#8211;<\/td>\n<\/tr>\n<tr>\n<td><\/td>\n<td><\/td>\n<td><\/td>\n<\/tr>\n<tr>\n<td><b>1x capsul\u0103 de vitamina B12:<\/b><\/td>\n<td><\/td>\n<td><\/td>\n<\/tr>\n<tr>\n<td>Alfalfa<\/td>\n<td>100mg<\/td>\n<td>&#8211;<\/td>\n<\/tr>\n<tr>\n<td>Carcasa capsulei: celuloz\u0103 vegetal\u0103<\/td>\n<td>40mg<\/td>\n<td>&#8211;<\/td>\n<\/tr>\n<tr>\n<td>Vitamina B12 (metilcobalamin\u0103)<\/td>\n<td>1mg<\/td>\n<td>40,000<\/td>\n<\/tr>\n<tr>\n<td><\/td>\n<td><\/td>\n<td><\/td>\n<\/tr>\n<tr>\n<td><b>1x Capsul\u0103 de Ginseng Siberian\u0103:<\/b><\/td>\n<td><\/td>\n<td><\/td>\n<\/tr>\n<tr>\n<td>Siberian Ginseng<\/td>\n<td>400mg<\/td>\n<td>&#8211;<\/td>\n<\/tr>\n<tr>\n<td>Carcasa capsulei: celuloz\u0103 vegetal\u0103<\/td>\n<td>120mg<\/td>\n<td>&#8211;<\/td>\n<\/tr>\n<\/tbody>\n<\/table>\n<h3><strong>Instruc\u021biuni:<\/strong><\/h3>\n<p>1 s\u0103cule\u021b de luat cu m\u00e2ncare din prima zi a menstrua\u021biei sau c\u00e2nd sim\u021bi nevoie.<\/p>\n<h2>BUZZ &#8211; UN IMPULS NATURAL PENTRU UN CICLU MAI LUMINOS<\/h2>\n<p>Buzz este o colec\u021bie unic\u0103 de capsule suplimente \u00een 7 plicule\u021be u\u0219or de luat zilnic, menite s\u0103 combat\u0103 energia sc\u0103zut\u0103 asociat\u0103 cu menstrua\u021bia ta. Partea cea mai bun\u0103 este c\u0103 trebuie s\u0103 o iei doar \u00een acea perioad\u0103 a lunii, nu toat\u0103 luna.<\/p>\n<hr \/>\n<h2>CE C\u00c2\u0218TIGI?<\/h2>\n<p>Fiecare s\u0103cule\u021b zilnic con\u021bine urm\u0103toarele:<br \/>\n1x capsul\u0103 de vitamina D3<br \/>\n, 1x capsul\u0103 CoQ10<br \/>\n, 1x capsul\u0103 de bisglicinat de fier<br \/>\n, 1x capsul\u0103 de vitamina B12,<br \/>\n1x capsul\u0103 de ginseng siberian\u0103,<\/p>\n<hr \/>\n<h2>PARTE DIN GAMA NOASTR\u0102 SOOV<\/h2>\n<p>SOOV este o gam\u0103 unic\u0103 de suplimente concepute de femei pentru a ameliora simptomele asociate menstrua\u021biei. Scopul nostru este s\u0103 avem grij\u0103 de bun\u0103starea ta \u0219i s\u0103 atenu\u0103m unele dintre acele elemente mai pu\u021bin pl\u0103cute ale ciclului t\u0103u.<\/p>\n<hr \/>\n<h2>POTRIVIT PENTRU VEGANI<\/h2>\n<p>Acest supliment este potrivit pentru vegani. Este, de asemenea, aprobat kosher \u0219i nu con\u021bine alergeni majori.<\/p>\n<h2>Sfaturi despre produse<\/h2>\n<p>Nu dep\u0103\u0219i doza recomandat\u0103 indicat\u0103. Un supliment alimentar nu ar trebui folosit ca substitut pentru o diet\u0103 variat\u0103 \u0219i echilibrat\u0103 \u0219i un stil de via\u021b\u0103 s\u0103n\u0103tos. P\u0103streaz\u0103-le \u00eentr-un loc r\u0103coros \u0219i uscat, departe de raza \u0219i raza vizual\u0103 a copiilor mici.<\/p>","protected":false},"excerpt":{"rendered":"<p>Din cauza sc\u0103derii generalizate a nivelului de fier \u0219i hormoni \u00een timpul menstrua\u021biei, este u\u0219or s\u0103 te sim\u021bi lene\u0219\u0103. Factorii alimentari pot juca cu siguran\u021b\u0103 un rol, dar, \u00een cele din urm\u0103, sf\u00e2r\u0219itul ciclului \u00ee\u021bi epuizeaz\u0103 energia, l\u0103s\u00e2ndu-te epuizat\u0103. Buzz este pachetul nostru de 7 zile conceput pentru a combate sc\u0103derea de energie asociat\u0103 cu menstrua\u021bia.<\/p>\n","protected":false},"featured_media":3505,"comment_status":"open","ping_status":"closed","template":"","meta":[],"product_brand":[],"product_cat":[129,120,77,82,93],"product_tag":[],"class_list":{"0":"post-3504","1":"product","2":"type-product","3":"status-publish","4":"has-post-thumbnail","6":"product_cat-reduceri","7":"product_cat-soov","8":"product_cat-vegan-category","9":"product_cat-for-women","10":"product_cat-multivitamin-for-women","12":"first","13":"instock","14":"sale","15":"taxable","16":"shipping-taxable","17":"purchasable","18":"product-type-simple"},"aioseo_notices":[],"_links":{"self":[{"href":"https:\/\/www.vitamineonline.md\/ro\/wp-json\/wp\/v2\/product\/3504","targetHints":{"allow":["GET"]}}],"collection":[{"href":"https:\/\/www.vitamineonline.md\/ro\/wp-json\/wp\/v2\/product"}],"about":[{"href":"https:\/\/www.vitamineonline.md\/ro\/wp-json\/wp\/v2\/types\/product"}],"replies":[{"embeddable":true,"href":"https:\/\/www.vitamineonline.md\/ro\/wp-json\/wp\/v2\/comments?post=3504"}],"wp:featuredmedia":[{"embeddable":true,"href":"https:\/\/www.vitamineonline.md\/ro\/wp-json\/wp\/v2\/media\/3505"}],"wp:attachment":[{"href":"https:\/\/www.vitamineonline.md\/ro\/wp-json\/wp\/v2\/media?parent=3504"}],"wp:term":[{"taxonomy":"product_brand","embeddable":true,"href":"https:\/\/www.vitamineonline.md\/ro\/wp-json\/wp\/v2\/product_brand?post=3504"},{"taxonomy":"product_cat","embeddable":true,"href":"https:\/\/www.vitamineonline.md\/ro\/wp-json\/wp\/v2\/product_cat?post=3504"},{"taxonomy":"product_tag","embeddable":true,"href":"https:\/\/www.vitamineonline.md\/ro\/wp-json\/wp\/v2\/product_tag?post=3504"}],"curies":[{"name":"wp","href":"https:\/\/api.w.org\/{rel}","templated":true}]}}