{"id":3500,"date":"2024-07-14T13:01:08","date_gmt":"2024-07-14T10:01:08","guid":{"rendered":"https:\/\/www.vitamineonline.md\/?post_type=product&#038;p=3500"},"modified":"2026-01-28T19:20:37","modified_gmt":"2026-01-28T16:20:37","slug":"soov-ow-7-dnevnyj-paketik","status":"publish","type":"product","link":"https:\/\/www.vitamineonline.md\/ro\/product\/soov-ow-7-dnevnyj-paketik\/","title":{"rendered":"SOOV &#8211; OW &#8211; Prietena a S\u00e2nilor &#8211; Supliment pentru 7 Zile de Menstrua\u021bie"},"content":{"rendered":"<p><\/p>\n<h3><strong>Compus<\/strong><strong>:<\/strong><\/h3>\n<table>\n<tbody>\n<tr>\n<td><b>UN S\u0102CULE\u021a OFER\u0102:<\/b><\/td>\n<td><\/td>\n<td><b>NRV<\/b><\/td>\n<\/tr>\n<tr>\n<td><\/td>\n<\/tr>\n<tr>\n<td><b>1x Sofel cu ulei de primula de sear\u0103:<\/b><\/td>\n<td><\/td>\n<td><\/td>\n<\/tr>\n<tr>\n<td>Ulei de primula de sear\u0103<\/td>\n<td>1000mg<\/td>\n<td>&#8211;<\/td>\n<\/tr>\n<tr>\n<td>Softgel Shell (inclusiv gelatin\u0103 bovin\u0103)<\/td>\n<td>392,5mg<\/td>\n<td>&#8211;<\/td>\n<\/tr>\n<tr>\n<td><\/td>\n<td><\/td>\n<td><\/td>\n<\/tr>\n<tr>\n<td><b>1x Capsul\u0103 Complex de Vitamina B6:<\/b><\/td>\n<td><\/td>\n<td><\/td>\n<\/tr>\n<tr>\n<td>Magneziu (citrat)<\/td>\n<td>95mg<\/td>\n<td>25<\/td>\n<\/tr>\n<tr>\n<td>Carcasa capsulei: celuloz\u0103 vegetal\u0103<\/td>\n<td>120mg<\/td>\n<td>&#8211;<\/td>\n<\/tr>\n<tr>\n<td>Zinc (citrat)<\/td>\n<td>25mg<\/td>\n<td>250<\/td>\n<\/tr>\n<tr>\n<td>Vitamina B6 (piridozal-5-fosfat)<\/td>\n<td>50mg<\/td>\n<td>3,571<\/td>\n<\/tr>\n<tr>\n<td>Vitamina B1 (tiamin\u0103 HCl)<\/td>\n<td>25mg<\/td>\n<td>2,273<\/td>\n<\/tr>\n<tr>\n<td>Vitamina B2 (riboflavin\u0103)<\/td>\n<td>25mg<\/td>\n<td>1,178<\/td>\n<\/tr>\n<tr>\n<td><\/td>\n<td><\/td>\n<td><\/td>\n<\/tr>\n<tr>\n<td><b>1x Gel moale cu vitamina E:<\/b><\/td>\n<td><\/td>\n<td><\/td>\n<\/tr>\n<tr>\n<td>Vitamina E (400 iu) (alfa tocoferol)<\/td>\n<td>268mg<\/td>\n<td>2,238<\/td>\n<\/tr>\n<tr>\n<td>Softgel Shell (inclusiv gelatin\u0103 bovin\u0103)<\/td>\n<td>270mg<\/td>\n<td><\/td>\n<\/tr>\n<\/tbody>\n<\/table>\n<h3><strong>Instruc\u021biuni:<\/strong><\/h3>\n<p>1 s\u0103cule\u021b de luat cu m\u00e2ncare din prima zi a menstrua\u021biei sau c\u00e2nd sim\u021bi nevoie.<\/p>\n<p>OW &#8211; PRIETENUL T\u0102U LA S\u00c2NI PENTRU ACELE ZILE ALE LUNII<br \/>\nOw este plicul nostru de 7 zile, conceput pentru oricine experimenteaz\u0103 durere la nivelul s\u00e2nilor din cauza unui dezechilibru hormonal, deoarece aceste plicuri includ vitamina B6, care ajut\u0103 la reglarea activit\u0103\u021bii hormonale.<\/p>\n<p>Durerea la nivelul s\u00e2nilor este adesea cauzat\u0103 de fluctua\u021biile nivelului de hormoni, \u00een special estrogenul \u0219i progesteronul. Estrogenul determin\u0103 dilatarea canalelor mamare, iar progesteronul crescut poate cauza umflarea glandelor mamare. Dac\u0103 se \u00eent\u00e2mpl\u0103 oricare dintre acestea, s\u00e2nii pot deveni sensibili. Acest lucru apare cel mai frecvent \u00een a doua jum\u0103tate (faza luteal\u0103) a ciclului t\u0103u. Reducerea aportului de sare \u0219i cofein\u0103 poate uneori s\u0103 diminueze simptomele, deoarece reduce reten\u021bia de ap\u0103 \u00een \u0219i \u00een jurul s\u00e2nilor. Ow este plicul nostru de 7 zile, conceput pentru oricine experimenteaz\u0103 durere la nivelul s\u00e2nilor din cauza unui dezechilibru hormonal, deoarece aceste plicuri includ vitamina B6, care ajut\u0103 la reglarea activit\u0103\u021bii hormonale. Folosim doar cea mai biodisponibil\u0103 form\u0103 de B6 pentru a ne asigura c\u0103 ob\u021bine\u021bi beneficiul maxim \u0219i am combinat-o cu ulei de lumini\u021b\u0103 de sear\u0103 \u0219i vitamina E pentru o abordare cu adev\u0103rat holistic\u0103.<\/p>\n<p>CE PRIMI\u021aI?<br \/>\nFiecare plic zilnic con\u021bine urm\u0103toarele:<br \/>\n1x capsul\u0103 moale cu ulei de lumini\u021b\u0103 de sear\u0103<br \/>\n1x capsul\u0103 complex de vitamina B6<br \/>\n1x capsul\u0103 moale cu vitamina E<\/p>\n<p>PARTE A GAMEI NOASTRE SOOV<br \/>\nsoov este o gam\u0103 unic\u0103 de suplimente conceput\u0103 de femei pentru a atenua simptomele asociate cu menstrua\u021bia. Scopul nostru este s\u0103 avem grij\u0103 de bun\u0103starea dumneavoastr\u0103 \u0219i s\u0103 u\u0219ur\u0103m unele dintre aspectele mai pu\u021bin pl\u0103cute ale ciclului.<\/p>\n<h3>Sfaturi despre produse<\/h3>\n<p>Nu dep\u0103\u0219i doza recomandat\u0103 indicat\u0103.<\/p>\n<p>Un supliment alimentar nu ar trebui folosit ca substitut pentru o diet\u0103 variat\u0103 \u0219i echilibrat\u0103 \u0219i un stil de via\u021b\u0103 s\u0103n\u0103tos.<\/p>\n<p>P\u0103streaz\u0103-le \u00eentr-un loc r\u0103coros \u0219i uscat, departe de raza \u0219i raza vizual\u0103 a copiilor mici.<\/p>","protected":false},"excerpt":{"rendered":"<ul>\n<li>Sensibilitate la nivelul s\u00e2nilor<\/li>\n<\/ul>\n","protected":false},"featured_media":3501,"comment_status":"open","ping_status":"closed","template":"","meta":[],"product_brand":[],"product_cat":[129,108,120,82,93],"product_tag":[],"class_list":{"0":"post-3500","1":"product","2":"type-product","3":"status-publish","4":"has-post-thumbnail","6":"product_cat-reduceri","7":"product_cat-complex","8":"product_cat-soov","9":"product_cat-for-women","10":"product_cat-multivitamin-for-women","12":"first","13":"instock","14":"sale","15":"taxable","16":"shipping-taxable","17":"purchasable","18":"product-type-simple"},"aioseo_notices":[],"_links":{"self":[{"href":"https:\/\/www.vitamineonline.md\/ro\/wp-json\/wp\/v2\/product\/3500","targetHints":{"allow":["GET"]}}],"collection":[{"href":"https:\/\/www.vitamineonline.md\/ro\/wp-json\/wp\/v2\/product"}],"about":[{"href":"https:\/\/www.vitamineonline.md\/ro\/wp-json\/wp\/v2\/types\/product"}],"replies":[{"embeddable":true,"href":"https:\/\/www.vitamineonline.md\/ro\/wp-json\/wp\/v2\/comments?post=3500"}],"wp:featuredmedia":[{"embeddable":true,"href":"https:\/\/www.vitamineonline.md\/ro\/wp-json\/wp\/v2\/media\/3501"}],"wp:attachment":[{"href":"https:\/\/www.vitamineonline.md\/ro\/wp-json\/wp\/v2\/media?parent=3500"}],"wp:term":[{"taxonomy":"product_brand","embeddable":true,"href":"https:\/\/www.vitamineonline.md\/ro\/wp-json\/wp\/v2\/product_brand?post=3500"},{"taxonomy":"product_cat","embeddable":true,"href":"https:\/\/www.vitamineonline.md\/ro\/wp-json\/wp\/v2\/product_cat?post=3500"},{"taxonomy":"product_tag","embeddable":true,"href":"https:\/\/www.vitamineonline.md\/ro\/wp-json\/wp\/v2\/product_tag?post=3500"}],"curies":[{"name":"wp","href":"https:\/\/api.w.org\/{rel}","templated":true}]}}