{"id":3496,"date":"2024-07-14T12:45:25","date_gmt":"2024-07-14T09:45:25","guid":{"rendered":"https:\/\/www.vitamineonline.md\/?post_type=product&#038;p=3496"},"modified":"2026-01-28T19:19:52","modified_gmt":"2026-01-28T16:19:52","slug":"soov-ouch-7-dnevnyj-paketik","status":"publish","type":"product","link":"https:\/\/www.vitamineonline.md\/ro\/product\/soov-ouch-7-dnevnyj-paketik\/","title":{"rendered":"SOOV &#8211; OUCH Pentru calm &#8211; Supliment menstrual de 7 zile"},"content":{"rendered":"<p><\/p>\n<h3><strong>Compus<\/strong><strong>:<\/strong><\/h3>\n<table>\n<tbody>\n<tr>\n<td><b>UN S\u0102CULE\u021a OFER\u0102:<\/b><\/td>\n<td><\/td>\n<td><b>NRV<\/b><\/td>\n<\/tr>\n<tr>\n<td><\/td>\n<td><\/td>\n<td><\/td>\n<\/tr>\n<tr>\n<td><b>2x capsule de r\u0103d\u0103cin\u0103 de ghimbir:<\/b><\/td>\n<td><\/td>\n<td><\/td>\n<\/tr>\n<tr>\n<td>R\u0103d\u0103cin\u0103 de ghimbir organic<\/td>\n<td>800mg<\/td>\n<td>&#8211;<\/td>\n<\/tr>\n<tr>\n<td>Carcasa capsulei: celuloz\u0103 vegetal\u0103<\/td>\n<td>200mg<\/td>\n<td>&#8211;<\/td>\n<\/tr>\n<tr>\n<td><\/td>\n<td><\/td>\n<td><\/td>\n<\/tr>\n<tr>\n<td><b>1x capsul\u0103 Boswellia &amp; Turmeric:<\/b><\/td>\n<td><\/td>\n<td><\/td>\n<\/tr>\n<tr>\n<td>Extractul de Boswellia<\/td>\n<td>300mg<\/td>\n<td>&#8211;<\/td>\n<\/tr>\n<tr>\n<td>Turmeric Extract<\/td>\n<td>110mg<\/td>\n<td>&#8211;<\/td>\n<\/tr>\n<tr>\n<td>Carcasa capsulei: celuloz\u0103 vegetal\u0103<\/td>\n<td>100mg<\/td>\n<td>&#8211;<\/td>\n<\/tr>\n<tr>\n<td>Vitamina D (ca D3) (2000iu)<\/td>\n<td>50ug<\/td>\n<td>1,000<\/td>\n<\/tr>\n<tr>\n<td><\/td>\n<td><\/td>\n<td><\/td>\n<\/tr>\n<tr>\n<td><b>1x Softgel cu ulei de pe\u0219te:<\/b><\/td>\n<td><\/td>\n<td><\/td>\n<\/tr>\n<tr>\n<td>Ulei de pe\u0219te (<b>FISH<\/b>)<\/td>\n<td>1000mg<\/td>\n<td>&#8211;<\/td>\n<\/tr>\n<tr>\n<td>Carcas\u0103 cu gel moale<\/td>\n<td>340mg<\/td>\n<td>&#8211;<\/td>\n<\/tr>\n<tr>\n<td><\/td>\n<td><\/td>\n<td><\/td>\n<\/tr>\n<tr>\n<td><b>1x capsul\u0103 de magneziu:<\/b><\/td>\n<td><\/td>\n<td><\/td>\n<\/tr>\n<tr>\n<td>Magneziu (citrat)<\/td>\n<td>125mg<\/td>\n<td>33<\/td>\n<\/tr>\n<tr>\n<td>Carcasa capsulei: celuloz\u0103 vegetal\u0103<\/td>\n<td>120mg<\/td>\n<td>&#8211;<\/td>\n<\/tr>\n<\/tbody>\n<\/table>\n<h3><strong>Instruc\u021biuni:<\/strong><\/h3>\n<p>1 s\u0103cule\u021b de luat cu m\u00e2ncare din prima zi a menstrua\u021biei sau c\u00e2nd sim\u021bi nevoie.<\/p>\n<h3>AUE &#8211; PENTRU A AJUTA LA CALMAREA VALULUI RO\u0218U<\/h3>\n<p>Ouch este plicule\u021bul nostru pe 7 zile conceput pentru to\u021bi cei care experimenteaz\u0103 crampe menstruale. Aceste plicule\u021be unice con\u021bin fiecare r\u0103d\u0103cin\u0103 de ghimbir organic\u0103, boswellie, turmeric, ulei de pe\u0219te omega 3 \u0219i o doz\u0103 s\u0103n\u0103toas\u0103 de magneziu, care contribuie la func\u021bionarea normal\u0103 a mu\u0219chilor, precum \u0219i la func\u021bionarea normal\u0103 a sistemului nervos.<\/p>\n<hr \/>\n<h3>CE C\u00c2\u0218TIGI?<\/h3>\n<p>Fiecare s\u0103cule\u021b zilnic con\u021bine urm\u0103toarele:<br \/>\n2x capsule de r\u0103d\u0103cin\u0103 de ghimbir<br \/>\n, 1x capsul\u0103 Boswellia &amp; Turmeric<br \/>\n, 1x softgel<br \/>\ncu ulei de pe\u0219te, 1x capsul\u0103 de magneziu<\/p>\n<hr \/>\n<h3>PARTE DIN GAMA NOASTR\u0102 SOOV<\/h3>\n<p>SOOV este o gam\u0103 unic\u0103 de suplimente concepute de femei pentru a ameliora simptomele asociate menstrua\u021biei. Scopul nostru este s\u0103 avem grij\u0103 de bun\u0103starea ta \u0219i s\u0103 atenu\u0103m unele dintre acele elemente mai pu\u021bin pl\u0103cute ale ciclului t\u0103u.<\/p>\n<h3>Sfaturi despre produse<\/h3>\n<p>Nu dep\u0103\u0219i doza recomandat\u0103 indicat\u0103.<\/p>\n<p>Un supliment alimentar nu ar trebui folosit ca substitut pentru o diet\u0103 variat\u0103 \u0219i echilibrat\u0103 \u0219i un stil de via\u021b\u0103 s\u0103n\u0103tos.<\/p>\n<p>P\u0103streaz\u0103-le \u00eentr-un loc r\u0103coros \u0219i uscat, departe de raza \u0219i raza vizual\u0103 a copiilor mici.<\/p>","protected":false},"excerpt":{"rendered":"<p>Ouch \u2014 este plicul nostru de 7 zile, destinat tuturor celor care experimenteaz\u0103 crampele menstruale. Fiecare dintre aceste plicuri unice con\u021bine r\u0103d\u0103cin\u0103 de ghimbir organic\u0103, boswellia, turmeric, ulei de pe\u0219te omega-3 \u0219i o doz\u0103 benefic\u0103 de magneziu, care contribuie la func\u021bionarea normal\u0103 a mu\u0219chilor, precum \u0219i la normalizarea func\u021biei sistemului nervos.<\/p>\n","protected":false},"featured_media":3497,"comment_status":"open","ping_status":"closed","template":"","meta":[],"product_brand":[],"product_cat":[129,108,120,82,93],"product_tag":[],"class_list":{"0":"post-3496","1":"product","2":"type-product","3":"status-publish","4":"has-post-thumbnail","6":"product_cat-reduceri","7":"product_cat-complex","8":"product_cat-soov","9":"product_cat-for-women","10":"product_cat-multivitamin-for-women","12":"first","13":"instock","14":"sale","15":"taxable","16":"shipping-taxable","17":"purchasable","18":"product-type-simple"},"aioseo_notices":[],"_links":{"self":[{"href":"https:\/\/www.vitamineonline.md\/ro\/wp-json\/wp\/v2\/product\/3496","targetHints":{"allow":["GET"]}}],"collection":[{"href":"https:\/\/www.vitamineonline.md\/ro\/wp-json\/wp\/v2\/product"}],"about":[{"href":"https:\/\/www.vitamineonline.md\/ro\/wp-json\/wp\/v2\/types\/product"}],"replies":[{"embeddable":true,"href":"https:\/\/www.vitamineonline.md\/ro\/wp-json\/wp\/v2\/comments?post=3496"}],"wp:featuredmedia":[{"embeddable":true,"href":"https:\/\/www.vitamineonline.md\/ro\/wp-json\/wp\/v2\/media\/3497"}],"wp:attachment":[{"href":"https:\/\/www.vitamineonline.md\/ro\/wp-json\/wp\/v2\/media?parent=3496"}],"wp:term":[{"taxonomy":"product_brand","embeddable":true,"href":"https:\/\/www.vitamineonline.md\/ro\/wp-json\/wp\/v2\/product_brand?post=3496"},{"taxonomy":"product_cat","embeddable":true,"href":"https:\/\/www.vitamineonline.md\/ro\/wp-json\/wp\/v2\/product_cat?post=3496"},{"taxonomy":"product_tag","embeddable":true,"href":"https:\/\/www.vitamineonline.md\/ro\/wp-json\/wp\/v2\/product_tag?post=3496"}],"curies":[{"name":"wp","href":"https:\/\/api.w.org\/{rel}","templated":true}]}}