{"id":3492,"date":"2024-07-14T12:39:02","date_gmt":"2024-07-14T09:39:02","guid":{"rendered":"https:\/\/www.vitamineonline.md\/?post_type=product&#038;p=3492"},"modified":"2026-04-21T13:46:21","modified_gmt":"2026-04-21T10:46:21","slug":"bisglicinat-magnija-200-mg-magnesium-bisglycinate-90-kapsul","status":"publish","type":"product","link":"https:\/\/www.vitamineonline.md\/ro\/product\/bisglicinat-magnija-200-mg-magnesium-bisglycinate-90-kapsul\/","title":{"rendered":"Bisglicinat de Magneziu 200mg &#8211; 90 capsule vegane"},"content":{"rendered":"<p><\/p>\n<div class=\"item_label\" style=\"text-align: left\"><\/div>\n<div>\n<h3><strong>Compus<\/strong><strong>:<\/strong><\/h3>\n<table>\n<tbody>\n<tr>\n<td><b>3 capsule ofer\u0103:<\/b><\/td>\n<td><\/td>\n<td><b>RI%<\/b><\/td>\n<\/tr>\n<tr>\n<td>Magneziu (bisglicinat)<\/td>\n<td>200mg<\/td>\n<td>53<\/td>\n<\/tr>\n<tr>\n<td>Carcasa capsulei: celuloz\u0103 vegetal\u0103<\/td>\n<td>360mg<\/td>\n<td>&#8211;<\/td>\n<\/tr>\n<tr>\n<td>F\u0103in\u0103 de orez (<i>Oryza sativa<\/i>)<\/td>\n<td>210mg<\/td>\n<td>&#8211;<\/td>\n<\/tr>\n<\/tbody>\n<\/table>\n<p><strong>Instruc\u021biuni:<\/strong> Lua\u021bi 3 capsule zilnic sau conform indica\u021biilor unui profesionist din domeniul s\u0103n\u0103t\u0103\u021bii.<\/p>\n<p>Supliment de bisglicinat de magneziu care ofer\u0103 200 mg de magneziu elementar la fiecare doz\u0103 de trei capsule. Bisglicinatul de magneziu este o form\u0103 chelat\u0103 de magneziu, ceea ce \u00eel face mai u\u0219or absorbit de organism.<\/p>\n<h3>CE ESTE MAGNEZIUL?<\/h3>\n<p>Magneziul este un mineral elementar esen\u021bial pentru func\u021bia celular\u0103.<\/p>\n<h3>CE FACE MAGNEZIUL?<\/h3>\n<p>Magneziul contribuie \u00een multe privin\u021be la o diet\u0103 s\u0103n\u0103toas\u0103. Magneziul contribuie la reducerea oboselii \u0219i oboselii, la men\u021binerea normal\u0103 a oaselor \u0219i din\u021bilor, la func\u021bia muscular\u0103 normal\u0103 \u0219i la metabolismul normal care produce energie.<\/p>\n<h3>POTRIVIT PENTRU VEGANI<\/h3>\n<p>Acest supliment este potrivit pentru vegetarieni \u0219i vegani. Este, de asemenea, aprobat kosher \u0219i nu con\u021bine alergeni majori.<\/p>\n<h3><strong>Avertizare:<\/strong><\/h3>\n<p>Nu dep\u0103\u0219i doza recomandat\u0103 indicat\u0103. Un supliment alimentar nu ar trebui folosit ca substitut pentru o diet\u0103 variat\u0103 \u0219i echilibrat\u0103 \u0219i un stil de via\u021b\u0103 s\u0103n\u0103tos. P\u0103streaz\u0103-le \u00eentr-un loc r\u0103coros \u0219i uscat, departe de raza \u0219i raza vizual\u0103 a copiilor mici.<\/p>\n<\/div>\n<div><\/div>\n<div>\u0410\u0440\u0442\u0438\u043a\u0443\u043b: GAK01<\/div>\n<p><\/p>","protected":false},"excerpt":{"rendered":"<ul>\n<li>Magneziul contribuie la metabolismul normal.<\/li>\n<li>Magneziul contribuie la func\u021bionarea normal\u0103 a sistemului nervos.<\/li>\n<li>Magneziul contribuie la func\u021bia muscular\u0103 normal\u0103.<\/li>\n<li>Magneziul contribuie la sinteza normal\u0103 a proteinelor.<\/li>\n<\/ul>\n","protected":false},"featured_media":3493,"comment_status":"open","ping_status":"closed","template":"","meta":[],"product_brand":[],"product_cat":[130,65,106,89],"product_tag":[],"class_list":{"0":"post-3492","1":"product","2":"type-product","3":"status-publish","4":"has-post-thumbnail","6":"product_cat-magneziu","7":"product_cat-minerals","8":"product_cat-minerals-2","9":"product_cat-pentru-creier","11":"first","12":"instock","13":"taxable","14":"shipping-taxable","15":"purchasable","16":"product-type-simple"},"aioseo_notices":[],"_links":{"self":[{"href":"https:\/\/www.vitamineonline.md\/ro\/wp-json\/wp\/v2\/product\/3492","targetHints":{"allow":["GET"]}}],"collection":[{"href":"https:\/\/www.vitamineonline.md\/ro\/wp-json\/wp\/v2\/product"}],"about":[{"href":"https:\/\/www.vitamineonline.md\/ro\/wp-json\/wp\/v2\/types\/product"}],"replies":[{"embeddable":true,"href":"https:\/\/www.vitamineonline.md\/ro\/wp-json\/wp\/v2\/comments?post=3492"}],"wp:featuredmedia":[{"embeddable":true,"href":"https:\/\/www.vitamineonline.md\/ro\/wp-json\/wp\/v2\/media\/3493"}],"wp:attachment":[{"href":"https:\/\/www.vitamineonline.md\/ro\/wp-json\/wp\/v2\/media?parent=3492"}],"wp:term":[{"taxonomy":"product_brand","embeddable":true,"href":"https:\/\/www.vitamineonline.md\/ro\/wp-json\/wp\/v2\/product_brand?post=3492"},{"taxonomy":"product_cat","embeddable":true,"href":"https:\/\/www.vitamineonline.md\/ro\/wp-json\/wp\/v2\/product_cat?post=3492"},{"taxonomy":"product_tag","embeddable":true,"href":"https:\/\/www.vitamineonline.md\/ro\/wp-json\/wp\/v2\/product_tag?post=3492"}],"curies":[{"name":"wp","href":"https:\/\/api.w.org\/{rel}","templated":true}]}}