{"id":3489,"date":"2024-07-13T22:37:34","date_gmt":"2024-07-13T19:37:34","guid":{"rendered":"https:\/\/www.vitamineonline.md\/?post_type=product&#038;p=3489"},"modified":"2026-04-21T13:46:48","modified_gmt":"2026-04-21T10:46:48","slug":"sibirskij-zhenshen-400-mg-siberian-ginseng-120-kapsul","status":"publish","type":"product","link":"https:\/\/www.vitamineonline.md\/ro\/product\/sibirskij-zhenshen-400-mg-siberian-ginseng-120-kapsul\/","title":{"rendered":"Ginseng siberian &#8211; 120 capsule vegane"},"content":{"rendered":"<p><\/p>\n<div class=\"item_label\"><\/div>\n<h3><strong>Compus:<\/strong><\/h3>\n<table>\n<tbody>\n<tr>\n<td><b>O capsul\u0103 ofer\u0103:<\/b><\/td>\n<td><\/td>\n<td><b>RI%<\/b><\/td>\n<\/tr>\n<tr>\n<td>Ginseng siberian\u00a0<i>(E. senticosus)<\/i><\/td>\n<td>400mg<\/td>\n<td>&#8211;<\/td>\n<\/tr>\n<tr>\n<td>Carcasa capsulei: celuloz\u0103 vegetal\u0103<\/td>\n<td>120mg<\/td>\n<td>&#8211;<\/td>\n<\/tr>\n<\/tbody>\n<\/table>\n<h3><strong>Instruc\u021biuni:<\/strong><\/h3>\n<p>Lua\u021bi 1 p\u00e2n\u0103 la 2 capsule pe zi cu o mas\u0103 sau conform indica\u021biilor unui specialist \u00een domeniul s\u0103n\u0103t\u0103\u021bii.<\/p>\n<h3>SUPLIMENT DE GINSENG SIBERIAN<\/h3>\n<p>Supliment pur de ginseng siberian. Fiecare capsul\u0103 vegan\u0103 ofer\u0103 400mg de pudr\u0103 pur\u0103 de ginseng siberian\u0103, f\u0103r\u0103 aditivi.<\/p>\n<hr \/>\n<h3>CE ESTE GINSENG SIBERIAN\u0102?<\/h3>\n<p>Ginsengul siberian este o specie de arbust mic, lemnos, din familia Araliaceae, originar\u0103 din Asia de Nord-Est.<\/p>\n<hr \/>\n<h3>POTRIVIT PENTRU VEGANI<\/h3>\n<p>Acest supliment este potrivit pentru vegani. Este, de asemenea, aprobat kosher \u0219i nu con\u021bine alergeni majori.<\/p>\n<h3>Sfaturi despre produse<\/h3>\n<p>Nu dep\u0103\u0219i doza recomandat\u0103 indicat\u0103. Un supliment alimentar nu ar trebui folosit ca substitut pentru o diet\u0103 variat\u0103 \u0219i echilibrat\u0103 \u0219i un stil de via\u021b\u0103 s\u0103n\u0103tos. P\u0103streaz\u0103-le \u00eentr-un loc r\u0103coros \u0219i uscat, departe de raza \u0219i raza vizual\u0103 a copiilor mici.<\/p>\n<p>\u0410\u0440\u0442\u0438\u043a\u0443\u043b: GA992<\/p>","protected":false},"excerpt":{"rendered":"<ul>\n<li>\u00cembun\u0103t\u0103\u021be\u0219te s\u0103n\u0103tatea sistemului nervos<\/li>\n<li>Cre\u0219te rezisten\u021ba, performan\u021ba \u0219i vitalitatea<\/li>\n<li>Benefic pentru s\u0103n\u0103tatea ochilor<\/li>\n<li>Are propriet\u0103\u021bi antitumorale<\/li>\n<\/ul>\n","protected":false},"featured_media":3490,"comment_status":"open","ping_status":"closed","template":"","meta":[],"product_brand":[],"product_cat":[83,89,97],"product_tag":[],"class_list":{"0":"post-3489","1":"product","2":"type-product","3":"status-publish","4":"has-post-thumbnail","6":"product_cat-for-eyes","7":"product_cat-pentru-creier","8":"product_cat-life-energy","10":"first","11":"instock","12":"taxable","13":"shipping-taxable","14":"purchasable","15":"product-type-simple"},"aioseo_notices":[],"_links":{"self":[{"href":"https:\/\/www.vitamineonline.md\/ro\/wp-json\/wp\/v2\/product\/3489","targetHints":{"allow":["GET"]}}],"collection":[{"href":"https:\/\/www.vitamineonline.md\/ro\/wp-json\/wp\/v2\/product"}],"about":[{"href":"https:\/\/www.vitamineonline.md\/ro\/wp-json\/wp\/v2\/types\/product"}],"replies":[{"embeddable":true,"href":"https:\/\/www.vitamineonline.md\/ro\/wp-json\/wp\/v2\/comments?post=3489"}],"wp:featuredmedia":[{"embeddable":true,"href":"https:\/\/www.vitamineonline.md\/ro\/wp-json\/wp\/v2\/media\/3490"}],"wp:attachment":[{"href":"https:\/\/www.vitamineonline.md\/ro\/wp-json\/wp\/v2\/media?parent=3489"}],"wp:term":[{"taxonomy":"product_brand","embeddable":true,"href":"https:\/\/www.vitamineonline.md\/ro\/wp-json\/wp\/v2\/product_brand?post=3489"},{"taxonomy":"product_cat","embeddable":true,"href":"https:\/\/www.vitamineonline.md\/ro\/wp-json\/wp\/v2\/product_cat?post=3489"},{"taxonomy":"product_tag","embeddable":true,"href":"https:\/\/www.vitamineonline.md\/ro\/wp-json\/wp\/v2\/product_tag?post=3489"}],"curies":[{"name":"wp","href":"https:\/\/api.w.org\/{rel}","templated":true}]}}