{"id":3472,"date":"2024-07-13T21:49:44","date_gmt":"2024-07-13T18:49:44","guid":{"rendered":"https:\/\/www.vitamineonline.md\/?post_type=product&#038;p=3472"},"modified":"2026-04-21T13:55:25","modified_gmt":"2026-04-21T10:55:25","slug":"polnyj-spektr-aminokislot-total-amino-full-spectrum-amino-acids-120-kapsul","status":"publish","type":"product","link":"https:\/\/www.vitamineonline.md\/ro\/product\/polnyj-spektr-aminokislot-total-amino-full-spectrum-amino-acids-120-kapsul\/","title":{"rendered":"Total Amino &#8211; Aminoacizi cu spectru complet &#8211; 120 capsule"},"content":{"rendered":"<p><\/p>\n<h3><strong>Compus<\/strong><strong>:<\/strong><\/h3>\n<table>\n<tbody>\n<tr>\n<td><b>O capsul\u0103 ofer\u0103:<\/b><\/td>\n<td><\/td>\n<td><b>RI%<\/b><\/td>\n<\/tr>\n<tr>\n<td>Acid L-glutamic<\/td>\n<td>75mg<\/td>\n<td>&#8211;<\/td>\n<\/tr>\n<tr>\n<td>L-lizina<\/td>\n<td>75mg<\/td>\n<td>&#8211;<\/td>\n<\/tr>\n<tr>\n<td>L-glutamina<\/td>\n<td>75mg<\/td>\n<td>&#8211;<\/td>\n<\/tr>\n<tr>\n<td>L-arginin\u0103<\/td>\n<td>69mg<\/td>\n<td>&#8211;<\/td>\n<\/tr>\n<tr>\n<td>L-leucin\u0103<\/td>\n<td>60mg<\/td>\n<td>&#8211;<\/td>\n<\/tr>\n<tr>\n<td>L-isoleucin\u0103<\/td>\n<td>30mg<\/td>\n<td>&#8211;<\/td>\n<\/tr>\n<tr>\n<td>L-valine<\/td>\n<td>30mg<\/td>\n<td>&#8211;<\/td>\n<\/tr>\n<tr>\n<td>Glicina<\/td>\n<td>44mg<\/td>\n<td>&#8211;<\/td>\n<\/tr>\n<tr>\n<td>L-metionin\u0103<\/td>\n<td>46mg<\/td>\n<td>&#8211;<\/td>\n<\/tr>\n<tr>\n<td>L-fenilalanin\u0103<\/td>\n<td>36mg<\/td>\n<td>&#8211;<\/td>\n<\/tr>\n<tr>\n<td>L-serina<\/td>\n<td>36mg<\/td>\n<td>&#8211;<\/td>\n<\/tr>\n<tr>\n<td>L-treonin\u0103<\/td>\n<td>30mg<\/td>\n<td>&#8211;<\/td>\n<\/tr>\n<tr>\n<td>L-tirozina<\/td>\n<td>30mg<\/td>\n<td>&#8211;<\/td>\n<\/tr>\n<tr>\n<td>L-histidin\u0103<\/td>\n<td>20mg<\/td>\n<td>&#8211;<\/td>\n<\/tr>\n<tr>\n<td>L-alanina<\/td>\n<td>18mg<\/td>\n<td>&#8211;<\/td>\n<\/tr>\n<tr>\n<td>Acid L-aspartic<\/td>\n<td>15mg<\/td>\n<td>&#8211;<\/td>\n<\/tr>\n<tr>\n<td>L-prolina<\/td>\n<td>15mg<\/td>\n<td>&#8211;<\/td>\n<\/tr>\n<tr>\n<td>L-triptofan<\/td>\n<td>10mg<\/td>\n<td>&#8211;<\/td>\n<\/tr>\n<tr>\n<td>L-taurina<\/td>\n<td>12mg<\/td>\n<td>&#8211;<\/td>\n<\/tr>\n<tr>\n<td>L-cisteina<\/td>\n<td>24mg<\/td>\n<td>&#8211;<\/td>\n<\/tr>\n<tr>\n<td>Carcasa capsulei: celuloz\u0103 vegetal\u0103<\/td>\n<td>120mg<\/td>\n<td>&#8211;<\/td>\n<\/tr>\n<\/tbody>\n<\/table>\n<h3><strong>Instruc\u021biuni:<\/strong><\/h3>\n<p>Lua\u021bi 2 capsule o dat\u0103 pe zi, \u00een decurs de 15 minute de la finalizarea antrenamentului.<\/p>\n<h3>AMINOACIZI TOTALI &#8211; AMINOACIZI CU SPECTRU COMPLET<\/h3>\n<p>Total Amino este un supliment cu spectru complet de aminoacizi care furnizeaz\u0103 to\u021bi cei 20 de aminoacizi utiliza\u021bi de corpul uman, inclusiv cei 9 aminoacizi esen\u021biali pe care organismul nu \u00eei poate sintetiza. Aminoacizii din acest supliment cu spectru complet exist\u0103 \u00eentr-o stare cristalin\u0103 liber\u0103. Valoarea aminoacizilor liberi const\u0103 \u00een capacitatea lor de a ocoli digestia, permi\u021b\u00e2nd o livrare mai rapid\u0103 \u00een organism. De\u0219i aminoacizii liberi provin de obicei de la animale, am dedicat mult timp \u0219i grij\u0103 dezvolt\u0103rii unui supliment vegan de aminoacizi de \u00eenalt\u0103 calitate.<\/p>\n<hr \/>\n<h3>CE SUNT AMINOACIZII?<\/h3>\n<p>Aminoacizii sunt elementele de baz\u0103 ale proteinelor, folosi\u021bi de corp pentru a ajuta la construirea de \u021besut nou \u0219i la repararea mu\u0219chilor. Organismul utilizeaz\u0103 20 de aminoacizi, care sunt adesea grupa\u021bi \u00een trei categorii: esen\u021biali, condi\u021bionat esen\u021biali \u0219i neesen\u021biali.<\/p>\n<hr \/>\n<h3>CE FACE CA SUPLIMENTUL NOSTRU CU AMINOACIZI S\u0102 FIE DIFERIT?<\/h3>\n<p>Aminoacizii esen\u021biali de form\u0103 liber\u0103 sunt de obicei proveni\u021bi de la animale, deoarece reprezint\u0103 cea mai u\u0219oar\u0103 metod\u0103 de a extrage niveluri mici de aminoacizi. La G&amp;G, am depus un efort semnificativ pentru a produce aminoacizi vegani de \u00eenalt\u0103 calitate. Acest lucru se realizeaz\u0103 printr-un proces r\u0103bd\u0103tor de fermentare a enzimelor naturale pentru a oferi un supliment superior, potrivit at\u00e2t pentru vegetarieni, c\u00e2t \u0219i pentru vegani.<\/p>\n<hr \/>\n<h3>CE FAC AMINOACIZII?<\/h3>\n<p>Aminoacizii sunt adesea folosi\u021bi de sportivi dup\u0103 exerci\u021bii, deoarece sunt elementele de baz\u0103 ale proteinelor.<\/p>\n<hr \/>\n<h3>CUTIE \u0218I ETICHET\u0102 100% BIODEGRADABIL\u0102<\/h3>\n<p>Suplimentele noastre au \u00een vedere sustenabilitatea. Recipientele \u0219i etichetele noastre sunt realizate din materiale vegetale naturale, ceea ce le face 100% biodegradabile. Asta \u00eenseamn\u0103 c\u0103 c\u0103zile noastre se vor sim\u021bi ca acas\u0103 \u00eentr-un co\u0219 de compostare. De\u0219i capacele noastre nu sunt \u00eenc\u0103 compostabile, ele sunt reciclabile. V\u0103 rug\u0103m s\u0103 verifica\u021bi autoritatea local\u0103 de reciclare pentru eliminarea corect\u0103. \u00cen plus, suplimentele noastre sunt realizate folosind energie 100% regenerabil\u0103.<\/p>\n<hr \/>\n<h3>POTRIVIT PENTRU VEGANI<\/h3>\n<p>Suplimentul nostru Total Amino este potrivit pentru vegetarieni \u0219i vegani. Este, de asemenea, aprobat kosher \u0219i nu con\u021bine alergeni.<\/p>\n<h3>Sfaturi despre produse<\/h3>\n<p>Nu dep\u0103\u0219i doza recomandat\u0103 indicat\u0103. Un supliment alimentar nu ar trebui folosit ca substitut pentru o diet\u0103 variat\u0103 \u0219i echilibrat\u0103 \u0219i un stil de via\u021b\u0103 s\u0103n\u0103tos. P\u0103streaz\u0103-le \u00eentr-un loc r\u0103coros \u0219i uscat, departe de raza \u0219i raza vizual\u0103 a copiilor mici.<\/p>\n<p>&nbsp;<\/p>","protected":false},"excerpt":{"rendered":"<ul>\n<li>Aminoacizi vegani<\/li>\n<li>Furnizeaz\u0103 to\u021bi cei 20 de aminoacizi utiliza\u021bi de corpul uman<\/li>\n<li>Aminoacizi liberi pentru a cre\u0219te absorb\u021bia<\/li>\n<li>Pentru sportivi dup\u0103 exerci\u021biu<\/li>\n<li>Aprovizionare pe 2 luni (2 pe zi)<\/li>\n<\/ul>\n","protected":false},"featured_media":3473,"comment_status":"open","ping_status":"closed","template":"","meta":[],"product_brand":[],"product_cat":[95,38,61],"product_tag":[],"class_list":{"0":"post-3472","1":"product","2":"type-product","3":"status-publish","4":"has-post-thumbnail","6":"product_cat-sport-meal","7":"product_cat-amino-acids","8":"product_cat-vegan-supplements","10":"first","11":"instock","12":"taxable","13":"shipping-taxable","14":"purchasable","15":"product-type-simple"},"aioseo_notices":[],"_links":{"self":[{"href":"https:\/\/www.vitamineonline.md\/ro\/wp-json\/wp\/v2\/product\/3472","targetHints":{"allow":["GET"]}}],"collection":[{"href":"https:\/\/www.vitamineonline.md\/ro\/wp-json\/wp\/v2\/product"}],"about":[{"href":"https:\/\/www.vitamineonline.md\/ro\/wp-json\/wp\/v2\/types\/product"}],"replies":[{"embeddable":true,"href":"https:\/\/www.vitamineonline.md\/ro\/wp-json\/wp\/v2\/comments?post=3472"}],"wp:featuredmedia":[{"embeddable":true,"href":"https:\/\/www.vitamineonline.md\/ro\/wp-json\/wp\/v2\/media\/3473"}],"wp:attachment":[{"href":"https:\/\/www.vitamineonline.md\/ro\/wp-json\/wp\/v2\/media?parent=3472"}],"wp:term":[{"taxonomy":"product_brand","embeddable":true,"href":"https:\/\/www.vitamineonline.md\/ro\/wp-json\/wp\/v2\/product_brand?post=3472"},{"taxonomy":"product_cat","embeddable":true,"href":"https:\/\/www.vitamineonline.md\/ro\/wp-json\/wp\/v2\/product_cat?post=3472"},{"taxonomy":"product_tag","embeddable":true,"href":"https:\/\/www.vitamineonline.md\/ro\/wp-json\/wp\/v2\/product_tag?post=3472"}],"curies":[{"name":"wp","href":"https:\/\/api.w.org\/{rel}","templated":true}]}}