{"id":3462,"date":"2024-07-13T20:36:17","date_gmt":"2024-07-13T17:36:17","guid":{"rendered":"https:\/\/www.vitamineonline.md\/?post_type=product&#038;p=3462"},"modified":"2026-05-01T14:28:58","modified_gmt":"2026-05-01T11:28:58","slug":"v-kompleks-s-50-mg-niacina-vitamin-b-complex-with-niacin-120-kapsul","status":"publish","type":"product","link":"https:\/\/www.vitamineonline.md\/ro\/product\/v-kompleks-s-50-mg-niacina-vitamin-b-complex-with-niacin-120-kapsul\/","title":{"rendered":"Complex de vitamine B cu niacin\u0103 &#8211; 120 capsule vegane"},"content":{"rendered":"<p><\/p>\n<h3><strong>Compus<\/strong><strong>:<\/strong><\/h3>\n<table>\n<tbody>\n<tr>\n<td><b>O capsul\u0103 ofer\u0103:<\/b><\/td>\n<td><\/td>\n<td><b>RI%<\/b><\/td>\n<\/tr>\n<tr>\n<td>Carcasa capsulei: celuloz\u0103 vegetal\u0103<\/td>\n<td>100mg<\/td>\n<td>&#8211;<\/td>\n<\/tr>\n<tr>\n<td>Vitamina B1 (tiamin\u0103 HCl)<\/td>\n<td>50mg<\/td>\n<td>4,545<\/td>\n<\/tr>\n<tr>\n<td>Vitamina B5 (pantotenat de calciu)<\/td>\n<td>50mg<\/td>\n<td>833<\/td>\n<\/tr>\n<tr>\n<td>Vitamina B3 (niacina)<\/td>\n<td>50mg<\/td>\n<td>312<\/td>\n<\/tr>\n<tr>\n<td>Acid para-aminobenzoic (PABA)<\/td>\n<td>50mg<\/td>\n<td>&#8211;<\/td>\n<\/tr>\n<tr>\n<td>Inositol<\/td>\n<td>50mg<\/td>\n<td>&#8211;<\/td>\n<\/tr>\n<tr>\n<td>Colin\u0103 (L-bitartrate)<\/td>\n<td>23mg<\/td>\n<td>&#8211;<\/td>\n<\/tr>\n<tr>\n<td>Vitamina B2 (riboflavin\u0103)<\/td>\n<td>40mg<\/td>\n<td>2,857<\/td>\n<\/tr>\n<tr>\n<td>Vitamina B6 (piridozin\u0103 HCl)<\/td>\n<td>25mg<\/td>\n<td>1,786<\/td>\n<\/tr>\n<tr>\n<td>Dioxid de silice<\/td>\n<td>9mg<\/td>\n<td>&#8211;<\/td>\n<\/tr>\n<tr>\n<td>Folat (L-5-MTHF)<\/td>\n<td>100\u03bcg<\/td>\n<td>50<\/td>\n<\/tr>\n<tr>\n<td>Vitamina B12 (metilcobalamin\u0103)<\/td>\n<td>50\u03bcg<\/td>\n<td>2,000<\/td>\n<\/tr>\n<tr>\n<td>Biotina<\/td>\n<td>50\u03bcg<\/td>\n<td>100<\/td>\n<\/tr>\n<\/tbody>\n<\/table>\n<h3><strong>Instruc\u021biuni:<\/strong><\/h3>\n<p>Lua\u021bi o capsul\u0103 zilnic cu o mas\u0103 sau conform indica\u021biilor unui profesionist din domeniul s\u0103n\u0103t\u0103\u021bii. Nu lua niciodat\u0103 acest produs pe stomacul gol.<\/p>\n<p>Complex de vitamine B echilibrat de \u00eenalt\u0103 calitate, conceput s\u0103 livreze un spectru complet de vitamine esen\u021biale din grupul B, inclusiv B1, B2, B3, B5, B6 \u0219i B12. Acest supliment all-in-one \u00ee\u021bi simplific\u0103 rutina zilnic\u0103 de suplimente, asigur\u00e2ndu-te c\u0103 prime\u0219ti vitaminele B necesare \u00eentr-o singur\u0103 capsul\u0103 convenabil\u0103.<\/p>\n<h3>CE ESTE VITAMINA B?<\/h3>\n<p>Vitaminele B sunt o familie de nutrien\u021bi solubili \u00een ap\u0103 care joac\u0103 un rol important \u00een aproape fiecare proces biochimic care are loc \u00een organism. Este, de asemenea, important s\u0103 monitorizezi aportul de vitamine B dac\u0103 urmezi o diet\u0103 care nu con\u021bine carne sau pe\u0219te, deoarece unele vitamine B, precum B12, se g\u0103sesc \u00een principal \u00een aceste alimente.<\/p>\n<h3>CE FACE COMPLEXUL NOSTRU DE VITAMINE B?<\/h3>\n<p>Vitaminele din complexul B contribuie \u00een multe privin\u021be la o diet\u0103 s\u0103n\u0103toas\u0103. Vitaminele B2, B3, B5, B6 \u0219i B12 contribuie toate la un metabolism normal care genereaz\u0103 energie \u0219i la reducerea oboselii \u0219i oboselii. Vitaminele B1, B2, B3, B6, B12 \u0219i biotina contribuie toate la func\u021bionarea normal\u0103 a sistemului nervos. Vitaminele B2, B6 \u0219i B12 contribuie la men\u021binerea normal\u0103 a globulelor ro\u0219ii, \u00een timp ce B1 contribuie la func\u021bionarea normal\u0103 a inimii. Vitaminele B1, B3, B12 \u0219i biotina contribuie la func\u021bia psihologic\u0103, \u00een timp ce B5 contribuie la performan\u021ba mental\u0103.<\/p>\n<h3>POTRIVIT PENTRU VEGANI<\/h3>\n<p>Acest supliment este potrivit pentru vegetarieni \u0219i vegani. Este, de asemenea, aprobat kosher \u0219i nu con\u021bine alergeni majori.<\/p>\n<h3>Sfaturi despre produse<\/h3>\n<p>Nu dep\u0103\u0219i doza recomandat\u0103 indicat\u0103. Un supliment alimentar nu ar trebui folosit ca substitut pentru o diet\u0103 variat\u0103, echilibrat\u0103 \u0219i un stil de via\u021b\u0103 s\u0103n\u0103tos. P\u0103streaz\u0103-le \u00eentr-un loc r\u0103coros \u0219i uscat, departe de raza \u0219i raza vizual\u0103 a copiilor mici.<\/p>\n<p>Consumul pe termen lung de 25 mg de vitamina B6 poate duce la furnic\u0103turi u\u0219oare \u0219i amor\u021beal\u0103. Consumul pe termen lung de 50 mg de acid nicotinic (niacina) poate provoca \u00eenro\u0219ea\u021b\u0103 a pielii la persoanele sensibile.<\/p>","protected":false},"excerpt":{"rendered":"<ul>\n<li>O gam\u0103 complet\u0103 de vitamine B.<\/li>\n<li>Complexul \u00eembun\u0103t\u0103\u021be\u0219te func\u021bionarea sistemelor nervos, cardiovascular \u0219i digestiv.<\/li>\n<li>Cre\u0219te performan\u021ba mental\u0103 \u0219i fizic\u0103.<\/li>\n<li>\u00cembun\u0103t\u0103\u021be\u0219te metabolismul \u00een \u021besutul cerebral, \u00eent\u0103re\u0219te sistemul nervos \u0219i ac\u021bioneaz\u0103 ca antidepresiv.<\/li>\n<\/ul>\n","protected":false},"featured_media":3463,"comment_status":"open","ping_status":"closed","template":"","meta":[],"product_brand":[],"product_cat":[108,101,109,128,127,110,111,112,83,89,87,98,97],"product_tag":[],"class_list":{"0":"post-3462","1":"product","2":"type-product","3":"status-publish","4":"has-post-thumbnail","6":"product_cat-complex","7":"product_cat-vitamin-b","8":"product_cat-b1_tiamin","9":"product_cat-b12-cianokobalamin","10":"product_cat-b2-riboflamin","11":"product_cat-b3_niatin","12":"product_cat-b5","13":"product_cat-b6","14":"product_cat-for-eyes","15":"product_cat-pentru-creier","16":"product_cat-inima-si-tensiune","17":"product_cat-skin","18":"product_cat-life-energy","20":"first","21":"instock","22":"taxable","23":"shipping-taxable","24":"purchasable","25":"product-type-simple"},"aioseo_notices":[],"_links":{"self":[{"href":"https:\/\/www.vitamineonline.md\/ro\/wp-json\/wp\/v2\/product\/3462","targetHints":{"allow":["GET"]}}],"collection":[{"href":"https:\/\/www.vitamineonline.md\/ro\/wp-json\/wp\/v2\/product"}],"about":[{"href":"https:\/\/www.vitamineonline.md\/ro\/wp-json\/wp\/v2\/types\/product"}],"replies":[{"embeddable":true,"href":"https:\/\/www.vitamineonline.md\/ro\/wp-json\/wp\/v2\/comments?post=3462"}],"wp:featuredmedia":[{"embeddable":true,"href":"https:\/\/www.vitamineonline.md\/ro\/wp-json\/wp\/v2\/media\/3463"}],"wp:attachment":[{"href":"https:\/\/www.vitamineonline.md\/ro\/wp-json\/wp\/v2\/media?parent=3462"}],"wp:term":[{"taxonomy":"product_brand","embeddable":true,"href":"https:\/\/www.vitamineonline.md\/ro\/wp-json\/wp\/v2\/product_brand?post=3462"},{"taxonomy":"product_cat","embeddable":true,"href":"https:\/\/www.vitamineonline.md\/ro\/wp-json\/wp\/v2\/product_cat?post=3462"},{"taxonomy":"product_tag","embeddable":true,"href":"https:\/\/www.vitamineonline.md\/ro\/wp-json\/wp\/v2\/product_tag?post=3462"}],"curies":[{"name":"wp","href":"https:\/\/api.w.org\/{rel}","templated":true}]}}