{"id":3458,"date":"2024-07-13T20:23:58","date_gmt":"2024-07-13T17:23:58","guid":{"rendered":"https:\/\/www.vitamineonline.md\/?post_type=product&#038;p=3458"},"modified":"2026-04-21T19:26:49","modified_gmt":"2026-04-21T16:26:49","slug":"b5-pantotenovaja-kislota-500-mg-vitamin-b5-60-kapsul","status":"publish","type":"product","link":"https:\/\/www.vitamineonline.md\/ro\/product\/b5-pantotenovaja-kislota-500-mg-vitamin-b5-60-kapsul\/","title":{"rendered":"Vitamina B5 500mg &#8211; 60 capsule vegane"},"content":{"rendered":"<p>Compus:<\/p>\n<table>\n<tbody>\n<tr>\n<td><b>O capsul\u0103 ofer\u0103:<\/b><\/td>\n<td><\/td>\n<td><b>RI%<\/b><\/td>\n<\/tr>\n<tr>\n<td>Vitamina B5 (pantotenat de calciu)<\/td>\n<td>500mg<\/td>\n<td>8333<\/td>\n<\/tr>\n<tr>\n<td>F\u0103in\u0103 de orez<\/td>\n<td>210mg<\/td>\n<td>&#8211;<\/td>\n<\/tr>\n<tr>\n<td>Carcasa capsulei: celuloz\u0103 vegetal\u0103<\/td>\n<td>120mg<\/td>\n<td>&#8211;<\/td>\n<\/tr>\n<\/tbody>\n<\/table>\n<div class=\"item_label\"><\/div>\n<h3><strong>Instruc\u021biuni:<\/strong><\/h3>\n<p>Lua\u021bi o capsul\u0103 zilnic sau conform indica\u021biilor unui profesionist din domeniul s\u0103n\u0103t\u0103\u021bii<\/p>\n<p>Supliment de vitamina B5 cu concentra\u021bie mare. Ofer\u0103 500 mg de vitamina B5 (acid pantotenic) \u00eentr-o capsul\u0103 vegetal\u0103.<\/p>\n<h3>CE ESTE VITAMINA B5?<\/h3>\n<p>Vitamina B5, cunoscut\u0103 \u0219i sub denumirea de acid pantotenic, este o vitamin\u0103 hidrosolubil\u0103 din grupa B, care poate contribui la producerea de celule \u00een organism. Ca toate celelalte vitamine B, B5 nu poate fi stocat\u0103 de organism. Prin urmare, trebuie s\u0103 fac\u0103 parte din dieta obi\u0219nuit\u0103 pentru a evita o deficien\u021b\u0103.<\/p>\n<h3>CE FACE VITAMINA B5?<\/h3>\n<p>Acidul pantotenic (vitamina B5) contribuie la un metabolism energetic normal, la performan\u021be mentale normale. De asemenea, vitamina B5 contribuie la reducerea oboselii \u0219i extenu\u0103rii, precum \u0219i la sinteza \u0219i metabolismul normal al hormonilor steroizi, al vitaminei D \u0219i al unor neurotransmi\u021b\u0103tori.<\/p>\n<h3>POTRIVIT PENTRU VEGANI<\/h3>\n<p>Acest supliment este potrivit pentru vegani. Este, de asemenea, aprobat kosher \u0219i nu con\u021bine alergeni majori.<\/p>\n<h3>Sfaturi despre produse<\/h3>\n<p>Nu dep\u0103\u0219i doza recomandat\u0103 indicat\u0103. Un supliment alimentar nu ar trebui folosit ca substitut pentru o diet\u0103 variat\u0103 sau un stil de via\u021b\u0103 s\u0103n\u0103tos. P\u0103streaz\u0103-le \u00eentr-un loc r\u0103coros \u0219i uscat, departe de raza \u0219i raza vizual\u0103 a copiilor mici.<\/p>","protected":false},"excerpt":{"rendered":"<ul>\n<li>Ajut\u0103 organismul s\u0103 fac\u0103 fa\u021b\u0103 stresului \u0219i sus\u021bine sistemul nervos.<\/li>\n<li>Necesar pentru bolile tractului gastrointestinal, ale sistemului bronhopulmonar \u0219i ale astmului bron\u0219ic.<\/li>\n<li>Acidul pantotenic accelereaz\u0103 vindecarea r\u0103nilor.<\/li>\n<li>\u00cembun\u0103t\u0103\u021be\u0219te starea pielii \u0219i a p\u0103rului.<\/li>\n<\/ul>\n","protected":false},"featured_media":3459,"comment_status":"open","ping_status":"closed","template":"","meta":[],"product_brand":[],"product_cat":[101,111,84,87,98,97],"product_tag":[],"class_list":{"0":"post-3458","1":"product","2":"type-product","3":"status-publish","4":"has-post-thumbnail","6":"product_cat-vitamin-b","7":"product_cat-b5","8":"product_cat-imunitate","9":"product_cat-inima-si-tensiune","10":"product_cat-skin","11":"product_cat-life-energy","13":"first","14":"instock","15":"taxable","16":"shipping-taxable","17":"purchasable","18":"product-type-simple"},"aioseo_notices":[],"_links":{"self":[{"href":"https:\/\/www.vitamineonline.md\/ro\/wp-json\/wp\/v2\/product\/3458","targetHints":{"allow":["GET"]}}],"collection":[{"href":"https:\/\/www.vitamineonline.md\/ro\/wp-json\/wp\/v2\/product"}],"about":[{"href":"https:\/\/www.vitamineonline.md\/ro\/wp-json\/wp\/v2\/types\/product"}],"replies":[{"embeddable":true,"href":"https:\/\/www.vitamineonline.md\/ro\/wp-json\/wp\/v2\/comments?post=3458"}],"wp:featuredmedia":[{"embeddable":true,"href":"https:\/\/www.vitamineonline.md\/ro\/wp-json\/wp\/v2\/media\/3459"}],"wp:attachment":[{"href":"https:\/\/www.vitamineonline.md\/ro\/wp-json\/wp\/v2\/media?parent=3458"}],"wp:term":[{"taxonomy":"product_brand","embeddable":true,"href":"https:\/\/www.vitamineonline.md\/ro\/wp-json\/wp\/v2\/product_brand?post=3458"},{"taxonomy":"product_cat","embeddable":true,"href":"https:\/\/www.vitamineonline.md\/ro\/wp-json\/wp\/v2\/product_cat?post=3458"},{"taxonomy":"product_tag","embeddable":true,"href":"https:\/\/www.vitamineonline.md\/ro\/wp-json\/wp\/v2\/product_tag?post=3458"}],"curies":[{"name":"wp","href":"https:\/\/api.w.org\/{rel}","templated":true}]}}