{"id":3451,"date":"2024-07-13T19:41:44","date_gmt":"2024-07-13T16:41:44","guid":{"rendered":"https:\/\/www.vitamineonline.md\/?post_type=product&#038;p=3451"},"modified":"2026-04-21T19:27:43","modified_gmt":"2026-04-21T16:27:43","slug":"naturalnyj-beta-karotin-15-mg-iz-mikrovodoroslej-beta-carotene-120-kapsul","status":"publish","type":"product","link":"https:\/\/www.vitamineonline.md\/ro\/product\/naturalnyj-beta-karotin-15-mg-iz-mikrovodoroslej-beta-carotene-120-kapsul\/","title":{"rendered":"Beta-Caroten 15mg &#8211; 120 capsule vegane"},"content":{"rendered":"<p><\/p>\n<h3><strong>Compus<\/strong><strong>:<\/strong><\/h3>\n<table>\n<tbody>\n<tr>\n<td><b>O capsul\u0103 ofer\u0103:<\/b><\/td>\n<td><\/td>\n<td><b>RI%<\/b><\/td>\n<\/tr>\n<tr>\n<td>F\u0103in\u0103 de orez<\/td>\n<td>280mg<\/td>\n<td>&#8211;<\/td>\n<\/tr>\n<tr>\n<td>Carcasa capsulei: celuloz\u0103 vegetal\u0103<\/td>\n<td>100mg<\/td>\n<td>&#8211;<\/td>\n<\/tr>\n<tr>\n<td>Beta-caroten (8325iu)<br \/>\n(<i>alga Dunaliella salina<\/i>)<\/td>\n<td>15mg<\/td>\n<td>312<\/td>\n<\/tr>\n<tr>\n<td>Ingrediente suplimentare:<br \/>\ngum\u0103 arabic\u0103, maltodextrin\u0103, ulei de porumb,<br \/>\ncarotenoizi amesteca\u021bi naturali, acid ascorbic,<br \/>\ntocoferi, acid citric<\/td>\n<td><\/td>\n<td><\/td>\n<\/tr>\n<\/tbody>\n<\/table>\n<h3><strong>Instruc\u021biuni:<\/strong><\/h3>\n<p>Lua\u021bi o capsul\u0103 zilnic sau conform indica\u021biilor unui specialist \u00een domeniul s\u0103n\u0103t\u0103\u021bii.<\/p>\n<h3>BETA-CAROTENUL NOSTRU<\/h3>\n<p>Supliment de beta-caroten f\u0103cut din\u00a0<i>Dunaliella salina<\/i>, un tip de microalg\u0103 g\u0103sit\u0103 \u00een c\u00e2mpurile de sare marin\u0103. Pentru a supravie\u021bui condi\u021biilor s\u0103rate, aceast\u0103 microalg\u0103 are concentra\u021bii ridicate de beta-caroten pentru a proteja \u00eempotriva luminii intense.<\/p>\n<hr \/>\n<h3>CE ESTE BETA-CAROTENUL?<\/h3>\n<p>Beta-carotenul este un pigment ro\u0219u-portocaliu, g\u0103sit \u00een morcovi \u0219i alte legume colorate. Organismul transform\u0103 beta-carotenul \u00een vitamina A, ceea ce \u00eel face utilizabil de celulele noastre. S-a demonstrat c\u0103 beta-carotenul neutralizeaz\u0103 radicalii liberi, ceea ce poate ajuta la combaterea daunelor oxidative naturale.<\/p>\n<hr \/>\n<h3>CE \u00ceNSEAMN\u0102 ZIUA BETA-CAROTENULUI?<\/h3>\n<p>Beta-carotenul este un precursor al vitaminei A. Vitamina A contribuie \u00een multe privin\u021be la o diet\u0103 s\u0103n\u0103toas\u0103. Aceasta include men\u021binerea pielii \u0219i vederii normale, func\u021bionarea normal\u0103 a sistemului imunitar \u0219i men\u021binerea membranelor mucoase normale.<\/p>\n<hr \/>\n<h3>POTRIVIT PENTRU VEGANI<\/h3>\n<p>Acest supliment este potrivit pentru vegani. Este aprobat kosher \u0219i nu con\u021bine alergeni majori.<\/p>\n<h3><strong>Avertizare:<\/strong><\/h3>\n<p>Nu dep\u0103\u0219i doza recomandat\u0103 indicat\u0103. Un supliment alimentar nu ar trebui folosit ca substitut pentru o diet\u0103 variat\u0103 \u0219i echilibrat\u0103 \u0219i un stil de via\u021b\u0103 s\u0103n\u0103tos. P\u0103streaz\u0103-le \u00eentr-un loc r\u0103coros \u0219i uscat, departe de raza \u0219i raza vizual\u0103 a copiilor mici.<\/p>","protected":false},"excerpt":{"rendered":"<ul>\n<li>Aprovizionare pentru 4 luni<\/li>\n<li>Alge marine naturale<\/li>\n<li>Transformate natural \u00een vitamina A \u00een organism<\/li>\n<li>Sus\u021bine sistemul imunitar<\/li>\n<\/ul>\n","protected":false},"featured_media":3452,"comment_status":"open","ping_status":"closed","template":"","meta":[],"product_brand":[],"product_cat":[105,83,84,39],"product_tag":[],"class_list":{"0":"post-3451","1":"product","2":"type-product","3":"status-publish","4":"has-post-thumbnail","6":"product_cat-vitamin-a","7":"product_cat-for-eyes","8":"product_cat-imunitate","9":"product_cat-antioxidants","11":"first","12":"instock","13":"taxable","14":"shipping-taxable","15":"purchasable","16":"product-type-simple"},"aioseo_notices":[],"_links":{"self":[{"href":"https:\/\/www.vitamineonline.md\/ro\/wp-json\/wp\/v2\/product\/3451","targetHints":{"allow":["GET"]}}],"collection":[{"href":"https:\/\/www.vitamineonline.md\/ro\/wp-json\/wp\/v2\/product"}],"about":[{"href":"https:\/\/www.vitamineonline.md\/ro\/wp-json\/wp\/v2\/types\/product"}],"replies":[{"embeddable":true,"href":"https:\/\/www.vitamineonline.md\/ro\/wp-json\/wp\/v2\/comments?post=3451"}],"wp:featuredmedia":[{"embeddable":true,"href":"https:\/\/www.vitamineonline.md\/ro\/wp-json\/wp\/v2\/media\/3452"}],"wp:attachment":[{"href":"https:\/\/www.vitamineonline.md\/ro\/wp-json\/wp\/v2\/media?parent=3451"}],"wp:term":[{"taxonomy":"product_brand","embeddable":true,"href":"https:\/\/www.vitamineonline.md\/ro\/wp-json\/wp\/v2\/product_brand?post=3451"},{"taxonomy":"product_cat","embeddable":true,"href":"https:\/\/www.vitamineonline.md\/ro\/wp-json\/wp\/v2\/product_cat?post=3451"},{"taxonomy":"product_tag","embeddable":true,"href":"https:\/\/www.vitamineonline.md\/ro\/wp-json\/wp\/v2\/product_tag?post=3451"}],"curies":[{"name":"wp","href":"https:\/\/api.w.org\/{rel}","templated":true}]}}