{"id":3448,"date":"2024-07-13T19:33:34","date_gmt":"2024-07-13T16:33:34","guid":{"rendered":"https:\/\/www.vitamineonline.md\/?post_type=product&#038;p=3448"},"modified":"2026-04-21T19:28:45","modified_gmt":"2026-04-21T16:28:45","slug":"kompleks-vitaminov-gruppy-v-bioactive-b-s-60-kapsul","status":"publish","type":"product","link":"https:\/\/www.vitamineonline.md\/ro\/product\/kompleks-vitaminov-gruppy-v-bioactive-b-s-60-kapsul\/","title":{"rendered":"BioActive B&#8217;s &#8211; Complex de vitamine B &#8211; 60 de capsule vegane"},"content":{"rendered":"<p><\/p>\n<h3><strong>Compus<\/strong><strong>:<\/strong><\/h3>\n<table>\n<tbody>\n<tr>\n<td><b>O capsul\u0103 ofer\u0103:<\/b><\/td>\n<td><\/td>\n<td><b>RI%<\/b><\/td>\n<\/tr>\n<tr>\n<td>Vitamina B5 (Ca. pantotenat)<\/td>\n<td>100mg<\/td>\n<td>1,667<\/td>\n<\/tr>\n<tr>\n<td>Capsul\u0103<br \/>\nHidroxipropil metilceluloz\u0103<\/td>\n<td>100mg<\/td>\n<td>&#8211;<\/td>\n<\/tr>\n<tr>\n<td>Vitamina B1 (Tiamin\u0103 HCl)<\/td>\n<td>85mg<\/td>\n<td>7,727<\/td>\n<\/tr>\n<tr>\n<td>Vitamina B3 (nicotinamid\u0103)<\/td>\n<td>80mg<\/td>\n<td>500<\/td>\n<\/tr>\n<tr>\n<td>Inositol (Mio-inozitol)<\/td>\n<td>60mg<\/td>\n<td>&#8211;<\/td>\n<\/tr>\n<tr>\n<td>Colin\u0103 (bitartrate)<\/td>\n<td>23mg<\/td>\n<td>&#8211;<\/td>\n<\/tr>\n<tr>\n<td>Vitamina B2 (riboflavin\u0103)<\/td>\n<td>24mg<\/td>\n<td>1,714<\/td>\n<\/tr>\n<tr>\n<td>Vitamina B2 (R5P)<\/td>\n<td>16mg<\/td>\n<td>1,143<\/td>\n<\/tr>\n<tr>\n<td>Vitamina B6 (piridozin\u0103 HCl)<\/td>\n<td>11mg<\/td>\n<td>786<\/td>\n<\/tr>\n<tr>\n<td>Vitamina B6 (P5P)<\/td>\n<td>12mg<\/td>\n<td>857<\/td>\n<\/tr>\n<tr>\n<td>Vitamina B3 (acid nicotinic)<\/td>\n<td>10mg<\/td>\n<td>63<\/td>\n<\/tr>\n<tr>\n<td>Acid folic (L-5-MTHF)<\/td>\n<td>400\u03bcg<\/td>\n<td>200<\/td>\n<\/tr>\n<tr>\n<td>Biotina<\/td>\n<td>400\u03bcg<\/td>\n<td>800<\/td>\n<\/tr>\n<tr>\n<td>Vitamina B12 (metilcobalamin\u0103)<\/td>\n<td>200\u03bcg<\/td>\n<td>8,000<\/td>\n<\/tr>\n<tr>\n<td>Vitamina B12 (adenosilcobalamin\u0103)<\/td>\n<td>200\u03bcg<\/td>\n<td>8,000<\/td>\n<\/tr>\n<\/tbody>\n<\/table>\n<h3><strong>Instruc\u021biuni:<\/strong><\/h3>\n<p>Lua\u021bi o capsul\u0103 pe zi cu alimente sau conform indica\u021biilor unui profesionist din domeniul s\u0103n\u0103t\u0103\u021bii. Nu lua\u021bi pe stomacul gol.<\/p>\n<h3>COMPLEX BIOACTIV DE VITAMINE B<\/h3>\n<p>BioActive B&#8217;s este un complex unic de vitamine B care ofer\u0103 vitaminele esen\u021biale B \u00een forma lor bioactiv\u0103, asigur\u00e2nd o absorb\u021bie optim\u0103. Acest amestec special formulat ofer\u0103 at\u00e2t forme active, c\u00e2t \u0219i inactive ale anumitor vitamine B, sporind biodisponibilitatea acestora. Complexul nostru include \u0219ase vitamine B cheie (B1, B2, B3, B5, B6 \u0219i B12), simplific\u00e2nd necesitatea administr\u0103rii de suplimente individuale.<\/p>\n<hr \/>\n<h3>CE ESTE VITAMINA B?<\/h3>\n<p>Vitaminele B sunt o familie de nutrien\u021bi solubili \u00een ap\u0103 care joac\u0103 un rol important \u00een aproape fiecare proces biochimic care are loc \u00een organism. De asemenea, este important s\u0103 v\u0103 monitoriza\u021bi aportul de vitamine B dac\u0103 urma\u021bi o diet\u0103 care nu include carne sau pe\u0219te, deoarece unele vitamine B, cum ar fi B12, se g\u0103sesc \u00een principal \u00een aceste alimente.<\/p>\n<hr \/>\n<h3>CE FACE VITAMINA B?<\/h3>\n<p>Vitaminele B contribuie la o diet\u0103 s\u0103n\u0103toas\u0103 \u00een multe feluri. Vitaminele B2, B3, B5, B6 \u0219i B12 contribuie toate la un metabolism energetic normal \u0219i la reducerea oboselii \u0219i extenu\u0103rii. Vitaminele B1, B2, B3, B6, B12 \u0219i biotina contribuie toate la func\u021bionarea normal\u0103 a sistemului nervos. Vitaminele B2, B6 \u0219i B12 contribuie la men\u021binerea normal\u0103 a globulelor ro\u0219ii, \u00een timp ce B1 contribuie la func\u021bionarea normal\u0103 a inimii. Vitaminele B1, B3, B12 \u0219i biotina contribuie la func\u021bia psihologic\u0103, \u00een timp ce B5 contribuie la performan\u021ba mental\u0103.<\/p>\n<hr \/>\n<h3>POTRIVIT PENTRU VEGANI<\/h3>\n<p>Acest supliment este potrivit pentru vegani. Este, de asemenea, aprobat kosher \u0219i nu con\u021bine alergeni majori.<\/p>\n<h3>Sfaturi despre produse<\/h3>\n<p><strong>Acidul nicotinic (niacina) poate provoca o u\u0219oar\u0103 \u00eenro\u0219ire a fe\u021bei. Aceast\u0103 senza\u021bie este normal\u0103 \u0219i va trece \u00een c\u00e2teva ore. Persoanele cu disfunc\u021bie hepatic\u0103 sau antecedente de boli hepatice, diabet zaharat, ulcer peptic activ, gut\u0103, aritmii cardiace, migrene \u0219i alcoolism pot fi deosebit de susceptibile la efectele acidului nicotinic. Aportul pe termen lung de 12 mg de vitamina B6 poate duce la furnic\u0103turi \u0219i amor\u021beal\u0103 u\u0219oare.<\/strong><\/p>\n<p>Nu dep\u0103\u0219i doza recomandat\u0103 indicat\u0103. Un supliment alimentar nu ar trebui folosit ca substitut pentru o diet\u0103 variat\u0103 sau un stil de via\u021b\u0103 s\u0103n\u0103tos. P\u0103streaz\u0103-le \u00eentr-un loc r\u0103coros \u0219i uscat, departe de raza \u0219i raza vizual\u0103 a copiilor mici.<\/p>\n<p>&nbsp;<\/p>","protected":false},"excerpt":{"rendered":"<ul>\n<li>Complexul con\u021bine \u0219ase vitamine numerotate: B1, B2, B3, B5, B6 \u0219i B12.<\/li>\n<li>Complexul \u00eembun\u0103t\u0103\u021be\u0219te func\u021bionarea sistemelor nervos, cardiovascular \u0219i digestiv.<\/li>\n<li>Cre\u0219te performan\u021ba mental\u0103 \u0219i fizic\u0103.<\/li>\n<li>\u00cembun\u0103t\u0103\u021be\u0219te metabolismul creierului, \u00eent\u0103re\u0219te sistemul nervos \u0219i ac\u021bioneaz\u0103 ca antidepresiv.<\/li>\n<\/ul>\n","protected":false},"featured_media":3449,"comment_status":"open","ping_status":"closed","template":"","meta":[],"product_brand":[],"product_cat":[108,101,86,89,87],"product_tag":[],"class_list":{"0":"post-3448","1":"product","2":"type-product","3":"status-publish","4":"has-post-thumbnail","6":"product_cat-complex","7":"product_cat-vitamin-b","8":"product_cat-digestie","9":"product_cat-pentru-creier","10":"product_cat-inima-si-tensiune","12":"first","13":"instock","14":"taxable","15":"shipping-taxable","16":"purchasable","17":"product-type-simple"},"aioseo_notices":[],"_links":{"self":[{"href":"https:\/\/www.vitamineonline.md\/ro\/wp-json\/wp\/v2\/product\/3448","targetHints":{"allow":["GET"]}}],"collection":[{"href":"https:\/\/www.vitamineonline.md\/ro\/wp-json\/wp\/v2\/product"}],"about":[{"href":"https:\/\/www.vitamineonline.md\/ro\/wp-json\/wp\/v2\/types\/product"}],"replies":[{"embeddable":true,"href":"https:\/\/www.vitamineonline.md\/ro\/wp-json\/wp\/v2\/comments?post=3448"}],"wp:featuredmedia":[{"embeddable":true,"href":"https:\/\/www.vitamineonline.md\/ro\/wp-json\/wp\/v2\/media\/3449"}],"wp:attachment":[{"href":"https:\/\/www.vitamineonline.md\/ro\/wp-json\/wp\/v2\/media?parent=3448"}],"wp:term":[{"taxonomy":"product_brand","embeddable":true,"href":"https:\/\/www.vitamineonline.md\/ro\/wp-json\/wp\/v2\/product_brand?post=3448"},{"taxonomy":"product_cat","embeddable":true,"href":"https:\/\/www.vitamineonline.md\/ro\/wp-json\/wp\/v2\/product_cat?post=3448"},{"taxonomy":"product_tag","embeddable":true,"href":"https:\/\/www.vitamineonline.md\/ro\/wp-json\/wp\/v2\/product_tag?post=3448"}],"curies":[{"name":"wp","href":"https:\/\/api.w.org\/{rel}","templated":true}]}}