{"id":3442,"date":"2024-07-13T17:52:27","date_gmt":"2024-07-13T14:52:27","guid":{"rendered":"https:\/\/www.vitamineonline.md\/?post_type=product&#038;p=3442"},"modified":"2026-04-29T16:28:06","modified_gmt":"2026-04-29T13:28:06","slug":"kompleks-l-lizina-l-lysine-complex-60-kapsul","status":"publish","type":"product","link":"https:\/\/www.vitamineonline.md\/ro\/product\/kompleks-l-lizina-l-lysine-complex-60-kapsul\/","title":{"rendered":"L-Lysine Complex &#8211; 60 de capsule vegane"},"content":{"rendered":"<p><\/p>\n<h3><strong>Compus<\/strong><strong>:<\/strong><\/h3>\n<table>\n<tbody>\n<tr>\n<td><b>O capsul\u0103 ofer\u0103:<\/b><\/td>\n<td><\/td>\n<td><b>RI%<\/b><\/td>\n<\/tr>\n<tr>\n<td>L-lizina<\/td>\n<td>400mg<\/td>\n<td>&#8211;<\/td>\n<\/tr>\n<tr>\n<td>Vitamina C (acid ascorbic)<\/td>\n<td>200mg<\/td>\n<td>250<\/td>\n<\/tr>\n<tr>\n<td>Carcasa capsulei: celuloz\u0103 vegetal\u0103<\/td>\n<td>120mg<\/td>\n<td>&#8211;<\/td>\n<\/tr>\n<tr>\n<td>Extract de coad\u0103 de cal<\/td>\n<td>63,70mg<\/td>\n<td>&#8211;<\/td>\n<\/tr>\n<tr>\n<td>Zinc (citrat)<\/td>\n<td>10mg<\/td>\n<td>100<\/td>\n<\/tr>\n<\/tbody>\n<\/table>\n<p><strong>Instruc\u021biuni: <\/strong>Ia o capsul\u0103 zilnic sau conform indica\u021biilor unui specialist \u00een domeniul s\u0103n\u0103t\u0103\u021bii.<\/p>\n<h2>Suplimentul complexului L-LISIN\u0102<\/h2>\n<p>Supliment de complex L-lizin\u0103 care ofer\u0103 400mg de L-lisin\u0103 de \u00eenalt\u0103 calitate, amestecat\u0103 cu vitamina C, zinc \u0219i extract de Horestail.<\/p>\n<hr \/>\n<h3>CE ESTE L-LIZINA?<\/h3>\n<p>L-lizina este un aminoacid esen\u021bial folosit \u00een biosinteza proteinelor. Nu poate fi produs\u0103 de organism \u0219i trebuie ob\u021binut\u0103 prin diet\u0103. Joac\u0103 un rol crucial \u00een sinteza proteinelor.<\/p>\n<hr \/>\n<h3>CE FACE COMPLEXUL NOSTRU DE L-LIZIN\u0102?<\/h3>\n<p>Complexul nostru L-Lizin\u0103 con\u021bine vitamina C \u0219i zinc, care contribuie la func\u021bionarea normal\u0103 a sistemului imunitar \u0219i la protec\u021bia celulelor \u00eempotriva stresului oxidativ.<\/p>\n<hr \/>\n<h3>POTRIVIT PENTRU VEGANI<\/h3>\n<p>Acest supliment este potrivit pentru vegetarieni \u0219i vegani. Este, de asemenea, aprobat kosher \u0219i nu con\u021bine alergeni majori.<\/p>\n<h3><strong>Avertizare: <\/strong><\/h3>\n<p>Nu dep\u0103\u0219i doza recomandat\u0103 indicat\u0103. Un supliment alimentar nu ar trebui folosit ca substitut al unei diete variate. P\u0103streaz\u0103-le \u00eentr-un loc r\u0103coros \u0219i uscat, departe de raza \u0219i raza vizual\u0103 a copiilor mici.<\/p>","protected":false},"excerpt":{"rendered":"<ul>\n<li>Evaluat clinic de \u00eenalt\u0103 calitate, calitate excelent\u0103<\/li>\n<li>Ambalaj \u0219i etichet\u0103 100% biodegradabile<\/li>\n<li>Con\u021bine vitamina C \u0219i zinc<\/li>\n<li>Aprovizionare pentru 2 luni (o dat\u0103 pe zi)<\/li>\n<li>Potrivit pentru vegetarieni \u0219i vegani<\/li>\n<\/ul>\n","protected":false},"featured_media":3443,"comment_status":"open","ping_status":"closed","template":"","meta":[],"product_brand":[],"product_cat":[84,38,39],"product_tag":[],"class_list":{"0":"post-3442","1":"product","2":"type-product","3":"status-publish","4":"has-post-thumbnail","6":"product_cat-imunitate","7":"product_cat-amino-acids","8":"product_cat-antioxidants","10":"first","11":"instock","12":"taxable","13":"shipping-taxable","14":"purchasable","15":"product-type-simple"},"aioseo_notices":[],"_links":{"self":[{"href":"https:\/\/www.vitamineonline.md\/ro\/wp-json\/wp\/v2\/product\/3442","targetHints":{"allow":["GET"]}}],"collection":[{"href":"https:\/\/www.vitamineonline.md\/ro\/wp-json\/wp\/v2\/product"}],"about":[{"href":"https:\/\/www.vitamineonline.md\/ro\/wp-json\/wp\/v2\/types\/product"}],"replies":[{"embeddable":true,"href":"https:\/\/www.vitamineonline.md\/ro\/wp-json\/wp\/v2\/comments?post=3442"}],"wp:featuredmedia":[{"embeddable":true,"href":"https:\/\/www.vitamineonline.md\/ro\/wp-json\/wp\/v2\/media\/3443"}],"wp:attachment":[{"href":"https:\/\/www.vitamineonline.md\/ro\/wp-json\/wp\/v2\/media?parent=3442"}],"wp:term":[{"taxonomy":"product_brand","embeddable":true,"href":"https:\/\/www.vitamineonline.md\/ro\/wp-json\/wp\/v2\/product_brand?post=3442"},{"taxonomy":"product_cat","embeddable":true,"href":"https:\/\/www.vitamineonline.md\/ro\/wp-json\/wp\/v2\/product_cat?post=3442"},{"taxonomy":"product_tag","embeddable":true,"href":"https:\/\/www.vitamineonline.md\/ro\/wp-json\/wp\/v2\/product_tag?post=3442"}],"curies":[{"name":"wp","href":"https:\/\/api.w.org\/{rel}","templated":true}]}}