{"id":3434,"date":"2024-07-13T16:50:54","date_gmt":"2024-07-13T13:50:54","guid":{"rendered":"https:\/\/www.vitamineonline.md\/?post_type=product&#038;p=3434"},"modified":"2026-04-21T19:32:43","modified_gmt":"2026-04-21T16:32:43","slug":"artro-paket-28-day-arthro-supplement-pack","status":"publish","type":"product","link":"https:\/\/www.vitamineonline.md\/ro\/product\/artro-paket-28-day-arthro-supplement-pack\/","title":{"rendered":"Flexi Pack &#8211; Pachet de suplimente pe 28 de zile"},"content":{"rendered":"<p><\/p>\n<div class=\"item_label\">\n<h3><strong>Compus<\/strong><strong>:<\/strong><\/h3>\n<table>\n<tbody>\n<tr>\n<td><b>FIECARE S\u0102CULE\u021a OFER\u0102:<\/b><\/td>\n<td><\/td>\n<td><\/td>\n<\/tr>\n<tr>\n<td><\/td>\n<td><\/td>\n<td><\/td>\n<\/tr>\n<tr>\n<td><b>1 capsul\u0103 B-Complex ofer\u0103:<\/b><\/td>\n<td><\/td>\n<td><b>RI%<\/b><\/td>\n<\/tr>\n<tr>\n<td>Vitamina C (ascorbat de calciu)<\/td>\n<td>150mg<\/td>\n<td>187<\/td>\n<\/tr>\n<tr>\n<td>Pudr\u0103 de lucern\u0103<\/td>\n<td>110mg<\/td>\n<td>&#8211;<\/td>\n<\/tr>\n<tr>\n<td>Carcasa capsulei: celuloz\u0103 vegetal\u0103<\/td>\n<td>100mg<\/td>\n<td>&#8211;<\/td>\n<\/tr>\n<tr>\n<td>Vitamina B2 (riboflavin\u0103)<\/td>\n<td>25mg<\/td>\n<td>1,786<\/td>\n<\/tr>\n<tr>\n<td>Vitamina B3 (nicotinamid\u0103)<\/td>\n<td>25mg<\/td>\n<td>156<\/td>\n<\/tr>\n<tr>\n<td>Inositol<\/td>\n<td>25mg<\/td>\n<td>&#8211;<\/td>\n<\/tr>\n<tr>\n<td>Acid para-aminobenzoic (PABA)<\/td>\n<td>25mg<\/td>\n<td>&#8211;<\/td>\n<\/tr>\n<tr>\n<td>Vitamina B5 (d-calciu pantotenat)<\/td>\n<td>22,9mg<\/td>\n<td>382<\/td>\n<\/tr>\n<tr>\n<td>Vitamina B1 (tiamin\u0103 HCl)<\/td>\n<td>22,3mg<\/td>\n<td>2,018<\/td>\n<\/tr>\n<tr>\n<td>Vitamina B6 (piridozin\u0103 HCl)<\/td>\n<td>20,6mg<\/td>\n<td>1,469<\/td>\n<\/tr>\n<tr>\n<td>Colin\u0103 (bitartrate)<\/td>\n<td>12mg<\/td>\n<td>&#8211;<\/td>\n<\/tr>\n<tr>\n<td>Acid folic (L-5-metiltetrahidrofolat)<\/td>\n<td>50\u03bcg<\/td>\n<td>25<\/td>\n<\/tr>\n<tr>\n<td>Biotina<\/td>\n<td>25\u03bcg<\/td>\n<td>50<\/td>\n<\/tr>\n<tr>\n<td>Vitamina B12 (metilcobalamin\u0103)<\/td>\n<td>25\u03bcg<\/td>\n<td>1,000<\/td>\n<\/tr>\n<tr>\n<td><\/td>\n<td><\/td>\n<td><\/td>\n<\/tr>\n<tr>\n<td><b>1 capsul\u0103 de vitamina D3 2500iu ofer\u0103:<\/b><\/td>\n<td><\/td>\n<td><b>RI%<\/b><\/td>\n<\/tr>\n<tr>\n<td>Vitamina C (acid ascorbic)<\/td>\n<td>150mg<\/td>\n<td>187<\/td>\n<\/tr>\n<tr>\n<td>Carcasa capsulei: celuloz\u0103 vegetal\u0103<\/td>\n<td>40mg<\/td>\n<td>&#8211;<\/td>\n<\/tr>\n<tr>\n<td>Vitamina D (ca D3)(2500iu)<\/td>\n<td>62,5\u03bcg<\/td>\n<td>1,250<\/td>\n<\/tr>\n<tr>\n<td>Vitamina K (ca K2)<\/td>\n<td>100\u03bcg<\/td>\n<td>133%<\/td>\n<\/tr>\n<tr>\n<td><\/td>\n<td><\/td>\n<td><\/td>\n<\/tr>\n<tr>\n<td><b>1 capsul\u0103 Super Antioxidant Plus ofer\u0103:<\/b><\/td>\n<td><\/td>\n<td><b>RI%<\/b><\/td>\n<\/tr>\n<tr>\n<td>L-Glutation<\/td>\n<td>100mg<\/td>\n<td>&#8211;<\/td>\n<\/tr>\n<tr>\n<td>Vitamina C (acid ascorbic)<\/td>\n<td>100mg<\/td>\n<td>125<\/td>\n<\/tr>\n<tr>\n<td>Carcasa capsulei: celuloz\u0103 vegetal\u0103<\/td>\n<td>100mg<\/td>\n<td>&#8211;<\/td>\n<\/tr>\n<tr>\n<td>Acid alfa-lipoic<\/td>\n<td>50mg<\/td>\n<td>&#8211;<\/td>\n<\/tr>\n<tr>\n<td>Vitamina E (100 IU)<br \/>\n(D-Alfa tocoferol succinat)<\/td>\n<td>33,6mg<\/td>\n<td>280<\/td>\n<\/tr>\n<tr>\n<td>Extract de turmeric (<i>Curcuma longa<\/i>)<br \/>\n(95% curcuminoide)<\/td>\n<td>40mg<\/td>\n<td>&#8211;<\/td>\n<\/tr>\n<tr>\n<td>Extract de semin\u021be de struguri (<i>V. vinifera<\/i>)<br \/>\n(95% OPC)<\/td>\n<td>40mg<\/td>\n<td>&#8211;<\/td>\n<\/tr>\n<tr>\n<td>Extract de scoar\u021b\u0103 de pin (<i>P. pinaster<\/i>)<br \/>\n(95% OPC)<\/td>\n<td>30mg<\/td>\n<td>&#8211;<\/td>\n<\/tr>\n<tr>\n<td>Coenzima Q10<\/td>\n<td>20mg<\/td>\n<td>&#8211;<\/td>\n<\/tr>\n<tr>\n<td>Seleniu<\/td>\n<td>100\u03bcg<\/td>\n<td>182<\/td>\n<\/tr>\n<tr>\n<td>Mangan (citrat)<\/td>\n<td>3mg<\/td>\n<td>150<\/td>\n<\/tr>\n<tr>\n<td>Extract de ceai verde (<i>Camellia sinensis<\/i>)<br \/>\n(50% polifenoli)<\/td>\n<td valign=\"top\">10mg<\/td>\n<td>&#8211;<\/td>\n<\/tr>\n<tr>\n<td>Extract de alun\u0103 (V. myrtillus)(4:1)<\/td>\n<td>10mg<\/td>\n<td>&#8211;<\/td>\n<\/tr>\n<tr>\n<td>Zinc (citrat)<\/td>\n<td>3mg<\/td>\n<td>30<\/td>\n<\/tr>\n<tr>\n<td>Vitamina A (acetat) (2000iu)<\/td>\n<td>300\u03bcg<\/td>\n<td>37<\/td>\n<\/tr>\n<tr>\n<td><\/td>\n<td><\/td>\n<td><\/td>\n<\/tr>\n<tr>\n<td><b>2 capsule suplimentare de colagen ofer\u0103:<\/b><\/td>\n<td><\/td>\n<td><b>RI%<\/b><\/td>\n<\/tr>\n<tr>\n<td>Sulfat de glucozamin\u0103 2KCl<br \/>\n(furniz\u00e2nd 148mg baz\u0103 de glucozamin\u0103)<\/td>\n<td>500mg<\/td>\n<td>&#8211;<\/td>\n<\/tr>\n<tr>\n<td>Colagenul hidrolizat (<b>FISH<\/b>)<\/td>\n<td>400mg<\/td>\n<td>&#8211;<\/td>\n<\/tr>\n<tr>\n<td>Metilsulfonilmetan (MSM)<\/td>\n<td>300mg<\/td>\n<td>&#8211;<\/td>\n<\/tr>\n<tr>\n<td>Sulfat de condroitin\u0103 (<b>FISH<\/b>)<\/td>\n<td>300mg<\/td>\n<td>&#8211;<\/td>\n<\/tr>\n<tr>\n<td>Carcasa capsulei: celuloz\u0103 vegetal\u0103<\/td>\n<td>240mg<\/td>\n<td>&#8211;<\/td>\n<\/tr>\n<tr>\n<td>Vitamina C (acid ascorbic)<\/td>\n<td>200mg<\/td>\n<td>125<\/td>\n<\/tr>\n<tr>\n<td><\/td>\n<td><\/td>\n<td><\/td>\n<\/tr>\n<tr>\n<td><b>1 Capsul\u0103 Multi Mineral ofer\u0103:<\/b><\/td>\n<td><\/td>\n<td><b>RI%<\/b><\/td>\n<\/tr>\n<tr>\n<td>Carcasa capsulei: celuloz\u0103 vegetal\u0103<\/td>\n<td>120mg<\/td>\n<td>&#8211;<\/td>\n<\/tr>\n<tr>\n<td>Potasiu (citrat)<\/td>\n<td>6mg<\/td>\n<td>&#8211;<\/td>\n<\/tr>\n<tr>\n<td>Iod (iodur\u0103 de potasiu)<\/td>\n<td>32\u03bcg<\/td>\n<td>21<\/td>\n<\/tr>\n<tr>\n<td>Fier (bisglicinat)<\/td>\n<td>3mg<\/td>\n<td>19<\/td>\n<\/tr>\n<tr>\n<td>Cupru (bisglicinat)<\/td>\n<td>286\u03bcg<\/td>\n<td>29<\/td>\n<\/tr>\n<tr>\n<td>Zinc (bisglicinat)<\/td>\n<td>2mg<\/td>\n<td>21<\/td>\n<\/tr>\n<tr>\n<td>Mangan (bisglicinat)<\/td>\n<td>571\u03bcg<\/td>\n<td>29<\/td>\n<\/tr>\n<tr>\n<td>Calciu (bisglicinat)<\/td>\n<td>71mg<\/td>\n<td>&#8211;<\/td>\n<\/tr>\n<tr>\n<td>Magneziu (bisglicinat)<\/td>\n<td>36mg<\/td>\n<td>&#8211;<\/td>\n<\/tr>\n<tr>\n<td>Molibden (Molibdat de amoniu)<\/td>\n<td>7\u03bcg<\/td>\n<td>&#8211;<\/td>\n<\/tr>\n<tr>\n<td>Seleniu (Metionin\u0103)<\/td>\n<td>11\u03bcg<\/td>\n<td>20<\/td>\n<\/tr>\n<tr>\n<td>Crom (picolinat)<\/td>\n<td>11\u03bcg<\/td>\n<td>28<\/td>\n<\/tr>\n<tr>\n<td>Minerale<br \/>\nionice (provenite din Marele Lac S\u0103rat)<\/td>\n<td>14mg<\/td>\n<td>&#8211;<\/td>\n<\/tr>\n<tr>\n<td>Bor (borat de sodiu)<\/td>\n<td>14\u03bcg<\/td>\n<td>&#8211;<\/td>\n<\/tr>\n<tr>\n<td><\/td>\n<td><\/td>\n<td><\/td>\n<\/tr>\n<tr>\n<td><b>1 capsul\u0103 de turmeric \u0219i curcumin\u0103 ofer\u0103:<\/b><\/td>\n<td><\/td>\n<td><b>RI%<\/b><\/td>\n<\/tr>\n<tr>\n<td>R\u0103d\u0103cin\u0103 de turmeric (<i>Curcuma longa<\/i>)<\/td>\n<td>225mg<\/td>\n<td>&#8211;<\/td>\n<\/tr>\n<tr>\n<td>Extract de turcumic\u00a0<i>(Curcuma longa)<\/i><br \/>\n<i>&#8211; furniz\u00e2nd 95% din totalul curcuminoizilor<\/i><\/td>\n<td>175mg<br \/>\n<i>, 166,25mg<\/i><\/td>\n<td>&#8211;<\/td>\n<\/tr>\n<tr>\n<td>Carcasa capsulei: celuloz\u0103 vegetal\u0103<\/td>\n<td>100mg<\/td>\n<td>&#8211;<\/td>\n<\/tr>\n<tr>\n<td>R\u0103d\u0103cin\u0103 de ghimbir (<i>Ziniber officinale<\/i>)<\/td>\n<td>50mg<\/td>\n<td>&#8211;<\/td>\n<\/tr>\n<tr>\n<td>Extract de piper negru (<i>Piper nigrum<\/i>)<br \/>\n<i>&#8211; furniz\u00e2nd 95% piperin\u0103 total\u0103<\/i><\/td>\n<td>5mg<br \/>\n<i>(4,75mg)<\/i><\/td>\n<td>&#8211;<\/td>\n<\/tr>\n<tr>\n<td><\/td>\n<td><\/td>\n<td><\/td>\n<\/tr>\n<tr>\n<td><b>1 Softgel cu ulei de pe\u0219te ofer\u0103:<\/b><\/td>\n<td><\/td>\n<td><b>RI%<\/b><\/td>\n<\/tr>\n<tr>\n<td>Ulei de pe\u0219te (<b>FISH<\/b>)<br \/>\nProfil tipic de acizi gra\u0219i:<br \/>\nEPA (Omega-3) 18%<br \/>\n&#8211; DHA (Omega-3) 12%<\/td>\n<td>1000mg<\/p>\n<p>180mg<br \/>\n120mg<\/td>\n<td>&#8211;<\/td>\n<\/tr>\n<tr>\n<td>Vitamina E 4,92iu<br \/>\n(acetat de tocofeil)<\/td>\n<td>3mg<\/td>\n<td>27.5<\/td>\n<\/tr>\n<tr>\n<td>Cochilie de gel moale: gelatin\u0103<br \/>\n(gelatin\u0103 (bovin\u0103), glicerin\u0103, ap\u0103)<\/td>\n<td>340mg<\/td>\n<td>&#8211;<\/td>\n<\/tr>\n<tr>\n<td><\/td>\n<td><\/td>\n<td><\/td>\n<\/tr>\n<tr>\n<td>Sfaturi pentru alergii:<br \/>\nvezi ingredientele din (<b>MAJUSCULE<\/b>)<\/td>\n<td><\/td>\n<td><\/td>\n<\/tr>\n<\/tbody>\n<\/table>\n<h3><strong>Instruc\u021biuni:<\/strong><\/h3>\n<p>Lua\u021bi un s\u0103cule\u021b zilnic cu o mas\u0103 principal\u0103 sau conform indica\u021biilor unui profesionist.<\/p>\n<h3>PACHETUL FLEXI PACK<\/h3>\n<p>Flexi Pack ofer\u0103 o surs\u0103 de suplimente pentru 28 de zile care contribuie la men\u021binerea func\u021biei normale a cartilajului \u0219i oaselor. Pachetul ofer\u0103, de asemenea, o serie de minerale asociate cu s\u0103n\u0103tatea articula\u021biilor.<\/p>\n<hr \/>\n<h3>DE CE S\u0102 ALEGI PACHETUL NOSTRU ZILNIC DE SUPLIMENTE?<\/h3>\n<p>Ne asigur\u0103m c\u0103 toate suplimentele noastre pentru s\u0103n\u0103tate sunt perfect echilibrate pentru a func\u021biona armonios cu organismul, oferind niveluri precise de vitamine \u0219i minerale specifice. De\u0219i este posibil\u0103 combinarea tuturor suplimentelor din Flexi Pack \u00eentr-o singur\u0103 capsul\u0103, aceast\u0103 abordare ar reduce calitatea nutrien\u021bilor pe care \u00eei putem oferi cu mai multe capsule. Plicule\u021bul nostru zilnic cu suplimente ofer\u0103 un amestec de suplimente pentru s\u0103n\u0103tate u\u0219or de administrat \u0219i echilibrate corect.<\/p>\n<hr \/>\n<h3>NOUA AMBALARE GREENER<\/h3>\n<p>Ca parte a angajamentului nostru continuu de a deveni o companie de suplimente mai sustenabil\u0103, am actualizat ambalajele zilnice. Am sc\u0103pat de cutiile voluminoase de plastic \u0219i le-am \u00eenlocuit cu pungi biodegradabile. \u00cenc\u0103 a trebuit s\u0103 p\u0103str\u0103m plicule\u021bele individuale de plastic \u00een interior, deoarece \u00eenc\u0103 nu am g\u0103sit o solu\u021bie care s\u0103 men\u021bin\u0103 suplimentele proaspete. Lucr\u0103m la asta.<\/p>\n<hr \/>\n<h3>CE PRIME\u0218TI \u00ceN PACHETUL NOSTRUFLEXI PACK?<\/h3>\n<h3>Fiecare s\u0103cule\u021b con\u021bine urm\u0103toarele suplimente:<\/h3>\n<p><b>1x Capsul\u0103 cu complex B<br \/>\n<\/b>Supliment cu complex de vitamine B \u0219i vitamina C, conceput pentru a furniza ace\u0219ti nutrien\u021bi \u00een raportul ideal pentru organismul uman. Vitamina C din acest amestec se g\u0103se\u0219te sub form\u0103 de ascorbat de calciu, o form\u0103 mai bl\u00e2nd\u0103, neacid\u0103, a vitaminei C, care completeaz\u0103 mai bine amestecul de vitamine B.<br \/>\nAfla\u021bi mai multe<\/p>\n<p><strong>1x Capsul\u0103\u00a0cu vitamina D3<\/strong><br \/>\nVitamina D3 2500 UI ofer\u0103 o doz\u0103 mare de vitamina D3 combinat\u0103 cu alte vitamine \u0219i minerale \u00een scopul de a ac\u021biona sinergic cu organismul. Aceast\u0103 formul\u0103 creeaz\u0103 un amestec bun pentru men\u021binerea s\u0103n\u0103t\u0103\u021bii oaselor. Vitaminele D, C \u0219i K2 contribuie la men\u021binerea s\u0103n\u0103t\u0103\u021bii oaselor \u0219i la func\u021bionarea normal\u0103 a sistemului imunitar.<\/p>\n<p><b>1x Super Antioxidant Plus Capsule<\/b><br \/>\nSuper Antioxidant Plus con\u021bine un amestec unic de vitamine, minerale \u0219i fitonutrien\u021bi, combinate cu grij\u0103 \u00eentr-un singur supliment conceput pentru a valorifica propriet\u0103\u021bile lor antioxidante puternice.<\/p>\n<p><b>2x Collagen Extra<\/b><br \/>\nSupliment Collagen Extra care se bazeaz\u0103 pe suplimentul nostru de colagen, oferind acelea\u0219i beneficii cu un plus de minerale \u0219i vitamine. Pe l\u00e2ng\u0103 colagen, acest supliment con\u021bine glucozamin\u0103, condroitin\u0103, vitamina C \u0219i MSM pentru un suport sporit.<\/p>\n<p><b>1x Mineral Multi Capsule<\/b><br \/>\nMineral Multi este o formul\u0103 unic\u0103 de supliment care ofer\u0103 13 minerale esen\u021biale \u00eentr-o singur\u0103 capsul\u0103 vegan\u0103. Dintre aceste minerale, opt sunt chelate, ceea ce \u00eenseamn\u0103 c\u0103 sunt mai u\u0219or accesibile corpului.<\/p>\n<p><b>1x Capsul\u0103 de Turmeric &amp; Curcumin<\/b><\/p>\n<p>Supliment cu turmeric \u0219i curcumin\u0103, care ofer\u0103 un amestec de r\u0103d\u0103cin\u0103 de turmeric \u0219i extract de turmeric. Acest supliment ofer\u0103 95% curcuminoizi, cea mai mare concentra\u021bie disponibil\u0103.<br \/>\nAfl\u0103 mai multe<\/p>\n<p><b>\u00a01x Softgel<\/b><br \/>\nSoftgel Omega 3 Fish Oil con\u021bine acizi gra\u0219i omega 3 de \u00eenalt\u0103 calitate. Fiecare gel moale ofer\u0103 180 mg de EPA \u0219i 120 mg de DHA. Uleiurile de pe\u0219te sunt testate f\u0103r\u0103 metale grele, iar gelul moale este f\u0103cut din glicerin\u0103.<\/p>\n<h2>Sfaturi despre produse<\/h2>\n<p><b>Acest produs con\u021bine vitamina K2. Dac\u0103 iei anticoagulante (anticoagulante), nu lua acest produs, dec\u00e2t la recomandarea unui medic.<\/b><\/p>\n<p><b>Aportul pe termen lung de 20mg de vitamina B6 poate duce la furnic\u0103turi u\u0219oare \u0219i amor\u021beal\u0103<\/b><\/p>\n<p>&nbsp;<\/p>\n<p>Nu dep\u0103\u0219i doza recomandat\u0103 indicat\u0103. Un supliment alimentar nu ar trebui folosit ca substitut pentru o diet\u0103 variat\u0103 \u0219i echilibrat\u0103 \u0219i un stil de via\u021b\u0103 s\u0103n\u0103tos. P\u0103streaz\u0103-le \u00eentr-un loc r\u0103coros \u0219i uscat, departe de raza \u0219i raza vizual\u0103 a copiilor mici.<\/p>\n<\/div>\n<p><\/p>","protected":false},"excerpt":{"rendered":"<ul>\n<li>Sus\u021bine func\u021bionarea normal\u0103 a tendoanelor, ligamentelor, cartilajului, oaselor \u0219i pielii<\/li>\n<li>Ofer\u0103 elasticitate \u0219i fermitate cartilajului<\/li>\n<li>Protejeaz\u0103 articula\u021biile de daunele cauzate de frecare<\/li>\n<li>Posede propriet\u0103\u021bi antioxidante \u0219i antiinflamatorii<\/li>\n<\/ul>\n","protected":false},"featured_media":3762,"comment_status":"open","ping_status":"closed","template":"","meta":[],"product_brand":[],"product_cat":[108,85,39],"product_tag":[],"class_list":{"0":"post-3434","1":"product","2":"type-product","3":"status-publish","4":"has-post-thumbnail","6":"product_cat-complex","7":"product_cat-articulatii","8":"product_cat-antioxidants","10":"first","11":"instock","12":"taxable","13":"shipping-taxable","14":"purchasable","15":"product-type-simple"},"aioseo_notices":[],"_links":{"self":[{"href":"https:\/\/www.vitamineonline.md\/ro\/wp-json\/wp\/v2\/product\/3434","targetHints":{"allow":["GET"]}}],"collection":[{"href":"https:\/\/www.vitamineonline.md\/ro\/wp-json\/wp\/v2\/product"}],"about":[{"href":"https:\/\/www.vitamineonline.md\/ro\/wp-json\/wp\/v2\/types\/product"}],"replies":[{"embeddable":true,"href":"https:\/\/www.vitamineonline.md\/ro\/wp-json\/wp\/v2\/comments?post=3434"}],"wp:featuredmedia":[{"embeddable":true,"href":"https:\/\/www.vitamineonline.md\/ro\/wp-json\/wp\/v2\/media\/3762"}],"wp:attachment":[{"href":"https:\/\/www.vitamineonline.md\/ro\/wp-json\/wp\/v2\/media?parent=3434"}],"wp:term":[{"taxonomy":"product_brand","embeddable":true,"href":"https:\/\/www.vitamineonline.md\/ro\/wp-json\/wp\/v2\/product_brand?post=3434"},{"taxonomy":"product_cat","embeddable":true,"href":"https:\/\/www.vitamineonline.md\/ro\/wp-json\/wp\/v2\/product_cat?post=3434"},{"taxonomy":"product_tag","embeddable":true,"href":"https:\/\/www.vitamineonline.md\/ro\/wp-json\/wp\/v2\/product_tag?post=3434"}],"curies":[{"name":"wp","href":"https:\/\/api.w.org\/{rel}","templated":true}]}}