{"id":3431,"date":"2024-07-13T16:21:40","date_gmt":"2024-07-13T13:21:40","guid":{"rendered":"https:\/\/www.vitamineonline.md\/?post_type=product&#038;p=3431"},"modified":"2026-04-21T19:33:27","modified_gmt":"2026-04-21T16:33:27","slug":"propolis-750-mg-jekstrakt-5-k-1-propolis-60-kapsul","status":"publish","type":"product","link":"https:\/\/www.vitamineonline.md\/ro\/product\/propolis-750-mg-jekstrakt-5-k-1-propolis-60-kapsul\/","title":{"rendered":"Propolis &#8211; 60 capsule"},"content":{"rendered":"<p><\/p>\n<h3><strong>Compus<\/strong><strong>:<\/strong><\/h3>\n<table>\n<tbody>\n<tr>\n<td><b>O capsul\u0103 ofer\u0103:<\/b><\/td>\n<td><\/td>\n<td><b>RI%<\/b><\/td>\n<\/tr>\n<tr>\n<td>F\u0103in\u0103 de orez<\/td>\n<td>350mg<\/td>\n<td>&#8211;<\/td>\n<\/tr>\n<tr>\n<td>Extract de propolis (5:1) (<i>Galangin<\/i>)<br \/>\n(echivalent cu 750mg de pulbere de propolis)<\/td>\n<td>150mg<\/td>\n<td>&#8211;<\/td>\n<\/tr>\n<tr>\n<td>Carcasa capsulei: celuloz\u0103 vegetal\u0103<\/td>\n<td>100mg<\/td>\n<td>&#8211;<\/td>\n<\/tr>\n<tr>\n<td>Ingrediente suplimentare:<br \/>\nmaltodextrin\u0103, dioxid de siliciu<\/td>\n<td><\/td>\n<td><\/td>\n<\/tr>\n<\/tbody>\n<\/table>\n<h3><strong>Instruc\u021biuni:<\/strong><\/h3>\n<p>Lua\u021bi \u00a01-3 capsule pe zi sau la nevoie, \u00een sezonul febrei f\u00e2nului.<\/p>\n<h3>SUPLIMENTUL PROPOLIS<\/h3>\n<p>Secretul str\u0103vechi al naturii \u00eentr-o capsul\u0103 modern\u0103. De peste 3.000 de ani, propolisul este pre\u021buit pentru propriet\u0103\u021bile sale naturale puternice. Suplimentul nostru de propolis, cu t\u0103rie ridicat\u0103, ofer\u0103 o doz\u0103 concentrat\u0103 \u00een capsulele noastre de celuloz\u0103 vegetal\u0103 emblematice \u2013 f\u0103r\u0103 aditivi inutile.<\/p>\n<hr \/>\n<h3>CE ESTE PROPOLISUL?<\/h3>\n<p>Propolisul este un compus r\u0103\u0219inos natural, adunat de albine din mugurii \u0219i scoar\u021ba copacilor. Albinele \u00eel folosesc pentru a-\u0219i construi \u0219i proteja stupii \u2013 iar oamenii au apelat de mult timp la el pentru gama larg\u0103 de beneficii care sus\u021bin s\u0103n\u0103tatea.<\/p>\n<hr \/>\n<h3>PROPOLIS \u0218I BUN\u0102STAREA SEZONIER\u0102<\/h3>\n<p>Propolisul este o alegere natural\u0103 pentru cei care doresc s\u0103 \u00ee\u0219i sus\u021bin\u0103 bun\u0103starea \u00een sezonul febrei f\u00e2nului. Propolisul este bogat \u00een bioflavonoide \u0219i antioxidan\u021bi naturali \u0219i a fost folosit tradi\u021bional pentru propriet\u0103\u021bile sale calmante \u0219i protectoare. Poate ajuta la men\u021binerea func\u021biei imunitare normale \u0219i la sus\u021binerea r\u0103spunsului natural al organismului la provoc\u0103rile de mediu.<\/p>\n<hr \/>\n<h3>POTRIVIT PENTRU VEGETARIENI<\/h3>\n<p>Acest supliment este potrivit pentru vegetarieni. Nu con\u021bine alergeni majori<\/p>\n<h3>Sfaturi despre produse<\/h3>\n<p>Nu dep\u0103\u0219i doza recomandat\u0103 indicat\u0103. Un supliment alimentar nu ar trebui folosit ca substitut pentru o diet\u0103 variat\u0103 sau un stil de via\u021b\u0103 s\u0103n\u0103tos. P\u0103streaz\u0103-le \u00eentr-un loc r\u0103coros \u0219i uscat, departe de raza \u0219i raza vizual\u0103 a copiilor mici.<\/p>","protected":false},"excerpt":{"rendered":"<ul>\n<li>Are propriet\u0103\u021bi antiinflamatorii \u0219i antitumorale<\/li>\n<li>Protejeaz\u0103 ficatul<\/li>\n<li>Util \u00een tratarea nasului care curge<\/li>\n<li>Stimuleaz\u0103 imunitatea<\/li>\n<li>Poate fi folosit pentru a combate cariile, gingivita \u0219i parodontita<\/li>\n<\/ul>\n","protected":false},"featured_media":3432,"comment_status":"open","ping_status":"closed","template":"","meta":[],"product_brand":[],"product_cat":[84,38,39,40],"product_tag":[],"class_list":{"0":"post-3431","1":"product","2":"type-product","3":"status-publish","4":"has-post-thumbnail","6":"product_cat-imunitate","7":"product_cat-amino-acids","8":"product_cat-antioxidants","9":"product_cat-bee-products","11":"first","12":"instock","13":"taxable","14":"shipping-taxable","15":"purchasable","16":"product-type-simple"},"aioseo_notices":[],"_links":{"self":[{"href":"https:\/\/www.vitamineonline.md\/ro\/wp-json\/wp\/v2\/product\/3431","targetHints":{"allow":["GET"]}}],"collection":[{"href":"https:\/\/www.vitamineonline.md\/ro\/wp-json\/wp\/v2\/product"}],"about":[{"href":"https:\/\/www.vitamineonline.md\/ro\/wp-json\/wp\/v2\/types\/product"}],"replies":[{"embeddable":true,"href":"https:\/\/www.vitamineonline.md\/ro\/wp-json\/wp\/v2\/comments?post=3431"}],"wp:featuredmedia":[{"embeddable":true,"href":"https:\/\/www.vitamineonline.md\/ro\/wp-json\/wp\/v2\/media\/3432"}],"wp:attachment":[{"href":"https:\/\/www.vitamineonline.md\/ro\/wp-json\/wp\/v2\/media?parent=3431"}],"wp:term":[{"taxonomy":"product_brand","embeddable":true,"href":"https:\/\/www.vitamineonline.md\/ro\/wp-json\/wp\/v2\/product_brand?post=3431"},{"taxonomy":"product_cat","embeddable":true,"href":"https:\/\/www.vitamineonline.md\/ro\/wp-json\/wp\/v2\/product_cat?post=3431"},{"taxonomy":"product_tag","embeddable":true,"href":"https:\/\/www.vitamineonline.md\/ro\/wp-json\/wp\/v2\/product_tag?post=3431"}],"curies":[{"name":"wp","href":"https:\/\/api.w.org\/{rel}","templated":true}]}}