{"id":3428,"date":"2024-07-13T15:50:29","date_gmt":"2024-07-13T12:50:29","guid":{"rendered":"https:\/\/www.vitamineonline.md\/?post_type=product&#038;p=3428"},"modified":"2026-04-22T18:56:02","modified_gmt":"2026-04-22T15:56:02","slug":"kompleks-trojnogo-magnija-triple-magnesium-complex-90-kapsul","status":"publish","type":"product","link":"https:\/\/www.vitamineonline.md\/ro\/product\/kompleks-trojnogo-magnija-triple-magnesium-complex-90-kapsul\/","title":{"rendered":"Complex triplu de magneziu &#8211; 90 de capsule vegane"},"content":{"rendered":"<p><\/p>\n<h3><strong>Compus<\/strong><strong>:<\/strong><\/h3>\n<table>\n<tbody>\n<tr>\n<td><b>O capsul\u0103 ofer\u0103:<\/b><\/td>\n<td><\/td>\n<td><b>RI%<\/b><\/td>\n<\/tr>\n<tr>\n<td>Carcasa capsulei: celuloz\u0103 vegetal\u0103<\/td>\n<td>100mg<\/td>\n<td>&#8211;<\/td>\n<\/tr>\n<tr>\n<td>Magneziu (bisglicinat)<\/td>\n<td>22mg<\/td>\n<td>5.9<\/td>\n<\/tr>\n<tr>\n<td>Magneziu (citrat)<\/td>\n<td>26mg<\/td>\n<td>6.9<\/td>\n<\/tr>\n<tr>\n<td>Magneziu (malat)<\/td>\n<td>26mg<\/td>\n<td>6.9<\/td>\n<\/tr>\n<\/tbody>\n<\/table>\n<h3><strong>Instruc\u021biuni:<\/strong><\/h3>\n<p>Lua\u021bi o capsul\u0103 zilnic cu o mas\u0103 principal\u0103 sau conform indica\u021biilor unui profesionist din domeniul s\u0103n\u0103t\u0103\u021bii.<\/p>\n<h3>SUPLIMENT TRIPLU COMPLEX DE MAGNEZIU<\/h3>\n<p>Triple Magnesium Complex este un amestec unic de trei forme de magneziu \u00eencapsulate \u00eentr-o singur\u0103 capsul\u0103 vegan\u0103 de supliment, furniz\u00e2nd 74 mg de magneziu elementar. Magneziul triplu include bisglicinat de magneziu, citrat de magneziu \u0219i malat de magneziu.<\/p>\n<h3>CE ESTE MAGNEZIUL?<\/h3>\n<p>Magneziul este un mineral elementar esen\u021bial pentru func\u021bia celular\u0103.<\/p>\n<h3>CE FACE MAGNEZIUL?<\/h3>\n<p>Magneziul contribuie la o diet\u0103 s\u0103n\u0103toas\u0103 \u00een multe feluri. Magneziul contribuie la reducerea oboselii \u0219i extenu\u0103rii, la men\u021binerea normal\u0103 a oaselor \u0219i a din\u021bilor, la func\u021bia muscular\u0103 normal\u0103 \u0219i la metabolismul energetic normal.<\/p>\n<h3>POTRIVIT PENTRU VEGANI<\/h3>\n<p>Acest supliment este potrivit pentru vegetarieni \u0219i vegani. Este, de asemenea, aprobat kosher \u0219i nu con\u021bine alergeni majori.<\/p>\n<h3>Sfaturi despre produse<\/h3>\n<p>Nu dep\u0103\u0219i doza recomandat\u0103 indicat\u0103. Un supliment alimentar nu ar trebui folosit ca substitut pentru o diet\u0103 variat\u0103 \u0219i echilibrat\u0103 \u0219i un stil de via\u021b\u0103 s\u0103n\u0103tos. P\u0103streaz\u0103-le \u00eentr-un loc r\u0103coros \u0219i uscat, departe de raza \u0219i raza vizual\u0103 a copiilor mici.<\/p>","protected":false},"excerpt":{"rendered":"<ul>\n<li>74mg de magneziu elementar<\/li>\n<li>Citrat de magneziu, bisglicinat \u0219i malat<\/li>\n<li>Forme de magneziu foarte absorbabile<\/li>\n<li>Aprovizionarea pentru 3 luni (1 pe zi)<\/li>\n<li>Potrivit pentru vegani<\/li>\n<li>Fabricat de noi \u00een Marea Britanie<\/li>\n<\/ul>\n","protected":false},"featured_media":3429,"comment_status":"open","ping_status":"closed","template":"","meta":[],"product_brand":[],"product_cat":[130,65,106],"product_tag":[],"class_list":{"0":"post-3428","1":"product","2":"type-product","3":"status-publish","4":"has-post-thumbnail","6":"product_cat-magneziu","7":"product_cat-minerals","8":"product_cat-minerals-2","10":"first","11":"instock","12":"taxable","13":"shipping-taxable","14":"purchasable","15":"product-type-simple"},"aioseo_notices":[],"_links":{"self":[{"href":"https:\/\/www.vitamineonline.md\/ro\/wp-json\/wp\/v2\/product\/3428","targetHints":{"allow":["GET"]}}],"collection":[{"href":"https:\/\/www.vitamineonline.md\/ro\/wp-json\/wp\/v2\/product"}],"about":[{"href":"https:\/\/www.vitamineonline.md\/ro\/wp-json\/wp\/v2\/types\/product"}],"replies":[{"embeddable":true,"href":"https:\/\/www.vitamineonline.md\/ro\/wp-json\/wp\/v2\/comments?post=3428"}],"wp:featuredmedia":[{"embeddable":true,"href":"https:\/\/www.vitamineonline.md\/ro\/wp-json\/wp\/v2\/media\/3429"}],"wp:attachment":[{"href":"https:\/\/www.vitamineonline.md\/ro\/wp-json\/wp\/v2\/media?parent=3428"}],"wp:term":[{"taxonomy":"product_brand","embeddable":true,"href":"https:\/\/www.vitamineonline.md\/ro\/wp-json\/wp\/v2\/product_brand?post=3428"},{"taxonomy":"product_cat","embeddable":true,"href":"https:\/\/www.vitamineonline.md\/ro\/wp-json\/wp\/v2\/product_cat?post=3428"},{"taxonomy":"product_tag","embeddable":true,"href":"https:\/\/www.vitamineonline.md\/ro\/wp-json\/wp\/v2\/product_tag?post=3428"}],"curies":[{"name":"wp","href":"https:\/\/api.w.org\/{rel}","templated":true}]}}