{"id":3421,"date":"2024-07-13T14:51:25","date_gmt":"2024-07-13T11:51:25","guid":{"rendered":"https:\/\/www.vitamineonline.md\/?post_type=product&#038;p=3421"},"modified":"2026-04-21T19:35:14","modified_gmt":"2026-04-21T16:35:14","slug":"pabk-paraaminobenzojnaja-kislota-300-mg-paba-para-aminobenzoic-acid-120-kapsul","status":"publish","type":"product","link":"https:\/\/www.vitamineonline.md\/ro\/product\/pabk-paraaminobenzojnaja-kislota-300-mg-paba-para-aminobenzoic-acid-120-kapsul\/","title":{"rendered":"PABA (acid para-aminobenzoic) 300mg &#8211; 120 capsule vegane"},"content":{"rendered":"<p><\/p>\n<h3><strong>Compus<\/strong><strong>:<\/strong><\/h3>\n<table>\n<tbody>\n<tr>\n<td><b>O capsul\u0103 ofer\u0103:<\/b><\/td>\n<td><\/td>\n<td><b>RI%<\/b><\/td>\n<\/tr>\n<tr>\n<td>Acid para-aminobenzoic (PABA)<\/td>\n<td>300mg<\/td>\n<td>&#8211;<\/td>\n<\/tr>\n<tr>\n<td>Carcasa capsulei: celuloz\u0103 vegetal\u0103<\/td>\n<td>100mg<\/td>\n<td>&#8211;<\/td>\n<\/tr>\n<\/tbody>\n<\/table>\n<h3><strong>Instruc\u021biuni:<\/strong><\/h3>\n<p>Lua\u021bi 1-2 capsule pe zi cu o mas\u0103 sau conform indica\u021biilor unui profesionist.<\/p>\n<h3>SUPLIMENTUL NOSTRU PABA<\/h3>\n<p>Suplimentul PABA ofer\u0103 300mg de acid para-aminobenzoic pur \u00eencapsulat \u00eentr-o coaj\u0103 vegetal\u0103 de celuloz\u0103.<\/p>\n<hr \/>\n<h3>CE ESTE PABA?<\/h3>\n<p>PABA, prescurtare de la acid para-aminobenzoic, a fost adesea considerat\u0103 o vitamin\u0103 B datorit\u0103 propriet\u0103\u021bilor sale solubile \u00een ap\u0103. PABA este o component\u0103 structural\u0103 a acidului folic \u0219i este cunoscut\u0103 pentru numeroasele sale beneficii pentru s\u0103n\u0103tate. Este considerat\u0103 un nutrient, nu o vitamin\u0103, deoarece bacteriile din colonul unei persoane s\u0103n\u0103toase pot produce PABA \u00een mod natural.<\/p>\n<hr \/>\n<h3>POTRIVIT PENTRU VEGANI<\/h3>\n<p>Acest supliment este potrivit pentru vegani. Este, de asemenea, aprobat kosher \u0219i nu con\u021bine alergeni majori.<\/p>\n<h3><strong>Avertizare:<\/strong><\/h3>\n<p>Nu dep\u0103\u0219i doza recomandat\u0103 indicat\u0103. Un supliment alimentar nu ar trebui folosit ca substitut pentru o diet\u0103 variat\u0103 \u0219i echilibrat\u0103 \u0219i un stil de via\u021b\u0103 s\u0103n\u0103tos. P\u0103streaz\u0103-le \u00eentr-un loc r\u0103coros \u0219i uscat, departe de raza \u0219i raza vizual\u0103 a copiilor mici.<\/p>\n<p>GA309<\/p>","protected":false},"excerpt":{"rendered":"<ul>\n<li>Aprovizionare pentru 4 luni (1 pe zi)<\/li>\n<li>Potrivit pentru vegani<\/li>\n<\/ul>\n","protected":false},"featured_media":3422,"comment_status":"open","ping_status":"closed","template":"","meta":[],"product_brand":[],"product_cat":[101],"product_tag":[],"class_list":{"0":"post-3421","1":"product","2":"type-product","3":"status-publish","4":"has-post-thumbnail","6":"product_cat-vitamin-b","8":"first","9":"instock","10":"taxable","11":"shipping-taxable","12":"purchasable","13":"product-type-simple"},"aioseo_notices":[],"_links":{"self":[{"href":"https:\/\/www.vitamineonline.md\/ro\/wp-json\/wp\/v2\/product\/3421","targetHints":{"allow":["GET"]}}],"collection":[{"href":"https:\/\/www.vitamineonline.md\/ro\/wp-json\/wp\/v2\/product"}],"about":[{"href":"https:\/\/www.vitamineonline.md\/ro\/wp-json\/wp\/v2\/types\/product"}],"replies":[{"embeddable":true,"href":"https:\/\/www.vitamineonline.md\/ro\/wp-json\/wp\/v2\/comments?post=3421"}],"wp:featuredmedia":[{"embeddable":true,"href":"https:\/\/www.vitamineonline.md\/ro\/wp-json\/wp\/v2\/media\/3422"}],"wp:attachment":[{"href":"https:\/\/www.vitamineonline.md\/ro\/wp-json\/wp\/v2\/media?parent=3421"}],"wp:term":[{"taxonomy":"product_brand","embeddable":true,"href":"https:\/\/www.vitamineonline.md\/ro\/wp-json\/wp\/v2\/product_brand?post=3421"},{"taxonomy":"product_cat","embeddable":true,"href":"https:\/\/www.vitamineonline.md\/ro\/wp-json\/wp\/v2\/product_cat?post=3421"},{"taxonomy":"product_tag","embeddable":true,"href":"https:\/\/www.vitamineonline.md\/ro\/wp-json\/wp\/v2\/product_tag?post=3421"}],"curies":[{"name":"wp","href":"https:\/\/api.w.org\/{rel}","templated":true}]}}