{"id":3418,"date":"2024-07-13T13:37:16","date_gmt":"2024-07-13T10:37:16","guid":{"rendered":"https:\/\/www.vitamineonline.md\/?post_type=product&#038;p=3418"},"modified":"2026-04-21T19:42:28","modified_gmt":"2026-04-21T16:42:28","slug":"smes-limonno-jelektrolitnogo-napitka-total-hydrate-150-g-v-poroshke","status":"publish","type":"product","link":"https:\/\/www.vitamineonline.md\/ro\/product\/smes-limonno-jelektrolitnogo-napitka-total-hydrate-150-g-v-poroshke\/","title":{"rendered":"Total Hydrate Lemon &#8211; Amestec pentru b\u0103uturi cu electroli\u021bi &#8211; 150g pudr\u0103"},"content":{"rendered":"<p><\/p>\n<h3><strong>Compus<\/strong><strong>:<\/strong><\/h3>\n<table>\n<tbody>\n<tr>\n<td><b>Ingrediente (pe por\u021bie &#8211; 5g)<\/b><\/td>\n<td><\/td>\n<td>RI%<\/td>\n<\/tr>\n<tr>\n<td>Potasiu (citrat)<\/td>\n<td>757,25mg<\/td>\n<td>38<\/td>\n<\/tr>\n<tr>\n<td>Sodiu (sare himalayan\u0103)<\/td>\n<td>439,35mg<\/td>\n<td>&#8211;<\/td>\n<\/tr>\n<tr>\n<td>Arom\u0103 de l\u0103m\u00e2ie<\/td>\n<td>759,5mg<\/td>\n<td>&#8211;<\/td>\n<\/tr>\n<tr>\n<td>Citric Acid<\/td>\n<td>566,5mg<\/td>\n<td>&#8211;<\/td>\n<\/tr>\n<tr>\n<td>Malic Acid<\/td>\n<td>231,25mg<\/td>\n<td>&#8211;<\/td>\n<\/tr>\n<tr>\n<td>Magneziu (Bisglicinat)<\/td>\n<td>12,15mg<\/td>\n<td>&#8211;<\/td>\n<\/tr>\n<tr>\n<td><span>Stevia Reb-A 98%<br \/>\n(<i>Stevia rebaudiana<\/i><\/span>)<\/td>\n<td>75,15mg<\/td>\n<td>&#8211;<\/td>\n<\/tr>\n<tr>\n<td>Minerale ionice<\/td>\n<td>1,6mg<\/td>\n<td>&#8211;<\/td>\n<\/tr>\n<tr>\n<td>Ingrediente suplimentare:<br \/>\nGum acabic (baz\u0103)<\/td>\n<td><\/td>\n<td><\/td>\n<\/tr>\n<\/tbody>\n<\/table>\n<h3><strong>Instruc\u021biuni:<\/strong><\/h3>\n<p>Amestec\u0103 1 linguri\u021b\u0103 (5g) \u00een 500ml de ap\u0103 \u0219i amestec\u0103 p\u00e2n\u0103 se dizolv\u0103, sau amestec\u0103 dup\u0103 gust.<\/p>\n<h3>PULBEREA NOASTR\u0102 TOTAL HYDRATE ELECTROLYTE<\/h3>\n<p>Total Hydrate este un amestec de b\u0103uturi cu electroli\u021bi conceput pentru a-\u021bi hidrata \u0219i re\u00eenc\u0103rca corpul. Acest amestec formulat cu exper\u021bie include potasiu, sodiu (provenit din sare himalayan\u0103), magneziu foarte biodisponibil \u0219i amestecul nostru ionic de \u00eenalt\u0103 calitate. Aceste ingrediente lucreaz\u0103 \u00eempreun\u0103 pentru a oferi un suport optim al hidrat\u0103rii.<\/p>\n<hr \/>\n<h3>DE CE AM NEVOIE DE ELECTROLI\u021aI?<\/h3>\n<p>Te sim\u021bi epuizat dup\u0103 un antrenament? De\u0219i elimin\u0103m toxinele c\u00e2nd transpir\u0103m, acest lucru duce \u0219i la pierderea electroli\u021bilor esen\u021biali, cauz\u00e2nd acea senza\u021bie de oboseal\u0103. Pudra Total Hydrate Electrolyte \u00ee\u021bi rehidrateaz\u0103 organismul, f\u0103c\u00e2nd-o b\u0103utura perfect\u0103 dup\u0103 antrenament. Este, de asemenea, excelent pentru oricine dore\u0219te s\u0103-\u0219i potoleasc\u0103 setea \u0219i s\u0103 maximizeze hidratarea.<\/p>\n<hr \/>\n<h3>CE FACE CA SUPLIMENTUL NOSTRU DE ELECTROLI\u021aI S\u0102 FIE DIFERIT?<\/h3>\n<p>Total Hydrate a fost formulat cu grij\u0103 folosind dulcea\u021ba natural\u0103 a frunzei de stevia \u0219i arome de l\u0103m\u00e2ie f\u0103r\u0103 maltodextrin\u0103. Rezultatul este o b\u0103utur\u0103 electrolitic\u0103 r\u0103coritoare care nu va provoca o cre\u0219tere a glicemiei.\u00a0<b>V\u0103 rug\u0103m s\u0103 re\u021bine\u021bi: aceasta este o pulbere natural\u0103 care se poate coagula ocazional din cauza umezelii din aer. Acest lucru este complet normal \u0219i nu \u00eei afecteaz\u0103 poten\u021ba sau eficacitatea.<\/b><\/p>\n<hr \/>\n<h3>POTRIVIT PENTRU VEGANI<\/h3>\n<p>Acest supliment este potrivit pentru vegani. Este, de asemenea, aprobat kosher \u0219i nu con\u021bine alergeni.<\/p>","protected":false},"excerpt":{"rendered":"<ul>\n<li>Pulbere de electroli\u021bi<\/li>\n<li>Arom\u0103 de l\u0103m\u00e2ie<\/li>\n<li>Potasiu, sare himalayan\u0103 \u0219i minerale ionice<\/li>\n<li>F\u0103r\u0103 coloran\u021bi artificiali, zah\u0103r sau maltodextrin\u0103<\/li>\n<li>Potrivit pentru vegani<\/li>\n<li>1 lun\u0103 de aprovizionare (5g pe zi)<\/li>\n<\/ul>\n","protected":false},"featured_media":3419,"comment_status":"open","ping_status":"closed","template":"","meta":[],"product_brand":[],"product_cat":[124,94],"product_tag":[],"class_list":{"0":"post-3418","1":"product","2":"type-product","3":"status-publish","4":"has-post-thumbnail","6":"product_cat-jelektrolity","7":"product_cat-sport-and-fitnes","9":"first","10":"instock","11":"taxable","12":"shipping-taxable","13":"purchasable","14":"product-type-simple"},"aioseo_notices":[],"_links":{"self":[{"href":"https:\/\/www.vitamineonline.md\/ro\/wp-json\/wp\/v2\/product\/3418","targetHints":{"allow":["GET"]}}],"collection":[{"href":"https:\/\/www.vitamineonline.md\/ro\/wp-json\/wp\/v2\/product"}],"about":[{"href":"https:\/\/www.vitamineonline.md\/ro\/wp-json\/wp\/v2\/types\/product"}],"replies":[{"embeddable":true,"href":"https:\/\/www.vitamineonline.md\/ro\/wp-json\/wp\/v2\/comments?post=3418"}],"wp:featuredmedia":[{"embeddable":true,"href":"https:\/\/www.vitamineonline.md\/ro\/wp-json\/wp\/v2\/media\/3419"}],"wp:attachment":[{"href":"https:\/\/www.vitamineonline.md\/ro\/wp-json\/wp\/v2\/media?parent=3418"}],"wp:term":[{"taxonomy":"product_brand","embeddable":true,"href":"https:\/\/www.vitamineonline.md\/ro\/wp-json\/wp\/v2\/product_brand?post=3418"},{"taxonomy":"product_cat","embeddable":true,"href":"https:\/\/www.vitamineonline.md\/ro\/wp-json\/wp\/v2\/product_cat?post=3418"},{"taxonomy":"product_tag","embeddable":true,"href":"https:\/\/www.vitamineonline.md\/ro\/wp-json\/wp\/v2\/product_tag?post=3418"}],"curies":[{"name":"wp","href":"https:\/\/api.w.org\/{rel}","templated":true}]}}