{"id":3411,"date":"2024-07-13T12:31:57","date_gmt":"2024-07-13T09:31:57","guid":{"rendered":"https:\/\/www.vitamineonline.md\/?post_type=product&#038;p=3411"},"modified":"2026-04-23T17:59:07","modified_gmt":"2026-04-23T14:59:07","slug":"soov-dlja-zhenshhin-40-60-kapsul","status":"publish","type":"product","link":"https:\/\/www.vitamineonline.md\/ro\/product\/soov-dlja-zhenshhin-40-60-kapsul\/","title":{"rendered":"SOOV 40+ Multivitamine zilnice &#8211; 60 de capsule"},"content":{"rendered":"<p><\/p>\n<h3><strong>Compus<\/strong><strong>:<\/strong><\/h3>\n<table>\n<tbody>\n<tr>\n<td><b>2 capsule ofer\u0103:<\/b><\/td>\n<td><\/td>\n<td>NRV<\/td>\n<\/tr>\n<tr>\n<td>Carcasa capsulei: celuloz\u0103 vegetal\u0103<\/td>\n<td>240mg<\/td>\n<td>&#8211;<\/td>\n<\/tr>\n<tr>\n<td>Vitamina C (acid l-ascorbic)<\/td>\n<td>150mg<\/td>\n<td>187<\/td>\n<\/tr>\n<tr>\n<td>Magneziu (citrat)<\/td>\n<td>20mg<\/td>\n<td>&#8211;<\/td>\n<\/tr>\n<tr>\n<td>Alge (Ascophyllum nodosum)<br \/>\n&#8211; cu condi\u021bia de: Iod<\/td>\n<td>100mg<br \/>\n87ug<\/td>\n<td>58<\/td>\n<\/tr>\n<tr>\n<td>\u021aarc de mare (Hippophae spp)<\/td>\n<td>100mg<\/td>\n<td><\/td>\n<\/tr>\n<tr>\n<td>Calciu (citrat)<\/td>\n<td>20mg<\/td>\n<td>&#8211;<\/td>\n<\/tr>\n<tr>\n<td>Vitamina B5 (pantotenat de calciu)<\/td>\n<td>80mg<\/td>\n<td>1,333<\/td>\n<\/tr>\n<tr>\n<td>R\u0103d\u0103cina<br \/>\nde Ashwagandha (Withania somnifera)<\/td>\n<td>80mg<\/td>\n<td>&#8211;<\/td>\n<\/tr>\n<tr>\n<td>Frunz\u0103<br \/>\nde ro\u021biv\u0103 (Melissa officinalis)<\/td>\n<td>80mg<\/td>\n<td>&#8211;<\/td>\n<\/tr>\n<tr>\n<td>R\u0103d\u0103cina de maca (Lepidium meyenii)<\/td>\n<td>60mg<\/td>\n<td>&#8211;<\/td>\n<\/tr>\n<tr>\n<td>Extract de turmeric (95% curcuminoizi)<\/td>\n<td>60mg<\/td>\n<td>&#8211;<\/td>\n<\/tr>\n<tr>\n<td>Beta-caroten (alga Dunaliella salina)<\/td>\n<td>3,4mg<\/td>\n<td>&#8211;<\/td>\n<\/tr>\n<tr>\n<td>Vitamina B6 (piridozal 5&#8217;fosfat)<\/td>\n<td>30mg<\/td>\n<td>2,143<\/td>\n<\/tr>\n<tr>\n<td>Vitamina B2 (riboflavin\u0103 5&#8217;fosfat)<\/td>\n<td>25mg<\/td>\n<td>1,786<\/td>\n<\/tr>\n<tr>\n<td>Vitamina B1 (tiamin\u0103 HCl)<\/td>\n<td>25mg<\/td>\n<td>2,273<\/td>\n<\/tr>\n<tr>\n<td>Vitamina E (36 IU) (alfa tocoferol)<\/td>\n<td>20mg<\/td>\n<td>168<\/td>\n<\/tr>\n<tr>\n<td>Seleniu (metionin\u0103)<\/td>\n<td>100ug<\/td>\n<td>182<\/td>\n<\/tr>\n<tr>\n<td>Coenzima Q10 (ubiquinona)<\/td>\n<td>20mg<\/td>\n<td>&#8211;<\/td>\n<\/tr>\n<tr>\n<td>Zinc (citrat)<\/td>\n<td>50mg<\/td>\n<td>50<\/td>\n<\/tr>\n<tr>\n<td>Potasiu (citrat)<\/td>\n<td>5mg<\/td>\n<td>&#8211;<\/td>\n<\/tr>\n<tr>\n<td>Colin\u0103 (bitartrate)<\/td>\n<td>4mg<\/td>\n<td>&#8211;<\/td>\n<\/tr>\n<tr>\n<td>Inositol<\/td>\n<td>10mg<\/td>\n<td>&#8211;<\/td>\n<\/tr>\n<tr>\n<td>Fier (bisglicinat)<\/td>\n<td>2mg<\/td>\n<td>&#8211;<\/td>\n<\/tr>\n<tr>\n<td>Vitamina K (ca K2 MK-7)<\/td>\n<td>100ug<\/td>\n<td>133<\/td>\n<\/tr>\n<tr>\n<td>Vitamina D (ca D3) (800iu)<\/td>\n<td>20ug<\/td>\n<td>400<\/td>\n<\/tr>\n<tr>\n<td>Mangan (citrat)<\/td>\n<td>1000ug<\/td>\n<td>50<\/td>\n<\/tr>\n<tr>\n<td>Folat (calciu 5-MTHF)<\/td>\n<td>400ug<\/td>\n<td>200<\/td>\n<\/tr>\n<tr>\n<td>Crom (picolinat)<\/td>\n<td>50ug<\/td>\n<td>125<\/td>\n<\/tr>\n<tr>\n<td>Molibden<br \/>\n(molibdat de amoniu)<\/td>\n<td>50ug<\/td>\n<td>100<\/td>\n<\/tr>\n<tr>\n<td>Boron<\/td>\n<td>10ug<\/td>\n<td>&#8211;<\/td>\n<\/tr>\n<tr>\n<td>Vitamina B12 (cianocobalamin\u0103)<\/td>\n<td>50ug<\/td>\n<td>2000<\/td>\n<\/tr>\n<tr>\n<td>Biotina<\/td>\n<td>50ug<\/td>\n<td>100<\/td>\n<\/tr>\n<tr>\n<td>Cupru (citrat)<\/td>\n<td>10ug<\/td>\n<td>&#8211;<\/td>\n<\/tr>\n<\/tbody>\n<\/table>\n<h3><strong>Instruc\u021biuni:<\/strong><\/h3>\n<p>Lua\u021bi 2 capsule zilnic sau conform indica\u021biilor unui profesionist din domeniul s\u0103n\u0103t\u0103\u021bii.<\/p>\n<h3>40+ &#8211; MULTIVITAMINE ZILNICE<\/h3>\n<p>40+ este un supliment special conceput pentru femeile vibrante cu v\u00e2rste de 40+. \u00cenainte \u0219i \u00een timpul perimenopauzei, nevoile nutri\u021bionale ale corpului se pot schimba, iar cu 40+ am \u00eencercat s\u0103 abord\u0103m aceste nevoi \u00een cel mai holistic mod posibil pentru a ne asigura c\u0103 \u00eencepi Actul II al vie\u021bii tale \u00een for\u021b\u0103! Preg\u0103te\u0219te-te s\u0103 deblochezi un nou nivel de stare de bine cu capsulele noastre unice \u0219i dinamice, inclusiv r\u0103d\u0103cin\u0103 de maca, p\u0103du\u0219 de mare, frunz\u0103 de rodi\u021b\u0103 \u0219i o gam\u0103 larg\u0103 de vitamine, inclusiv B1, B2, B6 \u0219i B12, care contribuie la men\u021binerea unui metabolism energetic normal.<\/p>\n<hr \/>\n<h3>PARTE DIN GAMA NOASTR\u0102 SOOV<\/h3>\n<p>SOOV este o gam\u0103 unic\u0103 de suplimente concepute de femei pentru a ameliora simptomele asociate menstrua\u021biei. Scopul nostru este s\u0103 avem grij\u0103 de bun\u0103starea ta \u0219i s\u0103 atenu\u0103m unele dintre acele elemente mai pu\u021bin pl\u0103cute ale ciclului t\u0103u.<\/p>\n<hr \/>\n<h3>POTRIVIT PENTRU VEGANI<\/h3>\n<p>Acest supliment este potrivit pentru vegani. Este, de asemenea, aprobat kosher \u0219i nu con\u021bine alergeni majori.<\/p>\n<h3>Sfaturi despre produse<\/h3>\n<p>Nu dep\u0103\u0219i doza recomandat\u0103 indicat\u0103. Un supliment alimentar nu ar trebui folosit ca substitut pentru o diet\u0103 variat\u0103, echilibrat\u0103 sau un stil de via\u021b\u0103 s\u0103n\u0103tos. P\u0103streaz\u0103-le \u00eentr-un loc r\u0103coros \u0219i uscat, departe de raza \u0219i raza vizual\u0103 a copiilor mici. Consumul pe termen lung de 10 mg de vitamina B6 poate duce la furnic\u0103turi u\u0219oare \u0219i amor\u021beal\u0103.<\/p>","protected":false},"excerpt":{"rendered":"<ul>\n<li>Multivitamine pentru femeile cu v\u00e2rsta de 40+<\/li>\n<li>1 lun\u0103 de aprovizionare (2 pe zi)<\/li>\n<li>Potrivit pentru vegani<\/li>\n<\/ul>\n","protected":false},"featured_media":3412,"comment_status":"open","ping_status":"closed","template":"","meta":[],"product_brand":[],"product_cat":[120,82],"product_tag":[],"class_list":{"0":"post-3411","1":"product","2":"type-product","3":"status-publish","4":"has-post-thumbnail","6":"product_cat-soov","7":"product_cat-for-women","9":"first","10":"instock","11":"taxable","12":"shipping-taxable","13":"purchasable","14":"product-type-simple"},"aioseo_notices":[],"_links":{"self":[{"href":"https:\/\/www.vitamineonline.md\/ro\/wp-json\/wp\/v2\/product\/3411","targetHints":{"allow":["GET"]}}],"collection":[{"href":"https:\/\/www.vitamineonline.md\/ro\/wp-json\/wp\/v2\/product"}],"about":[{"href":"https:\/\/www.vitamineonline.md\/ro\/wp-json\/wp\/v2\/types\/product"}],"replies":[{"embeddable":true,"href":"https:\/\/www.vitamineonline.md\/ro\/wp-json\/wp\/v2\/comments?post=3411"}],"wp:featuredmedia":[{"embeddable":true,"href":"https:\/\/www.vitamineonline.md\/ro\/wp-json\/wp\/v2\/media\/3412"}],"wp:attachment":[{"href":"https:\/\/www.vitamineonline.md\/ro\/wp-json\/wp\/v2\/media?parent=3411"}],"wp:term":[{"taxonomy":"product_brand","embeddable":true,"href":"https:\/\/www.vitamineonline.md\/ro\/wp-json\/wp\/v2\/product_brand?post=3411"},{"taxonomy":"product_cat","embeddable":true,"href":"https:\/\/www.vitamineonline.md\/ro\/wp-json\/wp\/v2\/product_cat?post=3411"},{"taxonomy":"product_tag","embeddable":true,"href":"https:\/\/www.vitamineonline.md\/ro\/wp-json\/wp\/v2\/product_tag?post=3411"}],"curies":[{"name":"wp","href":"https:\/\/api.w.org\/{rel}","templated":true}]}}