{"id":3408,"date":"2024-07-13T12:03:27","date_gmt":"2024-07-13T09:03:27","guid":{"rendered":"https:\/\/www.vitamineonline.md\/?post_type=product&#038;p=3408"},"modified":"2026-01-20T23:03:12","modified_gmt":"2026-01-20T20:03:12","slug":"soov-endo-60-kapsul","status":"publish","type":"product","link":"https:\/\/www.vitamineonline.md\/ro\/product\/soov-endo-60-kapsul\/","title":{"rendered":"Endo &#8211; Multivitamine zilnice &#8211; 60 de capsule"},"content":{"rendered":"<p><\/p>\n<h3><strong>Compus<\/strong><strong>:<\/strong><\/h3>\n<table>\n<tbody>\n<tr>\n<td><b>2 capsule ofer\u0103:<\/b><\/td>\n<td><\/td>\n<td>NRV<\/td>\n<\/tr>\n<tr>\n<td>Carcasa capsulei: celuloz\u0103 vegetal\u0103<\/td>\n<td>240mg<\/td>\n<td>&#8211;<\/td>\n<\/tr>\n<tr>\n<td>Quercetin\u0103<\/td>\n<td>200mg<\/td>\n<td>&#8211;<\/td>\n<\/tr>\n<tr>\n<td>Bromelain (1200 GDU\/g)<\/td>\n<td>20mg<\/td>\n<td>&#8211;<\/td>\n<\/tr>\n<tr>\n<td>Indol-3-carbinol (I3C)<\/td>\n<td>150mg<\/td>\n<td>&#8211;<\/td>\n<\/tr>\n<tr>\n<td>Pudr\u0103<br \/>\nde ulei de primula de sear\u0103 (Oenothera biennis)<\/td>\n<td>100mg<\/td>\n<td>&#8211;<\/td>\n<\/tr>\n<tr>\n<td>Betain\u0103 (HCl)<\/td>\n<td>100mg<\/td>\n<td>&#8211;<\/td>\n<\/tr>\n<tr>\n<td>Vitamina E (121iu)<br \/>\n(alfa tocoferol)<\/td>\n<td>81mg<\/td>\n<td>677<\/td>\n<\/tr>\n<tr>\n<td>Magneziu (citrat)<\/td>\n<td>30mg<\/td>\n<td>&#8211;<\/td>\n<\/tr>\n<tr>\n<td>Extract<br \/>\nde scoar\u021b\u0103 de pin (Pinus massoniana)<\/td>\n<td>60mg<\/td>\n<td>&#8211;<\/td>\n<\/tr>\n<tr>\n<td>L-Metionin\u0103<\/td>\n<td>50mg<\/td>\n<td>&#8211;<\/td>\n<\/tr>\n<tr>\n<td>Fier (bisglicinat)<\/td>\n<td>10mg<\/td>\n<td>71<\/td>\n<\/tr>\n<tr>\n<td>Resveratrol<br \/>\n(Polygonum cuspidatum)<\/td>\n<td>50mg<\/td>\n<td>&#8211;<\/td>\n<\/tr>\n<tr>\n<td>Zinc (citrat)<\/td>\n<td>10mg<\/td>\n<td>100<\/td>\n<\/tr>\n<tr>\n<td>Colin\u0103 (l-bitartrate)<\/td>\n<td>10mg<\/td>\n<td>&#8211;<\/td>\n<\/tr>\n<tr>\n<td>L-Cistein\u0103<\/td>\n<td>25mg<\/td>\n<td>&#8211;<\/td>\n<\/tr>\n<tr>\n<td>R\u0103d\u0103cina<br \/>\nde p\u0103p\u0103die (Taraxacum officinale)<\/td>\n<td>20mg<\/td>\n<td>&#8211;<\/td>\n<\/tr>\n<tr>\n<td>Vitamina B6 (fosfat piridoxal 5&#8242;)<\/td>\n<td>10mg<\/td>\n<td>714<\/td>\n<\/tr>\n<tr>\n<td>Inositol (mio-inozitol)<\/td>\n<td>10mg<\/td>\n<td>&#8211;<\/td>\n<\/tr>\n<\/tbody>\n<\/table>\n<h3><strong>Instruc\u021biuni:<\/strong><\/h3>\n<p>Lua\u021bi 2 capsule zilnic sau conform indica\u021biilor unui profesionist din domeniul s\u0103n\u0103t\u0103\u021bii.<\/p>\n<h3>ENDO &#8211; MULTIVITAMINE ZILNICE<\/h3>\n<p>Endometrioz\u0103 este un amestec specializat de nutrien\u021bi, conceput pentru a sus\u021bine s\u0103n\u0103tatea endometrial\u0103 prin echilibrul hormonal. Endometrioz\u0103 ofer\u0103 o doz\u0103 mare de indol-3-carbinol combinat\u0103 cu vitamina B6 \u0219i primula de sear\u0103, care ofer\u0103 sprijin hormonal \u0219i menstrual.<\/p>\n<hr \/>\n<h3>PARTE DIN GAMA NOASTR\u0102 SOOV<\/h3>\n<p>SOOV este o gam\u0103 unic\u0103 de suplimente concepute de femei pentru a ameliora simptomele asociate menstrua\u021biei. Scopul nostru este s\u0103 avem grij\u0103 de bun\u0103starea ta \u0219i s\u0103 atenu\u0103m unele dintre acele elemente mai pu\u021bin pl\u0103cute ale ciclului t\u0103u. Dac\u0103 dori\u021bi s\u0103 afla\u021bi mai multe, vizita\u021bi site-ul nostru dedicat SOOV.<\/p>\n<hr \/>\n<h3>POTRIVIT PENTRU VEGANI<\/h3>\n<p>Acest supliment este potrivit pentru vegani. Este, de asemenea, aprobat kosher \u0219i nu con\u021bine alergeni majori.<\/p>\n<h3><strong>Avertizare:<\/strong><\/h3>\n<p>Nu dep\u0103\u0219i doza recomandat\u0103 indicat\u0103.<\/p>\n<p>Un supliment alimentar nu ar trebui folosit ca substitut pentru o diet\u0103 variat\u0103, echilibrat\u0103 sau un stil de via\u021b\u0103 s\u0103n\u0103tos.<\/p>\n<p>P\u0103streaz\u0103-le \u00eentr-un loc r\u0103coros \u0219i uscat, departe de raza \u0219i raza vizual\u0103 a copiilor mici.<\/p>\n<p>Consumul pe termen lung de 10 mg de vitamina B6 poate duce la furnic\u0103turi u\u0219oare \u0219i amor\u021beal\u0103.<\/p>","protected":false},"excerpt":{"rendered":"<ul>\n<li>Sprijin\u0103 s\u0103n\u0103tatea endometrial\u0103<\/li>\n<li>Ofer\u0103 sprijin pentru ciclul menstrual<\/li>\n<li>1 lun\u0103 de aprovizionare (2 pe zi)<\/li>\n<li>Potrivit pentru vegani<\/li>\n<\/ul>\n","protected":false},"featured_media":3409,"comment_status":"open","ping_status":"closed","template":"","meta":[],"product_brand":[],"product_cat":[129,120,82],"product_tag":[],"class_list":{"0":"post-3408","1":"product","2":"type-product","3":"status-publish","4":"has-post-thumbnail","6":"product_cat-reduceri","7":"product_cat-soov","8":"product_cat-for-women","10":"first","11":"instock","12":"sale","13":"taxable","14":"shipping-taxable","15":"purchasable","16":"product-type-simple"},"aioseo_notices":[],"_links":{"self":[{"href":"https:\/\/www.vitamineonline.md\/ro\/wp-json\/wp\/v2\/product\/3408","targetHints":{"allow":["GET"]}}],"collection":[{"href":"https:\/\/www.vitamineonline.md\/ro\/wp-json\/wp\/v2\/product"}],"about":[{"href":"https:\/\/www.vitamineonline.md\/ro\/wp-json\/wp\/v2\/types\/product"}],"replies":[{"embeddable":true,"href":"https:\/\/www.vitamineonline.md\/ro\/wp-json\/wp\/v2\/comments?post=3408"}],"wp:featuredmedia":[{"embeddable":true,"href":"https:\/\/www.vitamineonline.md\/ro\/wp-json\/wp\/v2\/media\/3409"}],"wp:attachment":[{"href":"https:\/\/www.vitamineonline.md\/ro\/wp-json\/wp\/v2\/media?parent=3408"}],"wp:term":[{"taxonomy":"product_brand","embeddable":true,"href":"https:\/\/www.vitamineonline.md\/ro\/wp-json\/wp\/v2\/product_brand?post=3408"},{"taxonomy":"product_cat","embeddable":true,"href":"https:\/\/www.vitamineonline.md\/ro\/wp-json\/wp\/v2\/product_cat?post=3408"},{"taxonomy":"product_tag","embeddable":true,"href":"https:\/\/www.vitamineonline.md\/ro\/wp-json\/wp\/v2\/product_tag?post=3408"}],"curies":[{"name":"wp","href":"https:\/\/api.w.org\/{rel}","templated":true}]}}