{"id":3389,"date":"2024-07-12T19:09:48","date_gmt":"2024-07-12T16:09:48","guid":{"rendered":"https:\/\/www.vitamineonline.md\/?post_type=product&#038;p=3389"},"modified":"2026-04-21T19:46:15","modified_gmt":"2026-04-21T16:46:15","slug":"organicheskij-protein-poroshok-500g-shokolad-total-whey-organic-protein-powder-500g-chocolate","status":"publish","type":"product","link":"https:\/\/www.vitamineonline.md\/ro\/product\/organicheskij-protein-poroshok-500g-shokolad-total-whey-organic-protein-powder-500g-chocolate\/","title":{"rendered":"TOTAL WHEY &#8211; ORGANIC PROTEIN POWDER &#8211; 500G CHOCOLATE"},"content":{"rendered":"<p><\/p>\n<h3><strong>Compus<\/strong><strong>:<\/strong><\/h3>\n<table>\n<tbody>\n<tr>\n<td>500g ofer\u0103:<\/td>\n<td><\/td>\n<\/tr>\n<tr>\n<td>Protein\u0103 din zer (Organic)\u00a0<b>LAPTE<\/b>\u00a0(80% Protein\u0103)<\/td>\n<td><\/td>\n<\/tr>\n<tr>\n<td>Lucuma (Organic\u0103) (Pouteria lucuma)<\/td>\n<td><\/td>\n<\/tr>\n<tr>\n<td>Cacao (Organic) (Theobroma cacao)<\/td>\n<td><\/td>\n<\/tr>\n<tr>\n<td><\/td>\n<td><\/td>\n<\/tr>\n<tr>\n<td><b>Alergeni:<\/b><br \/>\nvezi ingredientele cu\u00a0<b>BOLD<\/b><\/td>\n<td><\/td>\n<\/tr>\n<\/tbody>\n<\/table>\n<h3><strong>Instruc\u021biuni:<\/strong><\/h3>\n<p>Amestec\u0103 o por\u021bie (25g) cu 200 ml de lichid \u0219i fie agit\u0103 energic timp de 30 de secunde \u00eentr-un shaker de m\u00e2n\u0103, fie bate c\u00e2teva secunde \u00een blender.<\/p>\n<h3>ADEV\u0102RATUL NOSTRU ZER<\/h3>\n<p>Total Whey-ul nostru este o pudr\u0103 organic\u0103 de zer, realizat\u0103 din ingrediente 100% naturale, oferindu-\u021bi cea mai bun\u0103 calitate. Zerul total combin\u0103 doar trei ingrediente; zer ecologic, lucuma organic\u0103 \u0219i cacao ecologic\u0103. Lucuma \u0219i cacao sunt ad\u0103ugate pentru a oferi o arom\u0103 fin\u0103 de ciocolat\u0103. Asta \u00eenseamn\u0103 c\u0103 nu se adaug\u0103 nimic inutil la pudra noastr\u0103 de zer.<\/p>\n<hr \/>\n<h3>CE FACE CA PROTEINA NOASTR\u0102 DIN ZER S\u0102 FIE DIFERIT\u0102?<\/h3>\n<p>Total Whey-ul nostru este organic, f\u0103cut din ingrediente 100% naturale. Suntem m\u00e2ndri s\u0103 spunem c\u0103 proteina noastr\u0103 din zer provine de la vaci care cutreier\u0103 liber pe p\u0103\u0219uni organice, nepoluate. Singurele ingrediente suplimentare sunt lucuma \u0219i cacao, care ofer\u0103 un gust fin de ciocolat\u0103.<\/p>\n<hr \/>\n<h3>POTRIVIT PENTRU VEGETARIENI<\/h3>\n<p>Pudra noastr\u0103 Total Whey este potrivit\u0103 pentru vegetarieni.<\/p>\n<h3>Sfaturi despre produse<\/h3>\n<p>Nu dep\u0103\u0219i doza recomandat\u0103 indicat\u0103. Un supliment alimentar nu ar trebui folosit ca substitut pentru o diet\u0103 variat\u0103 \u0219i echilibrat\u0103 \u0219i un stil de via\u021b\u0103 s\u0103n\u0103tos. P\u0103streaz\u0103-le \u00eentr-un loc r\u0103coros \u0219i uscat, departe de raza \u0219i raza vizual\u0103 a copiilor mici.<\/p>","protected":false},"excerpt":{"rendered":"<ul>\n<li>Concentrat organic de proteine din zer<\/li>\n<li>Ofer\u0103 19g de proteine pe por\u021bie<\/li>\n<li>Arom\u0103 fin\u0103 de ciocolat\u0103<\/li>\n<\/ul>\n","protected":false},"featured_media":3390,"comment_status":"open","ping_status":"closed","template":"","meta":[],"product_brand":[],"product_cat":[94,123],"product_tag":[],"class_list":{"0":"post-3389","1":"product","2":"type-product","3":"status-publish","4":"has-post-thumbnail","6":"product_cat-sport-and-fitnes","7":"product_cat-protein","9":"first","10":"instock","11":"taxable","12":"shipping-taxable","13":"purchasable","14":"product-type-simple"},"aioseo_notices":[],"_links":{"self":[{"href":"https:\/\/www.vitamineonline.md\/ro\/wp-json\/wp\/v2\/product\/3389","targetHints":{"allow":["GET"]}}],"collection":[{"href":"https:\/\/www.vitamineonline.md\/ro\/wp-json\/wp\/v2\/product"}],"about":[{"href":"https:\/\/www.vitamineonline.md\/ro\/wp-json\/wp\/v2\/types\/product"}],"replies":[{"embeddable":true,"href":"https:\/\/www.vitamineonline.md\/ro\/wp-json\/wp\/v2\/comments?post=3389"}],"wp:featuredmedia":[{"embeddable":true,"href":"https:\/\/www.vitamineonline.md\/ro\/wp-json\/wp\/v2\/media\/3390"}],"wp:attachment":[{"href":"https:\/\/www.vitamineonline.md\/ro\/wp-json\/wp\/v2\/media?parent=3389"}],"wp:term":[{"taxonomy":"product_brand","embeddable":true,"href":"https:\/\/www.vitamineonline.md\/ro\/wp-json\/wp\/v2\/product_brand?post=3389"},{"taxonomy":"product_cat","embeddable":true,"href":"https:\/\/www.vitamineonline.md\/ro\/wp-json\/wp\/v2\/product_cat?post=3389"},{"taxonomy":"product_tag","embeddable":true,"href":"https:\/\/www.vitamineonline.md\/ro\/wp-json\/wp\/v2\/product_tag?post=3389"}],"curies":[{"name":"wp","href":"https:\/\/api.w.org\/{rel}","templated":true}]}}