{"id":3386,"date":"2024-07-12T18:54:38","date_gmt":"2024-07-12T15:54:38","guid":{"rendered":"https:\/\/www.vitamineonline.md\/?post_type=product&#038;p=3386"},"modified":"2026-04-21T19:48:58","modified_gmt":"2026-04-21T16:48:58","slug":"sosnovaja-kora-pine-bark-90-kapsul","status":"publish","type":"product","link":"https:\/\/www.vitamineonline.md\/ro\/product\/sosnovaja-kora-pine-bark-90-kapsul\/","title":{"rendered":"Pine Bark &#8211; SCOAR\u0102 DE PIN &#8211; 90 de capsule vegane"},"content":{"rendered":"<p><\/p>\n<h3><strong>Compus<\/strong><strong>:<\/strong><\/h3>\n<table>\n<tbody>\n<tr>\n<td><b>1 capsul\u0103 ofer\u0103:<\/b><\/td>\n<td><\/td>\n<td><b>RI%<\/b><\/td>\n<\/tr>\n<tr>\n<td>Extract de scoar\u021b\u0103 de pin (95% OPC)<\/td>\n<td>40mg<\/td>\n<td>&#8211;<\/td>\n<\/tr>\n<tr>\n<td>Carcasa capsulei: celuloz\u0103 vegetal\u0103<\/td>\n<td>40mg<\/td>\n<td>&#8211;<\/td>\n<\/tr>\n<tr>\n<td>Alfalfa<\/td>\n<td>30mg<\/td>\n<td>&#8211;<\/td>\n<\/tr>\n<\/tbody>\n<\/table>\n<h3><strong>Instruc\u021biuni:<\/strong><\/h3>\n<p>Lua\u021bi o capsul\u0103 zilnic sau conform indica\u021biilor unui specialist \u00een domeniul s\u0103n\u0103t\u0103\u021bii.<\/p>\n<h3>SUPLIMENTUL NOSTRU CU SCOAR\u021a\u0102 DE PIN<\/h3>\n<p>Suplimentul de scoar\u021b\u0103 de pin ofer\u0103 40mg de extract de scoar\u021b\u0103 de pin \u00eentr-o capsul\u0103 vegetal\u0103 de celuloz\u0103. Extractul provine de la Pinus massoniana, o specie de pin ro\u0219u care cre\u0219te natural \u00een China \u0219i Taiwan. Suplimentul ofer\u0103 o concentra\u021bie ridicat\u0103 de 95% OPC (proantocianidine oligomeride). Proantocianidinile sunt compu\u0219i g\u0103si\u021bi \u00een alimente bogate \u00een antioxidan\u021bi, precum afinele \u0219i strugurii de vie.<\/p>\n<hr \/>\n<h3>POTRIVIT PENTRU VEGANI<\/h3>\n<p>Scoar\u021ba de pin este potrivit\u0103 pentru vegetarieni \u0219i vegani. Este, de asemenea, aprobat kosher \u0219i nu con\u021bine alergeni majori.<\/p>","protected":false},"excerpt":{"rendered":"<ul>\n<li><span class=\"HwtZe\" lang=\"ru\"><span class=\"jCAhz ChMk0b\"><span class=\"ryNqvb\">\u042d\u043a\u0441\u0442\u0440\u0430\u043a\u0442 \u0441\u043e\u0441\u043d\u043e\u0432\u043e\u0439 \u043a\u043e\u0440\u044b<\/span><\/span><\/span><\/li>\n<li>3-\u043c\u0435\u0441\u044f\u0447\u043d\u044b\u0439 \u0437\u0430\u043f\u0430\u0441 (1 \u0440\u0430\u0437 \u0432 \u0434\u0435\u043d\u044c)<\/li>\n<li>\u041f\u043e\u0434\u0445\u043e\u0434\u0438\u0442 \u0434\u043b\u044f \u0432\u0435\u0433\u0435\u0442\u0430\u0440\u0438\u0430\u043d\u0446\u0435\u0432<\/li>\n<\/ul>\n","protected":false},"featured_media":3387,"comment_status":"open","ping_status":"closed","template":"","meta":[],"product_brand":[],"product_cat":[77,61,41],"product_tag":[],"class_list":{"0":"post-3386","1":"product","2":"type-product","3":"status-publish","4":"has-post-thumbnail","6":"product_cat-vegan-category","7":"product_cat-vegan-supplements","8":"product_cat-botanicals","10":"first","11":"instock","12":"taxable","13":"shipping-taxable","14":"purchasable","15":"product-type-simple"},"aioseo_notices":[],"_links":{"self":[{"href":"https:\/\/www.vitamineonline.md\/ro\/wp-json\/wp\/v2\/product\/3386","targetHints":{"allow":["GET"]}}],"collection":[{"href":"https:\/\/www.vitamineonline.md\/ro\/wp-json\/wp\/v2\/product"}],"about":[{"href":"https:\/\/www.vitamineonline.md\/ro\/wp-json\/wp\/v2\/types\/product"}],"replies":[{"embeddable":true,"href":"https:\/\/www.vitamineonline.md\/ro\/wp-json\/wp\/v2\/comments?post=3386"}],"wp:featuredmedia":[{"embeddable":true,"href":"https:\/\/www.vitamineonline.md\/ro\/wp-json\/wp\/v2\/media\/3387"}],"wp:attachment":[{"href":"https:\/\/www.vitamineonline.md\/ro\/wp-json\/wp\/v2\/media?parent=3386"}],"wp:term":[{"taxonomy":"product_brand","embeddable":true,"href":"https:\/\/www.vitamineonline.md\/ro\/wp-json\/wp\/v2\/product_brand?post=3386"},{"taxonomy":"product_cat","embeddable":true,"href":"https:\/\/www.vitamineonline.md\/ro\/wp-json\/wp\/v2\/product_cat?post=3386"},{"taxonomy":"product_tag","embeddable":true,"href":"https:\/\/www.vitamineonline.md\/ro\/wp-json\/wp\/v2\/product_tag?post=3386"}],"curies":[{"name":"wp","href":"https:\/\/api.w.org\/{rel}","templated":true}]}}