{"id":3376,"date":"2024-07-12T17:43:56","date_gmt":"2024-07-12T14:43:56","guid":{"rendered":"https:\/\/www.vitamineonline.md\/?post_type=product&#038;p=3376"},"modified":"2026-04-10T23:44:04","modified_gmt":"2026-04-10T20:44:04","slug":"turmerik-i-kurkuma-turmeric-amp-curcumin-60-kapsul","status":"publish","type":"product","link":"https:\/\/www.vitamineonline.md\/ro\/product\/turmerik-i-kurkuma-turmeric-amp-curcumin-60-kapsul\/","title":{"rendered":"Turmeric &amp; Curcumin &#8211; 60 de capsule vegane"},"content":{"rendered":"<p><\/p>\n<h3><strong>Compus<\/strong><strong>:<\/strong><\/h3>\n<table>\n<tbody>\n<tr>\n<td><b>O capsul\u0103 ofer\u0103:<\/b><\/td>\n<td><\/td>\n<td><b>RI%<\/b><\/td>\n<\/tr>\n<tr>\n<td>Pudr\u0103 de r\u0103d\u0103cin\u0103 de turmeric (<i>curcuma longa<\/i>)<\/td>\n<td>225mg<\/td>\n<td>&#8211;<\/td>\n<\/tr>\n<tr>\n<td>Extract de turmeric (<i>Curcuma longa<\/i>)<br \/>\n<i>&#8211;\u00a0<\/i>furniz\u00e2nd 95% din totalul<br \/>\ncurcuminoizilor (98% rizomii\u00a0<i>Curcuma longa<\/i>)<\/td>\n<td>175mg<\/td>\n<td>&#8211;<\/td>\n<\/tr>\n<tr>\n<td>Coaj\u0103 capsul\u0103: celuloz\u0103 vegetal\u0103<\/td>\n<td>100mg<\/td>\n<td>&#8211;<\/td>\n<\/tr>\n<tr>\n<td>R\u0103d\u0103cin\u0103 de ghimbir (<i>ziniber officinale<\/i>)<\/td>\n<td>50mg<\/td>\n<td>&#8211;<\/td>\n<\/tr>\n<tr>\n<td>Extract de piper negru (<i>piper nigrum<\/i>)<br \/>\n<i>&#8211;\u00a0<\/i>furniz\u00e2nd 95% piperin\u0103 total\u0103<\/td>\n<td>5mg<\/td>\n<td>&#8211;<\/td>\n<\/tr>\n<\/tbody>\n<\/table>\n<h3><strong>Instruc\u021biuni:<\/strong><\/h3>\n<p>Lua\u021bi o capsul\u0103 zilnic cu o mas\u0103 principal\u0103 sau conform indica\u021biilor unui profesionist din domeniul s\u0103n\u0103t\u0103\u021bii<\/p>\n<p>Supliment cu turmeric \u0219i curcumin\u0103, care ofer\u0103 un amestec de r\u0103d\u0103cin\u0103 de turmeric \u0219i extract de turmeric. Acest supliment ofer\u0103 95% curcuminoizi, cea mai mare concentra\u021bie disponibil\u0103. Unele produse cu curcumin\u0103 utilizeaz\u0103 un extract care ofer\u0103 doar 85% curcuminoizi. Curcumina este constituentul turmericului care con\u021bine toate propriet\u0103\u021bile benefice. \u00cen sursele alimentare de turmeric, curcumina reprezint\u0103 doar 3%.<\/p>\n<p>Pentru a cre\u0219te \u0219i mai mult absorb\u021bia curcuminei, este inclus extract de piper negru, deoarece este renumit pentru cre\u0219terea biodisponibilit\u0103\u021bii turmericului. Ghimbirul, un membru al familiei turmericului, a fost, de asemenea, ad\u0103ugat \u00een formul\u0103 pentru efectele sale similare \u0219i complementare.<\/p>\n<p>\u00cencerca\u021bi s\u0103 lua\u021bi turmeric cu o mas\u0103 care con\u021bine gr\u0103simi, deoarece acest lucru poate cre\u0219te \u0219i mai mult absorb\u021bia.<\/p>\n<h3>DE CE ESTE IMPORTANT\u0102 CURCUMINA \u00ceN TURMERIC?<\/h3>\n<p>Turmericul (Curcuma longa) este condimentul care d\u0103 curry-ului culoarea galben\u0103, curcumina fiind ingredientul s\u0103u activ. Turmericul con\u021bine un nivel sc\u0103zut de curcumin\u0103, \u00een jur de 3% \u00een greutate, ceea ce este insuficient pentru beneficii semnificative. Acest amestec abordeaz\u0103 acest aspect prin combinarea extractului de turmeric \u0219i a r\u0103d\u0103cinii de turmeric, oferind o concentra\u021bie mult mai mare de curcumin\u0103.<\/p>\n<h3>IMPORTAN\u021aA PIPERULUI NEGRU<\/h3>\n<p>Din p\u0103cate, curcumina este slab absorbit\u0103 \u00een fluxul sanguin. Consumul de piper negru \u00eempreun\u0103 cu aceasta este util, deoarece acesta con\u021bine piperin\u0103, o substan\u021b\u0103 natural\u0103 ce spore\u0219te absorb\u021bia curcuminei cu 2.000%. Suplimentul nostru pentru s\u0103n\u0103tate folose\u0219te extract de piper negru de cea mai \u00eenalt\u0103 calitate, oferind 95% piperin\u0103.<\/p>\n<h3>POTRIVIT PENTRU VEGANI<\/h3>\n<p>Acest supliment este potrivit pentru vegetarieni \u0219i vegani. Este, de asemenea, aprobat kosher \u0219i nu con\u021bine alergeni majori.<\/p>\n<h3>Sfaturi despre produse<\/h3>\n<p>Nu dep\u0103\u0219i doza zilnic\u0103 recomandat\u0103. Un supliment alimentar nu ar trebui folosit ca substitut pentru o diet\u0103 variat\u0103 \u0219i echilibrat\u0103 \u0219i un stil de via\u021b\u0103 s\u0103n\u0103tos. P\u0103streaz\u0103-l \u00eentr-un loc r\u0103coros \u0219i uscat, departe de raza \u0219i priveli\u0219tea copiilor mici.<\/p>","protected":false},"excerpt":{"rendered":"<ul>\n<li>Este un tonic<\/li>\n<li>Stimuleaz\u0103 digestia<\/li>\n<li>Men\u021bine microflora intestinal\u0103 normal\u0103<\/li>\n<li>\u00cent\u0103rie\u0219te mu\u0219chiul inimii<\/li>\n<\/ul>\n","protected":false},"featured_media":3377,"comment_status":"open","ping_status":"closed","template":"","meta":[],"product_brand":[],"product_cat":[86,87],"product_tag":[],"class_list":{"0":"post-3376","1":"product","2":"type-product","3":"status-publish","4":"has-post-thumbnail","6":"product_cat-digestie","7":"product_cat-inima-si-tensiune","9":"first","10":"instock","11":"sale","12":"taxable","13":"shipping-taxable","14":"purchasable","15":"product-type-simple"},"aioseo_notices":[],"_links":{"self":[{"href":"https:\/\/www.vitamineonline.md\/ro\/wp-json\/wp\/v2\/product\/3376","targetHints":{"allow":["GET"]}}],"collection":[{"href":"https:\/\/www.vitamineonline.md\/ro\/wp-json\/wp\/v2\/product"}],"about":[{"href":"https:\/\/www.vitamineonline.md\/ro\/wp-json\/wp\/v2\/types\/product"}],"replies":[{"embeddable":true,"href":"https:\/\/www.vitamineonline.md\/ro\/wp-json\/wp\/v2\/comments?post=3376"}],"wp:featuredmedia":[{"embeddable":true,"href":"https:\/\/www.vitamineonline.md\/ro\/wp-json\/wp\/v2\/media\/3377"}],"wp:attachment":[{"href":"https:\/\/www.vitamineonline.md\/ro\/wp-json\/wp\/v2\/media?parent=3376"}],"wp:term":[{"taxonomy":"product_brand","embeddable":true,"href":"https:\/\/www.vitamineonline.md\/ro\/wp-json\/wp\/v2\/product_brand?post=3376"},{"taxonomy":"product_cat","embeddable":true,"href":"https:\/\/www.vitamineonline.md\/ro\/wp-json\/wp\/v2\/product_cat?post=3376"},{"taxonomy":"product_tag","embeddable":true,"href":"https:\/\/www.vitamineonline.md\/ro\/wp-json\/wp\/v2\/product_tag?post=3376"}],"curies":[{"name":"wp","href":"https:\/\/api.w.org\/{rel}","templated":true}]}}