{"id":3364,"date":"2024-07-11T16:18:50","date_gmt":"2024-07-11T13:18:50","guid":{"rendered":"https:\/\/www.vitamineonline.md\/?post_type=product&#038;p=3364"},"modified":"2026-04-27T15:29:38","modified_gmt":"2026-04-27T12:29:38","slug":"kontrol-gljukozy-gluco-control-60-kapsul","status":"publish","type":"product","link":"https:\/\/www.vitamineonline.md\/ro\/product\/kontrol-gljukozy-gluco-control-60-kapsul\/","title":{"rendered":"Gluco Control &#8211; 60 Capsule Vegane"},"content":{"rendered":"<p><\/p>\n<h3><strong>Compus<\/strong><strong>:<\/strong><\/h3>\n<table>\n<tbody>\n<tr>\n<td><b>2 capsule ofer\u0103:<\/b><\/td>\n<td><\/td>\n<td><b>RI%<\/b><\/td>\n<\/tr>\n<tr>\n<td>Scoar\u021b\u0103 de scor\u021bi\u0219oar\u0103 (<i>Cinnamomum zeylanicum)<\/i><\/td>\n<td>500mg<\/td>\n<td><\/td>\n<\/tr>\n<tr>\n<td>Extract de frunze de dud (5% reducoz\u0103\u00ae)<br \/>\n(<i>Morus alba<\/i>)<\/td>\n<td>200 mg<\/td>\n<td>&#8211;<\/td>\n<\/tr>\n<tr>\n<td>Inozitol (<i>Mio-inozitol<\/i>)<\/td>\n<td>100mg<\/td>\n<td>&#8211;<\/td>\n<\/tr>\n<tr>\n<td>Pepene amar (<i>Mormordica charantia<\/i>)<\/td>\n<td>100mg<\/td>\n<td>&#8211;<\/td>\n<\/tr>\n<tr>\n<td>Vitamina C (acid ascorbic)<\/td>\n<td>90 mg<\/td>\n<td>&#8211;<\/td>\n<\/tr>\n<tr>\n<td>Magneziu (citrat)<\/td>\n<td>10mg<\/td>\n<td>&#8211;<\/td>\n<\/tr>\n<tr>\n<td>Acid alfa lipoic<\/td>\n<td>50 mg<\/td>\n<td>&#8211;<\/td>\n<\/tr>\n<tr>\n<td>Vitamina B1 (tiamin\u0103 HCl)<\/td>\n<td>40mg<\/td>\n<td>3,636<\/td>\n<\/tr>\n<tr>\n<td>Zinc (picolinat)<\/td>\n<td>8mg<\/td>\n<td>80<\/td>\n<\/tr>\n<tr>\n<td>Vitamina B2 (riboflavin\u0103)<\/td>\n<td>30 mg<\/td>\n<td>2,143<\/td>\n<\/tr>\n<tr>\n<td>Vitamina B3 (nicotinamid\u0103)<\/td>\n<td>20 mg<\/td>\n<td>125<\/td>\n<\/tr>\n<tr>\n<td>Vitamina B6 (piridoxin\u0103 HCl)<\/td>\n<td>10mg<\/td>\n<td>714<\/td>\n<\/tr>\n<tr>\n<td>Vitamina B5 (pantotenat de calciu)<\/td>\n<td>10mg<\/td>\n<td>167<\/td>\n<\/tr>\n<tr>\n<td>Vitamina D3 (vegan\u0103)<\/td>\n<td>20\u03bcg<\/td>\n<td>400<\/td>\n<\/tr>\n<tr>\n<td>Crom (picolinat)<\/td>\n<td>300\u03bcg<\/td>\n<td>750<\/td>\n<\/tr>\n<tr>\n<td>Carcasa capsulei: celuloz\u0103 vegetal\u0103<\/td>\n<td>120 mg<\/td>\n<td>&#8211;<\/td>\n<\/tr>\n<tr>\n<td>Ingrediente suplimentare:<br \/>\nmaltodextrin\u0103, l-leucin\u0103, sirop de porumb, gum\u0103<br \/>\narabic\u0103, ulei MCT, dioxid de siliciu,<br \/>\nascorbat de sodiu, extract bogat \u00een tocoferol<\/td>\n<td><\/td>\n<td><\/td>\n<\/tr>\n<tr>\n<td><\/td>\n<\/tr>\n<tr>\n<td>Reducose\u00ae este o marc\u0103 comercial\u0103 a Phynova<\/td>\n<\/tr>\n<\/tbody>\n<\/table>\n<p><strong>Instruc\u021biuni: <\/strong>Lua\u021bi 2 capsule pe zi la masa principal\u0103 sau conform indica\u021biilor unui profesionist din domeniul s\u0103n\u0103t\u0103\u021bii.<\/p>\n<h3>SUPLIMENTUL NOSTRU DE CONTROL AL GLICEMIEI<\/h3>\n<p>Gluco Control este un amestec unic de vitamine \u0219i minerale. Gluco Control con\u021bine, de asemenea, crom, care contribuie la men\u021binerea normal\u0103 a nivelului de glucoz\u0103 din s\u00e2nge.<\/p>\n<hr \/>\n<h3>CE FACE GLUCO CONTROL?<\/h3>\n<p>Gluco Control con\u021bine crom care contribuie la men\u021binerea nivelului normal de glucoz\u0103 din s\u00e2nge.<\/p>\n<hr \/>\n<h3>POTRIVIT PENTRU VEGANI<\/h3>\n<p>Gluco Control este potrivit pentru vegani \u0219i vegetarieni. De asemenea, este aprobat kosher \u0219i nu con\u021bine alergeni majori.<\/p>\n<h3><strong>Avertizare:<\/strong><\/h3>\n<p>Nu dep\u0103\u0219i\u021bi doza recomandat\u0103 declarat\u0103.<\/p>\n<p>Consulta\u021bi un profesionist din domeniul s\u0103n\u0103t\u0103\u021bii \u00eenainte dac\u0103 lua\u021bi medicamente.<\/p>\n<p>Un supliment alimentar nu trebuie utilizat ca substitut pentru o diet\u0103 variat\u0103 \u0219i echilibrat\u0103 sau pentru un stil de via\u021b\u0103 s\u0103n\u0103tos.<\/p>\n<p>A se p\u0103stra \u00eentr-un loc r\u0103coros \u0219i uscat, la \u00eendem\u00e2na \u0219i vederea copiilor mici.<\/p>","protected":false},"excerpt":{"rendered":"<ul>\n<li>Con\u021bine crom care contribuie la nivelul normal de glucoz\u0103 din s\u00e2nge<\/li>\n<li>1 lun\u0103 de aprovizionare (2 pe zi)<\/li>\n<li>Potrivit pentru vegani<\/li>\n<\/ul>\n","protected":false},"featured_media":3365,"comment_status":"open","ping_status":"closed","template":"","meta":[],"product_brand":[],"product_cat":[129,108,61,66],"product_tag":[],"class_list":{"0":"post-3364","1":"product","2":"type-product","3":"status-publish","4":"has-post-thumbnail","6":"product_cat-reduceri","7":"product_cat-complex","8":"product_cat-vegan-supplements","9":"product_cat-health-concerns","11":"first","12":"instock","13":"sale","14":"taxable","15":"shipping-taxable","16":"purchasable","17":"product-type-simple"},"aioseo_notices":[],"_links":{"self":[{"href":"https:\/\/www.vitamineonline.md\/ro\/wp-json\/wp\/v2\/product\/3364","targetHints":{"allow":["GET"]}}],"collection":[{"href":"https:\/\/www.vitamineonline.md\/ro\/wp-json\/wp\/v2\/product"}],"about":[{"href":"https:\/\/www.vitamineonline.md\/ro\/wp-json\/wp\/v2\/types\/product"}],"replies":[{"embeddable":true,"href":"https:\/\/www.vitamineonline.md\/ro\/wp-json\/wp\/v2\/comments?post=3364"}],"wp:featuredmedia":[{"embeddable":true,"href":"https:\/\/www.vitamineonline.md\/ro\/wp-json\/wp\/v2\/media\/3365"}],"wp:attachment":[{"href":"https:\/\/www.vitamineonline.md\/ro\/wp-json\/wp\/v2\/media?parent=3364"}],"wp:term":[{"taxonomy":"product_brand","embeddable":true,"href":"https:\/\/www.vitamineonline.md\/ro\/wp-json\/wp\/v2\/product_brand?post=3364"},{"taxonomy":"product_cat","embeddable":true,"href":"https:\/\/www.vitamineonline.md\/ro\/wp-json\/wp\/v2\/product_cat?post=3364"},{"taxonomy":"product_tag","embeddable":true,"href":"https:\/\/www.vitamineonline.md\/ro\/wp-json\/wp\/v2\/product_tag?post=3364"}],"curies":[{"name":"wp","href":"https:\/\/api.w.org\/{rel}","templated":true}]}}