{"id":3360,"date":"2024-07-11T15:42:47","date_gmt":"2024-07-11T12:42:47","guid":{"rendered":"https:\/\/www.vitamineonline.md\/?post_type=product&#038;p=3360"},"modified":"2026-04-21T20:20:54","modified_gmt":"2026-04-21T17:20:54","slug":"kompleks-l-glutation-l-glutathione-complex-30-kapsul","status":"publish","type":"product","link":"https:\/\/www.vitamineonline.md\/ro\/product\/kompleks-l-glutation-l-glutathione-complex-30-kapsul\/","title":{"rendered":"Complex L-Glutation &#8211; 30 Capsule Vegane"},"content":{"rendered":"<p><\/p>\n<div class=\"item_label\">\n<h3><strong>Compus<\/strong><strong>:<\/strong><\/h3>\n<table>\n<tbody>\n<tr>\n<td><b>1 capsul\u0103 ofer\u0103:<\/b><\/td>\n<td><\/td>\n<td><b>RI%<\/b><\/td>\n<\/tr>\n<tr>\n<td>L-glutation (redus)<\/td>\n<td>200 mg<\/td>\n<td>&#8211;<\/td>\n<\/tr>\n<tr>\n<td>L-carnitin\u0103 (L-tartrat)<\/td>\n<td>100mg<\/td>\n<td>&#8211;<\/td>\n<\/tr>\n<tr>\n<td>Carcasa capsulei: celuloz\u0103 vegetal\u0103<\/td>\n<td>120 mg<\/td>\n<td>&#8211;<\/td>\n<\/tr>\n<tr>\n<td>N-acetil L-cistein\u0103<\/td>\n<td>100mg<\/td>\n<td>&#8211;<\/td>\n<\/tr>\n<tr>\n<td>Acid alfa lipoic<\/td>\n<td>100mg<\/td>\n<td>&#8211;<\/td>\n<\/tr>\n<tr>\n<td>Zinc (citrat)<\/td>\n<td>15 mg<\/td>\n<td>150<\/td>\n<\/tr>\n<tr>\n<td>Seleniu (L-selenometionin\u0103)<\/td>\n<td>200\u03bcg<\/td>\n<td>364<\/td>\n<\/tr>\n<tr>\n<td>Ingrediente suplimentare:<br \/>\nAcid tartric, fosfat dicalcic<\/td>\n<td><\/td>\n<\/tr>\n<\/tbody>\n<\/table>\n<p><strong>Instruc\u021biuni: <\/strong>Lua\u021bi 1 capsul\u0103 pe zi la mas\u0103 sau conform indica\u021biilor unui profesionist din domeniul s\u0103n\u0103t\u0103\u021bii.<\/p>\n<h3>Sfaturi despre produs<\/h3>\n<p>Supliment de L-glutation care ofer\u0103 200 mg de L-glutation de \u00eenalt\u0103 calitate amestecat cu zinc \u0219i seleniu pentru a oferi un trio de antioxidan\u021bi puternici. Am completat complexul cu adaosurile de aminoacizi l-carnitin\u0103 \u0219i NAC (N-acetil L-cistein\u0103).<\/p>\n<p>CE ESTE L-GLUTATIONUL?<br \/>\nGlutationul este produs \u00een mod natural de organism ca cel mai important antioxidant \u0219i este sintetizat predominant \u00een ficat. Glutationul este o tripeptid\u0103 de trei aminoacizi; cistein\u0103, acid glutamic \u0219i glicin\u0103. Antioxidan\u021bii sunt importan\u021bi pentru organism pentru a preveni daunele oxidative. Ca antioxidant principal, glutationul recicleaz\u0103 al\u021bi antioxidan\u021bi din organism, cum ar fi acidul alfa lipoic, vitamina C \u0219i vitamina E \u0219i r\u0103spund la glutation pentru a opera.<\/p>\n<p>CE FACE GLUTATIONUL?<br \/>\nSuplimentul nostru de glutation con\u021bine at\u00e2t seleniu, c\u00e2t \u0219i zinc, care pot contribui la o diet\u0103 s\u0103n\u0103toas\u0103 \u00een multe feluri. Ambele contribuie la protec\u021bia normal\u0103 a celulelor \u00eempotriva stresului oxidativ \u0219i la func\u021bionarea normal\u0103 a sistemului imunitar. Zincul contribuie, de asemenea, la men\u021binerea oaselor, vederii, p\u0103rului \u0219i unghiilor<\/p>\n<p>POTRIVIT PENTRU VEGANI<br \/>\nComplexul de glutation este potrivit pentru vegani. De asemenea, este aprobat kosher \u0219i nu con\u021bine alergeni majori<\/p>\n<\/div>\n<div>\n<h3><strong>Avertizare:<\/strong><\/h3>\n<p>Nu dep\u0103\u0219i\u021bi doza recomandat\u0103 declarat\u0103.<\/p>\n<p>Un supliment alimentar nu trebuie utilizat ca substitut pentru o diet\u0103 variat\u0103 \u0219i echilibrat\u0103 \u0219i un stil de via\u021b\u0103 s\u0103n\u0103tos.<\/p>\n<p>A se p\u0103stra \u00eentr-un loc r\u0103coros \u0219i uscat, la \u00eendem\u00e2na \u0219i vederea copiilor mici.<\/p>\n<\/div>\n<p><\/p>","protected":false},"excerpt":{"rendered":"<ul>\n<li>Men\u021bine p\u0103rul, pielea, unghiile, vederea \u0219i oasele \u00een stare normal\u0103<\/li>\n<li>\u00cembun\u0103t\u0103\u021be\u0219te func\u021bia sistemului imunitar<\/li>\n<li>\u00cembun\u0103t\u0103\u021be\u0219te func\u021bia tiroidei<\/li>\n<li>Protejeaz\u0103 celulele de stresul oxidativ, sintetizeaz\u0103 ADN-ul \u0219i proteinele<\/li>\n<li>Promoveaz\u0103 metabolismul acido-bazic, carbohidra\u021bilor, acizilor gra\u0219i \u0219i macronutrien\u021bilor, precum \u0219i metabolismul vitaminei A<\/li>\n<li>\u00cembun\u0103t\u0103\u021be\u0219te func\u021bia cognitiv\u0103<\/li>\n<li>Regleaz\u0103 activitatea hormonal\u0103, men\u021bine nivelul de testosteron din s\u00e2nge<\/li>\n<li>Promoveaz\u0103 spermatogeneza<\/li>\n<li>Doza necesar\u0103 pentru 1 lun\u0103 (o dat\u0103 pe zi)<\/li>\n<li>Potrivit pentru vegani<\/li>\n<\/ul>\n","protected":false},"featured_media":3362,"comment_status":"open","ping_status":"closed","template":"","meta":[],"product_brand":[],"product_cat":[84,92,39],"product_tag":[],"class_list":{"0":"post-3360","1":"product","2":"type-product","3":"status-publish","4":"has-post-thumbnail","6":"product_cat-imunitate","7":"product_cat-pentru-barbati","8":"product_cat-antioxidants","10":"first","11":"instock","12":"taxable","13":"shipping-taxable","14":"purchasable","15":"product-type-simple"},"aioseo_notices":[],"_links":{"self":[{"href":"https:\/\/www.vitamineonline.md\/ro\/wp-json\/wp\/v2\/product\/3360","targetHints":{"allow":["GET"]}}],"collection":[{"href":"https:\/\/www.vitamineonline.md\/ro\/wp-json\/wp\/v2\/product"}],"about":[{"href":"https:\/\/www.vitamineonline.md\/ro\/wp-json\/wp\/v2\/types\/product"}],"replies":[{"embeddable":true,"href":"https:\/\/www.vitamineonline.md\/ro\/wp-json\/wp\/v2\/comments?post=3360"}],"wp:featuredmedia":[{"embeddable":true,"href":"https:\/\/www.vitamineonline.md\/ro\/wp-json\/wp\/v2\/media\/3362"}],"wp:attachment":[{"href":"https:\/\/www.vitamineonline.md\/ro\/wp-json\/wp\/v2\/media?parent=3360"}],"wp:term":[{"taxonomy":"product_brand","embeddable":true,"href":"https:\/\/www.vitamineonline.md\/ro\/wp-json\/wp\/v2\/product_brand?post=3360"},{"taxonomy":"product_cat","embeddable":true,"href":"https:\/\/www.vitamineonline.md\/ro\/wp-json\/wp\/v2\/product_cat?post=3360"},{"taxonomy":"product_tag","embeddable":true,"href":"https:\/\/www.vitamineonline.md\/ro\/wp-json\/wp\/v2\/product_tag?post=3360"}],"curies":[{"name":"wp","href":"https:\/\/api.w.org\/{rel}","templated":true}]}}