{"id":3357,"date":"2024-07-11T15:13:30","date_gmt":"2024-07-11T12:13:30","guid":{"rendered":"https:\/\/www.vitamineonline.md\/?post_type=product&#038;p=3357"},"modified":"2026-04-21T20:23:18","modified_gmt":"2026-04-21T17:23:18","slug":"aktivirovannyj-ugol-activated-charcoal-90-kapsul","status":"publish","type":"product","link":"https:\/\/www.vitamineonline.md\/ro\/product\/aktivirovannyj-ugol-activated-charcoal-90-kapsul\/","title":{"rendered":"C\u0103rbune activat &#8211; 90 de capsule vegane"},"content":{"rendered":"<p><\/p>\n<h3><strong>Compus<\/strong><\/h3>\n<table>\n<tbody>\n<tr>\n<td><b>6 capsule ofer\u0103:<\/b><\/td>\n<td><\/td>\n<td><b>RI%<\/b><\/td>\n<\/tr>\n<tr>\n<td>C\u0103rbune (activat)<\/td>\n<td>2700mg<\/td>\n<td>&#8211;<\/td>\n<\/tr>\n<tr>\n<td>Carcasa capsulei: celuloz\u0103 vegetal\u0103<\/td>\n<td>720mg<\/td>\n<td>&#8211;<\/td>\n<\/tr>\n<\/tbody>\n<\/table>\n<h3><strong>Instruc\u021biuni:\u00a0<\/strong><\/h3>\n<p>Pentru flatulen\u021b\u0103: lua\u021bi 1 g (3 capsule) cu cel pu\u021bin 30 de minute \u00eenainte de mas\u0103 \u0219i 1 g (3 capsule) la scurt timp dup\u0103 mas\u0103. Pentru alte utiliz\u0103ri, lua\u021bi 3 capsule pe zi sau conform indica\u021biilor unui profesionist din domeniul s\u0103n\u0103t\u0103\u021bii. Nu este destinat utiliz\u0103rii pe termen lung.<\/p>\n<h3>CAPSULE CU C\u0102RBUNE ACTIVAT<\/h3>\n<p>Fabricat din c\u0103rbune activ de \u00eenalt\u0103 calitate, derivat din nuci de cocos, \u00eencapsulat \u00eentr-o capsul\u0103 vegetal\u0103, vegan\u0103. C\u0103rbunele activ poate ajuta la digestie, \u00een special dup\u0103 mesele care te las\u0103 balonat sau sunt greu de digerat.<\/p>\n<h3>PENTRU FLATULEN\u021a\u0102<\/h3>\n<p>C\u0103rbunele activ contribuie la reducerea flatulen\u021bei excesive dup\u0103 mas\u0103 atunci c\u00e2nd se administreaz\u0103 1 g (3 capsule) cu cel pu\u021bin 30 de minute \u00eenainte de mas\u0103 \u0219i 1 g (3 capsule) la scurt timp dup\u0103 mas\u0103.<\/p>\n<h3>POTRIVIT PENTRU VEGANI<\/h3>\n<p>Acest supliment este potrivit pentru vegani. Este, de asemenea, aprobat kosher \u0219i nu con\u021bine alergeni majori.<\/p>\n<h3>Sfaturi despre produse<\/h3>\n<p>Nu dep\u0103\u0219i doza recomandat\u0103 indicat\u0103. Un supliment alimentar nu ar trebui folosit ca substitut pentru o diet\u0103 variat\u0103, echilibrat\u0103 sau un stil de via\u021b\u0103 s\u0103n\u0103tos. P\u0103streaz\u0103-le \u00eentr-un loc r\u0103coros \u0219i uscat, departe de raza \u0219i raza vizual\u0103 a copiilor mici.<\/p>","protected":false},"excerpt":{"rendered":"<ul>\n<li>C\u0103rbune activ derivat din nuc\u0103 de cocos<\/li>\n<li>Aprovizionare pentru 1 lun\u0103 (de 3 ori pe zi)<\/li>\n<li>Potrivit pentru vegani<\/li>\n<\/ul>\n","protected":false},"featured_media":3358,"comment_status":"open","ping_status":"closed","template":"","meta":[],"product_brand":[],"product_cat":[86,41],"product_tag":[],"class_list":{"0":"post-3357","1":"product","2":"type-product","3":"status-publish","4":"has-post-thumbnail","6":"product_cat-digestie","7":"product_cat-botanicals","9":"first","10":"instock","11":"taxable","12":"shipping-taxable","13":"purchasable","14":"product-type-simple"},"aioseo_notices":[],"_links":{"self":[{"href":"https:\/\/www.vitamineonline.md\/ro\/wp-json\/wp\/v2\/product\/3357","targetHints":{"allow":["GET"]}}],"collection":[{"href":"https:\/\/www.vitamineonline.md\/ro\/wp-json\/wp\/v2\/product"}],"about":[{"href":"https:\/\/www.vitamineonline.md\/ro\/wp-json\/wp\/v2\/types\/product"}],"replies":[{"embeddable":true,"href":"https:\/\/www.vitamineonline.md\/ro\/wp-json\/wp\/v2\/comments?post=3357"}],"wp:featuredmedia":[{"embeddable":true,"href":"https:\/\/www.vitamineonline.md\/ro\/wp-json\/wp\/v2\/media\/3358"}],"wp:attachment":[{"href":"https:\/\/www.vitamineonline.md\/ro\/wp-json\/wp\/v2\/media?parent=3357"}],"wp:term":[{"taxonomy":"product_brand","embeddable":true,"href":"https:\/\/www.vitamineonline.md\/ro\/wp-json\/wp\/v2\/product_brand?post=3357"},{"taxonomy":"product_cat","embeddable":true,"href":"https:\/\/www.vitamineonline.md\/ro\/wp-json\/wp\/v2\/product_cat?post=3357"},{"taxonomy":"product_tag","embeddable":true,"href":"https:\/\/www.vitamineonline.md\/ro\/wp-json\/wp\/v2\/product_tag?post=3357"}],"curies":[{"name":"wp","href":"https:\/\/api.w.org\/{rel}","templated":true}]}}