{"id":3329,"date":"2024-07-10T20:52:25","date_gmt":"2024-07-10T17:52:25","guid":{"rendered":"https:\/\/www.vitamineonline.md\/?post_type=product&#038;p=3329"},"modified":"2026-04-21T20:30:01","modified_gmt":"2026-04-21T17:30:01","slug":"vegan-multi-vegan-multi-90-kapsul","status":"publish","type":"product","link":"https:\/\/www.vitamineonline.md\/ro\/product\/vegan-multi-vegan-multi-90-kapsul\/","title":{"rendered":"VEGAN MULTI &#8211; 90 capsule"},"content":{"rendered":"<p><b><span data-contrast=\"none\">Compozi\u0163ie<\/span><\/b><span data-ccp-props=\"{&quot;134233117&quot;:false,&quot;134233118&quot;:false,&quot;134245418&quot;:true,&quot;134245529&quot;:true,&quot;335551550&quot;:1,&quot;335551620&quot;:1,&quot;335559738&quot;:281,&quot;335559739&quot;:281}\">\u00a0<\/span><\/p>\n<table>\n<tbody>\n<tr>\n<td><b>O capsul\u0103 ofer\u0103:<\/b><\/td>\n<td><\/td>\n<td><b>RI%<\/b><\/td>\n<\/tr>\n<tr>\n<td>Magneziu (citrat)<\/td>\n<td>22mg<\/td>\n<td>&#8211;<\/td>\n<\/tr>\n<tr>\n<td>Carcasa capsulei: celuloz\u0103 vegetal\u0103<\/td>\n<td>120mg<\/td>\n<td>&#8211;<\/td>\n<\/tr>\n<tr>\n<td>Calciu (citrat)<\/td>\n<td>20mg<\/td>\n<td>&#8211;<\/td>\n<\/tr>\n<tr>\n<td>Vitamina E (natural\u0103) 100iu<br \/>\n(d-alfa tocoferol succinat)<\/td>\n<td>67mg<\/td>\n<td>559<\/td>\n<\/tr>\n<tr>\n<td>Vitamina C (acid ascorbic)<\/td>\n<td>70mg<\/td>\n<td>87.5<\/td>\n<\/tr>\n<tr>\n<td>Zinc (picolinat)<\/td>\n<td>10mg<\/td>\n<td>100<\/td>\n<\/tr>\n<tr>\n<td>Fier (bisglicinat)<\/td>\n<td>5mg<\/td>\n<td>38<\/td>\n<\/tr>\n<tr>\n<td>Potasiu (gluconat)<\/td>\n<td>4mg<\/td>\n<td>&#8211;<\/td>\n<\/tr>\n<tr>\n<td>Vitamina B5 (pantotenat de calciu)<\/td>\n<td>20mg<\/td>\n<td>333<\/td>\n<\/tr>\n<tr>\n<td>Seleniu (L-selenometionin\u0103)<\/td>\n<td>100\u03bcg<\/td>\n<td>182<\/td>\n<\/tr>\n<tr>\n<td>Vitamina B6 (P5P) (piridoxidil 5-fosfat)<\/td>\n<td>15mg<\/td>\n<td>1071<\/td>\n<\/tr>\n<tr>\n<td>Colin\u0103 (bitartrate)<\/td>\n<td>7mg<\/td>\n<td>&#8211;<\/td>\n<\/tr>\n<tr>\n<td>Vitamina B2 (riboflavin\u0103)<\/td>\n<td>15mg<\/td>\n<td>1071<\/td>\n<\/tr>\n<tr>\n<td>Vitamina B3 (nicotinamid\u0103)<\/td>\n<td>15mg<\/td>\n<td>94<\/td>\n<\/tr>\n<tr>\n<td>Frunz\u0103 de ceai verde<\/td>\n<td>12mg<\/td>\n<td>&#8211;<\/td>\n<\/tr>\n<tr>\n<td>Vitamina B1 (tiamin\u0103 HCl)<\/td>\n<td>10mg<\/td>\n<td>909<\/td>\n<\/tr>\n<tr>\n<td>Vitamina A (acetat) 2498iu<\/td>\n<td>750\u03bcg<\/td>\n<td>94<\/td>\n<\/tr>\n<tr>\n<td>Broccoli<\/td>\n<td>10mg<\/td>\n<td>&#8211;<\/td>\n<\/tr>\n<tr>\n<td>Sfecl\u0103<\/td>\n<td>10mg<\/td>\n<td>&#8211;<\/td>\n<\/tr>\n<tr>\n<td>Inositol<\/td>\n<td>10mg<\/td>\n<td>&#8211;<\/td>\n<\/tr>\n<tr>\n<td>Extract de turmeric (95% curcuminoide)<i>\u00a0(Curcuma longa)<\/i><\/td>\n<td>10mg<\/td>\n<td>&#8211;<\/td>\n<\/tr>\n<tr>\n<td>Vitamina D 800iu (ca vitamina D3)<\/td>\n<td>20\u03bcg<\/td>\n<td>400<\/td>\n<\/tr>\n<tr>\n<td>Vitamina K (ca vitamina K2 MK-7)<\/td>\n<td>50\u03bcg<\/td>\n<td>68<\/td>\n<\/tr>\n<tr>\n<td>Mangan (gluconat)<\/td>\n<td>100\u03bcg<\/td>\n<td>&#8211;<\/td>\n<\/tr>\n<tr>\n<td>Cupru (gluconat)<\/td>\n<td>100\u03bcg<\/td>\n<td>&#8211;<\/td>\n<\/tr>\n<tr>\n<td>Vitamina B12 (adenosilcobalamin\u0103)<\/td>\n<td>500\u03bcg<\/td>\n<td>2000<\/td>\n<\/tr>\n<tr>\n<td>Vitamina B12 (metilcobalamin\u0103)<\/td>\n<td>500\u03bcg<\/td>\n<td>2000<\/td>\n<\/tr>\n<tr>\n<td>Acid folic (L-5-metiltetrahidrofolat)<\/td>\n<td>400\u03bcg<\/td>\n<td>200<\/td>\n<\/tr>\n<tr>\n<td>Crom (picolinat)<\/td>\n<td>25\u03bcg<\/td>\n<td>31<\/td>\n<\/tr>\n<tr>\n<td>Iod (iodur\u0103 de potasiu)<\/td>\n<td>150\u03bcg<\/td>\n<td>100<\/td>\n<\/tr>\n<tr>\n<td>Biotina<\/td>\n<td>50\u03bcg<\/td>\n<td>100<\/td>\n<\/tr>\n<tr>\n<td>Ingrediente suplimentare:<br \/>\nmaltodextrin\u0103, acid citric, amidon, zaharoz\u0103,<br \/>\nulei MCT, pulbere de celuloz\u0103 microcristalin\u0103,<br \/>\ndi-fosfat de calciu, dioxid de siliciu<\/td>\n<td><\/td>\n<td><\/td>\n<\/tr>\n<\/tbody>\n<\/table>\n<p>Mod de administrare: Lua\u021bi 1-2 capsule pe zi sau conform indica\u021biilor medicului.<\/p>\n<p>SUPLIMENT ALIMENTAR MULTI VEGAN<br \/>\nVegan Multi a fost dezvoltat pentru a sus\u021bine o diet\u0103 vegan\u0103. Vegan Multi con\u021bine un amestec special de vitamine, minerale \u0219i nutrien\u021bi pe baz\u0103 de plante despre care comunitatea vegan\u0103 consider\u0103 c\u0103 lipsesc \u00een mod obi\u0219nuit \u00een dieta vegan\u0103. Acestea includ vitamina B12, vitamina D, iod, seleniu, fier, zinc \u0219i vitamina K. Multivitaminele noastre vegane sunt special formulate pentru a combina aceste ingrediente \u00eentr-un singur supliment.<\/p>\n<p>CONCEPUT SPECIAL PENTRU DIETA VEGAN\u0102<br \/>\nVitamina B12 este deosebit de important\u0103 pentru o diet\u0103 vegetarian\u0103, deoarece poate fi g\u0103sit\u0103 doar \u00een produsele de origine animal\u0103. Vitamina B12 este esen\u021bial\u0103 pentru producerea de energie, imunitate, s\u0103n\u0103tatea sistemului nervos, func\u021bia creierului, formarea globulelor ro\u0219ii \u0219i procesele reproductive. Prin urmare, este foarte important s\u0103 monitoriza\u021bi \u00een mod regulat deficitul de vitamina B12 prin teste de s\u00e2nge.<\/p>\n<p>Iodul este un mineral esen\u021bial care se g\u0103se\u0219te adesea \u00een fructele de mare, cum ar fi pe\u0219tele, crustaceele \u0219i creve\u021bii. Se g\u0103se\u0219te \u0219i \u00een unele alimente vegetale, cum ar fi algele marine, dar poate fi dificil de ob\u021binut dac\u0103 nu este inclus \u00een diet\u0103. Fierul este un mineral care poate fi g\u0103sit \u00een surse vegetale, dar biodisponibilitatea acestor minerale \u00een organism este \u00eendoielnic\u0103.<\/p>\n<p>Nivelurile de vitamina A pot fi, de asemenea, sc\u0103zute la cei care urmeaz\u0103 o diet\u0103 vegan\u0103. De\u0219i beta-carotenul este un precursor vegetal al vitaminei A, care poate fi ob\u021binut\u0103 \u00een cantit\u0103\u021bi mari din legume, unii oameni nu sunt in stare s\u0103 transforme beta-carotenul \u00een vitamina A. Acest lucru se datoreaz\u0103 unui SNP genetic comun care \u00eencetine\u0219te sau \u00eempiedic\u0103 acest proces.<\/p>\n<p>CE FACE VEGAN MULTI?<br \/>\nVitaminele B1, B2, B3, B5, B6, B12, C \u0219i iodul contribuie la metabolismul energetic normal. Vitaminele B2, B3, B5, B6, B12 \u0219i C ajut\u0103 la reducerea oboselii. Vitaminele B2, C \u0219i E, \u00eempreun\u0103 cu zincul, ajut\u0103 la protejarea celulelor de stresul oxidativ. Vitamina C ajut\u0103 la men\u021binerea func\u021biei normale a sistemului imunitar \u00een timpul \u0219i dup\u0103 o activitate fizic\u0103 intens\u0103. Vitaminele A, B6, B12, C, D \u0219i zincul contribuie la func\u021bionarea normal\u0103 a sistemului imunitar. Vitaminele B1, B2, B3, B6, B12 \u0219i C, \u00eempreun\u0103 cu iodul, contribuie la func\u021bionarea normal\u0103 a sistemului nervos.<\/p>\n<p>Vitaminele A, B2 \u0219i zincul ajut\u0103 la men\u021binerea acuit\u0103\u021bii vizuale. Vitamina B1 contribuie la func\u021bionarea normal\u0103 a inimii. Vitaminele B1, B3, B6, B12 \u0219i C contribuie la func\u021bionarea normal\u0103 a sistemului psihic. Iodul \u0219i zincul contribuie la func\u021bionarea normal\u0103 a func\u021biilor cognitive. Vitamina B5 contribuie la activitatea mental\u0103 normal\u0103. Vitamina D ajut\u0103 la men\u021binerea func\u021biei musculare normale. Vitaminele A, B2 \u0219i B3 ajut\u0103 la men\u021binerea st\u0103rii normale a membranelor mucoase. Iodul contribuie la producerea normal\u0103 a hormonilor tiroidieni \u0219i la func\u021bionarea normal\u0103 a tiroidei.<\/p>\n<p>Vitaminele B6 \u0219i B12 contribuie la metabolismul normal al homocisteinei. Vitaminele B6 \u0219i B12 promoveaz\u0103 formarea globulelor ro\u0219ii. Cromul ajut\u0103 la men\u021binerea nivelului normal de glucoz\u0103 din s\u00e2nge. Vitamina B2 ajut\u0103 la men\u021binerea unui num\u0103r normal de globule ro\u0219ii. Vitaminele B12, D \u0219i zincul joac\u0103 un rol important \u00een procesul de diviziune celular\u0103. Cromul contribuie la metabolismul normal al macronutrien\u021bilor. Zincul contribuie la sinteza normal\u0103 a proteinelor. Vitamina B6 contribuie la sinteza normal\u0103 a cisteinei.<\/p>\n<p>Zincul este implicat \u00een sinteza normal\u0103 a ADN-ului. Zincul este implicat \u00een metabolismul normal al substan\u021belor acido-bazice, carbohidra\u021bilor, vitaminei A, macroelementelor \u0219i acizilor gra\u0219i. Vitamina A joac\u0103 un rol important \u00een procesul de specializare celular\u0103. Vitamina B5 contribuie la sinteza si metabolismul normal al hormonilor steroizi, vitaminei D si a unor neurotransmitatori. Vitamina B6 contribuie la metabolismul normal al proteinelor \u0219i al glicogenului. Vitamina B6 este implicat\u0103 \u00een reglarea activit\u0103\u021bii hormonale.<\/p>\n<p>Vitamina D \u0219i zincul ajut\u0103 la men\u021binerea s\u0103n\u0103t\u0103\u021bii normale a oaselor. Vitamina D ajut\u0103 la men\u021binerea s\u0103n\u0103t\u0103\u021bii<span style=\"font-size: 1rem\">\u00a0<\/span><span style=\"font-size: 1rem\">din\u021bilor. Zincul contribuie la fertilitatea \u0219i reproducerea normal\u0103. Zincul ajut\u0103 la men\u021binerea nivelului normal de testosteron \u00een s\u00e2nge. Vitamina C contribuie la formarea normal\u0103 a colagenului, care este necesar pentru func\u021bionarea normal\u0103 a vaselor de s\u00e2nge, oaselor, cartilajelor, gingiilor, pielii \u0219i din\u021bilor. Zincul ajut\u0103 la men\u021binerea p\u0103rului in starea normala. Zincul ajut\u0103 la men\u021binerea unghiilor.<\/span><\/p>\n<p>POTRIVIT PENTRU VEGANI<br \/>\nAcest supliment este potrivit pentru vegani. De asemenea, este considerat cu\u0219er \u0219i nu con\u021bine alergeni majori.<\/p>\n<p>Avertismente<\/p>\n<p>Acest produs con\u021bine vitamina A. Nu \u00eel lua\u021bi dac\u0103 sunte\u021bi \u00eens\u0103rcinat\u0103 sau pute\u021bi r\u0103m\u00e2ne gravid\u0103 dec\u00e2t dac\u0103 v\u0103 recomand\u0103 medicul sau clinica prenatal\u0103. Dac\u0103 lua\u021bi anticoagulante (diluan\u021bi ai s\u00e2ngelui), nu lua\u021bi acest produs f\u0103r\u0103 sfatul specialistului.<\/p>","protected":false},"excerpt":{"rendered":"<ul>\n<li>Normalizeaz\u0103 metabolismul energetic<\/li>\n<li>Regleaz\u0103 activitatea hormonal\u0103<\/li>\n<li>Particip\u0103 la procesul de diviziune celular\u0103 \u0219i sinteza ADN-ului<\/li>\n<li>Sprijin\u0103 func\u021bia inimii \u0219i a mu\u0219chilor<\/li>\n<li>Promoveaz\u0103 formarea globulelor ro\u0219ii<\/li>\n<li>Normalizeaz\u0103 nivelul de glucoz\u0103 din s\u00e2nge<\/li>\n<li>\u00cembun\u0103t\u0103\u021be\u0219te performan\u021ba mental\u0103<\/li>\n<li>Normalizeaz\u0103 func\u021bia tiroidian\u0103 \u0219i produc\u021bia de hormoni<\/li>\n<li>Ajut\u0103 la reducerea oboselii<\/li>\n<li>Protejeaz\u0103 celulele de stresul oxidativ<\/li>\n<li>Normalizeaz\u0103 func\u021biile sistemului imunitar \u0219i nervos<\/li>\n<li>Men\u021bine acuitatea vizual\u0103, normalizeaz\u0103 starea membranelor mucoase<\/li>\n<li>Normalizeaz\u0103 fertilitatea<\/li>\n<li>Sus\u021bine vasele de s\u00e2nge, oase, cartilaj, gingii, piele, din\u021bi \u0219i p\u0103r s\u0103n\u0103to\u0219i<\/li>\n<li>Curs timp de 3 luni (1 capsul\u0103 pe zi)<\/li>\n<\/ul>\n","protected":false},"featured_media":3330,"comment_status":"open","ping_status":"closed","template":"","meta":[],"product_brand":[],"product_cat":[108,77],"product_tag":[],"class_list":{"0":"post-3329","1":"product","2":"type-product","3":"status-publish","4":"has-post-thumbnail","6":"product_cat-complex","7":"product_cat-vegan-category","9":"first","10":"instock","11":"taxable","12":"shipping-taxable","13":"purchasable","14":"product-type-simple"},"aioseo_notices":[],"_links":{"self":[{"href":"https:\/\/www.vitamineonline.md\/ro\/wp-json\/wp\/v2\/product\/3329","targetHints":{"allow":["GET"]}}],"collection":[{"href":"https:\/\/www.vitamineonline.md\/ro\/wp-json\/wp\/v2\/product"}],"about":[{"href":"https:\/\/www.vitamineonline.md\/ro\/wp-json\/wp\/v2\/types\/product"}],"replies":[{"embeddable":true,"href":"https:\/\/www.vitamineonline.md\/ro\/wp-json\/wp\/v2\/comments?post=3329"}],"wp:featuredmedia":[{"embeddable":true,"href":"https:\/\/www.vitamineonline.md\/ro\/wp-json\/wp\/v2\/media\/3330"}],"wp:attachment":[{"href":"https:\/\/www.vitamineonline.md\/ro\/wp-json\/wp\/v2\/media?parent=3329"}],"wp:term":[{"taxonomy":"product_brand","embeddable":true,"href":"https:\/\/www.vitamineonline.md\/ro\/wp-json\/wp\/v2\/product_brand?post=3329"},{"taxonomy":"product_cat","embeddable":true,"href":"https:\/\/www.vitamineonline.md\/ro\/wp-json\/wp\/v2\/product_cat?post=3329"},{"taxonomy":"product_tag","embeddable":true,"href":"https:\/\/www.vitamineonline.md\/ro\/wp-json\/wp\/v2\/product_tag?post=3329"}],"curies":[{"name":"wp","href":"https:\/\/api.w.org\/{rel}","templated":true}]}}