{"id":3320,"date":"2024-07-10T12:15:37","date_gmt":"2024-07-10T09:15:37","guid":{"rendered":"https:\/\/www.vitamineonline.md\/?post_type=product&#038;p=3320"},"modified":"2025-12-11T04:15:59","modified_gmt":"2025-12-11T01:15:59","slug":"betain-betaine-hci-120-kapsul","status":"publish","type":"product","link":"https:\/\/www.vitamineonline.md\/ro\/product\/betain-betaine-hci-120-kapsul\/","title":{"rendered":"BETAINE HCI &#8211; 120 capsule"},"content":{"rendered":"<p><\/p>\n<div class=\"item_label\">\n<h3><span class=\"\">Compozi\u0163ie<\/span><\/h3>\n<p>Fiecare capsul\u0103 con\u021bine:<\/p>\n<table>\n<tbody>\n<tr>\n<th>Numele substan\u021bei<\/th>\n<th class=\"r\">Con\u0163inut<\/th>\n<\/tr>\n<tr>\n<td>Betain\u0103 HCl<\/td>\n<td class=\"r\">\u00a0440 mg<\/td>\n<\/tr>\n<tr>\n<td>Pepsin\u0103 (1:3000)<\/td>\n<td class=\"r\">\u00a020 mg<\/td>\n<\/tr>\n<tr>\n<td>Capsul\u0103 din celuloz\u0103 vegetal\u0103<\/td>\n<td class=\"r\">100 mg<\/td>\n<\/tr>\n<\/tbody>\n<\/table>\n<\/div>\n<p><strong>Instruc\u021biuni:<\/strong> Lua\u021bi 1-2 capsule zilnic \u00eenainte de mas\u0103 sau conform indica\u021biilor unui profesionist din domeniul s\u0103n\u0103t\u0103\u021bii.<\/p>\n<p>Potrivit pentru vegetarieni.<\/p>\n<h3><strong><span style=\"font-size: 1rem\">SUPLIMENT DE BETAIN\u0102 HCl CU PEPSIN\u0102<\/span><\/strong><\/h3>\n<p>Supliment de clorhidrat de betain\u0103 pur\u0103 cu adaos de pepsin\u0103. Fiecare capsul\u0103 con\u021bine 440 mg de betain\u0103 HCI combinat\u0103 cu 20 mg de pepsin\u0103, totul \u00eentr-o capsul\u0103 de celuloz\u0103 vegetal\u0103, f\u0103r\u0103 aditivi inutile. Capsulele noastre sunt special concepute pentru a se descompune \u00een mod natural \u00een stomac, asigur\u00e2ndu-se c\u0103 clorhidratul este eliberat \u00een momentul ideal \u00een timpul digestiei.<\/p>\n<h4><strong><span style=\"font-size: 1rem\">CE ESTE CLORURUL DE BETAIN\u0102?<\/span><\/strong><\/h4>\n<p>Clorhidratul de betain\u0103 descompune alimentele \u00een acela\u0219i mod ca acidul din stomac.Stomacul produce \u00een mod natural acid clorhidric (HCl) pentru a-\u0219i men\u021bine aciditatea standard, care este necesar\u0103 pentru a descompune eficient alimentele. Acest proces important nu numai c\u0103 sprijin\u0103 digestia, dar ajut\u0103 \u0219i la eliminarea bacteriilor patogene care pot fi prezente \u00een alimente. Cu toate acestea, produc\u021bia natural\u0103 de acid clorhidric poate fi redus\u0103 din cauza diver\u0219ilor factori precum \u00eemb\u0103tr\u00e2nirea, stresul, o diet\u0103 bogat\u0103 \u00een zah\u0103r, expunerea la alergeni, deficien\u021ba de zinc \u0219i obiceiuri precum m\u00e2ncatul rapid sau nu mestecat suficient.<\/p>\n<h3><strong><span style=\"font-size: 1rem\">POTRIVIT PENTRU VEGANI<\/span><\/strong><\/h3>\n<p>Acest supliment este prietenos cu veganii \u0219i nu con\u021bine OMG-uri, coloran\u021bi artificiali sau conservan\u021bi.Aten\u0163ie!Nu dep\u0103\u0219i\u021bi dozele recomandate.<br \/>\nNu utiliza\u021bi ca \u00eenlocuitor pentru un stil de via\u021b\u0103 s\u0103n\u0103tos.<br \/>\nA se p\u0103stra \u00eentr-un loc r\u0103coros, uscat, la \u00eendem\u00e2na copiilor.<\/p>","protected":false},"excerpt":{"rendered":"<ul>\n<li>Ajut\u0103 la \u00eembun\u0103t\u0103\u021birea digestiei<\/li>\n<li>Nu contine alergeni<\/li>\n<li>Potrivit pentru vegetarieni<\/li>\n<li>NU CON\u021aINE: OMG-uri, Gluten, Gr\u00e2u, Conservan\u021bi artificiali sau Coloran\u021bi<\/li>\n<\/ul>\n","protected":false},"featured_media":3321,"comment_status":"open","ping_status":"closed","template":"","meta":[],"product_brand":[],"product_cat":[86],"product_tag":[],"class_list":{"0":"post-3320","1":"product","2":"type-product","3":"status-publish","4":"has-post-thumbnail","6":"product_cat-digestie","8":"first","9":"outofstock","10":"taxable","11":"shipping-taxable","12":"purchasable","13":"product-type-simple"},"aioseo_notices":[],"_links":{"self":[{"href":"https:\/\/www.vitamineonline.md\/ro\/wp-json\/wp\/v2\/product\/3320","targetHints":{"allow":["GET"]}}],"collection":[{"href":"https:\/\/www.vitamineonline.md\/ro\/wp-json\/wp\/v2\/product"}],"about":[{"href":"https:\/\/www.vitamineonline.md\/ro\/wp-json\/wp\/v2\/types\/product"}],"replies":[{"embeddable":true,"href":"https:\/\/www.vitamineonline.md\/ro\/wp-json\/wp\/v2\/comments?post=3320"}],"wp:featuredmedia":[{"embeddable":true,"href":"https:\/\/www.vitamineonline.md\/ro\/wp-json\/wp\/v2\/media\/3321"}],"wp:attachment":[{"href":"https:\/\/www.vitamineonline.md\/ro\/wp-json\/wp\/v2\/media?parent=3320"}],"wp:term":[{"taxonomy":"product_brand","embeddable":true,"href":"https:\/\/www.vitamineonline.md\/ro\/wp-json\/wp\/v2\/product_brand?post=3320"},{"taxonomy":"product_cat","embeddable":true,"href":"https:\/\/www.vitamineonline.md\/ro\/wp-json\/wp\/v2\/product_cat?post=3320"},{"taxonomy":"product_tag","embeddable":true,"href":"https:\/\/www.vitamineonline.md\/ro\/wp-json\/wp\/v2\/product_tag?post=3320"}],"curies":[{"name":"wp","href":"https:\/\/api.w.org\/{rel}","templated":true}]}}