{"id":3313,"date":"2024-07-09T17:07:43","date_gmt":"2024-07-09T14:07:43","guid":{"rendered":"https:\/\/www.vitamineonline.md\/?post_type=product&#038;p=3313"},"modified":"2026-04-23T13:47:13","modified_gmt":"2026-04-23T10:47:13","slug":"kvercetin-quercetin-complex-120-kapsul","status":"publish","type":"product","link":"https:\/\/www.vitamineonline.md\/ro\/product\/kvercetin-quercetin-complex-120-kapsul\/","title":{"rendered":"Quercetin Complex- 120 capsule"},"content":{"rendered":"<p><\/p>\n<div class=\"item_label\">\n<h3><strong>Ingrediente<\/strong><\/h3>\n<table>\n<tbody>\n<tr>\n<td><b>3 capsule ofer\u0103:<\/b><\/td>\n<td><\/td>\n<td><b>RI%<\/b><\/td>\n<\/tr>\n<tr>\n<td>Quercetin\u0103<\/td>\n<td>900mg<\/td>\n<td>&#8211;<\/td>\n<\/tr>\n<tr>\n<td>Carcasa capsulei: celuloz\u0103 vegetal\u0103<\/td>\n<td>360mg<\/td>\n<td>&#8211;<\/td>\n<\/tr>\n<tr>\n<td>Bromelain (1200 GDU\/g)<\/td>\n<td>240mg<\/td>\n<td>&#8211;<\/td>\n<\/tr>\n<tr>\n<td>Vitamina C (acid ascorbic)<\/td>\n<td>180mg<\/td>\n<td>225<\/td>\n<\/tr>\n<tr>\n<td>Vitamina B5 (D-calciu pantotenat)<\/td>\n<td>17mg<\/td>\n<td>283<\/td>\n<\/tr>\n<\/tbody>\n<\/table>\n<\/div>\n<p><strong>Mod de administrare<\/strong>: 3 capsule pe zi sau conform indica\u021biilor medicului.<\/p>\n<p><strong style=\"font-size: 1rem\">Quercetina<\/strong><span style=\"font-size: 1rem\"> este un flavonoid popular care este cel mai bine cunoscut pentru prezen\u021ba sa \u00eentr-o serie de plante. Acestea includ mere, ceap\u0103, capere \u0219i fructe de p\u0103dure. Alte plante comune care con\u021bin flavonoli precum quercetina sunt castanul de cal, sun\u0103toarea, ginkgo biloba \u0219i multe altele.<\/span><\/p>\n<p><strong style=\"font-size: 1rem\">Nu con\u021bine<\/strong><span style=\"font-size: 1rem\">:\u00a0OMG, gluten, gr\u00e2u, zaharuri ad\u0103ugate, conservan\u021bi artificiali sau coloran\u021bi.<\/span><\/p>\n<p>Atunci c\u00e2nd oamenii sunt expu\u0219i la substan\u021be sau situa\u021bii care pun un stres suplimentar asupra mecanismelor naturale de ap\u0103rare ale organismului, poate necesita sprijin suplimentar. Vitamina C, aminoacizii \u0219i metionina sunt antioxidan\u021bi puternici care lucreaz\u0103 \u00eendeaproape cu multe vitamine B \u0219i pot fi de ajutor \u00een perioadele de sl\u0103biciune.<\/p>\n<p>&nbsp;<\/p>\n<ul>\n<li><strong>Vitamina C<\/strong> promoveaz\u0103 formarea normal\u0103 de colagen pentru func\u021bionarea normal\u0103 a vaselor de s\u00e2nge, oaselor, cartilajelor, gingiilor, pielii \u0219i din\u021bilor.<\/li>\n<li><strong style=\"font-size: 1rem\">Vitamina C<\/strong><span style=\"font-size: 1rem\"> promoveaz\u0103 metabolismul<\/span><\/li>\n<li><strong style=\"font-size: 1rem\">Vitamina C<\/strong><span style=\"font-size: 1rem\"> contribuie la func\u021bionarea normal\u0103 a sistemului nervos<\/span><\/li>\n<li><strong style=\"font-size: 1rem\">Vitamina C<\/strong><span style=\"font-size: 1rem\"> ajut\u0103 la normalizarea sistemului imunitar<\/span><\/li>\n<li><strong style=\"font-size: 1rem\">Vitamina C<\/strong><span style=\"font-size: 1rem\"> reduce oboseala<\/span><\/li>\n<li><strong style=\"font-size: 1rem\">Vitamina C<\/strong><span style=\"font-size: 1rem\"> promoveaz\u0103 regenerarea formei reduse de vitamina E<\/span><\/li>\n<li><strong style=\"font-size: 1rem\">Vitamina C<\/strong><span style=\"font-size: 1rem\"> m\u0103re\u0219te absorb\u021bia de fier de c\u0103tre organism.<\/span><\/li>\n<li><strong style=\"font-size: 1rem\">Acidul pantotenic<\/strong><span style=\"font-size: 1rem\"> (vitamina B5) contribuie la metabolismul normal<\/span><\/li>\n<li><strong style=\"font-size: 1rem\">Acid pantotenic<\/strong><span style=\"font-size: 1rem\"> pentru func\u021bionarea normal\u0103 a sistemului nervos<\/span><\/li>\n<li><strong style=\"font-size: 1rem\">Acidul pantotenic<\/strong><span style=\"font-size: 1rem\"> contribuie la sinteza \u0219i metabolismul normal al hormonilor steroizi \u0219i vitaminei D<\/span><\/li>\n<li><strong style=\"font-size: 1rem\">Acidul pantotenic<\/strong><span style=\"font-size: 1rem\"> ajut\u0103 la reducerea oboselii<\/span><\/li>\n<\/ul>\n<p>&nbsp;<\/p>\n<p>Potrivit pentru vegetarieni. Certificatul Rabin Adler Kosher.Avertizare:Nu dep\u0103\u0219i\u021bi doza recomandat\u0103 enumerat\u0103.<br \/>\nSuplimentul alimentar nu trebuie folosit ca \u00eenlocuitor al unei alimenta\u021bii variate \u0219i echilibrate.<br \/>\nA se p\u0103stra \u00eentr-un loc r\u0103coros, uscat, la \u00eendem\u00e2na copiilor mici.<\/p>","protected":false},"excerpt":{"rendered":"<ul>\n<li>\u00cent\u0103re\u0219te sistemul imunitar<\/li>\n<li>Reduce oboseala<\/li>\n<li>Normalizeaz\u0103 func\u021bionarea vaselor de s\u00e2nge, oaselor, cartilajelor, gingiilor, pielii \u0219i din\u021bilor<\/li>\n<li>\u0421urs timp de 4 luni (c\u00e2nd se administreaz\u0103 1 comprimat pe zi)<\/li>\n<li>Potrivit pentru vegetarieni \u0219i vegani<\/li>\n<\/ul>\n","protected":false},"featured_media":3314,"comment_status":"open","ping_status":"closed","template":"","meta":[],"product_brand":[],"product_cat":[85,84,39],"product_tag":[],"class_list":{"0":"post-3313","1":"product","2":"type-product","3":"status-publish","4":"has-post-thumbnail","6":"product_cat-articulatii","7":"product_cat-imunitate","8":"product_cat-antioxidants","10":"first","11":"instock","12":"taxable","13":"shipping-taxable","14":"purchasable","15":"product-type-simple"},"aioseo_notices":[],"_links":{"self":[{"href":"https:\/\/www.vitamineonline.md\/ro\/wp-json\/wp\/v2\/product\/3313","targetHints":{"allow":["GET"]}}],"collection":[{"href":"https:\/\/www.vitamineonline.md\/ro\/wp-json\/wp\/v2\/product"}],"about":[{"href":"https:\/\/www.vitamineonline.md\/ro\/wp-json\/wp\/v2\/types\/product"}],"replies":[{"embeddable":true,"href":"https:\/\/www.vitamineonline.md\/ro\/wp-json\/wp\/v2\/comments?post=3313"}],"wp:featuredmedia":[{"embeddable":true,"href":"https:\/\/www.vitamineonline.md\/ro\/wp-json\/wp\/v2\/media\/3314"}],"wp:attachment":[{"href":"https:\/\/www.vitamineonline.md\/ro\/wp-json\/wp\/v2\/media?parent=3313"}],"wp:term":[{"taxonomy":"product_brand","embeddable":true,"href":"https:\/\/www.vitamineonline.md\/ro\/wp-json\/wp\/v2\/product_brand?post=3313"},{"taxonomy":"product_cat","embeddable":true,"href":"https:\/\/www.vitamineonline.md\/ro\/wp-json\/wp\/v2\/product_cat?post=3313"},{"taxonomy":"product_tag","embeddable":true,"href":"https:\/\/www.vitamineonline.md\/ro\/wp-json\/wp\/v2\/product_tag?post=3313"}],"curies":[{"name":"wp","href":"https:\/\/api.w.org\/{rel}","templated":true}]}}