{"id":3310,"date":"2024-07-09T16:42:58","date_gmt":"2024-07-09T13:42:58","guid":{"rendered":"https:\/\/www.vitamineonline.md\/?post_type=product&#038;p=3310"},"modified":"2026-04-21T20:42:09","modified_gmt":"2026-04-21T17:42:09","slug":"resveratrol-resveratol-kompleks-60-kapsul","status":"publish","type":"product","link":"https:\/\/www.vitamineonline.md\/ro\/product\/resveratrol-resveratol-kompleks-60-kapsul\/","title":{"rendered":"Resveratrol Complex &#8211; 60 capsule"},"content":{"rendered":"<p><\/p>\n<div class=\"item_label\">\n<h3><strong>Compus<\/strong><strong>:<\/strong><\/h3>\n<table>\n<tbody>\n<tr>\n<td><b>O capsul\u0103 ofer\u0103:<\/b><\/td>\n<td><\/td>\n<td><b>RI%<\/b><\/td>\n<\/tr>\n<tr>\n<td>Extract<br \/>\nde resveratrol (<i>Polygonum cu spidatum<\/i>)<br \/>\n(furniz\u00e2nd resveratrol 125mg)<\/td>\n<td>500mg<\/td>\n<td>&#8211;<\/td>\n<\/tr>\n<tr>\n<td>Capsul\u0103: celuloz\u0103 vegetal\u0103<\/td>\n<td>120mg<\/td>\n<td>&#8211;<\/td>\n<\/tr>\n<tr>\n<td>Extract<br \/>\nde ceai verde (furniz\u00e2nd EGCG 50mg)<\/td>\n<td>112mg<\/td>\n<td>&#8211;<\/td>\n<\/tr>\n<tr>\n<td>Quercetin\u0103<\/td>\n<td>80mg<\/td>\n<td>&#8211;<\/td>\n<\/tr>\n<tr>\n<td>CoQ10<\/td>\n<td>20mg<\/td>\n<td>&#8211;<\/td>\n<\/tr>\n<\/tbody>\n<\/table>\n<div class=\"item_label\">\n<p class=\"stamp\"><strong>Utilizare:<\/strong><br \/>\nLua\u021bi 1 capsul\u0103 pe zi sau conform indica\u021biilor unui specialist. Certificatul Rabin Adler Kosher.<\/p>\n<\/div>\n<p>Aceast\u0103 substan\u021b\u0103 este o adev\u0103rat\u0103 surs\u0103 de tinere\u021be.<br \/>\nResveratrolul activeaz\u0103 anumite gene care ajut\u0103 la combaterea bolilor care apar pe m\u0103sur\u0103 ce organismul \u00eemb\u0103tr\u00e2ne\u0219te. Neutralizeaz\u0103 radicalii liberi produ\u0219i \u00een timpul proceselor de zi cu zi.<\/p>\n<p>Resveratrolul are urm\u0103toarele efecte benefice asupra organismului:<br \/>\nEfect cardioprotector<br \/>\nReduce nivelul de colesterol<br \/>\nProtejeaz\u0103 \u0219i sus\u021bine sistemul digestiv<br \/>\nAnti-\u00eemb\u0103tr\u00e2nire (efect de \u00eentinerire)<br \/>\nAntiinflamator \u0219i antioxidant<br \/>\nSprijin \u00een lupta \u00eempotriva bolii hepatice grase<br \/>\nSprijin\u0103 diabetul de tip 2<br \/>\n\u00cent\u0103re\u0219te sistemul imunitar<br \/>\nPerforman\u021b\u0103 cognitiv\u0103 \u00eembun\u0103t\u0103\u021bit\u0103<br \/>\nPrevenirea bolii Alzheimer<br \/>\nSprijin\u0103 pielea s\u0103n\u0103toas\u0103<\/p>\n<p>Deoarece resveratrolul ajut\u0103 la protejarea \u00eempotriva unei game largi de boli asociate cu procesul de \u00eemb\u0103tr\u00e2nire, este adesea numit \u201ef\u00e2nt\u00e2na tinere\u021bii\u201d \u0219i poate prelungi via\u021ba.<\/p>\n<p>NU CON\u021aINUT:\u00a0Gluten, gr\u00e2u, lactoz\u0103, zah\u0103r ad\u0103ugat, conservan\u021bi sau coloran\u021bi artificiali.<\/p>\n<\/div>\n<p>&nbsp;<\/p>","protected":false},"excerpt":{"rendered":"<ul>\n<li>Ofer\u0103 un efect de \u00eentinerire<\/li>\n<li>Previne obezitatea<\/li>\n<li>\u00cembun\u0103t\u0103\u021be\u0219te func\u021bionarea inimii \u0219i circula\u021bia s\u00e2ngelui<\/li>\n<li>Folosit \u00een lupta \u00eempotriva celulelor canceroase<\/li>\n<li>Efect antiinflamator<\/li>\n<li><\/li>\n<li><\/li>\n<\/ul>\n","protected":false},"featured_media":3518,"comment_status":"open","ping_status":"closed","template":"","meta":[],"product_brand":[],"product_cat":[108,78,77,89,88,87,98],"product_tag":[],"class_list":{"0":"post-3310","1":"product","2":"type-product","3":"status-publish","4":"has-post-thumbnail","6":"product_cat-complex","7":"product_cat-diet","8":"product_cat-vegan-category","9":"product_cat-pentru-creier","10":"product_cat-aging","11":"product_cat-inima-si-tensiune","12":"product_cat-skin","14":"first","15":"instock","16":"taxable","17":"shipping-taxable","18":"purchasable","19":"product-type-simple"},"aioseo_notices":[],"_links":{"self":[{"href":"https:\/\/www.vitamineonline.md\/ro\/wp-json\/wp\/v2\/product\/3310","targetHints":{"allow":["GET"]}}],"collection":[{"href":"https:\/\/www.vitamineonline.md\/ro\/wp-json\/wp\/v2\/product"}],"about":[{"href":"https:\/\/www.vitamineonline.md\/ro\/wp-json\/wp\/v2\/types\/product"}],"replies":[{"embeddable":true,"href":"https:\/\/www.vitamineonline.md\/ro\/wp-json\/wp\/v2\/comments?post=3310"}],"wp:featuredmedia":[{"embeddable":true,"href":"https:\/\/www.vitamineonline.md\/ro\/wp-json\/wp\/v2\/media\/3518"}],"wp:attachment":[{"href":"https:\/\/www.vitamineonline.md\/ro\/wp-json\/wp\/v2\/media?parent=3310"}],"wp:term":[{"taxonomy":"product_brand","embeddable":true,"href":"https:\/\/www.vitamineonline.md\/ro\/wp-json\/wp\/v2\/product_brand?post=3310"},{"taxonomy":"product_cat","embeddable":true,"href":"https:\/\/www.vitamineonline.md\/ro\/wp-json\/wp\/v2\/product_cat?post=3310"},{"taxonomy":"product_tag","embeddable":true,"href":"https:\/\/www.vitamineonline.md\/ro\/wp-json\/wp\/v2\/product_tag?post=3310"}],"curies":[{"name":"wp","href":"https:\/\/api.w.org\/{rel}","templated":true}]}}