{"id":3085,"date":"2023-05-16T18:32:54","date_gmt":"2023-05-16T15:32:54","guid":{"rendered":"https:\/\/www.vitamineonline.md\/?post_type=product&#038;p=3085"},"modified":"2026-04-21T20:56:13","modified_gmt":"2026-04-21T17:56:13","slug":"kojenzim-q10-coenzima-q10-100-mg-60-kapsul","status":"publish","type":"product","link":"https:\/\/www.vitamineonline.md\/ro\/product\/kojenzim-q10-coenzima-q10-100-mg-60-kapsul\/","title":{"rendered":"CoQ10 100mg &#8211; 60 capsule"},"content":{"rendered":"<p><\/p>\n<h3><strong>I<\/strong><strong>ngrediente<\/strong><\/h3>\n<p>Fiecare capsul\u0103 con\u021bine:<\/p>\n<table>\n<tbody>\n<tr>\n<th>Numele substan\u021bei<\/th>\n<th class=\"r\">Con\u0163inut<\/th>\n<\/tr>\n<tr>\n<td>COQ10 (Ubiquinon\u0103)<\/td>\n<td class=\"r\">100 mg<\/td>\n<\/tr>\n<tr>\n<td>F\u0103in\u0103 de Orez (agent de \u00eenc\u0103rcare)<\/td>\n<td class=\"r\">400 mg<\/td>\n<\/tr>\n<tr>\n<td>Capsul\u0103 din celuloz\u0103 vegetal\u0103<\/td>\n<td class=\"r\">100 mg<\/td>\n<\/tr>\n<\/tbody>\n<\/table>\n<p><strong>Mod de administrare<\/strong>: 1 capsul\u0103 pe zi \u00een timpul mesei sau conform indica\u021biilor medicului.<\/p>\n<p><strong>CoQ10<\/strong>, cunoscut\u0103 \u0219i sub numele de Coenzima Q10, este o substan\u021b\u0103 care se g\u0103se\u0219te \u00een aproape fiecare celul\u0103 a corpului. Este un catalizator vital \u00een crearea energiei de care celulele au nevoie pentru via\u021b\u0103 \u0219i este implicat \u00eendeaproape \u00een multe dintre procesele metabolice. Produc\u021bia de energie de CoQ10 face, de asemenea, mai u\u0219or pentru organism s\u0103 ard\u0103 gr\u0103simile pentru combustibil.<\/p>\n<p><strong>Suplimentarea CoQ10<\/strong>\u00a0este deosebit de benefic\u0103 pentru cei peste 30 de ani, deoarece produc\u021bia de Coq10 se reduce substan\u021bial pe m\u0103sur\u0103 ce \u00eemb\u0103tr\u00e2nim. Suplimentul nostru este ideal \u0219i pentru cei care au devenit deficitari din cauza malnutri\u021biei sau a nivelului ridicat de stres. CoQ10 poate fi g\u0103sit \u00een mitocondrii cu locuri precum inima \u0219i pielea \u0219i, prin urmare, reducerea daunelor ROS \u0219i ADN-ului.<\/p>\n<p><strong>SUPLIMENTUL NOSTRU COQ10<\/strong><br \/>\nSupliment de \u00eenalt\u0103 calitate CoQ10, oferind 100 mg din forma ubichinon\u0103 a CoQ10. Ubichinona este forma oxidat\u0103 a CoQ10 \u0219i a fost pe pia\u021b\u0103 mult mai mult timp dec\u00e2t forma redus\u0103 a CoQ10, ubichinolul.<\/p>\n<p><strong>CE ESTE COQ10?<\/strong><br \/>\nCoenzima Q10, cunoscut\u0103 \u00een mod obi\u0219nuit ca CoQ10, este str\u00e2ns implicat\u0103 \u00een procesele metabolice care transform\u0103 glucoza \u00een energia care conduce fiecare proces din organism. Acesta este motivul pentru care este at\u00e2t de abundent \u00een \u021besutul muscular, mu\u0219chiul inimii av\u00e2nd cea mai mare concentra\u021bie de CoQ10.<\/p>\n<p><strong>UBICHINON\u0102 VS UBICHINOL<\/strong><br \/>\nExist\u0103 dou\u0103 forme diferite de CoQ10. Ubichinol \u0219i ubichinon\u0103. Ambele ofer\u0103 aceea\u0219i utilizare \u00een organism. Ubichinona, forma pe care o folosim \u00een suplimentele noastre, este forma oxidat\u0103 a CoQ10 care a fost folosit\u0103 \u00een suplimente mult mai mult dec\u00e2t Ubiquinol. Aceasta \u00eenseamn\u0103 c\u0103 majoritatea studiilor se fac folosind aceast\u0103 form\u0103, folosit\u0103 \u00een energia celular\u0103 \u0219i metabolismul ATP.<\/p>\n<p>Ubichinolul trebuie transformat \u00een ubichinon\u0103 pentru a fi absorbit \u00een intestine. Se va converti apoi \u00eenainte \u0219i \u00eenapoi de mai multe ori, uneori \u00een mai pu\u021bin de o secund\u0103, pentru a-\u0219i \u00eendeplini cel mai bine func\u021bia \u00een func\u021bie de locul \u00een care se afl\u0103 \u00een corp; s\u00e2nge, limfa sau mitocondrii. Acesta este motivul pentru care folosim ubichinona \u00een produsul nostru CoQ10.<\/p>\n<p>Coenzima Q10 (CoQ10) devine rapid unul dintre cele mai populare suplimente nutritive din lume, totu\u0219i mul\u021bi oameni \u0219tiu \u00eenc\u0103 pu\u021bine despre ea. Aceast\u0103 coenzim\u0103 este produs\u0103 \u00een cantit\u0103\u021bi mici \u00een organism \u0219i este un nutrient asem\u0103n\u0103tor vitaminelor implicate \u00een producerea de ATP (adenozin trifosfat) &#8211; principala surs\u0103 de energie celular\u0103 pentru utilizare \u00een \u00eentregul organism. Se crede c\u0103 nivelurile de coenzim\u0103 Q10 scad odat\u0103 cu v\u00e2rsta. Capsulele noastre sunt o modalitate excelent\u0103 de a v\u0103 cre\u0219te aportul din acest nutrient important \u0219i de a ajuta la \u00eembun\u0103t\u0103\u021birea oxigen\u0103rii \u021besuturilor \u0219i celulelor corpului dumneavoastr\u0103.<\/p>\n<p>CoQ10 poate ajuta \u00een urm\u0103toarele domenii:<\/p>\n<p>Pentru insuficien\u021b\u0103 cardiac\u0103, cardiomiopatie, diabet zaharat al gingiilor, insuficien\u021b\u0103 renal\u0103, migren\u0103, reac\u021bii adverse ale medicamentelor, boala Parkinson, sc\u0103dere \u00een greutate.<\/p>\n<p>Folosit pentru prevenirea atacurilor de cord \u0219i normalizarea tensiunii arteriale.<\/p>\n<p>Potrivit pentru vegani. Certificat cu\u0219er de c\u0103tre rabinul Adler. Nu con\u021bine gr\u00e2u, lactoz\u0103, gluten, zah\u0103r, conservan\u021bi sau \u00eendulcitori.<\/p>\n<p><strong>Avertizare:<\/strong><\/p>\n<p>Nu dep\u0103\u0219i\u021bi doza recomandat\u0103 indicat\u0103.<\/p>\n<p>Un supliment alimentar nu trebuie utilizat ca substitut pentru o diet\u0103 variat\u0103 \u0219i echilibrat\u0103 si un stil de via\u021b\u0103 s\u0103n\u0103tos.<\/p>\n<p>A se p\u0103stra \u00eentr-un loc r\u0103coros \u0219i uscat, departe de \u00eendem\u00e2na \u0219i vederea copiilor mici.<\/p>\n<p>Code: GA044<\/p>","protected":false},"excerpt":{"rendered":"<ul>\n<li>Are efect antioxidant<\/li>\n<li>Util pentru persoanele \u00een v\u00e2rst\u0103<\/li>\n<li>Prevenirea atacului de cord \u0219i normalizarea tensiunii arteriale<\/li>\n<li>Ajut\u0103 la migrene<\/li>\n<\/ul>\n","protected":false},"featured_media":3086,"comment_status":"open","ping_status":"closed","template":"","meta":[],"product_brand":[],"product_cat":[77,82,87,97],"product_tag":[119],"class_list":{"0":"post-3085","1":"product","2":"type-product","3":"status-publish","4":"has-post-thumbnail","6":"product_cat-vegan-category","7":"product_cat-for-women","8":"product_cat-inima-si-tensiune","9":"product_cat-life-energy","10":"product_tag-coq10","12":"first","13":"instock","14":"taxable","15":"shipping-taxable","16":"purchasable","17":"product-type-simple"},"aioseo_notices":[],"_links":{"self":[{"href":"https:\/\/www.vitamineonline.md\/ro\/wp-json\/wp\/v2\/product\/3085","targetHints":{"allow":["GET"]}}],"collection":[{"href":"https:\/\/www.vitamineonline.md\/ro\/wp-json\/wp\/v2\/product"}],"about":[{"href":"https:\/\/www.vitamineonline.md\/ro\/wp-json\/wp\/v2\/types\/product"}],"replies":[{"embeddable":true,"href":"https:\/\/www.vitamineonline.md\/ro\/wp-json\/wp\/v2\/comments?post=3085"}],"wp:featuredmedia":[{"embeddable":true,"href":"https:\/\/www.vitamineonline.md\/ro\/wp-json\/wp\/v2\/media\/3086"}],"wp:attachment":[{"href":"https:\/\/www.vitamineonline.md\/ro\/wp-json\/wp\/v2\/media?parent=3085"}],"wp:term":[{"taxonomy":"product_brand","embeddable":true,"href":"https:\/\/www.vitamineonline.md\/ro\/wp-json\/wp\/v2\/product_brand?post=3085"},{"taxonomy":"product_cat","embeddable":true,"href":"https:\/\/www.vitamineonline.md\/ro\/wp-json\/wp\/v2\/product_cat?post=3085"},{"taxonomy":"product_tag","embeddable":true,"href":"https:\/\/www.vitamineonline.md\/ro\/wp-json\/wp\/v2\/product_tag?post=3085"}],"curies":[{"name":"wp","href":"https:\/\/api.w.org\/{rel}","templated":true}]}}