{"id":2715,"date":"2022-08-18T17:43:51","date_gmt":"2022-08-18T14:43:51","guid":{"rendered":"https:\/\/www.vitamineonline.md\/?post_type=product&#038;p=2715"},"modified":"2026-05-04T10:11:31","modified_gmt":"2026-05-04T07:11:31","slug":"vitamin-d32500iu_k2_c-90-kapsul","status":"publish","type":"product","link":"https:\/\/www.vitamineonline.md\/ro\/product\/vitamin-d32500iu_k2_c-90-kapsul\/","title":{"rendered":"Vitamina D3 2500UI (cu vitamina K2) &#8211; 90 de capsule vegane"},"content":{"rendered":"<p><\/p>\n<h3><strong>Compus<\/strong><strong>:<\/strong><\/h3>\n<table>\n<tbody>\n<tr>\n<td><b>O capsul\u0103 ofer\u0103:<\/b><\/td>\n<td><\/td>\n<td><b>RI%<\/b><\/td>\n<\/tr>\n<tr>\n<td>Vitamina C (acid L-ascorbic)<\/td>\n<td>150mg<\/td>\n<td>188<\/td>\n<\/tr>\n<tr>\n<td>Coaj\u0103 capsul\u0103: celuloz\u0103 vegetal\u0103<\/td>\n<td>40mg<\/td>\n<td>&#8211;<\/td>\n<\/tr>\n<tr>\n<td>Vitamina D (ca D3)(2500iu)<\/td>\n<td>62,50\u03bcg<\/td>\n<td>1250<\/td>\n<\/tr>\n<tr>\n<td>Vitamina K (ca K2)<\/td>\n<td>100\u03bcg<\/td>\n<td>133<\/td>\n<\/tr>\n<tr>\n<td>Ingrediente suplimentare:gum\u0103 arab\u0103, sirop de porumb, dioxid de siliciu, ascorbat de sodiu, pulbere de celuloz\u0103 micro-cristalin\u0103, ulei de trigliceride cu lan\u021b mediu.<\/td>\n<\/tr>\n<\/tbody>\n<\/table>\n<h3><strong>Instruc\u021biuni:<\/strong><\/h3>\n<p>Lua\u021bi 1 capsul\u0103 cu o mas\u0103 principal\u0103 sau conform indica\u021biilor unui profesionist din domeniul s\u0103n\u0103t\u0103\u021bii.<\/p>\n<h3>SUPLIMENT DE VITAMINA D.<\/h3>\n<p>Suplimentul de vitamina D3 2500 UI combin\u0103 vitamina D vegan\u0103 de \u00eenalt\u0103 calitate cu vitamina C \u0219i K2 (forma MK-7) pentru a forma un amestec complet de vitamine esen\u021biale care ac\u021bioneaz\u0103 \u00eempreun\u0103 \u00een organism. Aceast\u0103 formul\u0103 creeaz\u0103 un amestec bun pentru men\u021binerea s\u0103n\u0103t\u0103\u021bii oaselor. Vitaminele D, C \u0219i K2 contribuie la men\u021binerea s\u0103n\u0103t\u0103\u021bii oaselor \u0219i la func\u021bionarea normal\u0103 a sistemului imunitar.<\/p>\n<hr \/>\n<h3>F\u0102CUT DIN LICHEN NATURAL (ALGE)<\/h3>\n<p>Suplimentul nostru de vitamina D3 2500 UI este fabricat din lichen natural, un organism compozit care ia na\u0219tere din alge. Lichenul con\u021bine cantit\u0103\u021bi incredibil de concentrate de vitamina D3, ceea ce ne permite s\u0103 producem un supliment vegan de vitamina D de \u00eenalt\u0103 calitate.<\/p>\n<hr \/>\n<h3>CE ESTE VITAMINA D?<\/h3>\n<p>Vitamina D este o vitamin\u0103 liposolubil\u0103 care poate fi ingerat\u0103 prin alimente sau produs\u0103 de organism ca urmare a razelor solare care intr\u0103 pe piele.<\/p>\n<hr \/>\n<h3>DE CE AR TREBUI S\u0102 IAU ACEST SUPLIMENT?<\/h3>\n<p>Vitamina D contribuie la o diet\u0103 s\u0103n\u0103toas\u0103 \u00een multe feluri. Aceasta include contribu\u021bia la func\u021bionarea normal\u0103 a sistemului imunitar \u0219i men\u021binerea s\u0103n\u0103t\u0103\u021bii oaselor, a func\u021biei musculare \u0219i a din\u021bilor. Vitamina D joac\u0103, de asemenea, un rol \u00een contribuirea la nivelurile normale de calciu din s\u00e2nge \u0219i la procesul de diviziune celular\u0103.<\/p>\n<p>Vitamina C contribuie la o diet\u0103 s\u0103n\u0103toas\u0103 \u00een multe feluri. Aceasta include func\u021bionarea normal\u0103 a sistemului imunitar \u00een timpul \u0219i dup\u0103 exerci\u021bii fizice \u0219i func\u021bionarea normal\u0103 a sistemului nervos. Vitamina C contribuie, de asemenea, la formarea colagenului pentru func\u021bionarea normal\u0103 a vaselor de s\u00e2nge, a cartilajului, a oaselor, a gingiilor, a pielii \u0219i a din\u021bilor. Vitamina C poate contribui, de asemenea, la protejarea celulelor \u00eempotriva stresului oxidativ, la reducerea oboselii \u0219i a extenu\u0103rii.<\/p>\n<hr \/>\n<h3>POTRIVIT PENTRU VEGANI<\/h3>\n<p>Acest supliment este potrivit at\u00e2t pentru vegani, c\u00e2t \u0219i pentru vegetarieni. Este, de asemenea, aprobat kosher \u0219i nu con\u021bine alergeni majori.<\/p>\n<h3>Sfaturi despre produse<\/h3>\n<p>Nu dep\u0103\u0219i\u021bi doza recomandat\u0103 indicat\u0103. Un supliment alimentar nu trebuie utilizat ca \u00eenlocuitor pentru o diet\u0103 variat\u0103 sau un stil de via\u021b\u0103 s\u0103n\u0103tos. Dup\u0103 deschidere, utiliza\u021bi con\u021binutul rapid \u0219i p\u0103stra\u021bi-l la frigider \u00een aceast\u0103 cutie cu capacul bine \u00eenchis. A nu se l\u0103sa la \u00eendem\u00e2na \u0219i vederea copiilor mici.<\/p>\n<p>Dac\u0103 lua\u021bi anticoagulante (medicamente anticoagulante), nu lua\u021bi acest produs dec\u00e2t la recomandarea medicului.<\/p>","protected":false},"excerpt":{"rendered":"<ul>\n<li>Vitamina D vegan\u0103 natural\u0103 din licheni (alge)<br \/>\ncu vitaminele K2 \u0219i C<\/li>\n<li>Aprovizionare pentru 3 luni (1 pe zi)<\/li>\n<li>Potrivit pentru vegani<\/li>\n<li>Fabricat \u00een Marea Britanie<\/li>\n<\/ul>\n","protected":false},"featured_media":3565,"comment_status":"open","ping_status":"closed","template":"","meta":[],"product_brand":[],"product_cat":[108,113,104,102,77,84,67],"product_tag":[],"class_list":{"0":"post-2715","1":"product","2":"type-product","3":"status-publish","4":"has-post-thumbnail","6":"product_cat-complex","7":"product_cat-vitamin_k","8":"product_cat-vitamin-d","9":"product_cat-vitamin-c","10":"product_cat-vegan-category","11":"product_cat-imunitate","12":"product_cat-new-supplements","14":"first","15":"instock","16":"taxable","17":"shipping-taxable","18":"purchasable","19":"product-type-simple"},"aioseo_notices":[],"_links":{"self":[{"href":"https:\/\/www.vitamineonline.md\/ro\/wp-json\/wp\/v2\/product\/2715","targetHints":{"allow":["GET"]}}],"collection":[{"href":"https:\/\/www.vitamineonline.md\/ro\/wp-json\/wp\/v2\/product"}],"about":[{"href":"https:\/\/www.vitamineonline.md\/ro\/wp-json\/wp\/v2\/types\/product"}],"replies":[{"embeddable":true,"href":"https:\/\/www.vitamineonline.md\/ro\/wp-json\/wp\/v2\/comments?post=2715"}],"wp:featuredmedia":[{"embeddable":true,"href":"https:\/\/www.vitamineonline.md\/ro\/wp-json\/wp\/v2\/media\/3565"}],"wp:attachment":[{"href":"https:\/\/www.vitamineonline.md\/ro\/wp-json\/wp\/v2\/media?parent=2715"}],"wp:term":[{"taxonomy":"product_brand","embeddable":true,"href":"https:\/\/www.vitamineonline.md\/ro\/wp-json\/wp\/v2\/product_brand?post=2715"},{"taxonomy":"product_cat","embeddable":true,"href":"https:\/\/www.vitamineonline.md\/ro\/wp-json\/wp\/v2\/product_cat?post=2715"},{"taxonomy":"product_tag","embeddable":true,"href":"https:\/\/www.vitamineonline.md\/ro\/wp-json\/wp\/v2\/product_tag?post=2715"}],"curies":[{"name":"wp","href":"https:\/\/api.w.org\/{rel}","templated":true}]}}