{"id":2707,"date":"2022-08-18T17:06:33","date_gmt":"2022-08-18T14:06:33","guid":{"rendered":"https:\/\/www.vitamineonline.md\/?post_type=product&#038;p=2707"},"modified":"2026-04-21T21:03:28","modified_gmt":"2026-04-21T18:03:28","slug":"magnij-taurat-magnesium-taurate-50-mg-60-veganskih-kapsul","status":"publish","type":"product","link":"https:\/\/www.vitamineonline.md\/ro\/product\/magnij-taurat-magnesium-taurate-50-mg-60-veganskih-kapsul\/","title":{"rendered":"Magneziu Taurat 50mg &#8211; 60 capsule vegane"},"content":{"rendered":"<p><\/p>\n<h3><strong>Compus<\/strong><strong>:<\/strong><\/h3>\n<table>\n<tbody>\n<tr>\n<td><b>O capsul\u0103 ofer\u0103:<\/b><\/td>\n<td><\/td>\n<td><b>RI%<\/b><\/td>\n<\/tr>\n<tr>\n<td>Magneziu (taurat)<\/td>\n<td>50mg<\/td>\n<td>&#8211;<\/td>\n<\/tr>\n<tr>\n<td>Carcasa capsulei: celuloz\u0103 vegetal\u0103<\/td>\n<td>120mg<\/td>\n<td>&#8211;<\/td>\n<\/tr>\n<tr>\n<td>Lucern\u0103<\/td>\n<td>110mg<\/td>\n<td>&#8211;<\/td>\n<\/tr>\n<tr>\n<td>Ingrediente suplimentare:<br \/>\noxid de magneziu, protein\u0103 de orez<\/td>\n<td><\/td>\n<td><\/td>\n<\/tr>\n<\/tbody>\n<\/table>\n<div class=\"item_label\">\n<div class=\"item_label\">\n<h3><strong>Instruc\u021biuni:<\/strong><\/h3>\n<p>Lua\u021bi o capsul\u0103 zilnic cu o mas\u0103 principal\u0103 sau conform indica\u021biilor unui profesionist din domeniul s\u0103n\u0103t\u0103\u021bii.<\/p>\n<h3>SUPLIMENTUL NOSTRU DE MAGNEZIU TAURAT<\/h3>\n<p>Supliment de taurat de magneziu care ofer\u0103 50mg de magneziu elementar \u00eentr-o capsul\u0103 vegan\u0103. Magneziul taurat este folosit \u00een acest supliment deoarece este absorbit mai u\u0219or de organism datorit\u0103 preg\u0103tirii sale cu aminoacidul taurin\u0103.<\/p>\n<hr \/>\n<h3>CE ESTE MAGNEZIUL?<\/h3>\n<p>Magneziul este un mineral elementar esen\u021bial pentru func\u021bia celular\u0103.<\/p>\n<hr \/>\n<h3>CE FACE MAGNEZIUL?<\/h3>\n<p>Magneziul contribuie \u00een multe privin\u021be la o diet\u0103 s\u0103n\u0103toas\u0103. Magneziul contribuie la reducerea oboselii \u0219i oboselii, la men\u021binerea normal\u0103 a oaselor \u0219i din\u021bilor, la func\u021bia muscular\u0103 normal\u0103 \u0219i la metabolismul normal care produce energie.<\/p>\n<hr \/>\n<h3>POTRIVIT PENTRU VEGANI<\/h3>\n<p>Magneziul Taurat este potrivit at\u00e2t pentru vegetarieni, c\u00e2t \u0219i pentru vegani. Este, de asemenea, aprobat kosher \u0219i nu con\u021bine alergeni majori.<\/p>\n<\/div>\n<\/div>\n<h3><strong>Avertizare:<\/strong><\/h3>\n<p>Nu dep\u0103\u0219i doza recomandat\u0103 indicat\u0103. Un supliment alimentar nu ar trebui folosit ca substitut pentru o diet\u0103 variat\u0103 \u0219i echilibrat\u0103 \u0219i un stil de via\u021b\u0103 s\u0103n\u0103tos. P\u0103streaz\u0103-le \u00eentr-un loc r\u0103coros \u0219i uscat, departe de raza \u0219i raza vizual\u0103 a copiilor mici.<\/p>\n<p>\u0410\u0440\u0442\u0438\u043a\u0443\u043b: GA066<\/p>","protected":false},"excerpt":{"rendered":"<ul>\n<li>Magneziul contribuie la metabolismul normal.<\/li>\n<li>Magneziul contribuie la func\u021bionarea normal\u0103 a sistemului nervos.<\/li>\n<li>Magneziul contribuie la func\u021bia muscular\u0103 normal\u0103.<\/li>\n<li>Magneziul contribuie la sinteza normal\u0103 a proteinelor.<\/li>\n<\/ul>\n","protected":false},"featured_media":4152,"comment_status":"open","ping_status":"closed","template":"","meta":[],"product_brand":[],"product_cat":[130,65,61,67],"product_tag":[],"class_list":{"0":"post-2707","1":"product","2":"type-product","3":"status-publish","4":"has-post-thumbnail","6":"product_cat-magneziu","7":"product_cat-minerals","8":"product_cat-vegan-supplements","9":"product_cat-new-supplements","11":"first","12":"instock","13":"taxable","14":"shipping-taxable","15":"purchasable","16":"product-type-simple"},"aioseo_notices":[],"_links":{"self":[{"href":"https:\/\/www.vitamineonline.md\/ro\/wp-json\/wp\/v2\/product\/2707","targetHints":{"allow":["GET"]}}],"collection":[{"href":"https:\/\/www.vitamineonline.md\/ro\/wp-json\/wp\/v2\/product"}],"about":[{"href":"https:\/\/www.vitamineonline.md\/ro\/wp-json\/wp\/v2\/types\/product"}],"replies":[{"embeddable":true,"href":"https:\/\/www.vitamineonline.md\/ro\/wp-json\/wp\/v2\/comments?post=2707"}],"wp:featuredmedia":[{"embeddable":true,"href":"https:\/\/www.vitamineonline.md\/ro\/wp-json\/wp\/v2\/media\/4152"}],"wp:attachment":[{"href":"https:\/\/www.vitamineonline.md\/ro\/wp-json\/wp\/v2\/media?parent=2707"}],"wp:term":[{"taxonomy":"product_brand","embeddable":true,"href":"https:\/\/www.vitamineonline.md\/ro\/wp-json\/wp\/v2\/product_brand?post=2707"},{"taxonomy":"product_cat","embeddable":true,"href":"https:\/\/www.vitamineonline.md\/ro\/wp-json\/wp\/v2\/product_cat?post=2707"},{"taxonomy":"product_tag","embeddable":true,"href":"https:\/\/www.vitamineonline.md\/ro\/wp-json\/wp\/v2\/product_tag?post=2707"}],"curies":[{"name":"wp","href":"https:\/\/api.w.org\/{rel}","templated":true}]}}