{"id":2686,"date":"2022-08-13T16:35:25","date_gmt":"2022-08-13T13:35:25","guid":{"rendered":"https:\/\/www.vitamineonline.md\/?post_type=product&#038;p=2686"},"modified":"2026-04-21T21:11:27","modified_gmt":"2026-04-21T18:11:27","slug":"vitamin-k2-high-strength-vitamin-k2-200-mg-90-kapsul","status":"publish","type":"product","link":"https:\/\/www.vitamineonline.md\/ro\/product\/vitamin-k2-high-strength-vitamin-k2-200-mg-90-kapsul\/","title":{"rendered":"Vitamina K2 concentrat\u0103 200mcg &#8211; 90 capsule vegane"},"content":{"rendered":"<p><b><span data-contrast=\"none\">Compozi\u0163ie<\/span><\/b><span data-ccp-props=\"{&quot;134233117&quot;:false,&quot;134233118&quot;:false,&quot;134245418&quot;:true,&quot;134245529&quot;:true,&quot;335551550&quot;:1,&quot;335551620&quot;:1,&quot;335559738&quot;:281,&quot;335559739&quot;:281}\">\u00a0<\/span><\/p>\n<table>\n<tbody>\n<tr>\n<td><b>O capsul\u0103 ofer\u0103:<\/b><\/td>\n<td><\/td>\n<td><b>RI%<\/b><\/td>\n<\/tr>\n<tr>\n<td>Carcasa capsulei: celuloz\u0103 vegetal\u0103<\/td>\n<td>40mg<\/td>\n<td>&#8211;<\/td>\n<\/tr>\n<tr>\n<td>Lucern\u0103<\/td>\n<td>80mg<\/td>\n<td>&#8211;<\/td>\n<\/tr>\n<tr>\n<td>Vitamina K2 (ca vitamina K2 MK-7)<\/td>\n<td>200\u03bcg<\/td>\n<td>267<\/td>\n<\/tr>\n<tr>\n<td>Ingrediente suplimentare:<br \/>\npulbere de celuloz\u0103 microcristalin\u0103 (desicant), ulei<br \/>\nde trigliceride cu lan\u021b mediu (stabilizator).<\/td>\n<td><\/td>\n<td><\/td>\n<\/tr>\n<\/tbody>\n<\/table>\n<div class=\"item_label\">\n<div class=\"item_label\"><\/div>\n<\/div>\n<p><strong>Instruc\u021biuni: <\/strong>Lua\u021bi 1 capsul\u0103 pe zi cu masa principal\u0103 sau conform recomand\u0103rilor unui medic.<\/p>\n<p><strong>SUPLIMENTUL NOSTRU DE VITAMIN\u0102 K2 DE \u00ceNALT\u0102 REZISTENT\u0102<\/strong><br \/>\nVitamina K2 de \u00eenalt\u0103 rezisten\u021b\u0103 ofer\u0103 exact ceea ce v-a\u021bi a\u0219tepta, vitamina K de \u00eenalt\u0103 calitate \u0219i rezisten\u021b\u0103 ridicat\u0103 \u00eentr-o capsul\u0103 de celuloz\u0103 vegetal\u0103. Fiecare capsul\u0103 ofer\u0103 200\u03bcg de vitamina K2 (MK-7).<\/p>\n<p><strong>CE ESTE VITAMINA K2?<\/strong><br \/>\nVitamina K2 este o vitamina liposolubila care joaca un rol in mentinerea oaselor si a coagularii sangelui.<\/p>\n<p><strong>CE FACE VITAMINA K?<\/strong><br \/>\nVitamina K contribuie la un stil de via\u021b\u0103 s\u0103n\u0103tos \u00een mai multe moduri. K2 contribuie la men\u021binerea normal\u0103 a oaselor \u0219i la coagularea normal\u0103 a s\u00e2ngelui.<\/p>\n<p><strong>POTRIVIT PENTRU VEGANI<\/strong><br \/>\nProdusul este potrivit pentru vegetarieni \u0219i vegani. Este aprobat kosher \u0219i nu con\u021bine alergeni majori.<\/p>\n<p>STICLE SI ETICHETE 100% BIODEGRADABILE<br \/>\nSticlele \u0219i etichetele noastre sunt fabricate din materiale vegetale naturale, ceea ce le face 100% biodegradabile.<\/p>\n<p>Suplimentele noastre sunt, de asemenea, f\u0103cute din surse de energie 100% regenerabile.<\/p>\n<p>Articol: GA026<\/p>","protected":false},"excerpt":{"rendered":"<ul>\n<li>Sprijin\u0103 s\u0103n\u0103tatea oaselor<\/li>\n<li>\u00cembun\u0103t\u0103\u021be\u0219te coagularea s\u00e2ngelui<\/li>\n<li>Curs timp de 3 luni (1 capsul\u0103 pe zi)<\/li>\n<li>Potrivit pentru vegetarieni \u0219i vegani<\/li>\n<\/ul>\n","protected":false},"featured_media":4105,"comment_status":"open","ping_status":"closed","template":"","meta":[],"product_brand":[],"product_cat":[113,77,87,67,66],"product_tag":[],"class_list":{"0":"post-2686","1":"product","2":"type-product","3":"status-publish","4":"has-post-thumbnail","6":"product_cat-vitamin_k","7":"product_cat-vegan-category","8":"product_cat-inima-si-tensiune","9":"product_cat-new-supplements","10":"product_cat-health-concerns","12":"first","13":"instock","14":"taxable","15":"shipping-taxable","16":"purchasable","17":"product-type-simple"},"aioseo_notices":[],"_links":{"self":[{"href":"https:\/\/www.vitamineonline.md\/ro\/wp-json\/wp\/v2\/product\/2686","targetHints":{"allow":["GET"]}}],"collection":[{"href":"https:\/\/www.vitamineonline.md\/ro\/wp-json\/wp\/v2\/product"}],"about":[{"href":"https:\/\/www.vitamineonline.md\/ro\/wp-json\/wp\/v2\/types\/product"}],"replies":[{"embeddable":true,"href":"https:\/\/www.vitamineonline.md\/ro\/wp-json\/wp\/v2\/comments?post=2686"}],"wp:featuredmedia":[{"embeddable":true,"href":"https:\/\/www.vitamineonline.md\/ro\/wp-json\/wp\/v2\/media\/4105"}],"wp:attachment":[{"href":"https:\/\/www.vitamineonline.md\/ro\/wp-json\/wp\/v2\/media?parent=2686"}],"wp:term":[{"taxonomy":"product_brand","embeddable":true,"href":"https:\/\/www.vitamineonline.md\/ro\/wp-json\/wp\/v2\/product_brand?post=2686"},{"taxonomy":"product_cat","embeddable":true,"href":"https:\/\/www.vitamineonline.md\/ro\/wp-json\/wp\/v2\/product_cat?post=2686"},{"taxonomy":"product_tag","embeddable":true,"href":"https:\/\/www.vitamineonline.md\/ro\/wp-json\/wp\/v2\/product_tag?post=2686"}],"curies":[{"name":"wp","href":"https:\/\/api.w.org\/{rel}","templated":true}]}}