{"id":2655,"date":"2022-08-09T10:52:00","date_gmt":"2022-08-09T07:52:00","guid":{"rendered":"https:\/\/www.vitamineonline.md\/?post_type=product&#038;p=2655"},"modified":"2026-04-21T21:12:02","modified_gmt":"2026-04-21T18:12:02","slug":"d3-cink-amp-c-90-kapsul","status":"publish","type":"product","link":"https:\/\/www.vitamineonline.md\/ro\/product\/d3-cink-amp-c-90-kapsul\/","title":{"rendered":"D3, Zinc &amp; C &#8211; 90 de capsule"},"content":{"rendered":"<p><\/p>\n<h3><strong>Compus<\/strong><strong>:<\/strong><\/h3>\n<table>\n<tbody>\n<tr>\n<td><b>O capsul\u0103 ofer\u0103:<\/b><\/td>\n<td><\/td>\n<td><b>RI%<\/b><\/td>\n<\/tr>\n<tr>\n<td>Vitamina C (L-Acid Ascorbic)<\/td>\n<td>550mg<\/td>\n<td>688<\/td>\n<\/tr>\n<tr>\n<td>Carcasa capsulei: Hidroxipropil<br \/>\nmetilceluloz\u0103<\/td>\n<td>100mg<\/td>\n<td>&#8211;<\/td>\n<\/tr>\n<tr>\n<td>F\u0103in\u0103 de orez\u00a0<i>(Oryza sativa)<\/i><\/td>\n<td>50mg<\/td>\n<td>&#8211;<\/td>\n<\/tr>\n<tr>\n<td>Zinc (Citrat)<\/td>\n<td>12mg<\/td>\n<td>125<\/td>\n<\/tr>\n<tr>\n<td>Vitamina D (D3 ca colecalciferol)<br \/>\n(400iu) (Maltodextrin\u0103, amidon, zah\u0103r)<\/td>\n<td>10\u03bcg<\/td>\n<td>200<\/td>\n<\/tr>\n<\/tbody>\n<\/table>\n<h3><strong>Instruc\u021biuni:<\/strong><\/h3>\n<p>Lua\u021bi o capsul\u0103 zilnic sau conform indica\u021biilor unui profesionist din domeniul s\u0103n\u0103t\u0103\u021bii.<\/p>\n<h3>D3, SUPLIMENT CU ZINC &amp; C<\/h3>\n<p>D3, Zinc \u0219i C este un amestec specializat pentru imunitate, format din vitamina D, vitamina C \u0219i zinc de \u00eenalt\u0103 calitate, \u00eentr-o capsul\u0103 vegetal\u0103. Vitamina D, vitamina C \u0219i zincul contribuie la func\u021bionarea normal\u0103 a sistemului imunitar.<\/p>\n<hr \/>\n<h3>CE FAC D3, ZINC \u0218I C?<\/h3>\n<p>Vitamina D, vitamina C \u0219i zincul contribuie la o diet\u0103 s\u0103n\u0103toas\u0103 \u00een multe feluri. Vitamina D, vitamina C \u0219i zincul contribuie la func\u021bionarea normal\u0103 a sistemului imunitar. Vitamina D \u0219i zincul contribuie, de asemenea, la men\u021binerea normal\u0103 a oaselor, \u00een timp ce vitamina C contribuie la reducerea oboselii \u0219i extenu\u0103rii.<\/p>\n<hr \/>\n<h3>CE ESTE VITAMINA D?<\/h3>\n<p>Vitamina D este o vitamin\u0103 liposolubil\u0103 care poate fi ingerat\u0103 prin alimente sau produs\u0103 de organism ca urmare a razelor solare care intr\u0103 pe piele.<\/p>\n<hr \/>\n<h3>CE ESTE ZINCUL?<\/h3>\n<p>Zincul lucreaz\u0103 \u00eempreun\u0103 cu organismul, supraveghind fluxul eficient al procesului \u0219i men\u021binerea unor sisteme ale corpului.<\/p>\n<hr \/>\n<h3>CE ESTE VITAMINA C?<\/h3>\n<p>Vitamina C este solubil\u0103 \u00een ap\u0103, ceea ce \u00eenseamn\u0103 c\u0103 organismul nu o poate stoca, spre deosebire de al\u021bi nutrien\u021bi. Vitamina C contribuie la protejarea celulelor \u00eempotriva stresului oxidativ.<\/p>\n<hr \/>\n<h3>POTRIVIT PENTRU VEGETARIENI<\/h3>\n<p>Acest produs este potrivit pentru vegetarieni. Este, de asemenea, aprobat pentru kosher.<\/p>\n<h3>Sfaturi despre produse<\/h3>\n<p>Nu dep\u0103\u0219i\u021bi doza recomandat\u0103. Un supliment alimentar nu trebuie utilizat ca \u00eenlocuitor pentru o diet\u0103 variat\u0103 sau un stil de via\u021b\u0103 s\u0103n\u0103tos. A se p\u0103stra \u00eentr-un loc r\u0103coros \u0219i uscat, ferit de copii.<\/p>","protected":false},"excerpt":{"rendered":"<ul>\n<li>Vitamina D3, vitamina C \u0219i zinc<\/li>\n<li>Contribuie la func\u021bionarea normal\u0103 a sistemului imunitar<\/li>\n<li>Aport pentru 3 luni (o dat\u0103 pe zi)<\/li>\n<li>Potrivit pentru vegetarieni<\/li>\n<\/ul>\n","protected":false},"featured_media":3571,"comment_status":"open","ping_status":"closed","template":"","meta":[],"product_brand":[],"product_cat":[108,104,102,84,67],"product_tag":[],"class_list":{"0":"post-2655","1":"product","2":"type-product","3":"status-publish","4":"has-post-thumbnail","6":"product_cat-complex","7":"product_cat-vitamin-d","8":"product_cat-vitamin-c","9":"product_cat-imunitate","10":"product_cat-new-supplements","12":"first","13":"instock","14":"taxable","15":"shipping-taxable","16":"purchasable","17":"product-type-simple"},"aioseo_notices":[],"_links":{"self":[{"href":"https:\/\/www.vitamineonline.md\/ro\/wp-json\/wp\/v2\/product\/2655","targetHints":{"allow":["GET"]}}],"collection":[{"href":"https:\/\/www.vitamineonline.md\/ro\/wp-json\/wp\/v2\/product"}],"about":[{"href":"https:\/\/www.vitamineonline.md\/ro\/wp-json\/wp\/v2\/types\/product"}],"replies":[{"embeddable":true,"href":"https:\/\/www.vitamineonline.md\/ro\/wp-json\/wp\/v2\/comments?post=2655"}],"wp:featuredmedia":[{"embeddable":true,"href":"https:\/\/www.vitamineonline.md\/ro\/wp-json\/wp\/v2\/media\/3571"}],"wp:attachment":[{"href":"https:\/\/www.vitamineonline.md\/ro\/wp-json\/wp\/v2\/media?parent=2655"}],"wp:term":[{"taxonomy":"product_brand","embeddable":true,"href":"https:\/\/www.vitamineonline.md\/ro\/wp-json\/wp\/v2\/product_brand?post=2655"},{"taxonomy":"product_cat","embeddable":true,"href":"https:\/\/www.vitamineonline.md\/ro\/wp-json\/wp\/v2\/product_cat?post=2655"},{"taxonomy":"product_tag","embeddable":true,"href":"https:\/\/www.vitamineonline.md\/ro\/wp-json\/wp\/v2\/product_tag?post=2655"}],"curies":[{"name":"wp","href":"https:\/\/api.w.org\/{rel}","templated":true}]}}