{"id":2335,"date":"2022-01-11T11:36:57","date_gmt":"2022-01-11T08:36:57","guid":{"rendered":"https:\/\/www.vitamineonline.md\/?post_type=product&#038;p=2335"},"modified":"2026-04-21T21:14:35","modified_gmt":"2026-04-21T18:14:35","slug":"folievaja-kislota-5-mthf-400-mkg-90-kapsul","status":"publish","type":"product","link":"https:\/\/www.vitamineonline.md\/ro\/product\/folievaja-kislota-5-mthf-400-mkg-90-kapsul\/","title":{"rendered":"Acid folic (folat) &#8211; 120 capsule vegane"},"content":{"rendered":"<p><\/p>\n<h3><strong>Compus<\/strong><strong>:<\/strong><\/h3>\n<table>\n<tbody>\n<tr>\n<td><b>1 capsul\u0103 ofer\u0103:<\/b><\/td>\n<td><\/td>\n<td><b>RI%<\/b><\/td>\n<\/tr>\n<tr>\n<td>F\u0103in\u0103 de orez<\/td>\n<td>155 mg<\/td>\n<td>&#8211;<\/td>\n<\/tr>\n<tr>\n<td>Carcasa capsulei: celuloz\u0103 vegetal\u0103<\/td>\n<td>40mg<\/td>\n<td>&#8211;<\/td>\n<\/tr>\n<tr>\n<td>Folat (L-5-metiltetrahidrofolat)<\/td>\n<td>400\u03bcg<\/td>\n<td>200<\/td>\n<\/tr>\n<\/tbody>\n<\/table>\n<h3><strong>Instruc\u021biuni:<\/strong><\/h3>\n<p>Lua\u021bi 1 capsul\u0103 pe zi la mas\u0103 sau conform indica\u021biilor unui profesionist.<\/p>\n<h3>SUPLIMENT DE ACID FOLIC<\/h3>\n<p>Supliment de acid folic care furnizeaz\u0103 400 \u03bcg de folat de \u00eenalt\u0103 calitate \u00een forma biologic activ\u0103, L-5-metiltetrahidrofolat (5-MTHF). Spre deosebire de acidul folic sintetic, 5-MTHF este forma natural\u0103, biodisponibil\u0103, care se g\u0103se\u0219te \u00een alimente \u0219i este utilizat\u0103 direct de organism &#8211; nu este necesar\u0103 conversia.<\/p>\n<p>Fiecare capsul\u0103 de celuloz\u0103 vegetal\u0103 u\u0219or de \u00eenghi\u021bit ofer\u0103 un suport optim de acid folic, deosebit de important pentru femeile de v\u00e2rst\u0103 fertil\u0103.<\/p>\n<hr \/>\n<h3>CE ESTE ACIDUL FOLIC?<\/h3>\n<p>Acidul folic este un nutrient solubil \u00een ap\u0103 care face parte din familia complexului de vitamine B. Joac\u0103 un rol crucial \u00een formarea celulelor ro\u0219ii din s\u00e2nge, sinteza ADN-ului \u0219i cre\u0219terea celulelor.<\/p>\n<hr \/>\n<h3>CE FACE ACIDUL FOLIC?<\/h3>\n<p>Aportul suplimentar de acid folic cre\u0219te statutul de acid folic matern. Statutul sc\u0103zut de folat matern este un factor de risc \u00een dezvoltarea defectelor tubului neural la f\u0103tul \u00een curs de dezvoltare. Efectul benefic se ob\u021bine cu un aport zilnic suplimentar de acid folic de 400\u03bcg timp de cel pu\u021bin o lun\u0103 \u00eenainte \u0219i p\u00e2n\u0103 la trei luni dup\u0103 concep\u021bie pentru femeile de v\u00e2rst\u0103 fertil\u0103.<\/p>\n<hr \/>\n<h3>POTRIVIT PENTRU VEGANI<\/h3>\n<p>Acest supliment este potrivit pentru vegani. De asemenea, este aprobat kosher \u0219i nu con\u021bine alergeni majori.<\/p>\n<h3><strong>Avertizare:<\/strong><\/h3>\n<p>Nu dep\u0103\u0219i\u021bi doza recomandat\u0103 declarat\u0103.<\/p>\n<p>Un supliment alimentar nu trebuie utilizat ca substitut pentru o diet\u0103 variat\u0103 \u0219i echilibrat\u0103 \u0219i un stil de via\u021b\u0103 s\u0103n\u0103tos.<\/p>\n<p>A se p\u0103stra \u00eentr-un loc r\u0103coros \u0219i uscat, la \u00eendem\u00e2na \u0219i vederea copiilor mici.<\/p>","protected":false},"excerpt":{"rendered":"<p>\u0423\u043a\u0440\u0435\u043f\u043b\u044f\u0435\u0442 \u0438\u043c\u043c\u0443\u043d\u043d\u0443\u044e \u0441\u0438\u0441\u0442\u0435\u043c\u0443<br \/>\n\u0423\u0447\u0430\u0441\u0442\u0432\u0443\u0435\u0442 \u0432 \u043f\u0440\u043e\u0446\u0435\u0441\u0441\u0435 \u0432\u044b\u0440\u0430\u0431\u043e\u0442\u043a\u0438 \u044d\u043d\u0435\u0440\u0433\u0438\u0438<br \/>\n\u041f\u043e\u043c\u043e\u0433\u0430\u0435\u0442 \u0438\u0437\u0431\u0435\u0436\u0430\u0442\u044c \u0441\u043e\u0441\u0442\u043e\u044f\u043d\u0438\u044f \u0431\u0435\u0441\u043f\u043e\u043a\u043e\u0439\u0441\u0442\u0432\u0430 \u0438 \u0434\u0435\u043f\u0440\u0435\u0441\u0441\u0438\u0438<br \/>\n\u041f\u043e\u043c\u043e\u0433\u0430\u0435\u0442 \u043f\u0440\u0435\u0434\u043e\u0442\u0432\u0440\u0430\u0442\u0438\u0442\u044c \u043f\u0440\u0435\u0436\u0434\u0435\u0432\u0440\u0435\u043c\u0435\u043d\u043d\u044b\u0435 \u0440\u043e\u0434\u044b<\/p>\n","protected":false},"featured_media":3599,"comment_status":"open","ping_status":"closed","template":"","meta":[],"product_brand":[],"product_cat":[100,101],"product_tag":[],"class_list":{"0":"post-2335","1":"product","2":"type-product","3":"status-publish","4":"has-post-thumbnail","6":"product_cat-all-vitamins","7":"product_cat-vitamin-b","9":"first","10":"instock","11":"taxable","12":"shipping-taxable","13":"purchasable","14":"product-type-simple"},"aioseo_notices":[],"_links":{"self":[{"href":"https:\/\/www.vitamineonline.md\/ro\/wp-json\/wp\/v2\/product\/2335","targetHints":{"allow":["GET"]}}],"collection":[{"href":"https:\/\/www.vitamineonline.md\/ro\/wp-json\/wp\/v2\/product"}],"about":[{"href":"https:\/\/www.vitamineonline.md\/ro\/wp-json\/wp\/v2\/types\/product"}],"replies":[{"embeddable":true,"href":"https:\/\/www.vitamineonline.md\/ro\/wp-json\/wp\/v2\/comments?post=2335"}],"wp:featuredmedia":[{"embeddable":true,"href":"https:\/\/www.vitamineonline.md\/ro\/wp-json\/wp\/v2\/media\/3599"}],"wp:attachment":[{"href":"https:\/\/www.vitamineonline.md\/ro\/wp-json\/wp\/v2\/media?parent=2335"}],"wp:term":[{"taxonomy":"product_brand","embeddable":true,"href":"https:\/\/www.vitamineonline.md\/ro\/wp-json\/wp\/v2\/product_brand?post=2335"},{"taxonomy":"product_cat","embeddable":true,"href":"https:\/\/www.vitamineonline.md\/ro\/wp-json\/wp\/v2\/product_cat?post=2335"},{"taxonomy":"product_tag","embeddable":true,"href":"https:\/\/www.vitamineonline.md\/ro\/wp-json\/wp\/v2\/product_tag?post=2335"}],"curies":[{"name":"wp","href":"https:\/\/api.w.org\/{rel}","templated":true}]}}