{"id":2277,"date":"2021-11-18T14:06:04","date_gmt":"2021-11-18T11:06:04","guid":{"rendered":"https:\/\/www.vitamineonline.md\/?post_type=product&#038;p=2277"},"modified":"2026-04-21T21:15:16","modified_gmt":"2026-04-21T18:15:16","slug":"zrenie-plus-eyebright-plus-60-kapsul","status":"publish","type":"product","link":"https:\/\/www.vitamineonline.md\/ro\/product\/zrenie-plus-eyebright-plus-60-kapsul\/","title":{"rendered":"Vision Plus (Eyebright Plus) &#8211; 60 \u043a\u0430\u043f\u0441\u0443\u043b"},"content":{"rendered":"<p><strong>Ingrediente:<\/strong><\/p>\n<table>\n<tbody>\n<tr>\n<td><b>1 capsul\u0103 ofer\u0103:<\/b><\/td>\n<td><\/td>\n<td><b>RI%<\/b><\/td>\n<\/tr>\n<tr>\n<td>Extract<br \/>\nde lutein\u0103 &#8211; furniz\u00e2nd 7 mg de luteina real\u0103<\/td>\n<td>140mg<\/td>\n<td>&#8211;<\/td>\n<\/tr>\n<tr>\n<td>Extract<br \/>\nde licopen &#8211; furnizeaz\u0103 7 mg de licopen real<\/td>\n<td>140mg<\/td>\n<td>&#8211;<\/td>\n<\/tr>\n<tr>\n<td>Carcasa capsulei: celuloz\u0103 vegetal\u0103<\/td>\n<td>100mg<\/td>\n<td>&#8211;<\/td>\n<\/tr>\n<tr>\n<td><span>Lumina ochilor (<i>Euphrasia spp.<\/i><\/span>)<\/td>\n<td>50 mg<\/td>\n<td>&#8211;<\/td>\n<\/tr>\n<tr>\n<td><span>Afine (<i>Vaccinium myrtillus<\/i><\/span>)<\/td>\n<td>50 mg<\/td>\n<td>&#8211;<\/td>\n<\/tr>\n<tr>\n<td>Extract de zeaxantin\u0103 (5% zeaxantin\u0103)<br \/>\n&#8211; furniz\u00e2nd 2 mg de zeaxantin\u0103 real\u0103<\/td>\n<td>40mg<\/td>\n<td>&#8211;<\/td>\n<\/tr>\n<tr>\n<td>Extract de astaxantin\u0103 (3% astaxantin\u0103)<br \/>\n&#8211; furniz\u00e2nd 1 mg de astaxantin\u0103 real\u0103<\/td>\n<td>33,33 mg<\/td>\n<td>&#8211;<\/td>\n<\/tr>\n<tr>\n<td>R\u0103d\u0103cin\u0103 de morcov (Daucus carota)<\/td>\n<td>20 mg<\/td>\n<td>&#8211;<\/td>\n<\/tr>\n<tr>\n<td>Vitamina A (acetat)<\/td>\n<td>770\u03bcg<\/td>\n<td>96<\/td>\n<\/tr>\n<tr>\n<td>Acid alfa lipoic<\/td>\n<td>2,5 mg<\/td>\n<td>&#8211;<\/td>\n<\/tr>\n<tr>\n<td>Ingrediente suplimentare:<br \/>\namidon, maltodextrin\u0103, zaharoz\u0103, dioxid de silicon<br \/>\n, lecitin\u0103, palmitat de ascorbil<\/td>\n<td><\/td>\n<td><\/td>\n<\/tr>\n<\/tbody>\n<\/table>\n<p>Instruc\u021biuni: Lua\u021bi 1-2 capsule pe zi in timpul mesei sau conform indica\u021biilor unui medic.<\/p>\n<p>SUPLIMENTUL NOSTRU EYEBRIGHT PLUS<br \/>\nEyebright Plus este un amestec botanic care con\u021bine o varietate de ingrediente naturale de \u00eenalt\u0103 calitate, extrem de eficiente, inclusiv eyebright, lutein\u0103, astaxantina, afine, r\u0103d\u0103cin\u0103 de morcov \u0219i licopen. Anii de experien\u021b\u0103 ne-au permis s\u0103 perfec\u021bion\u0103m acest amestec pentru a crea un supliment de s\u0103n\u0103tate potrivit pentru toat\u0103 lumea.<\/p>\n<p>CE ESTE \u00ceN EYEBRIGHT MIX?<br \/>\nAmestecul nostru con\u021bine o serie de ingrediente naturale, printre care:<\/p>\n<p>Eyebright &#8211; este o plant\u0103 s\u0103lbatic\u0103 originar\u0103 din Europa. Se crede c\u0103 numele provine din utilizarea sa \u00een remediile populare tradi\u021bionale, iar ingredientul activ din plant\u0103 este taninul.<br \/>\nLuteina\u00a0 &#8211; este un carotenoid care este concentrat \u00een mod natural \u00een macula ochilor s\u0103n\u0103to\u0219i. Punctul macular este partea cea mai sensibil\u0103 la vedere a ochiului. Din p\u0103cate, nivelul natural de lutein\u0103 din ochi scade adesea odat\u0103 cu v\u00e2rsta.<br \/>\nAstaxantina &#8211; este un compus care se g\u0103se\u0219te frecvent \u00een crustacee \u0219i alge. Studiile l-au comparat cu vitamina C pentru poten\u021bialul s\u0103u antioxidant.<br \/>\nAfine &#8211;\u00a0 boabe de \u00eenalt\u0103 calitate originar\u0103 din Europa de Nord \u0219i folosit\u0103 pe tot continentul de secole. Afinele sunt recunoscute ca o surs\u0103 natural\u0103 de flavonoide. Boabele con\u021bin \u0219i pigmen\u021bi antociani, care le confer\u0103 o culoare violet intens.<br \/>\nR\u0103d\u0103cina de morcov s\u0103lbatic\u00a0 &#8211; este o plant\u0103 cu flori ale c\u0103rei r\u0103d\u0103cini sunt folosite \u00een scopuri medicinale, a nu fi confundat\u0103 cu cea mai comun\u0103 legum\u0103 r\u0103d\u0103cin\u0103.<br \/>\nLicopenul \u2013 ofer\u0103 culoare unor fructe \u0219i legume. Se g\u0103se\u0219te \u00een mod obi\u0219nuit \u00een pepeni verzi, grapefruit roz \u0219i mai ales \u00een cantit\u0103\u021bi mari \u00een ro\u0219ii \u0219i produse din tomate.<br \/>\nVitamina A &#8211; care ajut\u0103 la men\u021binerea vederii normale.<\/p>\n<h3><strong>Acest supliment este potrivit pentru vegani.<\/strong><\/h3>\n<p>De asemenea, este recunoscut ca fiind cu\u0219er \u0219i nu con\u021bine alergeni.<\/p>\n<p>Sfaturi pentru persoanele alergice: Nu contine: gluten, grau, conservanti adaugati, coloranti artificiali.Potrivit pentru vegetarieni.<\/p>","protected":false},"excerpt":{"rendered":"<p>Amelioreaz\u0103 oboseala \u0219i irita\u021bia ochilor<br \/>\nAre efecte antiinflamatorii \u0219i antispastice<br \/>\n\u00cembun\u0103t\u0103\u021be\u0219te alimentarea cu s\u00e2nge a creierului<br \/>\nReduce presiunea ocular\u0103<\/p>\n","protected":false},"featured_media":3523,"comment_status":"open","ping_status":"closed","template":"","meta":[],"product_brand":[],"product_cat":[83,67,66],"product_tag":[],"class_list":{"0":"post-2277","1":"product","2":"type-product","3":"status-publish","4":"has-post-thumbnail","6":"product_cat-for-eyes","7":"product_cat-new-supplements","8":"product_cat-health-concerns","10":"first","11":"instock","12":"taxable","13":"shipping-taxable","14":"purchasable","15":"product-type-simple"},"aioseo_notices":[],"_links":{"self":[{"href":"https:\/\/www.vitamineonline.md\/ro\/wp-json\/wp\/v2\/product\/2277","targetHints":{"allow":["GET"]}}],"collection":[{"href":"https:\/\/www.vitamineonline.md\/ro\/wp-json\/wp\/v2\/product"}],"about":[{"href":"https:\/\/www.vitamineonline.md\/ro\/wp-json\/wp\/v2\/types\/product"}],"replies":[{"embeddable":true,"href":"https:\/\/www.vitamineonline.md\/ro\/wp-json\/wp\/v2\/comments?post=2277"}],"wp:featuredmedia":[{"embeddable":true,"href":"https:\/\/www.vitamineonline.md\/ro\/wp-json\/wp\/v2\/media\/3523"}],"wp:attachment":[{"href":"https:\/\/www.vitamineonline.md\/ro\/wp-json\/wp\/v2\/media?parent=2277"}],"wp:term":[{"taxonomy":"product_brand","embeddable":true,"href":"https:\/\/www.vitamineonline.md\/ro\/wp-json\/wp\/v2\/product_brand?post=2277"},{"taxonomy":"product_cat","embeddable":true,"href":"https:\/\/www.vitamineonline.md\/ro\/wp-json\/wp\/v2\/product_cat?post=2277"},{"taxonomy":"product_tag","embeddable":true,"href":"https:\/\/www.vitamineonline.md\/ro\/wp-json\/wp\/v2\/product_tag?post=2277"}],"curies":[{"name":"wp","href":"https:\/\/api.w.org\/{rel}","templated":true}]}}