{"id":2242,"date":"2021-11-17T16:21:17","date_gmt":"2021-11-17T13:21:17","guid":{"rendered":"https:\/\/www.vitamineonline.md\/?post_type=product&#038;p=2242"},"modified":"2026-04-21T21:18:14","modified_gmt":"2026-04-21T18:18:14","slug":"formula-zdorovja-pecheni-liver-health-formula-60-kapsul","status":"publish","type":"product","link":"https:\/\/www.vitamineonline.md\/ro\/product\/formula-zdorovja-pecheni-liver-health-formula-60-kapsul\/","title":{"rendered":"Formul\u0103 pentru s\u0103n\u0103tatea ficatului (Liver Health Formula) &#8211; 60 de capsule vegane"},"content":{"rendered":"<p><\/p>\n<h3><strong>Compus<\/strong><strong>:<\/strong><\/h3>\n<table>\n<tbody>\n<tr>\n<td><b>2 capsule ofer\u0103:<\/b><\/td>\n<td><\/td>\n<td><b>RI%<\/b><\/td>\n<\/tr>\n<tr>\n<td>Coji capsule: celuloz\u0103 vegetal\u0103<\/td>\n<td>240mg<\/td>\n<td>&#8211;<\/td>\n<\/tr>\n<tr>\n<td>Colin\u0103 (rat\u0103 de bi\u021bi)<\/td>\n<td>85mg<\/td>\n<td>&#8211;<\/td>\n<\/tr>\n<tr>\n<td>Extract de frunze de anghinare (5:1)<\/td>\n<td>150mg<\/td>\n<td>&#8211;<\/td>\n<\/tr>\n<tr>\n<td>Superoxid dismutaz\u0103 (SOD)<\/td>\n<td>150mg<\/td>\n<td>&#8211;<\/td>\n<\/tr>\n<tr>\n<td>L-glutation<\/td>\n<td>120mg<\/td>\n<td>&#8211;<\/td>\n<\/tr>\n<tr>\n<td>Inozitol<\/td>\n<td>80mg<\/td>\n<td>&#8211;<\/td>\n<\/tr>\n<tr>\n<td>Extract de fructe de p\u0103dure Schisandra (9% schisandrine)<\/td>\n<td>80mg<\/td>\n<td>&#8211;<\/td>\n<\/tr>\n<tr>\n<td>Acid alfa-lipoic<\/td>\n<td>80mg<\/td>\n<td>&#8211;<\/td>\n<\/tr>\n<tr>\n<td>Quercetin<\/td>\n<td>75mg<\/td>\n<td>&#8211;<\/td>\n<\/tr>\n<tr>\n<td>Ciuperca Maitake (<i>Grifola frondosa<\/i>)<\/td>\n<td>60mg<\/td>\n<td>&#8211;<\/td>\n<\/tr>\n<tr>\n<td>Ciuperc\u0103 Reishi (20% polisaharide)<\/td>\n<td>60mg<\/td>\n<td>&#8211;<\/td>\n<\/tr>\n<tr>\n<td>Extract de shitake (10% polizaharide)<\/td>\n<td>60mg<\/td>\n<td>&#8211;<\/td>\n<\/tr>\n<tr>\n<td>R\u0103d\u0103cina de barfin (<i>Arctium lappa<\/i>)<\/td>\n<td>60mg<\/td>\n<td>&#8211;<\/td>\n<\/tr>\n<tr>\n<td>Frunza de p\u0103p\u0103die (<i>Taraxacum officinale<\/i>)<\/td>\n<td>60mg<\/td>\n<td>&#8211;<\/td>\n<\/tr>\n<tr>\n<td>L-cisteina<\/td>\n<td>50mg<\/td>\n<td>&#8211;<\/td>\n<\/tr>\n<tr>\n<td>L-arginin\u0103<\/td>\n<td>50mg<\/td>\n<td>&#8211;<\/td>\n<\/tr>\n<tr>\n<td>Lecitin\u0103 (<b>SOYA<\/b>)<\/td>\n<td>40mg<\/td>\n<td>&#8211;<\/td>\n<\/tr>\n<tr>\n<td>L-metionin\u0103<\/td>\n<td>25mg<\/td>\n<td>&#8211;<\/td>\n<\/tr>\n<tr>\n<td>Zinc (citrat)<\/td>\n<td>6mg<\/td>\n<td>60<\/td>\n<\/tr>\n<tr>\n<td>Vitamina B1 (tiamin\u0103 HCl)<\/td>\n<td>10mg<\/td>\n<td>909<\/td>\n<\/tr>\n<tr>\n<td>Vitamina B5 (pantotenat de calciu)<\/td>\n<td>10mg<\/td>\n<td>167<\/td>\n<\/tr>\n<tr>\n<td>Vitamina B2 (riboflavin\u0103)<\/td>\n<td>10mg<\/td>\n<td>714<\/td>\n<\/tr>\n<tr>\n<td>Vitamina B3 (nicotinamid\u0103)<\/td>\n<td>10mg<\/td>\n<td>63<\/td>\n<\/tr>\n<tr>\n<td>Vitamina B6 (piridozal-5-fosfat)<\/td>\n<td>5mg<\/td>\n<td>357<\/td>\n<\/tr>\n<tr>\n<td>Vitamina K2 (MK-7)<\/td>\n<td>50\u03bcg<\/td>\n<td>67<\/td>\n<\/tr>\n<tr>\n<td>Folat (L-5-metiltetrahidrofolat)<\/td>\n<td>200\u03bcg<\/td>\n<td>100<\/td>\n<\/tr>\n<tr>\n<td>Crom (picolinat)<\/td>\n<td>15\u03bcg<\/td>\n<td>38<\/td>\n<\/tr>\n<tr>\n<td>Vitamina B12 (metilcobalamin\u0103)<\/td>\n<td>10\u03bcg<\/td>\n<td>40<\/td>\n<\/tr>\n<tr>\n<td>Ingrediente suplimentare:<br \/>\ndioxid de siliciu, maltodextrin\u0103,<br \/>\npulbere de celuloz\u0103 microcristalin\u0103,<br \/>\nulei MCT<\/td>\n<td><\/td>\n<td><\/td>\n<\/tr>\n<tr>\n<td>Sfaturi pentru alergii:<br \/>\nvezi ingredientele din (<b>BOLD<\/b>)<\/td>\n<\/tr>\n<\/tbody>\n<\/table>\n<p><strong>Instruc\u021biuni:<\/strong> Ia 2 capsule pe zi, una la micul dejun \u0219i una la pr\u00e2nz sau conform indica\u021biilor unui profesionist.<\/p>\n<p>Nu este potrivit pentru copiii sub 12 ani<\/p>\n<p>&nbsp;<\/p>\n<p>Liver Health Formula este un amestec unic de suplimente de aminoacizi \u0219i vitamine esen\u021biale, conceput pentru a sprijini func\u021bionarea natural\u0103 a ficatului.<\/p>\n<h3>CONTRIBUIE LA FUNC\u021aIA HEPATIC\u0102 NORMAL\u0102<\/h3>\n<p>Aceast\u0103 formul\u0103 con\u021bine colin\u0103, care contribuie la func\u021bia normal\u0103 a ficatului. Ficatul are peste 500 de func\u021bii vitale \u0219i este responsabil pentru metabolismul a nenum\u0103rate componente din organism. Este important s\u0103 oferim acestui organ crucial sprijinul \u0219i instrumentele necesare pentru a func\u021biona \u0219i men\u021bine echilibrul \u00een corp. Formula pentru s\u0103n\u0103tatea ficatului con\u021bine un amestec puternic de antioxidan\u021bi, flavonoide, vitamine, minerale, aminoacizi, ciuperci medicinale \u0219i extracte vegetale.<\/p>\n<h3>POTRIVIT PENTRU VEGANI<\/h3>\n<p>Acest supliment este potrivit pentru vegetarieni \u0219i vegani. Este, de asemenea, aprobat pentru kosher.<\/p>\n<h3><strong>Avertizare:<\/strong><\/h3>\n<p>Nu dep\u0103\u0219i doza recomandat\u0103 indicat\u0103. Un supliment alimentar nu ar trebui folosit ca substitut pentru o diet\u0103 variat\u0103 sau un stil de via\u021b\u0103 s\u0103n\u0103tos. P\u0103streaz\u0103-le \u00eentr-un loc r\u0103coros \u0219i uscat, departe de raza \u0219i raza vizual\u0103 a copiilor mici.<\/p>","protected":false},"excerpt":{"rendered":"<ul>\n<li>Sus\u021bine func\u021bia normal\u0103 a ficatului<\/li>\n<li>\u00cembun\u0103t\u0103\u021be\u0219te metabolismul<\/li>\n<li>Previne formarea calculilor biliari<\/li>\n<li>Normalizeaz\u0103 metabolismul gr\u0103similor<\/li>\n<li>Ajut\u0103 la pierderea \u00een greutate<\/li>\n<\/ul>\n","protected":false},"featured_media":3595,"comment_status":"open","ping_status":"closed","template":"","meta":[],"product_brand":[],"product_cat":[108,67],"product_tag":[],"class_list":{"0":"post-2242","1":"product","2":"type-product","3":"status-publish","4":"has-post-thumbnail","6":"product_cat-complex","7":"product_cat-new-supplements","9":"first","10":"instock","11":"taxable","12":"shipping-taxable","13":"purchasable","14":"product-type-simple"},"aioseo_notices":[],"_links":{"self":[{"href":"https:\/\/www.vitamineonline.md\/ro\/wp-json\/wp\/v2\/product\/2242","targetHints":{"allow":["GET"]}}],"collection":[{"href":"https:\/\/www.vitamineonline.md\/ro\/wp-json\/wp\/v2\/product"}],"about":[{"href":"https:\/\/www.vitamineonline.md\/ro\/wp-json\/wp\/v2\/types\/product"}],"replies":[{"embeddable":true,"href":"https:\/\/www.vitamineonline.md\/ro\/wp-json\/wp\/v2\/comments?post=2242"}],"wp:featuredmedia":[{"embeddable":true,"href":"https:\/\/www.vitamineonline.md\/ro\/wp-json\/wp\/v2\/media\/3595"}],"wp:attachment":[{"href":"https:\/\/www.vitamineonline.md\/ro\/wp-json\/wp\/v2\/media?parent=2242"}],"wp:term":[{"taxonomy":"product_brand","embeddable":true,"href":"https:\/\/www.vitamineonline.md\/ro\/wp-json\/wp\/v2\/product_brand?post=2242"},{"taxonomy":"product_cat","embeddable":true,"href":"https:\/\/www.vitamineonline.md\/ro\/wp-json\/wp\/v2\/product_cat?post=2242"},{"taxonomy":"product_tag","embeddable":true,"href":"https:\/\/www.vitamineonline.md\/ro\/wp-json\/wp\/v2\/product_tag?post=2242"}],"curies":[{"name":"wp","href":"https:\/\/api.w.org\/{rel}","templated":true}]}}