{"id":1955,"date":"2021-03-25T01:31:00","date_gmt":"2021-03-24T22:31:00","guid":{"rendered":"http:\/\/www.vitamineonline.md\/?post_type=product&#038;p=1955"},"modified":"2026-04-21T21:19:31","modified_gmt":"2026-04-21T18:19:31","slug":"full-spectrum-amino-acids-120-capsules","status":"publish","type":"product","link":"https:\/\/www.vitamineonline.md\/ro\/product\/full-spectrum-amino-acids-120-capsules\/","title":{"rendered":"Aminoacizi cu spectru complet (Full Spectrum Amino Acids) \u2013  120 capsule vegane"},"content":{"rendered":"<p><\/p>\n<ul>\n<li>\n<div class=\"item_label\">\n<h3><strong>Compus<\/strong><strong>:<\/strong><\/h3>\n<table>\n<tbody>\n<tr>\n<td><b>1 capsul\u0103 ofer\u0103:<\/b><\/td>\n<td><\/td>\n<td><b>RI%<\/b><\/td>\n<\/tr>\n<tr>\n<td>Carcasa capsulei: celuloz\u0103 vegetal\u0103<\/td>\n<td>120 mg<\/td>\n<td>&#8211;<\/td>\n<\/tr>\n<tr>\n<td>L-lizin\u0103<\/td>\n<td>75mg<\/td>\n<td>&#8211;<\/td>\n<\/tr>\n<tr>\n<td>Acid L-glutamic<\/td>\n<td>75mg<\/td>\n<td>&#8211;<\/td>\n<\/tr>\n<tr>\n<td>L-glutamin\u0103<\/td>\n<td>75mg<\/td>\n<td>&#8211;<\/td>\n<\/tr>\n<tr>\n<td>L-arginin\u0103<\/td>\n<td>69mg<\/td>\n<td>&#8211;<\/td>\n<\/tr>\n<tr>\n<td>L-leucin\u0103<\/td>\n<td>60mg<\/td>\n<td>&#8211;<\/td>\n<\/tr>\n<tr>\n<td>L-metionin\u0103<\/td>\n<td>46 mg<\/td>\n<td>&#8211;<\/td>\n<\/tr>\n<tr>\n<td>Glicin\u0103<\/td>\n<td>44mg<\/td>\n<td>&#8211;<\/td>\n<\/tr>\n<tr>\n<td>L-fenilalanina<\/td>\n<td>36 mg<\/td>\n<td>&#8211;<\/td>\n<\/tr>\n<tr>\n<td>L-serina<\/td>\n<td>36 mg<\/td>\n<td>&#8211;<\/td>\n<\/tr>\n<tr>\n<td>L-treonin\u0103<\/td>\n<td>30 mg<\/td>\n<td>&#8211;<\/td>\n<\/tr>\n<tr>\n<td>L-izoleucin\u0103<\/td>\n<td>30 mg<\/td>\n<td>&#8211;<\/td>\n<\/tr>\n<tr>\n<td>L-vaine<\/td>\n<td>30 mg<\/td>\n<td>&#8211;<\/td>\n<\/tr>\n<tr>\n<td>L-tirozin\u0103<\/td>\n<td>30 mg<\/td>\n<td>&#8211;<\/td>\n<\/tr>\n<tr>\n<td>L-cistein\u0103<\/td>\n<td>23,7 mg<\/td>\n<td>&#8211;<\/td>\n<\/tr>\n<tr>\n<td>L-histidin\u0103<\/td>\n<td>20 mg<\/td>\n<td>&#8211;<\/td>\n<\/tr>\n<tr>\n<td>L-alanina<\/td>\n<td>18 mg<\/td>\n<td>&#8211;<\/td>\n<\/tr>\n<tr>\n<td>Acid L-aspartic<\/td>\n<td>15,3 mg<\/td>\n<td>&#8211;<\/td>\n<\/tr>\n<tr>\n<td>L-prolin\u0103<\/td>\n<td>15 mg<\/td>\n<td>&#8211;<\/td>\n<\/tr>\n<tr>\n<td>L-taurin\u0103<\/td>\n<td>12 mg<\/td>\n<td>&#8211;<\/td>\n<\/tr>\n<tr>\n<td>L-triptofan<\/td>\n<td>10mg<\/td>\n<td>&#8211;<\/td>\n<\/tr>\n<\/tbody>\n<\/table>\n<h3><strong>Instruc\u021biuni:<\/strong><\/h3>\n<p>Lua\u021bi 1-2 capsule pe zi dup\u0103 antrenament sau \u00eenainte de o mas\u0103 principal\u0103 sau conform instruc\u021biunilor unui profesionist din domeniul s\u0103n\u0103t\u0103\u021bii.<\/p>\n<h3>AMESTEC COMPLET DE SUPLIMENTE DE AMINOACIZI CU FORM\u0102 LIBER\u0102<\/h3>\n<p>Complex de aminoacizi cu spectru complet care furnizeaz\u0103 to\u021bi cei 20 de aminoacizi utiliza\u021bi de corpul uman, inclusiv cei 9 aminoacizi esen\u021biali pe care organismul nu \u00eei poate sintetiza. Aminoacizii din suplimentul nostru cu spectru complet sunt to\u021bi \u00eentr-o stare cristalin\u0103 \u00een form\u0103 liber\u0103. Valoarea aminoacizilor \u00een form\u0103 liber\u0103 este c\u0103 nu necesit\u0103 digestie, permi\u021b\u00e2nd o livrare mai rapid\u0103 \u00een organism. Aminoacizii \u00een form\u0103 liber\u0103 provin de obicei de la animale, dar am dedicat mult timp \u0219i grij\u0103 pentru a produce un supliment de aminoacizi vegani de \u00eenalt\u0103 calitate.<\/p>\n<hr \/>\n<h3>CE SUNT AMINOACIZII?<\/h3>\n<p>Aminoacizii sunt elementele de baz\u0103 ale proteinelor, esen\u021biale pentru construirea de \u021besut nou \u0219i pentru a ajuta la repararea mu\u0219chilor. Exist\u0103 20 de aminoacizi utiliza\u021bi de corpul uman, care sunt adesea grupa\u021bi \u00een esen\u021biali, esen\u021biali condi\u021biona\u021bi \u0219i neesen\u021biali. Aminoacizii no\u0219tri cu spectru complet includ to\u021bi ace\u0219ti 20 de aminoacizi.<\/p>\n<hr \/>\n<h3>CE FACE CA SUPLIMENTUL NOSTRU DE AMINOACIZI S\u0102 FIE DIFERIT?<\/h3>\n<p>Aminoacizii esen\u021biali \u00een form\u0103 liber\u0103 provin de obicei de la animale, deoarece este cel mai simplu mod de a recolta niveluri mici de aminoacizi. La G&amp;G, am muncit din greu pentru a produce aminoacizi vegani de \u00eenalt\u0103 calitate. Acest lucru se realizeaz\u0103 prin r\u0103bdare, fermentarea enzimelor naturale pentru a oferi un supliment mai bun, potrivit pentru vegetarieni \u0219i vegani.<\/p>\n<hr \/>\n<h3>CE FAC AMINOACIZII?<\/h3>\n<p>Aminoacizii sunt adesea folosi\u021bi de sportivi dup\u0103 exerci\u021bii fizice, deoarece sunt elementele de baz\u0103 ale proteinelor.<\/p>\n<hr \/>\n<h3>POTRIVIT PENTRU VEGANI<\/h3>\n<p>Acest supliment este potrivit pentru vegetarieni \u0219i vegani. De asemenea, este aprobat kosher \u0219i nu con\u021bine alergeni.<\/p>\n<h3><strong>Avertizare:<\/strong><\/h3>\n<p>Nu dep\u0103\u0219i\u021bi doza recomandat\u0103 declarat\u0103. Un supliment alimentar nu trebuie utilizat ca substitut pentru o diet\u0103 variat\u0103 \u0219i echilibrat\u0103 \u0219i un stil de via\u021b\u0103 s\u0103n\u0103tos. A se p\u0103stra \u00eentr-un loc r\u0103coros \u0219i uscat, la \u00eendem\u00e2na \u0219i vederea copiilor mici.<\/p>\n<p>Doza zilnic\u0103 maxim\u0103 de L-triptofan, \u00een Marea Britanie, nu dep\u0103\u0219e\u0219te 200 mg<\/p>\n<\/div>\n<\/li>\n<\/ul>\n<p><\/p>","protected":false},"excerpt":{"rendered":"<ul>\n<li><strong>\u0423\u043b\u0443\u0447\u0448\u0430\u0435\u0442 \u0443\u0441\u0432\u043e\u0435\u043d\u0438\u0435 \u043c\u0438\u043d\u0435\u0440\u0430\u043b\u043e\u0432 \u0438 \u0432\u0438\u0442\u0430\u043c\u0438\u043d\u043e\u0432<\/strong><\/li>\n<li>\u041f\u043e\u043b\u0435\u0437\u0435\u043d \u0434\u043b\u044f \u0432\u0435\u0433\u0435\u0442\u0430\u0440\u0438\u0430\u043d\u0446\u0435\u0432<\/li>\n<li><strong>\u041f\u043e\u043c\u043e\u0433\u0430\u0435\u0442 \u0432 \u0431\u043e\u0440\u044c\u0431\u0435 \u0441 \u0430\u043b\u043b\u0435\u0440\u0433\u0438\u0435\u0439<\/strong><\/li>\n<li>\u0423\u043b\u0443\u0447\u0448\u0430\u0435\u0442 \u043e\u0431\u0449\u0438\u0439 \u043e\u0431\u043c\u0435\u043d \u0432\u0435\u0449\u0435\u0441\u0442\u0432 \u0432 \u043e\u0440\u0433\u0430\u043d\u0438\u0437\u043c\u0435<\/li>\n<\/ul>\n","protected":false},"featured_media":3621,"comment_status":"open","ping_status":"closed","template":"","meta":[],"product_brand":[],"product_cat":[108,78,94,38,68,66,60],"product_tag":[],"class_list":{"0":"post-1955","1":"product","2":"type-product","3":"status-publish","4":"has-post-thumbnail","6":"product_cat-complex","7":"product_cat-diet","8":"product_cat-sport-and-fitnes","9":"product_cat-amino-acids","10":"product_cat-best-sellers","11":"product_cat-health-concerns","12":"product_cat-superfoods","14":"first","15":"instock","16":"taxable","17":"shipping-taxable","18":"purchasable","19":"product-type-simple"},"aioseo_notices":[],"_links":{"self":[{"href":"https:\/\/www.vitamineonline.md\/ro\/wp-json\/wp\/v2\/product\/1955","targetHints":{"allow":["GET"]}}],"collection":[{"href":"https:\/\/www.vitamineonline.md\/ro\/wp-json\/wp\/v2\/product"}],"about":[{"href":"https:\/\/www.vitamineonline.md\/ro\/wp-json\/wp\/v2\/types\/product"}],"replies":[{"embeddable":true,"href":"https:\/\/www.vitamineonline.md\/ro\/wp-json\/wp\/v2\/comments?post=1955"}],"wp:featuredmedia":[{"embeddable":true,"href":"https:\/\/www.vitamineonline.md\/ro\/wp-json\/wp\/v2\/media\/3621"}],"wp:attachment":[{"href":"https:\/\/www.vitamineonline.md\/ro\/wp-json\/wp\/v2\/media?parent=1955"}],"wp:term":[{"taxonomy":"product_brand","embeddable":true,"href":"https:\/\/www.vitamineonline.md\/ro\/wp-json\/wp\/v2\/product_brand?post=1955"},{"taxonomy":"product_cat","embeddable":true,"href":"https:\/\/www.vitamineonline.md\/ro\/wp-json\/wp\/v2\/product_cat?post=1955"},{"taxonomy":"product_tag","embeddable":true,"href":"https:\/\/www.vitamineonline.md\/ro\/wp-json\/wp\/v2\/product_tag?post=1955"}],"curies":[{"name":"wp","href":"https:\/\/api.w.org\/{rel}","templated":true}]}}