{"id":1915,"date":"2021-02-15T01:41:50","date_gmt":"2021-02-14T22:41:50","guid":{"rendered":"http:\/\/www.vitamineonline.md\/?post_type=product&#038;p=1915"},"modified":"2026-04-21T21:21:45","modified_gmt":"2026-04-21T18:21:45","slug":"vitamin-a-5000-iu-vitamin-a-retinol-5000iu-120-kapsul","status":"publish","type":"product","link":"https:\/\/www.vitamineonline.md\/ro\/product\/vitamin-a-5000-iu-vitamin-a-retinol-5000iu-120-kapsul\/","title":{"rendered":"Vitamina A (retinol) 5000iu &#8211; 120 capsule vegane"},"content":{"rendered":"<p><\/p>\n<div class=\"item_label\">\n<p><strong>Ingrediente<\/strong><\/p>\n<table>\n<tbody>\n<tr>\n<td><b>O capsul\u0103 ofer\u0103:<\/b><\/td>\n<td><\/td>\n<td><b>RI%<\/b><\/td>\n<\/tr>\n<tr>\n<td>F\u0103in\u0103 de orez<\/td>\n<td>115mg<\/td>\n<td>&#8211;<\/td>\n<\/tr>\n<tr>\n<td>Capsul\u0103<br \/>\nHidroxipropil metilceluloz\u0103<\/td>\n<td>40mg<\/td>\n<td>&#8211;<\/td>\n<\/tr>\n<tr>\n<td>Vitamina A (5000iu) (retinol)<\/td>\n<td>1,5mg<\/td>\n<td>188<\/td>\n<\/tr>\n<tr>\n<td>Ingrediente suplimentare:<br \/>\nmaltodextrin\u0103 (din porumb), gum\u0103 arabic\u0103,<br \/>\nzaharoz\u0103, ulei vegetal, tocoferoli,<br \/>\nascorbat de sodiu, dioxid de siliciu<\/td>\n<\/tr>\n<\/tbody>\n<\/table>\n<p class=\"stamp\"><strong>Mod de administrare:<\/strong><br \/>\n1 capsul\u0103 zilnic cu o mas\u0103 sau conform indica\u021biilor unui profesionist din domeniul s\u0103n\u0103t\u0103\u021bii.<\/p>\n<\/div>\n<p>Vitamina A este cunoscut\u0103 \u0219i sub numele de retinol. Forma uscat\u0103 a vitaminei este potrivit\u0103 pentru cei care doresc s\u0103 evite s\u0103 ia vitamina sub form\u0103 de ulei. Vitamina este prezentat\u0103 \u00een capsule Trufil\u2122.<\/p>\n<p>Vitamina A se acumuleaz\u0103 \u00een ficat si este liposolubile . Ac\u021bioneaz\u0103 ca un antioxidant care ajut\u0103 celulele s\u0103 lupte cu boli precum cancerul, bolile de inim\u0103 \u0219i accidentul vascular cerebral. Scade nivelul colesterolului \u0219i \u00eencetine\u0219te procesul de \u00eemb\u0103tr\u00e2nire.<\/p>\n<p>Utilizarea vitaminei A sub form\u0103 de crem\u0103 reduce semnificativ num\u0103rul ridurilor \u0219i ajut\u0103 la dispari\u021bia petelor de v\u00e2rst\u0103. Previne orbirea nocturn\u0103 \u0219i alte probleme de vedere \u0219i, de asemenea, ajut\u0103 la bolile de piele, cum ar fi acneea.<\/p>\n<p>Vitamina A cre\u0219te imunitatea \u0219i este esen\u021bial\u0103 pentru piele \u0219i membranele mucoase. \u00cen plus,\u00a0promoveaz\u0103 depozitarea gr\u0103similor s\u0103n\u0103toase,\u00a0protejeaz\u0103 \u00eempotriva r\u0103celii \u0219i gripei \u0219i a infec\u021biilor rinichilor, pl\u0103m\u00e2nilor, vezicii urinare \u0219i mucoaselor. Proteinele nu sunt absorbite de organism f\u0103r\u0103 vitamina A.<\/p>\n<p>Produsul este potrivit pentru vegetarieni.<\/p>\n<h3>Sfaturi despre produse<\/h3>\n<p>Nu dep\u0103\u0219i\u021bi doza recomandat\u0103. Un supliment alimentar nu trebuie utilizat ca \u00eenlocuitor pentru o diet\u0103 variat\u0103 \u0219i echilibrat\u0103 \u0219i un stil de via\u021b\u0103 s\u0103n\u0103tos. A se p\u0103stra \u00eentr-un loc r\u0103coros \u0219i uscat, ferit de \u00eendem\u00e2na \u0219i vederea copiilor.<\/p>\n<p>Acest produs con\u021bine vitamina A. Nu lua\u021bi dac\u0103 sunte\u021bi gravid\u0103 sau sunte\u021bi susceptibil\u0103 de a r\u0103m\u00e2ne gravid\u0103, dec\u00e2t la recomandarea unui medic sau a unei clinici prenatale.<\/p>","protected":false},"excerpt":{"rendered":"<ul>\n<li>Vitamina A ac\u021bioneaz\u0103 ca un antioxidant<\/li>\n<li>Reduce nivelul de colesterol \u0219i \u00eencetine\u0219te procesul de \u00eemb\u0103tr\u00e2nire<\/li>\n<li>Sustine func\u021bionarea normal\u0103 a sistemului imunitar<\/li>\n<li>Contribui la men\u021binerea pielii \u0219i a vederii normale<\/li>\n<li>Contribui la men\u021binerea membranelor mucoase normale<\/li>\n<li>Are un rol \u00een procesul de specializare a celulelor<\/li>\n<li>Proteinele nu sunt absorbite de organism f\u0103r\u0103 vitamina A<\/li>\n<li>Contribui la metabolizarea normal\u0103 a fierului<\/li>\n<\/ul>\n","protected":false},"featured_media":3516,"comment_status":"open","ping_status":"closed","template":"","meta":[],"product_brand":[],"product_cat":[105,61,64,66,60],"product_tag":[],"class_list":{"0":"post-1915","1":"product","2":"type-product","3":"status-publish","4":"has-post-thumbnail","6":"product_cat-vitamin-a","7":"product_cat-vegan-supplements","8":"product_cat-vitamins","9":"product_cat-health-concerns","10":"product_cat-superfoods","12":"first","13":"instock","14":"taxable","15":"shipping-taxable","16":"purchasable","17":"product-type-simple"},"aioseo_notices":[],"_links":{"self":[{"href":"https:\/\/www.vitamineonline.md\/ro\/wp-json\/wp\/v2\/product\/1915","targetHints":{"allow":["GET"]}}],"collection":[{"href":"https:\/\/www.vitamineonline.md\/ro\/wp-json\/wp\/v2\/product"}],"about":[{"href":"https:\/\/www.vitamineonline.md\/ro\/wp-json\/wp\/v2\/types\/product"}],"replies":[{"embeddable":true,"href":"https:\/\/www.vitamineonline.md\/ro\/wp-json\/wp\/v2\/comments?post=1915"}],"wp:featuredmedia":[{"embeddable":true,"href":"https:\/\/www.vitamineonline.md\/ro\/wp-json\/wp\/v2\/media\/3516"}],"wp:attachment":[{"href":"https:\/\/www.vitamineonline.md\/ro\/wp-json\/wp\/v2\/media?parent=1915"}],"wp:term":[{"taxonomy":"product_brand","embeddable":true,"href":"https:\/\/www.vitamineonline.md\/ro\/wp-json\/wp\/v2\/product_brand?post=1915"},{"taxonomy":"product_cat","embeddable":true,"href":"https:\/\/www.vitamineonline.md\/ro\/wp-json\/wp\/v2\/product_cat?post=1915"},{"taxonomy":"product_tag","embeddable":true,"href":"https:\/\/www.vitamineonline.md\/ro\/wp-json\/wp\/v2\/product_tag?post=1915"}],"curies":[{"name":"wp","href":"https:\/\/api.w.org\/{rel}","templated":true}]}}